{"id":302,"date":"2024-03-03T17:43:48","date_gmt":"2024-03-03T16:43:48","guid":{"rendered":"https:\/\/ultra-sailing.hr\/dev-wordpress\/?page_id=302"},"modified":"2025-11-20T13:11:25","modified_gmt":"2025-11-20T12:11:25","slug":"charter-baza-split","status":"publish","type":"page","link":"https:\/\/ultra-sailing.hr\/hr\/charter-baza-split\/","title":{"rendered":"Split"},"content":{"rendered":"\n<p>Na\u0161a charter baza u Splitu nalazi se u ACI marini Split, to\u010dno u sredi\u0161tu glavne gradske luke i u blizini stare jezgre grada. Iz na\u0161e baze Split mo\u017eemo ponudit najam jedrilica od 30 do 60 stopa kao i najam katamarana sa ili bez posade. Tako\u0111er, u Splitu je smje\u0161tena i na\u0161a dugogodi\u0161nja \u0161kola jedrenja sa svojim osnovnim, navigacijskim i regatnim te\u010dajevima koji se odr\u017eavamo na jedrilicama razli\u010dite veli\u010dine.<\/p>\n\n\n\n<h2 class=\"wp-block-heading\">Virtualna 360\u00b0 \u0161etnja<\/h2>\n\n\n\n<figure class=\"wp-block-embed is-type-rich is-provider-upravlja-ki-sklop-ugradbenog-koda wp-block-embed-upravlja-ki-sklop-ugradbenog-koda\"><div class=\"wp-block-embed__wrapper\">\n<iframe loading=\"lazy\" style=\"border:0;\" tabindex=\"0\" src=\"https:\/\/tourmkr.com\/F1SDGQmRDi\/12536759p&amp;113.22h&amp;83.13t\" width=\"100%\" height=\"400\" frameborder=\"0\" allowfullscreen=\"\" aria-hidden=\"false\"><\/iframe>\n<\/div><\/figure>\n\n\n\n<h2 class=\"wp-block-heading\">Osnovne informacije<\/h2>\n\n\n\n<ul class=\"wp-block-list\">\n<li><strong>Adresa:<\/strong> ACI Marina Split, Uvala baluni 8, 21000 Split<\/li>\n\n\n\n<li><strong>E-Mail:<\/strong> booking@ultra-sailing.hr<\/li>\n\n\n\n<li><strong>Telefon:<\/strong> +385 21 398 578<\/li>\n\n\n\n<li><strong>Tehni\u010dka Potpora:<\/strong> +385 91 609 53 29<\/li>\n\n\n\n<li><strong>Radno vrijeme:<\/strong>\n<ul class=\"wp-block-list\">\n<li>Petak: 14h &#8211; 20h<\/li>\n\n\n\n<li>Subota: 08h &#8211; 20h<\/li>\n\n\n\n<li>Nedjelja: 08h &#8211; 12h<\/li>\n<\/ul>\n<\/li>\n\n\n\n<li><strong>Check-in:<\/strong> Subota, 17h<\/li>\n\n\n\n<li><strong>Check-out:<\/strong> Subota, 09h<\/li>\n<\/ul>\n\n\n\t\t<div class=\"c-nav-card-group\">\n\t\t\t\n<a href=\"https:\/\/ultra-sailing.hr\/wp-content\/uploads\/2025\/04\/ULTRA_ACI-MARINA-SPLIT.pdf\" class=\"c-nav-card\" target=\"_blank\">\n\t<img loading=\"lazy\" decoding=\"async\" width=\"680\" height=\"320\" src=\"https:\/\/ultra-sailing.hr\/wp-content\/uploads\/2024\/03\/split_croatia_sailing_yachtcharter-680x320.jpg\" class=\"attachment-680x320 size-680x320\" alt=\"\" \/>\t<div class=\"c-nav-card__main\">\n\t\t<p class=\"c-nav-card__title\">Charter Baza Split<\/p>\n\t\t<p class=\"c-nav-card__subtitle\">Sve informacije u PDF-u o na\u0161oj charter bazi Split, kontakt i ostale informacije.<\/p>\n\t\t<div class=\"c-nav-card__icon\">\n\t\t\t<svg class=\"o-icon u-stroke-2\"><use xmlns:xlink=\"http:\/\/www.w3.org\/1999\/xlink\" xlink:href=\"https:\/\/ultra-sailing.hr\/wp-content\/themes\/ultra-sailing\/assets\/sprite\/icons.svg#icon-chevron-right\"><\/use><\/svg>\t\t<\/div>\n\t<\/div>\n<\/a>\t\t<\/div>\n\n\n\n<figure class=\"wp-block-embed is-type-rich is-provider-upravlja-ki-sklop-ugradbenog-koda wp-block-embed-upravlja-ki-sklop-ugradbenog-koda\"><div class=\"wp-block-embed__wrapper\">\n<iframe loading=\"lazy\" src=\"https:\/\/google.com\/maps\/embed?pb=!1m18!1m12!1m3!1d3089.97766748371!2d16.427274211944038!3d43.50175427098915!2m3!1f0!2f0!3f0!3m2!1i1024!2i768!4f13.1!3m3!1m2!1s0x13355e009edd57a1%3A0xf3da8b3be8a1800b!2sUltra%20Sailing%20Croatia%20-%20Yacht%20charter%20%26%20sailing%20school!5e1!3m2!1sen!2shr!4v1763632908528!5m2!1sen!2shr\" width=\"100%\" height=\"400\" frameborder=\"0\"><\/iframe>\n<\/div><\/figure>\n\n\n\n<h2 class=\"wp-block-heading\">O marini<\/h2>\n\n\n\n<p>ACI marina Split se nalazi na jugozapadnom dijelu glavne luke, odmah podno Sustipana.Marina ima 364 vezova i 60 mjesta na kopnu. Svi vezovi imaju vodu, struju. Marina ima recepciju, bankomat, restoran, wc i tu\u0161eve, praonu, trgovinu nauti\u010dke opreme , parking, malu trgovinu mje\u0161ane robe. Supermarket je udaljen cca 10 min hoda od marine. Benzinska pumpa nalazi se odmah pri ulazu u marinu.<\/p>\n\n\n\n<h2 class=\"wp-block-heading\">Kako do\u0107i do Splita<\/h2>\n\n\n\n<h3 class=\"wp-block-heading\">Zrakoplovom<\/h3>\n\n\n\n<p>Splitska zra\u010dna luka je oko 23 km udaljena od ACI marine Splita. Direktni letovi za Split su povezani iz ve\u0107ine europskih gradova.<\/p>\n\n\n\n<p>Postoje mnoge druge mogu\u0107e opcije, ako letite u Zagreb. Postoje nekoliko letova iz Zagreba za Split i obratno na dnevnoj osnovi, a let traje oko 45 minuta.<\/p>\n\n\n\n<h3 class=\"wp-block-heading\">Automobilom ili autobusom<\/h3>\n\n\n\n<p>Ako putujete u Split iz smjera Italije, mo\u017eete se koristiti Jadranskom magistralom od Rijeke du\u017e obale. Ili mo\u017eete koristiti autocestu kada do\u0111ete do Rijeke, odnosno \u010dvora \u017duta Lokva u blizini grada Senja, oko 60 km ju\u017eno od Rijeke, a dalje vo\u017enja je prema Splitu.<\/p>\n\n\n\n<p>Ako dolazite iz pravca sjevera, mo\u017eete koristiti staru rutu Zagreb-Karlovac-Gra\u010dac-Knin ili na autocestu Zagreb &#8211; Split.<\/p>\n\n\n\n<h3 class=\"wp-block-heading\">Brodom<\/h3>\n\n\n\n<p>Ako putujete brodom, mo\u017eete koristiti neke od redovitih trajektnih linija iz Rijeke ili Dubrovnika prema Splitu ili me\u0111unarodnih brzih trajektnih linija iz Italije (Ancona, Civitanova, Giulianova, Pescara, Bari). Iz trajektne luke Split do Trogira mo\u017eete do\u0107i autobusom ili taksijem.<\/p>\n\n\n\n<h2 class=\"wp-block-heading\">O Splitu<\/h2>\n\n\n\n<figure class=\"wp-block-image size-full\"><img loading=\"lazy\" decoding=\"async\" width=\"800\" height=\"533\" src=\"https:\/\/ultra-sailing.hr\/wp-content\/uploads\/2024\/03\/Oldtown_Split_Croatia_UltraSailing.jpg\" alt=\"\" class=\"wp-image-773\" srcset=\"https:\/\/ultra-sailing.hr\/wp-content\/uploads\/2024\/03\/Oldtown_Split_Croatia_UltraSailing.jpg 800w, https:\/\/ultra-sailing.hr\/wp-content\/uploads\/2024\/03\/Oldtown_Split_Croatia_UltraSailing-300x200.jpg 300w, https:\/\/ultra-sailing.hr\/wp-content\/uploads\/2024\/03\/Oldtown_Split_Croatia_UltraSailing-768x512.jpg 768w\" sizes=\"auto, (max-width: 800px) 100vw, 800px\" \/><\/figure>\n\n\n\n<p>Split je grad pala\u010da u pravo zna\u010daju te rije\u010di. Zaljubljenici kulture i povjesne umjetnosti, kamenih ku\u010dica i uli\u010dica \u0107e zasigurno imati mogu\u0107nosti u\u017eivati u tom mediteranskom gradu. Sve je po\u010delo prije 1.700 godina kada je Rimski car Dioklecijan ovdje dao sagraditi svoju pala\u010du za svoje stare dane. Kasnije u 7. stolje\u0107u, ljudi su napustili goru\u0107u Anti\u010dku Salonu kako bi se do\u0161li \u0161titit unutar rimske pala\u0107e i tu sagradili novi grad. Danas u Splitu \u0107ete mo\u0107i otkriti vrlo zanjimljiva mjesta i znamenitosti iz svih dobi: Antike, Romana, Gotike i Renesanse. Ljudi koji su ovdje \u017eivjeli i gradili su sa sobom poveli svoje znanje, kulture i tradicije iz najve\u0107i carstva u povjesti \u010dovje\u0107anstva: Rimsko, Bizantsko, Mleta\u010dko, Austrougrasko itd. Danas je Split drugi grad po vele\u010dini u Hrvatskoj i zasigurno srce Dalmacije sa me\u0111unarodnoj zra\u010dnoj luci i putni\u010dkom lukom koja \u0107e Vas voditi do najpoznatjih dalmatinskih otoka:Hvar, Bra\u010d, \u0160olta, Kor\u010dula, Vis itd. Imate mogu\u0107nosti ovdje i pro\u0161etati vrlo bogatom i tipi\u010dnom dalmatinskom tr\u017enicom odma uz stare rimske pala\u010de. ACI Marina ima 364 vezova na moru i 60 na kopnu. Svi vezovi imaju priklju\u010dak na vodu i struju. U sklopu Marina je restoran, kafi\u0107, snack-bar, mjenja\u010dnicu, trgovinu i sanitarni \u010dvorovi.<\/p>\n\n\n\n<figure class=\"wp-block-image size-full\"><img loading=\"lazy\" decoding=\"async\" width=\"768\" height=\"512\" src=\"https:\/\/ultra-sailing.hr\/wp-content\/uploads\/2024\/03\/Peristil_Split_UltraSailing_Yacht_charter_Croatia.jpg\" alt=\"\" class=\"wp-image-771\" srcset=\"https:\/\/ultra-sailing.hr\/wp-content\/uploads\/2024\/03\/Peristil_Split_UltraSailing_Yacht_charter_Croatia.jpg 768w, https:\/\/ultra-sailing.hr\/wp-content\/uploads\/2024\/03\/Peristil_Split_UltraSailing_Yacht_charter_Croatia-300x200.jpg 300w\" sizes=\"auto, (max-width: 768px) 100vw, 768px\" \/><\/figure>\n\n\n\n<h3 class=\"wp-block-heading\">\u0160to vidjeti u Splitu<\/h3>\n\n\n\n<ul class=\"wp-block-list\">\n<li>Galeriju Me\u0161trovi\u0107<\/li>\n\n\n\n<li>Arheolo\u0161ki muzej<\/li>\n\n\n\n<li>Muzej grada Splita<\/li>\n\n\n\n<li>Marjan<\/li>\n\n\n\n<li>Dioklecianova pala\u010da<\/li>\n\n\n\n<li>Peristil<\/li>\n\n\n\n<li>Prokurative<\/li>\n\n\n\n<li>Katedrala sv. Duje<\/li>\n<\/ul>\n\n\n\n<h2 class=\"wp-block-heading\">Info<\/h2>\n\n\n\n<ul class=\"wp-block-list\">\n<li>VHF ch 17 \u2013 ACI Marina kanal<\/li>\n\n\n\n<li>VHF ch 16 &amp; VHF DSC ch 70 &#8211; de\u017eurni kanal obavijesti<\/li>\n\n\n\n<li>Pomorska slu\u017eba sigurnosti (MSI) prenosi na hrvatskom i engleskom jeziku na Radio Splitu VHF &#8211; kanali 7, 21, 23, 28, 81<\/li>\n\n\n\n<li>MSI broadcast schedule (UTC): 05:45, 12:45, 19:45<\/li>\n\n\n\n<li>Op\u0107i broj slu\u017ebe intervencija i pomo\u0107i (Policija, ER\/Prva pomo\u0107): 112<\/li>\n\n\n\n<li>Za vrijeme ljeta taxi brod vozi od ACI marine do rive ispred Dioklecianove pala\u010de<\/li>\n<\/ul>\n","protected":false},"excerpt":{"rendered":"<p>Na\u0161a charter baza u Splitu nalazi se u ACI marini Split, to\u010dno u sredi\u0161tu glavne gradske luke i u blizini stare jezgre grada. Iz na\u0161e baze Split mo\u017eemo ponudit najam jedrilica od 30 do 60 stopa kao i najam katamarana sa ili bez posade. Tako\u0111er, u Splitu je smje\u0161tena i na\u0161a dugogodi\u0161nja \u0161kola jedrenja sa [&hellip;]<\/p>\n","protected":false},"author":1,"featured_media":0,"parent":0,"menu_order":0,"comment_status":"closed","ping_status":"closed","template":"","meta":{"_acf_changed":false,"footnotes":""},"class_list":["post-302","page","type-page","status-publish","hentry"],"acf":[],"_links":{"self":[{"href":"https:\/\/ultra-sailing.hr\/hr\/wp-json\/wp\/v2\/pages\/302","targetHints":{"allow":["GET"]}}],"collection":[{"href":"https:\/\/ultra-sailing.hr\/hr\/wp-json\/wp\/v2\/pages"}],"about":[{"href":"https:\/\/ultra-sailing.hr\/hr\/wp-json\/wp\/v2\/types\/page"}],"author":[{"embeddable":true,"href":"https:\/\/ultra-sailing.hr\/hr\/wp-json\/wp\/v2\/users\/1"}],"replies":[{"embeddable":true,"href":"https:\/\/ultra-sailing.hr\/hr\/wp-json\/wp\/v2\/comments?post=302"}],"version-history":[{"count":17,"href":"https:\/\/ultra-sailing.hr\/hr\/wp-json\/wp\/v2\/pages\/302\/revisions"}],"predecessor-version":[{"id":5821,"href":"https:\/\/ultra-sailing.hr\/hr\/wp-json\/wp\/v2\/pages\/302\/revisions\/5821"}],"wp:attachment":[{"href":"https:\/\/ultra-sailing.hr\/hr\/wp-json\/wp\/v2\/media?parent=302"}],"curies":[{"name":"wp","href":"https:\/\/api.w.org\/{rel}","templated":true}]}}