{"id":324,"date":"2024-03-03T19:03:02","date_gmt":"2024-03-03T18:03:02","guid":{"rendered":"https:\/\/ultra-sailing.hr\/dev-wordpress\/?page_id=324"},"modified":"2025-11-20T13:30:11","modified_gmt":"2025-11-20T12:30:11","slug":"charter-baza-trogir","status":"publish","type":"page","link":"https:\/\/ultra-sailing.hr\/hr\/charter-baza-trogir\/","title":{"rendered":"Trogir"},"content":{"rendered":"\n<p>Trogir je mali, simpati\u010dni gradi\u0107 na hrvatskoj obali. Na\u0161a charter plovila smje\u0161tena su u Marini Baoti\u0107, u neposredonj blizini stare jezgre grada Trogira. Iz Marine Baoti\u0107 mo\u017eemo ponuditi jedrilice i katamarane za sve one koji \u017eele jedriti sami ili sa skiperom.<\/p>\n\n\n\n<h2 class=\"wp-block-heading\">Virtualna 360\u00b0 \u0161etnja kroz Marinu Baoti\u0107<\/h2>\n\n\n\n<figure class=\"wp-block-embed is-type-rich is-provider-upravlja-ki-sklop-ugradbenog-koda wp-block-embed-upravlja-ki-sklop-ugradbenog-koda\"><div class=\"wp-block-embed__wrapper\">\n<iframe loading=\"lazy\" style=\"border:0;\" tabindex=\"0\" src=\"https:\/\/tourmkr.com\/F1TunU1b5c\/12537947p&amp;331.02h&amp;75.81t\" width=\"100%\" height=\"400\" frameborder=\"0\" allowfullscreen=\"\" aria-hidden=\"false\"><\/iframe>\n<\/div><\/figure>\n\n\n\n<h2 class=\"wp-block-heading\">Osnovne informacije<\/h2>\n\n\n\n<ul class=\"wp-block-list\">\n<li><strong>Adressa:<\/strong> Marina Baotic, Ul. Don Petra Spike 2, 21220 Seget Donji, Croatia<\/li>\n\n\n\n<li><strong>E-Mail:<\/strong> booking@ultra-sailing.hr<\/li>\n\n\n\n<li><strong>Telefon:<\/strong>\n<ul class=\"wp-block-list\">\n<li>+385 21 398 579<\/li>\n\n\n\n<li>+385 98 488 668<\/li>\n<\/ul>\n<\/li>\n\n\n\n<li><strong>Tehni\u010dka Potpora:<\/strong> +385 98 921 2573<\/li>\n\n\n\n<li><strong>Radno vrijeme:<\/strong>\n<ul class=\"wp-block-list\">\n<li>Ponedjeljak &#8211; \u010cetvrtak: 08h &#8211; 16h<\/li>\n\n\n\n<li>Petak: 14h &#8211; 20h<\/li>\n\n\n\n<li>Subota: 08h &#8211; 20h<\/li>\n\n\n\n<li>Nedjelja: 08h &#8211; 12h<\/li>\n<\/ul>\n<\/li>\n\n\n\n<li><strong>Check-in:<\/strong> Subota, 17h<\/li>\n\n\n\n<li><strong>Check-out:<\/strong> Subota, 09h<\/li>\n<\/ul>\n\n\n\t\t<div class=\"c-nav-card-group\">\n\t\t\t\n<a href=\"https:\/\/ultra-sailing.hr\/wp-content\/uploads\/2025\/04\/ULTRA_MARINA-BAOTIC.pdf\" class=\"c-nav-card\" target=\"_blank\">\n\t<img loading=\"lazy\" decoding=\"async\" width=\"680\" height=\"320\" src=\"https:\/\/ultra-sailing.hr\/wp-content\/uploads\/2024\/11\/Trogir_Marina_Baotic_segeln-680x320.jpg\" class=\"attachment-680x320 size-680x320\" alt=\"charter base Trogir\" \/>\t<div class=\"c-nav-card__main\">\n\t\t<p class=\"c-nav-card__title\">Charter baza Baoti\u0107<\/p>\n\t\t<p class=\"c-nav-card__subtitle\">Sve informacije u PDF-u o na\u0161oj charter bazi Baoti\u0107, kraj Trogira, kontakt i ostale informacije.<\/p>\n\t\t<div class=\"c-nav-card__icon\">\n\t\t\t<svg class=\"o-icon u-stroke-2\"><use xmlns:xlink=\"http:\/\/www.w3.org\/1999\/xlink\" xlink:href=\"https:\/\/ultra-sailing.hr\/wp-content\/themes\/ultra-sailing\/assets\/sprite\/icons.svg#icon-chevron-right\"><\/use><\/svg>\t\t<\/div>\n\t<\/div>\n<\/a>\t\t<\/div>\n\n\n\n<figure class=\"wp-block-embed is-type-rich is-provider-upravlja-ki-sklop-ugradbenog-koda wp-block-embed-upravlja-ki-sklop-ugradbenog-koda\"><div class=\"wp-block-embed__wrapper\">\n<iframe loading=\"lazy\" src=\"https:\/\/google.com\/maps\/embed?pb=!1m18!1m12!1m3!1d772.2953911840792!2d16.23220617389396!3d43.51730668067807!2m3!1f0!2f0!3f0!3m2!1i1024!2i768!4f13.1!3m3!1m2!1s0x13356b413a74f293%3A0xeb3f8cf2941459b1!2sUltra%20Sailing%20Croatia%20-%20Catamaran%20rental%20%26%20dealership!5e1!3m2!1sen!2shr!4v1763628569071!5m2!1sen!2shr\" width=\"100%\" height=\"400\" frameborder=\"0\"><\/iframe>\n<\/div><\/figure>\n\n\n\n<h2 class=\"wp-block-heading\">O marini Baoti\u0107<\/h2>\n\n\n\n<p>Marina Baoti\u0107, nalazi se u neposrednoj blizini grada Trogira, svega 10ak min hoda ili 2 min osobnim vozilom ili taxi prijevozom. Marina ima 480 vezova na moru i 200 vezova na suhom. Marina je moderno opremljena, te otvorena tokom cijele godine, a svi vezovi imaju&nbsp;dovod struje i vode. Marina ima sljede\u0107e sadr\u017eaje:<\/p>\n\n\n\n<ul class=\"wp-block-list\">\n<li>mjenja\u010dica &amp; bankomat<\/li>\n\n\n\n<li>restoran<\/li>\n\n\n\n<li>bazen<\/li>\n\n\n\n<li>wc i tu\u0161evi<\/li>\n\n\n\n<li>praona<\/li>\n\n\n\n<li>skladi\u0161te za prtljagu<\/li>\n\n\n\n<li>servis<\/li>\n\n\n\n<li>parking<\/li>\n\n\n\n<li>benzinska stanica<\/li>\n\n\n\n<li>market<\/li>\n\n\n\n<li>Shopping centar Marisa (svega 10 min hoda)<\/li>\n\n\n\n<li>WiFi<\/li>\n\n\n\n<li>Nauti\u010dki shop<\/li>\n<\/ul>\n\n\n\n<h2 class=\"wp-block-heading\">Kako do\u0107i u Trogir<\/h2>\n\n\n\n<p>Najlak\u0161i&nbsp; put za dolazak u Trogir iz svih dijelova svijeta je avionom budu\u0107i da se splitski aerodrom nalazi u neposrednoj blizini Trogira (cca 8km udaljen). Ultra je doma\u0107in svojih gostiju u svom uredu koji se nalazi u Marini Baoti\u0107.<\/p>\n\n\n\n<h3 class=\"wp-block-heading\">Dolazak avionom<\/h3>\n\n\n\n<p>Splitski aerodrom je samo 8 km udaljen od Trogira. Direktni let za Trogir (aerodrom Split) povezan je sa svim ve\u0107im EU gradovima: Rome, G\u00f6teborg, Berlin, Prague, Amsterdam, Frankfurt, Paris, London i Manchester itd. Zra\u010dna povezanost Splita i Zagreba je nekoliko puta dnevno, a let traje oko 45 minuta.<\/p>\n\n\n\n<h3 class=\"wp-block-heading\">Dolazak avionom ili autom<\/h3>\n\n\n\n<p>Ako dolazite u Trogir iz Italije, najbolje je autoputom iz Rijeke. Ako dolazite sa sjevera najbolje je i\u0107i autoputem Zagreb-Split ili starom cestom Zagreb-Karlovac-Gracac-Knin. <\/p>\n\n\n\n<h3 class=\"wp-block-heading\">Dolazak trajektom<\/h3>\n\n\n\n<p>Ako putujete trajektom iz Rijeke ili Dubrovnika do Splita, ili me\u0111unardnim brzim katamaranima iz Italije (Ancona, Civitanova, Giulianova, Pescara, Bari), u trajektnoj luci Split mo\u017eete odmah na\u0107i autobus za Trogir ili rezervirati taxi.<\/p>\n\n\n\n<h3 class=\"wp-block-heading\">Veza sa Splitom<\/h3>\n\n\n\n<p>BUS No 37 ide svakih 20 minuta iz Trogira za Split. Otprilike je 45 min udaljenosti izme\u0111u ova dva grada. Ljeti je popularan i BURA LINE- mali trajekt kojim \u0107e vas za 30 minuta ugodne vo\u017enje sti\u0107i s trogirske rive na splitsku rivu ili obrnuto.<\/p>\n\n\n\n<h2 class=\"wp-block-heading\">O Trogiru<\/h2>\n\n\n<div class=\"wp-block-image\">\n<figure class=\"aligncenter size-full\"><img loading=\"lazy\" decoding=\"async\" width=\"720\" height=\"480\" src=\"https:\/\/ultra-sailing.hr\/wp-content\/uploads\/2024\/03\/Trogir_marina.jpg\" alt=\"\" class=\"wp-image-347\" srcset=\"https:\/\/ultra-sailing.hr\/wp-content\/uploads\/2024\/03\/Trogir_marina.jpg 720w, https:\/\/ultra-sailing.hr\/wp-content\/uploads\/2024\/03\/Trogir_marina-300x200.jpg 300w\" sizes=\"auto, (max-width: 720px) 100vw, 720px\" \/><\/figure>\n<\/div>\n\n\n<p>Trogir je u pravom smislu grad-muzej. Ljubitelji kulturno-povijesnih spomenika, umjetni\u010dkih djela, izvornih zdanja i lijepih ulica u Trogiru \u0107e upoznati rasko\u0161nu i slojevitu ba\u0161tinu &#8211; od romani\u010dkoga dvori\u0161ta do suvremeno opremljenih interijera. Neponovljiva povijesna jezgra, Radovanov portal, umjetni\u010dke zbirke, koje su tijekom stolje\u0107a odu\u0161evljavale namjernike i putopisce, nude trogirskome turistu divotu koju kao prikladan suvenir personificira reljef Kairosa. \u0160iru trogirsku okolicu (rivijera Trogir-Seget-\u010ciovo) karakteriziraju bujna vegetacija, brojni otoci i oto\u010di\u0107i, kamenite i \u0161ljun\u010dane pla\u017ee. Uz izvrstan smje\u0161taj &#8211; hoteli, pansioni, apartmani, kampovi, kvalitetnu ponudu doma\u0107e hrane, osobito ribljih specijaliteta, brojne su mogu\u0107nosti za sport i rekreaciju &#8211; teniski tereni, bo\u0107ali\u0161ta, kuglane, trim-staza, \u0161kola jedrenja na dasci, ronjenje. Organiziraju se vesele ribarske no\u0107i i smotra folklora, ali i koncerti ozbiljne glazbe u posebnim ambijentima grada.<\/p>\n\n\n\n<p>Marina Baoti\u0107 ima 480 vezova u moru i 200 mjesta na kopnu. Trogir, grad i luka su na obali Ka\u0161telanskog zaljeva, 27 km zapadno od Splita i broji 10 266 stanovnika. Stara gradska jezgra smje\u0161tena je na oto\u010di\u0107u izme\u0111u \u010ciova i kopna, sa susjednim kopnom spojena je kamenim mostom, a s \u010ciovom pokretnim mostom. Gradsko podru\u010dje \u0161iri se i na sjevernu obalu \u010ciova, nasuprot oto\u010di\u0107u. U Resniku je Zra\u010dna luka &#8220;Split&#8221;. Marina Trogir nalazi se na sjevernoj obali otoka \u010ciova, izme\u0111u trogirskog mosta i rta \u010cubrijan.<\/p>\n\n\n\n<h3 class=\"wp-block-heading\">\u0160to vidjeti<\/h3>\n\n\n\n<ul class=\"wp-block-list\">\n<li>Kamerlengo tvr\u0111ava<\/li>\n\n\n\n<li>Muzej Grada<\/li>\n\n\n\n<li>Katedrala<\/li>\n\n\n\n<li>Loggia<\/li>\n\n\n\n<li>\u010cipiko pala\u010da<\/li>\n\n\n\n<li>Crkva Sv. Nikole s Kairos kolekcijom<\/li>\n\n\n\n<li>tr\u017enica<\/li>\n<\/ul>\n\n\n\n<h2 class=\"wp-block-heading\">Info<\/h2>\n\n\n\n<ul class=\"wp-block-list\">\n<li>VHF ch 17 \u2013 Marina kanal<\/li>\n\n\n\n<li>VHF ch 16 &amp; VHF DSC ch 70<\/li>\n\n\n\n<li>Pomorska slu\u017eba spa\u0161avnja (MSI) na hrvatskom i engleskom jeziku je na SPLIT radio na VHF kanalima 7, 21, 23, 28, 81<\/li>\n\n\n\n<li>MSI broadcast schedule (UTC): 05:45, 12:45, 19:45<\/li>\n\n\n\n<li>Hrvatski op\u0107i broj slu\u017ebe intervencija (Policija, Bolnica) 112<\/li>\n<\/ul>\n","protected":false},"excerpt":{"rendered":"<p>Trogir je mali, simpati\u010dni gradi\u0107 na hrvatskoj obali. Na\u0161a charter plovila smje\u0161tena su u Marini Baoti\u0107, u neposredonj blizini stare jezgre grada Trogira. Iz Marine Baoti\u0107 mo\u017eemo ponuditi jedrilice i katamarane za sve one koji \u017eele jedriti sami ili sa skiperom. Virtualna 360\u00b0 \u0161etnja kroz Marinu Baoti\u0107 Osnovne informacije O marini Baoti\u0107 Marina Baoti\u0107, nalazi [&hellip;]<\/p>\n","protected":false},"author":1,"featured_media":0,"parent":0,"menu_order":0,"comment_status":"closed","ping_status":"closed","template":"","meta":{"_acf_changed":false,"footnotes":""},"class_list":["post-324","page","type-page","status-publish","hentry"],"acf":[],"_links":{"self":[{"href":"https:\/\/ultra-sailing.hr\/hr\/wp-json\/wp\/v2\/pages\/324","targetHints":{"allow":["GET"]}}],"collection":[{"href":"https:\/\/ultra-sailing.hr\/hr\/wp-json\/wp\/v2\/pages"}],"about":[{"href":"https:\/\/ultra-sailing.hr\/hr\/wp-json\/wp\/v2\/types\/page"}],"author":[{"embeddable":true,"href":"https:\/\/ultra-sailing.hr\/hr\/wp-json\/wp\/v2\/users\/1"}],"replies":[{"embeddable":true,"href":"https:\/\/ultra-sailing.hr\/hr\/wp-json\/wp\/v2\/comments?post=324"}],"version-history":[{"count":17,"href":"https:\/\/ultra-sailing.hr\/hr\/wp-json\/wp\/v2\/pages\/324\/revisions"}],"predecessor-version":[{"id":5823,"href":"https:\/\/ultra-sailing.hr\/hr\/wp-json\/wp\/v2\/pages\/324\/revisions\/5823"}],"wp:attachment":[{"href":"https:\/\/ultra-sailing.hr\/hr\/wp-json\/wp\/v2\/media?parent=324"}],"curies":[{"name":"wp","href":"https:\/\/api.w.org\/{rel}","templated":true}]}}