{"id":350,"date":"2024-03-03T19:12:43","date_gmt":"2024-03-03T18:12:43","guid":{"rendered":"https:\/\/ultra-sailing.hr\/dev-wordpress\/?page_id=350"},"modified":"2025-11-20T13:06:12","modified_gmt":"2025-11-20T12:06:12","slug":"charter-baza-dubrovnik","status":"publish","type":"page","link":"https:\/\/ultra-sailing.hr\/hr\/charter-baza-dubrovnik\/","title":{"rendered":"Dubrovnik"},"content":{"rendered":"\n<p>Prekrasni grad Dubrovnik le\u017ei duboko na jugu hrvatske obale Jadrana i svake godine privla\u010di sve vi\u0161e gostiju, a ve\u0107ina ga smatra jednom od top destinacija u Europi. Na\u0161im gostima koji su unajmili jedrilicu ili katamaran u ACI marini Dubrovnik preporu\u010damo da prije polaska na jedrenje naprave izlet do Dubrovnika. <\/p>\n\n\n\n<p>Nalaze\u0107i se u neposrednoj blizini spektakularnih destinacija poput Mljeta, Elafita, Kor\u010dule, Lastova i poluotoka Pelje\u0161ca, Dubrovnik nudi izvanrednu priliku za istra\u017eivanje \u010darobnih skrivenih kutaka ju\u017enog Jadrana. Tako\u0111er imate mogu\u0107nost zaploviti do Crne Gore ili napravati tkz. One Way najam plovila od Splita do Dubrovnika ili obrnuto. <\/p>\n\n\n\n<h2 class=\"wp-block-heading\">Osnovne informacije<\/h2>\n\n\n\n<ul class=\"wp-block-list\">\n<li><strong>Adresa:<\/strong> ACI Marina Dubrovnik, Na Skali 2, 20236 Moko\u0161ica<\/li>\n\n\n\n<li><strong>E-Mail:<\/strong> booking@ultra-sailing.hr<\/li>\n\n\n\n<li><strong>Telefon:<\/strong>\n<ul class=\"wp-block-list\">\n<li>+385 21 398 578<\/li>\n\n\n\n<li>+385 98 488 668<\/li>\n<\/ul>\n<\/li>\n\n\n\n<li><strong>Tehni\u010dka Potpora:<\/strong> +385 91 488 1999<\/li>\n\n\n\n<li><strong>Radno vrijeme:<\/strong>\n<ul class=\"wp-block-list\">\n<li>Petak: 14h &#8211; 20h<\/li>\n\n\n\n<li>Subota: 08h &#8211; 20h<\/li>\n\n\n\n<li>Nedjelja: 08h &#8211; 12h<\/li>\n<\/ul>\n<\/li>\n\n\n\n<li><strong>Check-in:<\/strong> Subota, 17h<\/li>\n\n\n\n<li><strong>Check-out:<\/strong> Subota, 09h<\/li>\n<\/ul>\n\n\n\t\t<div class=\"c-nav-card-group\">\n\t\t\t\n<a href=\"https:\/\/ultra-sailing.hr\/wp-content\/uploads\/2025\/11\/Base-Info_Dubrovnik.pdf\" class=\"c-nav-card\" target=\"_blank\">\n\t<img loading=\"lazy\" decoding=\"async\" width=\"680\" height=\"320\" src=\"https:\/\/ultra-sailing.hr\/wp-content\/uploads\/2025\/03\/CharterBase_Dubrovnik_Ultra-680x320.jpg\" class=\"attachment-680x320 size-680x320\" alt=\"\" \/>\t<div class=\"c-nav-card__main\">\n\t\t<p class=\"c-nav-card__title\">Charter baza Dubrovnik<\/p>\n\t\t<p class=\"c-nav-card__subtitle\">Sve informacije u PDF-u o na\u0161oj partner charter bazi Dubrovnik, kontakt i ostale informacije.<\/p>\n\t\t<div class=\"c-nav-card__icon\">\n\t\t\t<svg class=\"o-icon u-stroke-2\"><use xmlns:xlink=\"http:\/\/www.w3.org\/1999\/xlink\" xlink:href=\"https:\/\/ultra-sailing.hr\/wp-content\/themes\/ultra-sailing\/assets\/sprite\/icons.svg#icon-chevron-right\"><\/use><\/svg>\t\t<\/div>\n\t<\/div>\n<\/a>\t\t<\/div>\n\n\n\n<figure class=\"wp-block-embed aligncenter is-type-rich is-provider-upravlja-ki-sklop-ugradbenog-koda wp-block-embed-upravlja-ki-sklop-ugradbenog-koda\"><div class=\"wp-block-embed__wrapper\">\n<iframe loading=\"lazy\" src=\"https:\/\/google.com\/maps\/embed?pb=!1m18!1m12!1m3!1d3132.2374419742873!2d18.12572771190315!3d42.66966697104557!2m3!1f0!2f0!3f0!3m2!1i1024!2i768!4f13.1!3m3!1m2!1s0x134c748fb58c5c67%3A0xddaa79fce229b6ba!2sUltra%20sailing%20Croatia%20-%20Dubrovnik%20fleet!5e1!3m2!1sen!2shr!4v1763629335408!5m2!1sen!2shr\" width=\"100%\" height=\"400\" frameborder=\"0\"><\/iframe>\n<\/div><\/figure>\n\n\n\n<h2 class=\"wp-block-heading\">Kako do\u0107i do Dubrovnika<\/h2>\n\n\n\n<p>Najlak\u0161i put do Dubrovnika iz svih dijelova Europe za vrijeme turisti\u010dke sezone je avionom. Ultra Sailing organizira i transfere za cijelu posadu do ACI marine gdje se nalaze jedrilice i katamarani iz na\u0161e flote.<\/p>\n\n\n\n<h3 class=\"wp-block-heading\">Automobilom<\/h3>\n\n\n\n<p>iz smjera Zagreba: Najsigurniji i najbr\u017ei na\u010din za putovanje u Dubrovnik iz smjera Zagreba je autocesta. Samo je 3,5 sata vo\u017enje od Zagreba do Splita (A1 Zagreb \u2013 Split), a potom jos oko 3,5 sata voznje starom Jadranskom magistralom do Dubrovnika.<\/p>\n\n\n\n<p>Ukoliko se odlu\u010dite ici starom cestom od Zagreba do Dubrovnika, put ce trajati oko 9,5 sati \u2013 ovu rutu preporucamo samo u slucaju da na svom putu do Dubrovnika zelite ici u razgledavanje Hrvatske.<\/p>\n\n\n\n<p>U tom slucaju, bilo bi dobro da izbjegnete prolazak kroz Split pa vam savjetujemo da odmah iza Sinja skrenete lijevo prema Trilju a nakon Trilja skrenite desno prema Cisti Provo, nakon koje cete ponovno morati skrenuti desno prema \u0160estanovcu. Napokon cete izici na Jadranskoj magistrali, koja \u0107e vas odvesti do Dubrovnika.<\/p>\n\n\n\n<p>Iz smjera Rijeke: Ukoliko dolazite iz smjera Rijeke imate mogucnost 10 \u2013 satne voznje Jadranskom magistralom, a mi preporu\u010dujemo da se ukljucite na autocestu i nastavite put za Dubrovnik po prethodno opisanom planu puta.<\/p>\n\n\n\n<h3 class=\"wp-block-heading\">Avionom<\/h3>\n\n\n\n<p>Najprakti\u010dniji na\u010din putovanja za Dubrovnik je avionom. Postoje dnevni letovi iz Zagreba ili Splita sa Croatia Airlinesom i tjedni letovi iz vi\u0161e europskih gradova. Sa gotovo svih internacionalnih aerodroma u Europi postoje letovi za Zagreb ili Split.<\/p>\n\n\n\n<h3 class=\"wp-block-heading\">Autobusom<\/h3>\n\n\n\n<p>Ukoliko tra\u017eite najjeftiniji na\u010din putovanja do Dubrovnika, to je sasvim sigurno autobusom. Iz svih vecih gradova u Hrvatskoj postoje svakodnevne linije do Dubrovnika. Me\u0111ugradski promet i povezanost je jako dobro razvijena u svim krajevima Hrvatske.<\/p>\n\n\n\n<p>Me\u0111unarodne autobusne linije spajaju Dubrovnik i Hrvatsku sa Austrijom, Italijom, Ma\u0111arskom, Francuskom, i ostalim zemljama.<\/p>\n\n\n\n<h3 class=\"wp-block-heading\">Trajektom<\/h3>\n\n\n\n<p>Mnogi ljudi pridaju vecu pozornost udobnosti na putovanju pa se odlu\u010duju putovati trajektom. Najve\u010da kompanija u Hrvatskoj je Jadrolinija koja ima cijelogodisnju liniju koja ide na relaciji Rijeka \u2013 Zadar \u2013 Split \u2013 Hvar \u2013 Dubrovnik.<\/p>\n\n\n\n<p>Ukoliko putujete iz Italije, veze za Dubrovnik postoje u lukama Bari i Ancona.<\/p>\n\n\n\n<h3 class=\"wp-block-heading\">Iz Dubrovnika do ACI marine<\/h3>\n\n\n\n<p>Kada ste u Dubrovniku a \u017eelite doci do ACI Marine, mozete koristiti javni gradski prijevoz ili osobnim automobilom doci do Marine. Ukoliko se odlucite ici autobusom, linije koje voze prema Komolcu su 1A i 1B. Stanica na kojoj vi izlazite je odmah nakon INA benzinske postaje u Komolcu. Ukoliko idete automobilom, krenite prema Luci Gru\u017e te nakon prolaska ispod mosta, na prvoj raskrsnici idite lijevo i idite za Komolac. Prvo skretanje lijevo u Komolcu vodi vas na sami ulaz u ACI Marinu Dubrovnik!<\/p>\n\n\n<div class=\"wp-block-image\">\n<figure class=\"aligncenter size-full\"><img loading=\"lazy\" decoding=\"async\" width=\"747\" height=\"480\" src=\"https:\/\/ultra-sailing.hr\/wp-content\/uploads\/2024\/03\/Dubrovnik_Marina_Yachtcharter_Croatia.jpg\" alt=\"\" class=\"wp-image-353\" srcset=\"https:\/\/ultra-sailing.hr\/wp-content\/uploads\/2024\/03\/Dubrovnik_Marina_Yachtcharter_Croatia.jpg 747w, https:\/\/ultra-sailing.hr\/wp-content\/uploads\/2024\/03\/Dubrovnik_Marina_Yachtcharter_Croatia-300x193.jpg 300w, https:\/\/ultra-sailing.hr\/wp-content\/uploads\/2024\/03\/Dubrovnik_Marina_Yachtcharter_Croatia-248x160.jpg 248w\" sizes=\"auto, (max-width: 747px) 100vw, 747px\" \/><\/figure>\n<\/div>\n\n\n<h2 class=\"wp-block-heading\">O Dubrovniku<\/h2>\n\n\n\n<p>Ljetnikovac Petra Sorko\u010devi\u0107a iz 1521., s renesansnim arkadama u prizemlju i goti\u010dkim monoforama i triforama na katu svakako dominira donjim dijelom zaljeva u Komolcu gdje je smje\u0161tena ACI marina. Nije \u010dudo da je obitelj Sorko\u010devi\u0107 odabrala ovu lokaciju jo\u0161 u 16. stolje\u0107u za svoj ljetnjikovac zbog svih prednosti \u0161to je ovo mjesto nudi. Priridna za\u0161ti\u0107enost, obilje slatke vode zbog u\u0161\u0107a rijeke Omble i danas \u010dine Komolac mjestom idealnim za odmor jednoj novoj skupini ljudi &#8211; nauti\u010darima.<\/p>\n\n\n<div class=\"wp-block-image\">\n<figure class=\"aligncenter size-full\"><img loading=\"lazy\" decoding=\"async\" width=\"1600\" height=\"900\" src=\"https:\/\/ultra-sailing.hr\/wp-content\/uploads\/2024\/09\/Dubrovnik_Croatia_UltraSailing.jpg\" alt=\"\" class=\"wp-image-2710\" srcset=\"https:\/\/ultra-sailing.hr\/wp-content\/uploads\/2024\/09\/Dubrovnik_Croatia_UltraSailing.jpg 1600w, https:\/\/ultra-sailing.hr\/wp-content\/uploads\/2024\/09\/Dubrovnik_Croatia_UltraSailing-300x169.jpg 300w, https:\/\/ultra-sailing.hr\/wp-content\/uploads\/2024\/09\/Dubrovnik_Croatia_UltraSailing-1024x576.jpg 1024w, https:\/\/ultra-sailing.hr\/wp-content\/uploads\/2024\/09\/Dubrovnik_Croatia_UltraSailing-768x432.jpg 768w, https:\/\/ultra-sailing.hr\/wp-content\/uploads\/2024\/09\/Dubrovnik_Croatia_UltraSailing-1536x864.jpg 1536w\" sizes=\"auto, (max-width: 1600px) 100vw, 1600px\" \/><\/figure>\n<\/div>\n\n\n<p>Tu je smje\u0161tena ACI marina Dubrovnik sa svojih 425 vezova u moru i 140 mjesta na kopnu. Ono \u0161to \u0107e vas zasigurno odu\u0161eviti je predivan ambijent u kojem \u0107ete se na\u0107i. Okru\u017eeni ste slikovitim brdima koja zatvaraju zaljev sa svih strana, \u010ditavo vrijeme se kre\u0107ete okru\u017eeni zelenilom, a sadr\u017eaji koji su vam na raspolaganju \u010dine da i ne \u017eurite sa odlaskom iz marine. Ipak, nadomak ste Dubrovniku, jednom od najljep\u0161ih gradova na svijetu, pa bi bila prava \u0161teta ne oti\u0107i u posjet tom dragulju Mediterana. Ako ste nauti\u010dar koji ovdje nema svoj prijevoz, na raspolaganju vam je autobusna linija svakih 15-tak minuta koja \u0107e vas odvesti u centar grada, bez gnjava\u017ee oko parkiranja. Naravno, tu je i taxi, izbor je va\u0161.<\/p>\n\n\n\n<p>Naravno nemate vremena da vidite sva \u010dudesa koja nudi ovaj grad, pa \u0107ete se ovaj put odlu\u010diti za laganu \u0161etnju po Stradunu, sladoled ili kavu negdje gdje vam se svidi usput. Jedno od lijep\u0161ih mjesta koje mo\u017eete izabrati u ovakvim okolnostima je famozna Bu\u017ea, mjesto podno ju\u017enih zidina grada, na samim hridima. Kava, predivan pogled, kratko kupanje sa stijena, mahanje cruiserima u prolazu &#8211; prirodan eleminator stresa. Nakon toga \u0161etnja prema staroj luci, Stradunu i odmor kod Onofrijeve \u010desme uz zvuke tradicionalnih instrumenata guslara iz Konavala.<\/p>\n","protected":false},"excerpt":{"rendered":"<p>Prekrasni grad Dubrovnik le\u017ei duboko na jugu hrvatske obale Jadrana i svake godine privla\u010di sve vi\u0161e gostiju, a ve\u0107ina ga smatra jednom od top destinacija u Europi. Na\u0161im gostima koji su unajmili jedrilicu ili katamaran u ACI marini Dubrovnik preporu\u010damo da prije polaska na jedrenje naprave izlet do Dubrovnika. Nalaze\u0107i se u neposrednoj blizini spektakularnih [&hellip;]<\/p>\n","protected":false},"author":1,"featured_media":0,"parent":0,"menu_order":0,"comment_status":"closed","ping_status":"closed","template":"","meta":{"_acf_changed":false,"footnotes":""},"class_list":["post-350","page","type-page","status-publish","hentry"],"acf":[],"_links":{"self":[{"href":"https:\/\/ultra-sailing.hr\/hr\/wp-json\/wp\/v2\/pages\/350","targetHints":{"allow":["GET"]}}],"collection":[{"href":"https:\/\/ultra-sailing.hr\/hr\/wp-json\/wp\/v2\/pages"}],"about":[{"href":"https:\/\/ultra-sailing.hr\/hr\/wp-json\/wp\/v2\/types\/page"}],"author":[{"embeddable":true,"href":"https:\/\/ultra-sailing.hr\/hr\/wp-json\/wp\/v2\/users\/1"}],"replies":[{"embeddable":true,"href":"https:\/\/ultra-sailing.hr\/hr\/wp-json\/wp\/v2\/comments?post=350"}],"version-history":[{"count":8,"href":"https:\/\/ultra-sailing.hr\/hr\/wp-json\/wp\/v2\/pages\/350\/revisions"}],"predecessor-version":[{"id":5817,"href":"https:\/\/ultra-sailing.hr\/hr\/wp-json\/wp\/v2\/pages\/350\/revisions\/5817"}],"wp:attachment":[{"href":"https:\/\/ultra-sailing.hr\/hr\/wp-json\/wp\/v2\/media?parent=350"}],"curies":[{"name":"wp","href":"https:\/\/api.w.org\/{rel}","templated":true}]}}