{"id":398,"date":"2024-03-03T20:01:11","date_gmt":"2024-03-03T19:01:11","guid":{"rendered":"https:\/\/ultra-sailing.hr\/dev-wordpress\/?page_id=398"},"modified":"2025-02-21T09:26:39","modified_gmt":"2025-02-21T08:26:39","slug":"jedrenje-u-hrvatskoj","status":"publish","type":"page","link":"https:\/\/ultra-sailing.hr\/hr\/jedrenje-u-hrvatskoj\/","title":{"rendered":"Jedrenje u Hrvatskoj"},"content":{"rendered":"\n<p>Odmor na jedrilici u Hrvatskoj je ne\u0161to \u0161to bi svatko trebao do\u017eivjeti barem jednom u \u017eivotu. Ljepota Jadranske obale, bezbroj uvala i skrivenih pla\u017ea koje su dostupne samo brodom je samo par razloga zbog \u010dega bi svatko trebao bar jednom unajmiti jedrilicu u Hrvatskoj.<\/p>\n\n\n\n<figure class=\"wp-block-embed aligncenter is-type-video is-provider-youtube wp-block-embed-youtube wp-embed-aspect-16-9 wp-has-aspect-ratio\"><div class=\"wp-block-embed__wrapper\">\n<iframe loading=\"lazy\" title=\"Sailing holidays Croatia - Ultra Sailing Yacht Charter\" width=\"640\" height=\"360\" src=\"https:\/\/www.youtube.com\/embed\/aY6sLhlQ5F0?feature=oembed\" frameborder=\"0\" allow=\"accelerometer; autoplay; clipboard-write; encrypted-media; gyroscope; picture-in-picture; web-share\" referrerpolicy=\"strict-origin-when-cross-origin\" allowfullscreen><\/iframe>\n<\/div><\/figure>\n\n\n\n<p>Jedrilica se mo\u017ee unajmiti u gotovo svakom mjestu du\u017e Hrvatske obale, iako nisu ba\u0161 sva mjesta lako dostupna. Ukoliko planirate do\u0107i avionom, na\u0161 je savjet da rezervirate kartu prije nego \u0161to izaberite va\u0161u charter bazu u Hrvatskoj. U planiranju najma i samoj rezervaciji jedrilice, katamarana ili motornih brodova u Hrvatskoj morate uzeti u obzir par stvari. Najbitnije je da provjerite da li Vi ili netko od posade ima dozvolu za jedrenje koja je valjana u Hrvatskoj. Ukoliko je imate, mo\u017eete nastaviti planirati va\u0161 odmor prate\u0107i slijede\u0107e naputke (ako to nije slu\u010daj, imate dvije mogu\u0107nosti: jedriti sa skiperom ili zavr\u0161iti te\u010daj \u0161kole jedrenja).<\/p>\n\n\n<div class=\"wp-block-image is-style-rounded wp-duotone-unset-1\">\n<figure class=\"aligncenter size-full\"><img loading=\"lazy\" decoding=\"async\" width=\"1000\" height=\"840\" src=\"https:\/\/ultra-sailing.hr\/wp-content\/uploads\/2024\/03\/sailing_boat_rental_croatia_blue_lagoon.jpg\" alt=\"\" class=\"wp-image-420\" srcset=\"https:\/\/ultra-sailing.hr\/wp-content\/uploads\/2024\/03\/sailing_boat_rental_croatia_blue_lagoon.jpg 1000w, https:\/\/ultra-sailing.hr\/wp-content\/uploads\/2024\/03\/sailing_boat_rental_croatia_blue_lagoon-300x252.jpg 300w, https:\/\/ultra-sailing.hr\/wp-content\/uploads\/2024\/03\/sailing_boat_rental_croatia_blue_lagoon-768x645.jpg 768w\" sizes=\"auto, (max-width: 1000px) 100vw, 1000px\" \/><\/figure>\n<\/div>\n\n\n<p>Kada ste izabrali va\u0161e mjesto dolaska, morate znati koliko vremena \u017eelite dnevno jedriti do slijede\u0107e destinacije. Ve\u0107ina charter firmi ima par preporu\u010denih ruta za jedrenje koje sadr\u017ee potrebne informacije o udaljenostima izme\u0111u pojedinih mjesta. Nakon odabira rute, provjerite navedene destinacije (cijene marina, mogu\u0107nosti sidrenja, mjesta za razgledavanje). Ukoliko Vam ni jedna ponu\u0111ena ruta ne odgovara, uvijek se mo\u017eete obratiti charter firmi za pomo\u0107. Vrlo rado \u0107emo Vam pomo\u0107i napraviti Va\u0161u osobnu rutu uz pomo\u0107 osoblja koji su specijalizirani za to.<\/p>\n\n\n\n<p>Ukoliko ste rje\u0161ili sva ova pitanja, nedostaje Vam jo\u0161 samo jedna stavka, a to je rezervacija plovila. U Hrvatskoj se nalazi dosta agencija za najam jedrilica, motornih jahti, katamarana, ali tako\u0111er i megajahti i luksuznih brodova. Po\u017eeljnije je rezervirati direktno u charter firmama na Jadranu jer \u0107ete tako dobiti najbr\u017ei tehni\u010dki odgovor ili saznati stanje raspolo\u017eivosti plovila koje Vas zanima iz prve ruke.<\/p>\n","protected":false},"excerpt":{"rendered":"<p>Odmor na jedrilici u Hrvatskoj je ne\u0161to \u0161to bi svatko trebao do\u017eivjeti barem jednom u \u017eivotu. Ljepota Jadranske obale, bezbroj uvala i skrivenih pla\u017ea koje su dostupne samo brodom je samo par razloga zbog \u010dega bi svatko trebao bar jednom unajmiti jedrilicu u Hrvatskoj. Jedrilica se mo\u017ee unajmiti u gotovo svakom mjestu du\u017e Hrvatske obale, [&hellip;]<\/p>\n","protected":false},"author":1,"featured_media":0,"parent":0,"menu_order":0,"comment_status":"closed","ping_status":"closed","template":"","meta":{"_acf_changed":false,"footnotes":""},"class_list":["post-398","page","type-page","status-publish","hentry"],"acf":[],"_links":{"self":[{"href":"https:\/\/ultra-sailing.hr\/hr\/wp-json\/wp\/v2\/pages\/398","targetHints":{"allow":["GET"]}}],"collection":[{"href":"https:\/\/ultra-sailing.hr\/hr\/wp-json\/wp\/v2\/pages"}],"about":[{"href":"https:\/\/ultra-sailing.hr\/hr\/wp-json\/wp\/v2\/types\/page"}],"author":[{"embeddable":true,"href":"https:\/\/ultra-sailing.hr\/hr\/wp-json\/wp\/v2\/users\/1"}],"replies":[{"embeddable":true,"href":"https:\/\/ultra-sailing.hr\/hr\/wp-json\/wp\/v2\/comments?post=398"}],"version-history":[{"count":8,"href":"https:\/\/ultra-sailing.hr\/hr\/wp-json\/wp\/v2\/pages\/398\/revisions"}],"predecessor-version":[{"id":1111,"href":"https:\/\/ultra-sailing.hr\/hr\/wp-json\/wp\/v2\/pages\/398\/revisions\/1111"}],"wp:attachment":[{"href":"https:\/\/ultra-sailing.hr\/hr\/wp-json\/wp\/v2\/media?parent=398"}],"curies":[{"name":"wp","href":"https:\/\/api.w.org\/{rel}","templated":true}]}}