{"id":428,"date":"2024-03-03T20:13:25","date_gmt":"2024-03-03T19:13:25","guid":{"rendered":"https:\/\/ultra-sailing.hr\/dev-wordpress\/?page_id=428"},"modified":"2025-02-13T10:54:17","modified_gmt":"2025-02-13T09:54:17","slug":"cesto-postavljana-pitanja","status":"publish","type":"page","link":"https:\/\/ultra-sailing.hr\/hr\/cesto-postavljana-pitanja\/","title":{"rendered":"\u010cesto postavljana pitanja"},"content":{"rendered":"<div class=\"c-collapse-group\"><div class=\"c-collapse js-collapse\">\n\t<button class=\"c-collapse__toggle js-collapse-toggle\">\n\t\t<h2 class=\"c-collapse__heading\">Kako mogu rezervirati jedrilicu?<\/h2>\n\t\t<div class=\"c-collapse__icon\">\n\t\t\t<svg class=\"o-icon u-stroke-2\"><use xmlns:xlink=\"http:\/\/www.w3.org\/1999\/xlink\" xlink:href=\"https:\/\/ultra-sailing.hr\/wp-content\/themes\/ultra-sailing\/assets\/sprite\/icons.svg#icon-chevron-down\"><\/use><\/svg>\t\t<\/div>\n\t<\/button>\n\t<div class=\"c-collapse__main js-collapse-main\">\n\t\t<div class=\"c-content-scope\">\n\t\t\t<p>Koriste\u0107i tra\u017eilicu na naslovnici mo\u017eete odabrati jedrilicu koju \u017eelite. Jedrilice i katamarani u vlasni\u0161tvu na\u0161e tvrtke se nalaze u na\u0161im bazama u Trogiru, Splitu, Puli i Dubrovniku. \u010cak i ako ne mo\u017eete prona\u0107i model koji vas najvi\u0161e interesira na na\u0161oj stranici, obratite nam se direktno i mi \u0107emo prona\u0107i idealan model za Vas.<\/p>\n\t\t<\/div>\n\t<\/div>\n<\/div><div class=\"c-collapse js-collapse\">\n\t<button class=\"c-collapse__toggle js-collapse-toggle\">\n\t\t<h2 class=\"c-collapse__heading\">Koja jedrilica je najbolji odabir za mene?<\/h2>\n\t\t<div class=\"c-collapse__icon\">\n\t\t\t<svg class=\"o-icon u-stroke-2\"><use xmlns:xlink=\"http:\/\/www.w3.org\/1999\/xlink\" xlink:href=\"https:\/\/ultra-sailing.hr\/wp-content\/themes\/ultra-sailing\/assets\/sprite\/icons.svg#icon-chevron-down\"><\/use><\/svg>\t\t<\/div>\n\t<\/button>\n\t<div class=\"c-collapse__main js-collapse-main\">\n\t\t<div class=\"c-content-scope\">\n\t\t\t<p>Ve\u0107ina nauti\u010dara i na\u0161ih gostiju unaprijed zna kakav model jedrilice ili plovila \u017eeli. Za obitelji naj\u010de\u0161\u0107e predla\u017eemo Beneteau Oceanis jedrilice ili Fountaine Pajot katamaran. Za regate i ljubitelje sportskog jedrenja obi\u010dno predla\u017eemo Beneteau First jedrilice kao First 27, First 36, First 44 ili First 53.<\/p>\n\t\t<\/div>\n\t<\/div>\n<\/div><div class=\"c-collapse js-collapse\">\n\t<button class=\"c-collapse__toggle js-collapse-toggle\">\n\t\t<h2 class=\"c-collapse__heading\">Kolika je cijena najma jedrilice?<\/h2>\n\t\t<div class=\"c-collapse__icon\">\n\t\t\t<svg class=\"o-icon u-stroke-2\"><use xmlns:xlink=\"http:\/\/www.w3.org\/1999\/xlink\" xlink:href=\"https:\/\/ultra-sailing.hr\/wp-content\/themes\/ultra-sailing\/assets\/sprite\/icons.svg#icon-chevron-down\"><\/use><\/svg>\t\t<\/div>\n\t<\/button>\n\t<div class=\"c-collapse__main js-collapse-main\">\n\t\t<div class=\"c-content-scope\">\n\t\t\t<p>Cijena najma jedrilice ovisi o nekoliko razli\u010ditih faktora. Motorni brodovi su naj\u010de\u0161\u0107e skuplji od jedrilica. \u0160to je ve\u0107a jedrilica i ima vi\u0161e kabina to bi u pravilu trebala biti i ve\u0107a cijena. I godi\u0161te plovila odre\u0111uje cijenu pa su noviji modeli obi\u010dno skuplji. Katamaran je opravdano najskuplje plovilo na jedra zbog veli\u010dine i komoditeta koje pru\u017ea.<br \/>\nDuljina najma tako\u0111er odre\u0111uje cijenu. Ve\u0107ina nauti\u010dara odlu\u010duje se za tjedni ili dvotjedni najam, te mali dio odlu\u010di unajmiti plovilo na du\u017ee od 2 tjedna. Za rezervacije do kraja sije\u010dnja mo\u017ee se dobiti rani popust (early booking). Popusti zadnji tren (last minute) su u ve\u0107ini slu\u010dajeva dobar odabir ali opcije da dobijete brod ili polazi\u0161te koji \u017eelite su minimalne.<\/p>\n<p>Cijene se okvirno kre\u0107u od 1250\u20ac\/tjedan do 20000\u20ac\/tjedan ovisno o terminu, veli\u010dini broda i naravno modelu. Sve cijene uklju\u010duju PDV.<\/p>\n\t\t<\/div>\n\t<\/div>\n<\/div><div class=\"c-collapse js-collapse\">\n\t<button class=\"c-collapse__toggle js-collapse-toggle\">\n\t\t<h2 class=\"c-collapse__heading\">\u0160to uklju\u010duje cijena najma jedrilice, a \u0161to se pla\u0107a dodatno?<\/h2>\n\t\t<div class=\"c-collapse__icon\">\n\t\t\t<svg class=\"o-icon u-stroke-2\"><use xmlns:xlink=\"http:\/\/www.w3.org\/1999\/xlink\" xlink:href=\"https:\/\/ultra-sailing.hr\/wp-content\/themes\/ultra-sailing\/assets\/sprite\/icons.svg#icon-chevron-down\"><\/use><\/svg>\t\t<\/div>\n\t<\/button>\n\t<div class=\"c-collapse__main js-collapse-main\">\n\t\t<div class=\"c-content-scope\">\n\t\t\t<p>Cijena najma jedrilice uklju\u010duje opremljenu jedrilicu za 1 tjedan, PDV, VHF i chart.ploter, gumenjak, kuhinjsku opremu, navigacijske karte i peljare, besplatan kontakt telefon s voditeljem baze, svakodnevnu vremensku prognozu, WI-FI na svim brodovima. Vez u bazi je uvijek besplatan.<\/p>\n<p>Dodatno kao obaveza pla\u0107a se boravi\u0161na pristojba 1,4EUR \/osoba\/dan (djeca ispod 12g ne pla\u0107aju),a Charter pack se pla\u0107a 215\u20ac-473\u20ac po najmu \u0161to uklju\u010duje pranje plovila, posteljinu, jastuke,male ru\u010dnike, podvodni pregled plovila, 2 boce plina za kuhalo.<br \/>\nTako\u0111er, dodatno se mo\u017ee naru\u010diti skiper ili vanbrodski motori\u0107 ili genaker ili transfer od\/do aerodroma &#8230;<\/p>\n\t\t<\/div>\n\t<\/div>\n<\/div><div class=\"c-collapse js-collapse\">\n\t<button class=\"c-collapse__toggle js-collapse-toggle\">\n\t\t<h2 class=\"c-collapse__heading\">\u0160to uklju\u010duje cijena katamarana?<\/h2>\n\t\t<div class=\"c-collapse__icon\">\n\t\t\t<svg class=\"o-icon u-stroke-2\"><use xmlns:xlink=\"http:\/\/www.w3.org\/1999\/xlink\" xlink:href=\"https:\/\/ultra-sailing.hr\/wp-content\/themes\/ultra-sailing\/assets\/sprite\/icons.svg#icon-chevron-down\"><\/use><\/svg>\t\t<\/div>\n\t<\/button>\n\t<div class=\"c-collapse__main js-collapse-main\">\n\t\t<div class=\"c-content-scope\">\n\t\t\t<p>Cijena katamarana uklju\u010duje tjedan najma opremljenog katamarana, PDV, VHF i chart.ploter, gumenjak i vanbrodski motor, navigacijske karte i peljari, kuhinjska oprema, besplatan mobitel i veza s voditeljem baze, vremenska prognoza, Internet. Vez u mati\u010dnoj bazi je uvijek besplatan.<\/p>\n<p>Dodatno se pla\u0107a charter pack ovisno o veli\u010dini plovila od 495\u20ac do 655\u20ac \u0161to uklju\u010duje podvodni pregled broda, posteljina, ru\u010dnici (mali i veliki), vanbrodski motor za gumenjak 5KS ili vi\u0161e, set za ronjenje.<\/p>\n<p>Boravi\u0161na pristojba se pla\u0107a 1,4EUR\/osoba\/dan. Djeca ispod 12 godina su oslobo\u0111ena pla\u0107anja boravi\u0161ne pristojbe.<\/p>\n<p>Dodatno se mo\u017ee naru\u010diti hrana, transfer od\/do aerodroma, skiper itd.<\/p>\n\t\t<\/div>\n\t<\/div>\n<\/div><div class=\"c-collapse js-collapse\">\n\t<button class=\"c-collapse__toggle js-collapse-toggle\">\n\t\t<h2 class=\"c-collapse__heading\">Koja sigurnosna oprema se nalazi na brodu?<\/h2>\n\t\t<div class=\"c-collapse__icon\">\n\t\t\t<svg class=\"o-icon u-stroke-2\"><use xmlns:xlink=\"http:\/\/www.w3.org\/1999\/xlink\" xlink:href=\"https:\/\/ultra-sailing.hr\/wp-content\/themes\/ultra-sailing\/assets\/sprite\/icons.svg#icon-chevron-down\"><\/use><\/svg>\t\t<\/div>\n\t<\/button>\n\t<div class=\"c-collapse__main js-collapse-main\">\n\t\t<div class=\"c-content-scope\">\n\t\t\t<p>Hrvatski zakon ima jasne propise za plovila registrirana za najam. Sva plovila imaju pojaseve za spa\u0161avanje, kutiju prve pomo\u0107i, aparat za ga\u0161enje po\u017eara, sigurnosne signale itd.<\/p>\n\t\t<\/div>\n\t<\/div>\n<\/div><div class=\"c-collapse js-collapse\">\n\t<button class=\"c-collapse__toggle js-collapse-toggle\">\n\t\t<h2 class=\"c-collapse__heading\">\u0160to trebam sa sobom ponijeti na jedrenje ako vodim djecu?<\/h2>\n\t\t<div class=\"c-collapse__icon\">\n\t\t\t<svg class=\"o-icon u-stroke-2\"><use xmlns:xlink=\"http:\/\/www.w3.org\/1999\/xlink\" xlink:href=\"https:\/\/ultra-sailing.hr\/wp-content\/themes\/ultra-sailing\/assets\/sprite\/icons.svg#icon-chevron-down\"><\/use><\/svg>\t\t<\/div>\n\t<\/button>\n\t<div class=\"c-collapse__main js-collapse-main\">\n\t\t<div class=\"c-content-scope\">\n\t\t\t<p>Ako su djeca \u010dlanovi Va\u0161e posade ponesite vlastiti pojas za spa\u0161avanje u slu\u010daju da charter flota nema odgovaraju\u0107u veli\u010dinu za Va\u0161e dijete. Kontaktirajte nas na vrijeme i obavijestite o visini i te\u017eini djeteta, kako bismo na vrijeme pripremili pojas za spa\u0161avanje. Ne zaboravite ponijeti kape, kremu za sun\u010danje, kremu protiv uboda komaraca, tenisice ili ne sklizaju\u0107e cipele. Djecu je dobro za\u0161tititi od sunca obi\u010dnom bijelom pamu\u010dnom majicom (11:00-15:00 kada su UV zrake najja\u010de). Brod mo\u017ee biti sklizav, zato nabavite gumene cipele za more (mogu se nabaviti ljeti u svim supermarketima). Djeca na brodu obi\u010dno ne trebaju mnogo. Jedrenje i \u017eivot na brodu za njih je samo po sebi posebno istra\u017eiva\u010dko iskustvo. Vole provoditi vrijeme igraju\u0107i se gumenjakom, skakati iz kokpita i sl. Zato pri iznajmljivanju obratite pozornost na izgled i funkcionalnost kokpita i uvijek odaberite jedrilicu s bimini tendom.<\/p>\n<p>Nau\u010dite svoje dijete da sudjeluje u brodskim du\u017enostima i u\u017eivajte zajedni\u010dko vrijeme. \u010cak i bez TV na brodu, vrijeme \u0107e pro\u0107i brzo uz kupanje, karte, \u0161ah ili neku drugu dru\u0161tvenu igru. Udice za ribolov ko\u0161taju oko 5-6 EUR i mogu zabaviti dijete i do 2 sata dnevno.<br \/>\nIzbjegavajte jesti slatko u kokpitu zbog osa koje znaju biti u srcu sezone prava napast. Pazite da va\u0161e rute budu kra\u0107e i odaberite mjesta s pla\u017eama ili gdje \u0107ete im mo\u0107i kupiti sladoled i pustiti ih da se istr\u010de. Naravno, bojice, olovke, papir i najdra\u017ei medo ne smiju biti zaboravljeni.<\/p>\n\t\t<\/div>\n\t<\/div>\n<\/div><div class=\"c-collapse js-collapse\">\n\t<button class=\"c-collapse__toggle js-collapse-toggle\">\n\t\t<h2 class=\"c-collapse__heading\">\u0160to trebam ponijeti na jedrenje?<\/h2>\n\t\t<div class=\"c-collapse__icon\">\n\t\t\t<svg class=\"o-icon u-stroke-2\"><use xmlns:xlink=\"http:\/\/www.w3.org\/1999\/xlink\" xlink:href=\"https:\/\/ultra-sailing.hr\/wp-content\/themes\/ultra-sailing\/assets\/sprite\/icons.svg#icon-chevron-down\"><\/use><\/svg>\t\t<\/div>\n\t<\/button>\n\t<div class=\"c-collapse__main js-collapse-main\">\n\t\t<div class=\"c-content-scope\">\n\t\t\t<p>Najva\u017enije je ne zaboraviti osobne dokumente (osobna, skiperska i VHF dozvola i sl) kao i medikamente koje mo\u017eda uzimate. Lagane torbe su po\u017eeljnije od tvrdih kofera jer lak\u0161e stanu u brodu.Trebat \u0107e vam kapa, sun\u010dane nao\u010dale, lagana ljetna odje\u0107a, kupa\u0107i, trenerka, ne sklizaju\u0107a obu\u0107a i odje\u0107a za eventualan odlazak na ve\u010deru \u201esmart casual\u201c, vjetrovka\u2026 Provjerite vremensku prognozu, ako jedrite u Svibnju, Lipnju ili Rujnu dobro je ponijeti jedrili\u010darsko odijelo i \u010dizme ako ih imate. Ako ne, dupla topla odje\u0107a i vjetrovka dobro \u0107e do\u0107i. Jer ponekad mo\u017ee do\u0107i do naglog zahla\u0111enja ili nevremena koje naglo spusti temperaturu.<\/p>\n\t\t<\/div>\n\t<\/div>\n<\/div><div class=\"c-collapse js-collapse\">\n\t<button class=\"c-collapse__toggle js-collapse-toggle\">\n\t\t<h2 class=\"c-collapse__heading\">Koja dozvola je va\u017ee\u0107a za najam plovila?<\/h2>\n\t\t<div class=\"c-collapse__icon\">\n\t\t\t<svg class=\"o-icon u-stroke-2\"><use xmlns:xlink=\"http:\/\/www.w3.org\/1999\/xlink\" xlink:href=\"https:\/\/ultra-sailing.hr\/wp-content\/themes\/ultra-sailing\/assets\/sprite\/icons.svg#icon-chevron-down\"><\/use><\/svg>\t\t<\/div>\n\t<\/button>\n\t<div class=\"c-collapse__main js-collapse-main\">\n\t\t<div class=\"c-content-scope\">\n\t\t\t<p>Voditelj brodice i VHF dozvola su dozvole koje izdaju lu\u010dke kapetanije u Hrvatskoj. S njom mo\u017eete iznajmiti plovilo. Ako imate neku drugu dozvolu,kontaktirajte nas i provjerit \u0107emo za Vas.<\/p>\n\t\t<\/div>\n\t<\/div>\n<\/div><div class=\"c-collapse js-collapse\">\n\t<button class=\"c-collapse__toggle js-collapse-toggle\">\n\t\t<h2 class=\"c-collapse__heading\">Da li mo\u017eemo naru\u010diti hranu da nas \u010deka na brodu?<\/h2>\n\t\t<div class=\"c-collapse__icon\">\n\t\t\t<svg class=\"o-icon u-stroke-2\"><use xmlns:xlink=\"http:\/\/www.w3.org\/1999\/xlink\" xlink:href=\"https:\/\/ultra-sailing.hr\/wp-content\/themes\/ultra-sailing\/assets\/sprite\/icons.svg#icon-chevron-down\"><\/use><\/svg>\t\t<\/div>\n\t<\/button>\n\t<div class=\"c-collapse__main js-collapse-main\">\n\t\t<div class=\"c-content-scope\">\n\t\t\t<p>Da, na\u0161 ured za rezervacije mo\u017ee Vam na upit poslati listu hrane i pi\u0107a po kojoj mo\u017eete napraviti narud\u017ebu.<\/p>\n\t\t<\/div>\n\t<\/div>\n<\/div><div class=\"c-collapse js-collapse\">\n\t<button class=\"c-collapse__toggle js-collapse-toggle\">\n\t\t<h2 class=\"c-collapse__heading\">Koje je najbolje vrijeme za jedrenje?<\/h2>\n\t\t<div class=\"c-collapse__icon\">\n\t\t\t<svg class=\"o-icon u-stroke-2\"><use xmlns:xlink=\"http:\/\/www.w3.org\/1999\/xlink\" xlink:href=\"https:\/\/ultra-sailing.hr\/wp-content\/themes\/ultra-sailing\/assets\/sprite\/icons.svg#icon-chevron-down\"><\/use><\/svg>\t\t<\/div>\n\t<\/button>\n\t<div class=\"c-collapse__main js-collapse-main\">\n\t\t<div class=\"c-content-scope\">\n\t\t\t<p>Najbolje vrijeme je kasni travanj, svibanj i po\u010detak lipnja i kasni rujan. Tada gu\u017eve na Jadranu nisu velike, a cijene \u010dartera nisu visoke. U \u0161pici sezone (srpanj i kolovoz) cijene su najve\u0107e, more je najtoplije, a gu\u017eve su najve\u0107e ali tada je srce ljeta koji jo\u0161 uvijek ve\u0107ina nas najvi\u0161e voli. Listopad je sve popularniji zadnjih godina zbog regata i manje gu\u017eve, te ugodnih vremenskih uvjeta.<\/p>\n\t\t<\/div>\n\t<\/div>\n<\/div><div class=\"c-collapse js-collapse\">\n\t<button class=\"c-collapse__toggle js-collapse-toggle\">\n\t\t<h2 class=\"c-collapse__heading\">Koji su vjetrovi naj\u010de\u0161\u0107i na Jadranu?<\/h2>\n\t\t<div class=\"c-collapse__icon\">\n\t\t\t<svg class=\"o-icon u-stroke-2\"><use xmlns:xlink=\"http:\/\/www.w3.org\/1999\/xlink\" xlink:href=\"https:\/\/ultra-sailing.hr\/wp-content\/themes\/ultra-sailing\/assets\/sprite\/icons.svg#icon-chevron-down\"><\/use><\/svg>\t\t<\/div>\n\t<\/button>\n\t<div class=\"c-collapse__main js-collapse-main\">\n\t\t<div class=\"c-content-scope\">\n\t\t\t<p>Vi\u0161e o vremenu i vjetrovima na Jadranu mo\u017eete pogledati na na\u0161oj stranici\u00a0 <a href=\"https:\/\/ultra-sailing.hr\/hr\/vjetrovi-u-hrvatskoj\/\" target=\"_blank\" rel=\"noopener\">&#8220;Vjetrovi u Hrvatskoj&#8221;<\/a><\/p>\n\t\t<\/div>\n\t<\/div>\n<\/div><div class=\"c-collapse js-collapse\">\n\t<button class=\"c-collapse__toggle js-collapse-toggle\">\n\t\t<h2 class=\"c-collapse__heading\">Koje su marine u Hrvatskoj?<\/h2>\n\t\t<div class=\"c-collapse__icon\">\n\t\t\t<svg class=\"o-icon u-stroke-2\"><use xmlns:xlink=\"http:\/\/www.w3.org\/1999\/xlink\" xlink:href=\"https:\/\/ultra-sailing.hr\/wp-content\/themes\/ultra-sailing\/assets\/sprite\/icons.svg#icon-chevron-down\"><\/use><\/svg>\t\t<\/div>\n\t<\/button>\n\t<div class=\"c-collapse__main js-collapse-main\">\n\t\t<div class=\"c-content-scope\">\n\t\t\t<p>Hrvatska ima vi\u0161e od 120 marina, komunalnih i sportskih luka du\u017e svoje obale. 22 marine su u lancu ACI marina, a ostale su u privatnim koncesijama ili dr\u017eavne.<\/p>\n\t\t<\/div>\n\t<\/div>\n<\/div><div class=\"c-collapse js-collapse\">\n\t<button class=\"c-collapse__toggle js-collapse-toggle\">\n\t\t<h2 class=\"c-collapse__heading\">Mo\u017eemo li se parkirati u marini?<\/h2>\n\t\t<div class=\"c-collapse__icon\">\n\t\t\t<svg class=\"o-icon u-stroke-2\"><use xmlns:xlink=\"http:\/\/www.w3.org\/1999\/xlink\" xlink:href=\"https:\/\/ultra-sailing.hr\/wp-content\/themes\/ultra-sailing\/assets\/sprite\/icons.svg#icon-chevron-down\"><\/use><\/svg>\t\t<\/div>\n\t<\/button>\n\t<div class=\"c-collapse__main js-collapse-main\">\n\t\t<div class=\"c-content-scope\">\n\t\t\t<p>Sve marine imaju parking mjesto koje napla\u0107uju cca 10\u20ac do 15\u20ac na dan. Kako je ve\u0107ina marina napravljena i planirana prije mnogo godina, parking mjesta su manja od onog \u0161to se tra\u017ei u \u0161pici sezone. U susjedstvu marine obi\u010dno postoje i privatna parking mjesta, a pri rezervaciji istih, rado \u0107emo vam pomo\u0107i.<\/p>\n\t\t<\/div>\n\t<\/div>\n<\/div><div class=\"c-collapse js-collapse\">\n\t<button class=\"c-collapse__toggle js-collapse-toggle\">\n\t\t<h2 class=\"c-collapse__heading\">Koja je prosje\u010dna cijena veza u marinama?<\/h2>\n\t\t<div class=\"c-collapse__icon\">\n\t\t\t<svg class=\"o-icon u-stroke-2\"><use xmlns:xlink=\"http:\/\/www.w3.org\/1999\/xlink\" xlink:href=\"https:\/\/ultra-sailing.hr\/wp-content\/themes\/ultra-sailing\/assets\/sprite\/icons.svg#icon-chevron-down\"><\/use><\/svg>\t\t<\/div>\n\t<\/button>\n\t<div class=\"c-collapse__main js-collapse-main\">\n\t\t<div class=\"c-content-scope\">\n\t\t\t<p>Cijena veza ovisi o veli\u010dini plovila i sezoni. Cijene u marinama u ve\u0107ini slu\u010dajeva mo\u017eete provjeriti na njihovim slu\u017ebenim stranicama ili upitom na E-Mail.<\/p>\n<p>Marine u Hrvatskoj pru\u017eaju konekciju za struju, internet, vodu, parking. Imaju restorane, praonice, trgovine i sl. Ve\u0107ina marina je smje\u0161tena na atraktivnim nauti\u010dkim destinacijama kao npr. Krk, Cres, Lo\u0161inj, Kor\u010dula, Pi\u0161kera, Palmi\u017eana i sl. Druga privezi\u0161ta kao npr. u Visu i Komi\u017ei su odli\u010dno organizirana i jeftinija su od marina.<\/p>\n\t\t<\/div>\n\t<\/div>\n<\/div><div class=\"c-collapse js-collapse\">\n\t<button class=\"c-collapse__toggle js-collapse-toggle\">\n\t\t<h2 class=\"c-collapse__heading\">Mo\u017eemo li unajmiti jedrilicu One way Split-Dubrovnik?<\/h2>\n\t\t<div class=\"c-collapse__icon\">\n\t\t\t<svg class=\"o-icon u-stroke-2\"><use xmlns:xlink=\"http:\/\/www.w3.org\/1999\/xlink\" xlink:href=\"https:\/\/ultra-sailing.hr\/wp-content\/themes\/ultra-sailing\/assets\/sprite\/icons.svg#icon-chevron-down\"><\/use><\/svg>\t\t<\/div>\n\t<\/button>\n\t<div class=\"c-collapse__main js-collapse-main\">\n\t\t<div class=\"c-content-scope\">\n\t\t\t<p>Da, mo\u017eemo ponuditi One way od Splita do Dubrovnika ili obrnuto ali uz nadoplatu i raniji iskrcaj i check out u petak u 15.00 sati. Dodatan tro\u0161ak napla\u0107ujemo po cjeniku i on uklju\u010duje vez 1 dan u check out bazi, skipera za no\u0107ni transfer broda nazad i dizel gorivo kao tro\u0161ak transfera. Rezervacija one way mora biti potvr\u0111ena prilikom rezervacije pismenim putem.<\/p>\n\t\t<\/div>\n\t<\/div>\n<\/div><div class=\"c-collapse js-collapse\">\n\t<button class=\"c-collapse__toggle js-collapse-toggle\">\n\t\t<h2 class=\"c-collapse__heading\">Da li mo\u017eemo jedriti van hrvatskih teritorijalnih voda?<\/h2>\n\t\t<div class=\"c-collapse__icon\">\n\t\t\t<svg class=\"o-icon u-stroke-2\"><use xmlns:xlink=\"http:\/\/www.w3.org\/1999\/xlink\" xlink:href=\"https:\/\/ultra-sailing.hr\/wp-content\/themes\/ultra-sailing\/assets\/sprite\/icons.svg#icon-chevron-down\"><\/use><\/svg>\t\t<\/div>\n\t<\/button>\n\t<div class=\"c-collapse__main js-collapse-main\">\n\t\t<div class=\"c-content-scope\">\n\t\t\t<p>Ne, brodovi su registrirani samo za jedrenje u Hrvatskoj osim plovila u na\u0161oj bazi u Dubrovniku i Trogiru koja imaju mogu\u0107nost odlaska u Crnu Goru, ali uz pismenu potvrdu najmanje 45 dana prije zakazanog termina. Mogu\u0107nost jedrenja u Crnoj Gori mora biti potvr\u0111ena od strane na\u0161eg booking ureda.<\/p>\n\t\t<\/div>\n\t<\/div>\n<\/div><div class=\"c-collapse js-collapse\">\n\t<button class=\"c-collapse__toggle js-collapse-toggle\">\n\t\t<h2 class=\"c-collapse__heading\">Kako izvr\u0161iti uplatu?<\/h2>\n\t\t<div class=\"c-collapse__icon\">\n\t\t\t<svg class=\"o-icon u-stroke-2\"><use xmlns:xlink=\"http:\/\/www.w3.org\/1999\/xlink\" xlink:href=\"https:\/\/ultra-sailing.hr\/wp-content\/themes\/ultra-sailing\/assets\/sprite\/icons.svg#icon-chevron-down\"><\/use><\/svg>\t\t<\/div>\n\t<\/button>\n\t<div class=\"c-collapse__main js-collapse-main\">\n\t\t<div class=\"c-content-scope\">\n\t\t\t<p>Upute za uplatu se nalaze na potvrdi rezervacije s navedenim SWIFT i IBANOM. Avans se pla\u0107a u visini 50% cijene u potvrdi rezervacije, a razlika 45 dana prije dolaska u charter. Uplata avansa mo\u017ee biti pla\u0107ena i karti\u010dno, ali uz nadoplatu 2-2,5% bankovnih naknada.<\/p>\n\t\t<\/div>\n\t<\/div>\n<\/div><div class=\"c-collapse js-collapse\">\n\t<button class=\"c-collapse__toggle js-collapse-toggle\">\n\t\t<h2 class=\"c-collapse__heading\">\u0160to ako otka\u017eem jedrenje?<\/h2>\n\t\t<div class=\"c-collapse__icon\">\n\t\t\t<svg class=\"o-icon u-stroke-2\"><use xmlns:xlink=\"http:\/\/www.w3.org\/1999\/xlink\" xlink:href=\"https:\/\/ultra-sailing.hr\/wp-content\/themes\/ultra-sailing\/assets\/sprite\/icons.svg#icon-chevron-down\"><\/use><\/svg>\t\t<\/div>\n\t<\/button>\n\t<div class=\"c-collapse__main js-collapse-main\">\n\t\t<div class=\"c-content-scope\">\n\t\t\t<p>Po ugovoru koji \u0107ete dobiti prilikom rezervacije plovila uvjeti povrata uplate su slijede\u0107i:<\/p>\n<ul>\n<li>-35% tjedne cijene najma se ne vra\u0107a ako je otkaz napravljen vi\u0161e od mjesec dana prije termina<\/li>\n<li>-100% cijene se ne vra\u0107a ako je otkaz napravljen unutra mjesec dana do rezerviranog termina<\/li>\n<\/ul>\n<p>U svakom slu\u010daju predla\u017eemo da osobno napravite putno osiguranje \u010dim potvrdite rezervaciju.<\/p>\n\t\t<\/div>\n\t<\/div>\n<\/div><div class=\"c-collapse js-collapse\">\n\t<button class=\"c-collapse__toggle js-collapse-toggle\">\n\t\t<h2 class=\"c-collapse__heading\">\u0160to je sigurnosni polog?<\/h2>\n\t\t<div class=\"c-collapse__icon\">\n\t\t\t<svg class=\"o-icon u-stroke-2\"><use xmlns:xlink=\"http:\/\/www.w3.org\/1999\/xlink\" xlink:href=\"https:\/\/ultra-sailing.hr\/wp-content\/themes\/ultra-sailing\/assets\/sprite\/icons.svg#icon-chevron-down\"><\/use><\/svg>\t\t<\/div>\n\t<\/button>\n\t<div class=\"c-collapse__main js-collapse-main\">\n\t\t<div class=\"c-content-scope\">\n\t\t\t<p>Prije preuzimanja plovila klijent ostavlja iznos kaucije u gotovini ili kreditnom karticom (Visa ili Mastercard). Nakon najma, iznos kaucije se vra\u0107a u cijelosti ukoliko nisu uo\u010dena nikakva o\u0161te\u0107enja ili gubitak opreme. U protivnom se zadr\u017eava ova kaucija u protuvrijednosti popravka ili nabavne vrijednosti o\u0161te\u0107ene\/ izgubljene opreme.<\/p>\n<p>Ostavljanje pologa je obvezno i u slu\u010dajevima kada je anga\u017eiran skiper Ultra d.o.o.. U tom slu\u010daju, ostavljeni polog se ne mo\u017ee koristiti za pokrivanje tro\u0161kova nastalih uslijed skiperove nepa\u017enje i lo\u0161eg upravljanja plovilom i opremom. Za takve slu\u010dajeve skiper odgovara sa svojim osiguranjem.<\/p>\n\t\t<\/div>\n\t<\/div>\n<\/div><\/div>\n\n\n<hr class=\"wp-block-separator has-text-color has-vivid-red-color has-alpha-channel-opacity has-vivid-red-background-color has-background is-style-wide\"\/>\n\n\n\n<p>Vi\u0161e informacija o samom najmu plovila i sve \u0161to je potrebno znati pro\u010ditajte u na\u0161im blogovima!<\/p>\n\n\n\t\t<div class=\"c-nav-card-group\">\n\t\t\t\n<a href=\"https:\/\/blog.ultra-sailing.hr\/hr\/najam-broda-u-hrvatskoj-savjeti-i-sve-sto-je-potrebno-znati\/\" class=\"c-nav-card\" target=\"_blank\">\n\t<img loading=\"lazy\" decoding=\"async\" width=\"680\" height=\"320\" src=\"https:\/\/ultra-sailing.hr\/wp-content\/uploads\/2024\/05\/Sailing_Croatia-ultra_sailing_charter-680x320.jpg\" class=\"attachment-680x320 size-680x320\" alt=\"\" \/>\t<div class=\"c-nav-card__main\">\n\t\t<p class=\"c-nav-card__title\">Najam plovila u Hrvatskoj \u2013 savjeti i sve \u0161to je potrebno znati<\/p>\n\t\t<p class=\"c-nav-card__subtitle\">Odabir odgovaraju\u0107eg charter plovila, cijene i sve \u0161to ona uklju\u010duje, vezovi, pravila u charteru, odabira va\u0161e idealne lokacije i doba godine za plovidbu<\/p>\n\t\t<div class=\"c-nav-card__icon\">\n\t\t\t<svg class=\"o-icon u-stroke-2\"><use xmlns:xlink=\"http:\/\/www.w3.org\/1999\/xlink\" xlink:href=\"https:\/\/ultra-sailing.hr\/wp-content\/themes\/ultra-sailing\/assets\/sprite\/icons.svg#icon-chevron-right\"><\/use><\/svg>\t\t<\/div>\n\t<\/div>\n<\/a>\n<a href=\"https:\/\/blog.ultra-sailing.hr\/hr\/jedrenje-u-hrvatskoj-upute-za-primopredaju-plovila\/\" class=\"c-nav-card\" target=\"_blank\">\n\t<img loading=\"lazy\" decoding=\"async\" width=\"680\" height=\"320\" src=\"https:\/\/ultra-sailing.hr\/wp-content\/uploads\/2024\/05\/handover_procedure_sailing_boat_anchor-680x320.jpg\" class=\"attachment-680x320 size-680x320\" alt=\"\" \/>\t<div class=\"c-nav-card__main\">\n\t\t<p class=\"c-nav-card__title\">Upute za primopredaju plovila check in\/out<\/p>\n\t\t<p class=\"c-nav-card__subtitle\">Procedura preuzimanja plovila, oprema plovila, navigacijski instrumenti, jedra, sigurnost na plovilu&#8230;<\/p>\n\t\t<div class=\"c-nav-card__icon\">\n\t\t\t<svg class=\"o-icon u-stroke-2\"><use xmlns:xlink=\"http:\/\/www.w3.org\/1999\/xlink\" xlink:href=\"https:\/\/ultra-sailing.hr\/wp-content\/themes\/ultra-sailing\/assets\/sprite\/icons.svg#icon-chevron-right\"><\/use><\/svg>\t\t<\/div>\n\t<\/div>\n<\/a>\t\t<\/div>\n","protected":false},"excerpt":{"rendered":"<p>Vi\u0161e informacija o samom najmu plovila i sve \u0161to je potrebno znati pro\u010ditajte u na\u0161im blogovima!<\/p>\n","protected":false},"author":1,"featured_media":0,"parent":0,"menu_order":0,"comment_status":"closed","ping_status":"closed","template":"","meta":{"_acf_changed":false,"footnotes":""},"class_list":["post-428","page","type-page","status-publish","hentry"],"acf":[],"_links":{"self":[{"href":"https:\/\/ultra-sailing.hr\/hr\/wp-json\/wp\/v2\/pages\/428","targetHints":{"allow":["GET"]}}],"collection":[{"href":"https:\/\/ultra-sailing.hr\/hr\/wp-json\/wp\/v2\/pages"}],"about":[{"href":"https:\/\/ultra-sailing.hr\/hr\/wp-json\/wp\/v2\/types\/page"}],"author":[{"embeddable":true,"href":"https:\/\/ultra-sailing.hr\/hr\/wp-json\/wp\/v2\/users\/1"}],"replies":[{"embeddable":true,"href":"https:\/\/ultra-sailing.hr\/hr\/wp-json\/wp\/v2\/comments?post=428"}],"version-history":[{"count":32,"href":"https:\/\/ultra-sailing.hr\/hr\/wp-json\/wp\/v2\/pages\/428\/revisions"}],"predecessor-version":[{"id":2032,"href":"https:\/\/ultra-sailing.hr\/hr\/wp-json\/wp\/v2\/pages\/428\/revisions\/2032"}],"wp:attachment":[{"href":"https:\/\/ultra-sailing.hr\/hr\/wp-json\/wp\/v2\/media?parent=428"}],"curies":[{"name":"wp","href":"https:\/\/api.w.org\/{rel}","templated":true}]}}