{"id":468,"date":"2024-03-05T18:57:23","date_gmt":"2024-03-05T17:57:23","guid":{"rendered":"https:\/\/ultra-sailing.hr\/dev-wordpress\/?page_id=468"},"modified":"2025-02-20T13:51:49","modified_gmt":"2025-02-20T12:51:49","slug":"o-ultra-jedrenju","status":"publish","type":"page","link":"https:\/\/ultra-sailing.hr\/hr\/o-ultra-jedrenju\/","title":{"rendered":"O Ultra jedrenju"},"content":{"rendered":"\n<p>Ultra Sailing Croatia osnovana je 1995. godine u Splitu s osnovnom djelatno\u0161\u0107u nautike i jedrili\u010darskih komercijalnih aktivnosti. Na\u0161 tim zapo\u0161ljava vi\u0161e od 35 stru\u010dnih zaposlenika i zaljubljenika u more i brodove.<\/p>\n\n\n\n<figure class=\"wp-block-embed is-type-video is-provider-youtube wp-block-embed-youtube wp-embed-aspect-16-9 wp-has-aspect-ratio\"><div class=\"wp-block-embed__wrapper\">\n<iframe loading=\"lazy\" title=\"Ultra Sailing Croatia - Yacht Charter I Brokerage I Beneteau Authorised Dealer\" width=\"640\" height=\"360\" src=\"https:\/\/www.youtube.com\/embed\/Us2dhCEIQT8?feature=oembed\" frameborder=\"0\" allow=\"accelerometer; autoplay; clipboard-write; encrypted-media; gyroscope; picture-in-picture; web-share\" referrerpolicy=\"strict-origin-when-cross-origin\" allowfullscreen><\/iframe>\n<\/div><\/figure>\n\n\n\n<h2 class=\"wp-block-heading\">\u0160kola jedrenja<\/h2>\n\n\n\n<p>Od 1995 uz dozvolu ministarstva obrazovanja RH za provo\u0111enje vlastitog edukativnog programa jedrenja mo\u017eemo se pohvaliti s vi\u0161e od 3.200 polaznika od kojih su neki, danas vrsni jedrili\u010dari, skiperi ili vlasnici jedrilica. Organiziramo polaganje internacionalnog certifikata ISPA, ispite za voditelja brodice u suradnji s Lu\u010dkom kapetanijom. Nudimo niz programa tijekom cijele godine iz Splita.<\/p>\n\n\n\n<h2 class=\"wp-block-heading\">Najam plovila<\/h2>\n\n\n\n<p>Charter flota od 60 razli\u010ditih novih modela Beneteau jedrilica &amp; Fountaine Pajot katamarana zadovoljit \u0107e i najzahtjevnije. Najam plovila nudimo iz Pule (Pomer), Trogira, Splita &amp; Dubrovnika, a na\u0161a flota je dotjerana, odli\u010dno opremljena i odr\u017eavana. Organiziramo regate, team building i tzv. One way od Splita do Dubrovnika. Charter management za nova plovila nudimo u paketu od prodaje, opremanja, isporuke, tehni\u010dke podr\u0161ke, vo\u0111enja rezervacija, knjigovodstva i registracija plovila.<\/p>\n\n\n\n<h2 class=\"wp-block-heading\">Zastupstva<\/h2>\n\n\n\n<ul class=\"wp-block-list\">\n<li>Ovla\u0161teno zastupstvo i prodaja jedrilica Beneteau od 1999 g.<\/li>\n\n\n\n<li>Ovla\u0161teno zastupstvo i prodaja katamarana brodogradili\u0161ta Fountaine Pajot od 2012 g.<\/li>\n\n\n\n<li>Ovla\u0161teno zastupstvo za servis i popravak Yanmar diesel motora do 130 KS (radiona u Splitu)<\/li>\n<\/ul>\n\n\n\n<h2 class=\"wp-block-heading\">Brokerage \u2013 prodaja polovnih plovila<\/h2>\n\n\n\n<p>Prodaja polovnih Beneteau jedrilica i katamarana te procjena vrijednosti i zastupanje vlasnika plovila na tr\u017ei\u0161tu rabljenih plovila.<\/p>\n\n\n\n<h2 class=\"wp-block-heading\">Servis &amp; Ostalo<\/h2>\n\n\n\n<p>Na\u0161i servisni djelatnici uz iskustva ste\u010dena u poslu \u010dartera poha\u0111ali su i dodatne stru\u010dne te\u010dajeve u samom brodogradili\u0161tu Beneteau u Francuskoj. Uvijek u\u010dimo o novim tehnikama:<\/p>\n\n\n\n<ul class=\"wp-block-list\">\n<li>Servis, opremanje i odr\u017eavanje jedrilica<\/li>\n\n\n\n<li>Servis Yanmar motora<\/li>\n\n\n\n<li>Servis Onan generatora<\/li>\n\n\n\n<li>Servis Simrad &amp; B&amp;G instrumenti<\/li>\n\n\n\n<li>Popravci u plastici, drvu<\/li>\n<\/ul>\n","protected":false},"excerpt":{"rendered":"<p>Ultra Sailing Croatia osnovana je 1995. godine u Splitu s osnovnom djelatno\u0161\u0107u nautike i jedrili\u010darskih komercijalnih aktivnosti. Na\u0161 tim zapo\u0161ljava vi\u0161e od 35 stru\u010dnih zaposlenika i zaljubljenika u more i brodove. \u0160kola jedrenja Od 1995 uz dozvolu ministarstva obrazovanja RH za provo\u0111enje vlastitog edukativnog programa jedrenja mo\u017eemo se pohvaliti s vi\u0161e od 3.200 polaznika od [&hellip;]<\/p>\n","protected":false},"author":3,"featured_media":0,"parent":0,"menu_order":0,"comment_status":"closed","ping_status":"closed","template":"","meta":{"_acf_changed":false,"footnotes":""},"class_list":["post-468","page","type-page","status-publish","hentry"],"acf":[],"_links":{"self":[{"href":"https:\/\/ultra-sailing.hr\/hr\/wp-json\/wp\/v2\/pages\/468","targetHints":{"allow":["GET"]}}],"collection":[{"href":"https:\/\/ultra-sailing.hr\/hr\/wp-json\/wp\/v2\/pages"}],"about":[{"href":"https:\/\/ultra-sailing.hr\/hr\/wp-json\/wp\/v2\/types\/page"}],"author":[{"embeddable":true,"href":"https:\/\/ultra-sailing.hr\/hr\/wp-json\/wp\/v2\/users\/3"}],"replies":[{"embeddable":true,"href":"https:\/\/ultra-sailing.hr\/hr\/wp-json\/wp\/v2\/comments?post=468"}],"version-history":[{"count":11,"href":"https:\/\/ultra-sailing.hr\/hr\/wp-json\/wp\/v2\/pages\/468\/revisions"}],"predecessor-version":[{"id":2837,"href":"https:\/\/ultra-sailing.hr\/hr\/wp-json\/wp\/v2\/pages\/468\/revisions\/2837"}],"wp:attachment":[{"href":"https:\/\/ultra-sailing.hr\/hr\/wp-json\/wp\/v2\/media?parent=468"}],"curies":[{"name":"wp","href":"https:\/\/api.w.org\/{rel}","templated":true}]}}