{"id":482,"date":"2024-03-05T19:23:36","date_gmt":"2024-03-05T18:23:36","guid":{"rendered":"https:\/\/ultra-sailing.hr\/dev-wordpress\/?page_id=482"},"modified":"2025-10-09T14:57:05","modified_gmt":"2025-10-09T13:57:05","slug":"pravila-privatnosti","status":"publish","type":"page","link":"https:\/\/ultra-sailing.hr\/hr\/pravila-privatnosti\/","title":{"rendered":"Pravila privatnosti"},"content":{"rendered":"\n<p>Ultra d.o.o. svojim korisnicima \u017eeli pru\u017eiti najbolju uslugu te ovom izjavom navesti na koji na\u010din se odnosimo prema podatcima koje \u0161aljete preko na\u0161e web stranice www.ultra-sailing.hr i slu\u017ebene E-mailove.<\/p>\n\n\n\n<h2 class=\"wp-block-heading\">Prikupljanje informacija o Vama<\/h2>\n\n\n\n<p>Informacije o Vama prikupljamo kada Vi tra\u017eite neku informaciju ili ponudu od nas (ime i E-mail). U slu\u010daju rezervacije nekog od na\u0161ih plovila zbog potrebe ispunjavanja Crew liste i prijave u E-vizitor ukazuje se potreba za prikupljanjem vi\u0161e informacija:ime i prezime,datum i mjesto ro\u0111enja, broj putovnice ili osobne isprave, broj dozvole za upravljanje plovilom. Sve navedeno je neophodno za prijavu boravka gostiju kod nadle\u017enih institucija RH.<\/p>\n\n\n\n<h2 class=\"wp-block-heading\">Na\u010din na koji koristimo informacije<\/h2>\n\n\n\n<p>Va\u0161e osobne informacije mogu se koristiti u slijede\u0107im situacijama:<\/p>\n\n\n\n<ul class=\"wp-block-list\">\n<li>Za izradu ponude za tra\u017eenu uslugu<\/li>\n\n\n\n<li>Za izradu potvrde rezervacije za tra\u017eenu uslugu , izradu ra\u010duna , ugovora i vau\u010dera<\/li>\n\n\n\n<li>Za izradu crew liste i prijavu u E-visitor (nadle\u017ene institucije RH)<\/li>\n\n\n\n<li>Va\u0161e podatke proslje\u0111ujemo tre\u0107oj strani ukoliko je nu\u017eno za realizaciju Va\u0161e usluge<\/li>\n\n\n\n<li>Kako bi Vam povremeno elektronskom po\u0161tom slali obavijesti o novim proizvodima ili promotivnim ponudama. Svaka promotivna elektronska poruka \u0107e sadr\u017eavati upute kako se mo\u017eete odjaviti s tog popisa za primanje poruka<\/li>\n\n\n\n<li>Kako bi Vam poslali zaboravljene predmete s plovila na Va\u0161u adresu (po Va\u0161em zahtjevu) Ultra d.o.o. ne prodaje, ne razmjenjuje niti iznajmljuje Va\u0161e osobne podatke. Va\u0161e osobne podatke du\u017eni smo i spremni otkriti samo u slu\u010daju sudskog naloga ili ako treba za\u0161titi prava Ultra d.o.o.<\/li>\n<\/ul>\n\n\n\n<h2 class=\"wp-block-heading\">Upotreba Kola\u010di\u0107a ,Google na web stranici i veze na\/od druge lokacije<\/h2>\n\n\n\n<p>Na\u0161a web stranica koristi Internet kola\u010di\u0107e (cookies). To su datoteke poslane na Va\u0161e ra\u010dunalo i pohranjene u tekstualnom obliku na Va\u0161em tvrdom disku. Oni omogu\u0107avaju da prepoznamo Va\u0161 preglednik, a ne Vas osobno. Slu\u017ee nam za pobolj\u0161anje na\u0161e stranice i uvid u kretanje po na\u0161oj web lokaciji. Kori\u0161tenjem na\u0161e stranice potvr\u0111ujete da ste suglasni s ovim Pravima o privatnosti i dajete suglasnost za kori\u0161tenje kola\u010di\u0107a.<\/p>\n\n\n\n<p>Za analizu na\u0161e stranice koristimo i Google Analytics koji tako\u0111er koristi kola\u010di\u0107e za prikupljanje i pra\u0107enje neososbnih podataka (vi\u0161e podataka mo\u017eete dobiti na Google-pravila o privatnosti). Ove podatke koristimo za izrade izvje\u0161\u0107a o kori\u0161tenju na\u0161e web lokacije ,a sve u smislu pobolj\u0161anja na\u0161e stranice. Moderniji internet pretra\u017eiva\u010di Vam pru\u017eaju mogu\u0107nost blokiranja ili brisanja kola\u010di\u0107a. Usljed brisanja mo\u017ee do\u0107i do toga da neke web lokacije ne\u0107e raditi ispravno.<\/p>\n\n\n\n<p>Ultra d.o.o. nije odgovorna za djelatnost, sadr\u017eaj ili pravila o privatnosti na drugim web lokacijama na koje vode veze od ili prema na\u0161eoj web lokaciji (linkovi). Ove lokacije mogu slati Va\u0161e kola\u010di\u0107e ili prikupljati Va\u0161e osobne podatke o \u010demu se trebate informirati na tim lokacijama.<\/p>\n\n\n\n<h2 class=\"wp-block-heading\">Sigurnost prikupljenih informacija<\/h2>\n\n\n\n<p>Ultra d.o.o. izjavljuje da je poduzela sve razumne korake sigurnosnih mjera na svojoj web stranici kako bi za\u0161titila Va\u0161e informacije.<\/p>\n\n\n\n<h2 class=\"wp-block-heading\">Va\u0161a prava<\/h2>\n\n\n\n<ul class=\"wp-block-list\">\n<li>Imate pravo pitati pisanim putem za informacije koje imamo o Vama i tra\u017eiti ispravku ako su podaci stari ili nisu to\u010dni<\/li>\n\n\n\n<li>Imate pravo zatra\u017eiti da ne primate promotivni materijal na\u0161ih usluga i plovila<\/li>\n\n\n\n<li>u slu\u010daju E-mail po\u0161te biti \u0107e pru\u017eena mogu\u0107nost \u201eunsubscribe E-mail\u201c<\/li>\n\n\n\n<li>Va\u0161u korespodenciju uvijek mo\u017eete provjeriti na <a href=\"mailto:booking@ultra-sailing.hr\">booking@ultra-sailing.hr<\/a><\/li>\n<\/ul>\n\n\n\n<h2 class=\"wp-block-heading\">Izmjena ove Izjave<\/h2>\n\n\n\n<p>Ultra d.o.o. zadr\u017eava pravo da s vremena na vriijeme napravi izmjenu ili nadopune ove izjave o privatnosti na ovoj web stranici.<\/p>\n","protected":false},"excerpt":{"rendered":"<p>Ultra d.o.o. svojim korisnicima \u017eeli pru\u017eiti najbolju uslugu te ovom izjavom navesti na koji na\u010din se odnosimo prema podatcima koje \u0161aljete preko na\u0161e web stranice www.ultra-sailing.hr i slu\u017ebene E-mailove. Prikupljanje informacija o Vama Informacije o Vama prikupljamo kada Vi tra\u017eite neku informaciju ili ponudu od nas (ime i E-mail). U slu\u010daju rezervacije nekog od na\u0161ih [&hellip;]<\/p>\n","protected":false},"author":1,"featured_media":0,"parent":0,"menu_order":0,"comment_status":"closed","ping_status":"closed","template":"","meta":{"_acf_changed":false,"footnotes":""},"class_list":["post-482","page","type-page","status-publish","hentry"],"acf":[],"_links":{"self":[{"href":"https:\/\/ultra-sailing.hr\/hr\/wp-json\/wp\/v2\/pages\/482","targetHints":{"allow":["GET"]}}],"collection":[{"href":"https:\/\/ultra-sailing.hr\/hr\/wp-json\/wp\/v2\/pages"}],"about":[{"href":"https:\/\/ultra-sailing.hr\/hr\/wp-json\/wp\/v2\/types\/page"}],"author":[{"embeddable":true,"href":"https:\/\/ultra-sailing.hr\/hr\/wp-json\/wp\/v2\/users\/1"}],"replies":[{"embeddable":true,"href":"https:\/\/ultra-sailing.hr\/hr\/wp-json\/wp\/v2\/comments?post=482"}],"version-history":[{"count":11,"href":"https:\/\/ultra-sailing.hr\/hr\/wp-json\/wp\/v2\/pages\/482\/revisions"}],"predecessor-version":[{"id":5575,"href":"https:\/\/ultra-sailing.hr\/hr\/wp-json\/wp\/v2\/pages\/482\/revisions\/5575"}],"wp:attachment":[{"href":"https:\/\/ultra-sailing.hr\/hr\/wp-json\/wp\/v2\/media?parent=482"}],"curies":[{"name":"wp","href":"https:\/\/api.w.org\/{rel}","templated":true}]}}