{"id":487,"date":"2024-03-05T19:45:07","date_gmt":"2024-03-05T18:45:07","guid":{"rendered":"https:\/\/ultra-sailing.hr\/dev-wordpress\/?page_id=487"},"modified":"2024-08-29T12:31:43","modified_gmt":"2024-08-29T11:31:43","slug":"vjetrovi-u-hrvatskoj","status":"publish","type":"page","link":"https:\/\/ultra-sailing.hr\/hr\/vjetrovi-u-hrvatskoj\/","title":{"rendered":"Vjetrovi u Hrvatskoj"},"content":{"rendered":"\n<p>Vremensku prognozu mo\u017eete \u010duti na Radio Zagrebu ili radijskim postajama Split radio, Dubrovnik radio, Rijeka radio. Vremesku prognozu mo\u017eete doznati i u lokalnim Lu\u010dkim kapetanijama ili na recepcijama marina. Uglavnom charter gosti u dana\u0161nje vrijeme provjeravaju vremensku prognozu online bilo na web stranicama kao windy.com, vrijemeradar.hr, meteo.hr ili raznim aplikacijama.<\/p>\n\n\n<div class=\"wp-block-image\">\n<figure class=\"aligncenter size-full\"><img loading=\"lazy\" decoding=\"async\" width=\"768\" height=\"768\" src=\"https:\/\/ultra-sailing.hr\/wp-content\/uploads\/2024\/05\/wind_rose_Croatia_Ultra_sailing.jpg\" alt=\"\" class=\"wp-image-1388\" srcset=\"https:\/\/ultra-sailing.hr\/wp-content\/uploads\/2024\/05\/wind_rose_Croatia_Ultra_sailing.jpg 768w, https:\/\/ultra-sailing.hr\/wp-content\/uploads\/2024\/05\/wind_rose_Croatia_Ultra_sailing-540x540.jpg 540w, https:\/\/ultra-sailing.hr\/wp-content\/uploads\/2024\/05\/wind_rose_Croatia_Ultra_sailing-150x150.jpg 150w, https:\/\/ultra-sailing.hr\/wp-content\/uploads\/2024\/05\/wind_rose_Croatia_Ultra_sailing-300x300.jpg 300w\" sizes=\"auto, (max-width: 768px) 100vw, 768px\" \/><\/figure>\n<\/div>\n\n\n<h2 class=\"wp-block-heading\">Tramontana<\/h2>\n\n\n\n<p>Po\u010deli smo upravo s ovom gospo\u0111om, koju neki zbog snage i brzog dolaska nazivaju caricom vjetrova. Tramontana-ili kako je jo\u0161 nazivamo, tramuntana,termuntana itd.-u pravilu nije ni\u0161ta drugo do prelazak hladne fronte preko na\u0161ih glava.Osnovna su joj obilje\u017eja vrlo brzo dosezanje olujne ja\u010dine na otvorenom moru i stvaranje velikih valova. Naj\u010de\u0161\u0107e pu\u0161e iz sjevernog kvadranta, ali ponegdje uz obalu (npr. u Splitu) zbog reljefa, pu\u0161e sa sjeverozapada.Vrlo \u010desto traje maksimalno dan, dan i pol, a zatim \u010desto skrene na buru.<\/p>\n\n\n\n<h2 class=\"wp-block-heading\">Bura<\/h2>\n\n\n\n<p>Bura je suh, veoma \u010desto, jak hladan vjetar koji pu\u0161e na mahove ili refule i to iz smjera NNE do ENE. usto je i katabati\u010dki vjetar,odnosno vjetar koji se preljeva preko hrptova primorskih planina i s obzirom na te\u017einu hladnog zraka velikom brzinom spu\u0161ta na pomorsku povr\u0161inu, a onda se lepezasto \u0161iri mjenjaju\u0107i smjer, pri \u010demu rubovi refula izgledaju poput ra\u0161irenih prstiju.Upravo zbog naglih promjena smjera i inteziteta, bura neiskusnijima \u010desto stvara pote\u0161ko\u0107e u jedrenju. Jedrili\u010dari u splitskom podru\u010dju obi\u010davaju kazati da oko 12 bura odlazi na ru\u010dak, jer je tada zbog sunca najslabija, a da oko tri popodne pije kavu jer se tada ponovo razbudi i naglo poja\u010da.<\/p>\n\n\n\n<h2 class=\"wp-block-heading\">Levanat<\/h2>\n\n\n\n<p>Levanat je vjetar koji pu\u0161e iz isto\u010dnog smjera (E) i obi\u010dno donosi obla\u010dno vrijeme s oborinama. Ima odlike i juga i bure, \u0161to se mo\u017ee naslutiti po smjeru iz kojeg pu\u0161e. Hladan je, po \u010demu nalikuje buri, no bez refula, \u0161to ga \u010dini sli\u010dnom jugu. Mo\u017ee potrajati danima.<\/p>\n\n\n\n<h2 class=\"wp-block-heading\">Jugo<\/h2>\n\n\n\n<p>Jugo je topao i vla\u017ean vjetar iz smjera ESE do SSE.Ono razvija visoke valove i jako more, a naj\u010de\u0161\u0107e donosi i obilne ki\u0161e. Na ju\u017enom dijelu Jadrana jugo pu\u0161e \u010de\u0161\u0107e i intezivnije nego na sjevernom dijelu. Juga pu\u0161u u bilo koje doba godine, ali na sjevernom Jadranu su \u010de\u0161\u0107a u prolje\u0107e od o\u017eujka do lipnja, a ju\u017enije se \u010de\u0161\u0107e javljaju u razdoblju od jeseni do kraja zime. Ljeti, jugo pu\u0161e u pravilu do tri dana, ali zimi zna trajati i dulje od deset dana. Najve\u0107u i katkad olujnu snagu, jugo dose\u017ee drugog ili tre\u0107eg dana puhanja. S obzirom na to da ja\u010da postupno dozvoljava nam da se na vrijeme sklonimo.<\/p>\n\n\n\n<h2 class=\"wp-block-heading\">O\u0161tro<\/h2>\n\n\n\n<p>O\u0161tro je vjetar koji pu\u0161e s juga (S). Ljeti se o\u0161trin javlja kao poslljedica vjetra koji &#8220;ide za suncem&#8221;, odsnosno kao prethodnik ljetnog maestrala. Posljednih godina, kada maestrali znaju izostati, usred ljetnih bonaca , sredinom dana \u010desto zapu\u0161e o\u0161trin. On je naj\u010de\u0161\u0107e slab, ne podi\u017ee velike valove, a traje nekoliko sati i u sumrak zamire.<\/p>\n\n\n\n<h2 class=\"wp-block-heading\">Lebi\u0107<\/h2>\n\n\n\n<p>Lebi\u0107 je vjetar koji pu\u0161e iz smjera SSW do WSW. Zimi, mu valovi vrlo brzo dosti\u017eu olujnu ja\u010dinu. Za vrijeme lebi\u0107a imamo \u010deste i obilne oborine te jako lo\u0161u vidljivost. Pu\u0161e najvi\u0161e jedan do dva dana, a ljeti i znatno kra\u0107e. Prije i za vrijeme lebi\u0107a, uz obalu bilje\u017eimo iznimno velike plime.<\/p>\n\n\n\n<h2 class=\"wp-block-heading\">Pulenat<\/h2>\n\n\n\n<p>Pulenat je vjetar koji pu\u0161e sa zapada (W) i \u010de\u0161\u0107i je na sjevernom nego na srednjem ili ju\u017enom Jadranu i uglavnom pu\u0161e kao jak ili vrlo jak. Pulenat je vjetar koji ponekad donosi neveru koja brzo napreduje pa zato tra\u017ei poseban oprez.<\/p>\n\n\n\n<h2 class=\"wp-block-heading\">Maestral<\/h2>\n\n\n\n<p>Maestral je vjetar koji jedrili\u010dari na Jadranu zbog stalnosti ipouzdanosti najvi\u0161e vole. Dok su vremenske prilike bile ne\u0161to stabilnije negoli su posljednjih godina, po maestralu ste u odre\u0111enim podru\u010djima mogli gotovo i sat navijati. Ina\u010de, ovaj je vjetar rezultat dvaju strujanja: s jedne strane sezonske etezije, po kojoj mu je glavni smjer puhanja iz NW, kako je i zabilje\u017eeno na vjetrulji; a s druge, dnevnog termi\u010dkog zmorca. Obi\u010dno zapo\u010dne puhati u trenutku prvog ja\u010deg zagrijavanja kopna izme\u0111u 9 i 10 ujutro i to iz smjera ESE.<\/p>\n\n\n\n<h2 class=\"wp-block-heading\">Burin<\/h2>\n\n\n\n<p>Burin je no\u0107ni pandan zmorcu i maestralu. Ohla\u0111eni zrak nad kopnom nadomje\u0161ta topliji zrak nad morem (jer more sporije mjenja temperaturu). Javlja se u sumrak i traje do rane zore. Ime je dobio po buri, jer pu\u0161e iz smjera NE pa \u010dak i mjenja intezitet poput nje, ali ga od nje treba razlikovati. Dopire najdalje desetak kilometara od obale i rijetko dose\u017ee srednje ja\u010dine vjetra na Jadranu.<\/p>\n\n\n\n<iframe loading=\"lazy\" src=\"https:\/\/embed.windy.com\/embed2.html?lat=43.524&amp;lon=15.875&amp;zoom=7&amp;level=surface&amp;overlay=wind&amp;menu=&amp;message=&amp;marker=&amp;calendar=&amp;pressure=&amp;type=map&amp;location=coordinates&amp;detail=&amp;detailLat=43.508&amp;detailLon=16.251&amp;metricWind=default&amp;metricTemp=default&amp;radarRange=-1\" width=\"100%\" height=\"350\" frameborder=\"0\"><\/iframe>\n","protected":false},"excerpt":{"rendered":"<p>Vremensku prognozu mo\u017eete \u010duti na Radio Zagrebu ili radijskim postajama Split radio, Dubrovnik radio, Rijeka radio. Vremesku prognozu mo\u017eete doznati i u lokalnim Lu\u010dkim kapetanijama ili na recepcijama marina. Uglavnom charter gosti u dana\u0161nje vrijeme provjeravaju vremensku prognozu online bilo na web stranicama kao windy.com, vrijemeradar.hr, meteo.hr ili raznim aplikacijama. Tramontana Po\u010deli smo upravo s [&hellip;]<\/p>\n","protected":false},"author":1,"featured_media":0,"parent":0,"menu_order":0,"comment_status":"closed","ping_status":"closed","template":"","meta":{"_acf_changed":false,"footnotes":""},"class_list":["post-487","page","type-page","status-publish","hentry"],"acf":[],"_links":{"self":[{"href":"https:\/\/ultra-sailing.hr\/hr\/wp-json\/wp\/v2\/pages\/487","targetHints":{"allow":["GET"]}}],"collection":[{"href":"https:\/\/ultra-sailing.hr\/hr\/wp-json\/wp\/v2\/pages"}],"about":[{"href":"https:\/\/ultra-sailing.hr\/hr\/wp-json\/wp\/v2\/types\/page"}],"author":[{"embeddable":true,"href":"https:\/\/ultra-sailing.hr\/hr\/wp-json\/wp\/v2\/users\/1"}],"replies":[{"embeddable":true,"href":"https:\/\/ultra-sailing.hr\/hr\/wp-json\/wp\/v2\/comments?post=487"}],"version-history":[{"count":5,"href":"https:\/\/ultra-sailing.hr\/hr\/wp-json\/wp\/v2\/pages\/487\/revisions"}],"predecessor-version":[{"id":1992,"href":"https:\/\/ultra-sailing.hr\/hr\/wp-json\/wp\/v2\/pages\/487\/revisions\/1992"}],"wp:attachment":[{"href":"https:\/\/ultra-sailing.hr\/hr\/wp-json\/wp\/v2\/media?parent=487"}],"curies":[{"name":"wp","href":"https:\/\/api.w.org\/{rel}","templated":true}]}}