{"id":492,"date":"2024-03-05T19:47:22","date_gmt":"2024-03-05T18:47:22","guid":{"rendered":"https:\/\/ultra-sailing.hr\/dev-wordpress\/?page_id=492"},"modified":"2024-12-04T12:22:10","modified_gmt":"2024-12-04T11:22:10","slug":"marine-u-hrvatskoj","status":"publish","type":"page","link":"https:\/\/ultra-sailing.hr\/hr\/savjeti-za-jedrenje\/marine-u-hrvatskoj\/","title":{"rendered":"Marine u Hrvatskoj"},"content":{"rendered":"\n<p>Hrvatska obala je jedna od najrazvedenijih u svijetu. Ukupno ima 1242 otoka, oto\u010di\u0107a i hridi od \u010dega je samo 47 otoka naseljeno. Pitomo more i mediteranska klima omogu\u0107avaju jedrenje tokom cijele godine iako sezona najma jedrilica i katamarana zapo\u010dima sredinom travnja i traje sve do sredine listopada pa \u010dak i du\u017ee ako se radi o regatama.<\/p>\n\n\n\n<p>Marine u Hrvatskoj su smje\u0161tene u dalmatinskim gradovima na obali koje se uglavnom nalaze blizu aerodroma ili u prekrasnim uvalama po otocima.<\/p>\n\n\n\n<p>U Hrvatskoj se nalazi ukupno 56 marina koje zajedno pru\u017eaju 16000 vezova u moru i 8500 smje\u0161taja jedrilica na kopnu. Osim marina postoji jo\u0161 i niz jedrili\u010darskih klubova i lu\u010dica koje su zatvorenog tipa pa su rezervirane samo za \u010dlanove.<\/p>\n\n\n\n<p>1983 godine ACI marina je zapo\u010dela s organiziranom gradnjom marina na Jadranu. Ovaj najstariji i vode\u0107i lanac od 22 marine ujedno je i dom na\u0161ih plovila u najatraktivnijim marinama na jadranskoj obali Dubrovniku, Trogir, Splitu &amp; Puli. Najvi\u0161e marina nalazi se na srednjem i ju\u017enom Jadranu koji je najinteresantniji nauti\u010darima. Osim ACI marina postoje i privatne marine kao Baoti\u0107, Martinis Marchi i sli\u010dno. Sve one prate trendove i prilago\u0111avaju se suvremenim potrebama i \u017eeljama nauti\u010dara. U marinama osim usluge veza naj\u010de\u0161\u0107e se nalaze i restorani, trgovine za one koji trebaju obnoviti brodske zalihe hrane, trgovine nauti\u010dkom opremom, tu\u0161evi i praonice rublja.<\/p>\n\n\n<div class=\"c-gallery-slider c-gallery-slider js-gallery-slider\">\n\t<div class=\"swiper\">\n\t\t<div class=\"swiper-wrapper\">\n\t\t\t\t\t\t\t<div class=\"swiper-slide\">\n\t\t\t\t\t\t\t\t\t\t\t<a href=\"https:\/\/ultra-sailing.hr\/wp-content\/uploads\/2024\/08\/Marina_Milna_Croatia_Brac.jpg\" data-pswp-width=\"1619\" data-pswp-height=\"1080\">\n\t\t\t\t\t\t\t<img loading=\"lazy\" decoding=\"async\" width=\"1619\" height=\"1080\" src=\"https:\/\/ultra-sailing.hr\/wp-content\/uploads\/2024\/08\/Marina_Milna_Croatia_Brac.jpg\" class=\"attachment-full size-full\" alt=\"\" srcset=\"https:\/\/ultra-sailing.hr\/wp-content\/uploads\/2024\/08\/Marina_Milna_Croatia_Brac.jpg 1619w, https:\/\/ultra-sailing.hr\/wp-content\/uploads\/2024\/08\/Marina_Milna_Croatia_Brac-300x200.jpg 300w, https:\/\/ultra-sailing.hr\/wp-content\/uploads\/2024\/08\/Marina_Milna_Croatia_Brac-768x512.jpg 768w, https:\/\/ultra-sailing.hr\/wp-content\/uploads\/2024\/08\/Marina_Milna_Croatia_Brac-1024x683.jpg 1024w, https:\/\/ultra-sailing.hr\/wp-content\/uploads\/2024\/08\/Marina_Milna_Croatia_Brac-1536x1025.jpg 1536w\" sizes=\"auto, (max-width: 1619px) 100vw, 1619px\" \/>\t\t\t\t\t\t<\/a>\n\t\t\t\t\t\t\t\t\t<\/div>\n\t\t\t\t\t\t\t<div class=\"swiper-slide\">\n\t\t\t\t\t\t\t\t\t\t\t<a href=\"https:\/\/ultra-sailing.hr\/wp-content\/uploads\/2024\/08\/Rogoznica_Marina_Croatia.jpg\" data-pswp-width=\"1273\" data-pswp-height=\"801\">\n\t\t\t\t\t\t\t<img loading=\"lazy\" decoding=\"async\" width=\"1273\" height=\"801\" src=\"https:\/\/ultra-sailing.hr\/wp-content\/uploads\/2024\/08\/Rogoznica_Marina_Croatia.jpg\" class=\"attachment-full size-full\" alt=\"\" srcset=\"https:\/\/ultra-sailing.hr\/wp-content\/uploads\/2024\/08\/Rogoznica_Marina_Croatia.jpg 1273w, https:\/\/ultra-sailing.hr\/wp-content\/uploads\/2024\/08\/Rogoznica_Marina_Croatia-300x189.jpg 300w, https:\/\/ultra-sailing.hr\/wp-content\/uploads\/2024\/08\/Rogoznica_Marina_Croatia-768x483.jpg 768w, https:\/\/ultra-sailing.hr\/wp-content\/uploads\/2024\/08\/Rogoznica_Marina_Croatia-1024x644.jpg 1024w\" sizes=\"auto, (max-width: 1273px) 100vw, 1273px\" \/>\t\t\t\t\t\t<\/a>\n\t\t\t\t\t\t\t\t\t<\/div>\n\t\t\t\t\t\t\t<div class=\"swiper-slide\">\n\t\t\t\t\t\t\t\t\t\t\t<a href=\"https:\/\/ultra-sailing.hr\/wp-content\/uploads\/2024\/07\/SplitCharterBase_UltraSailing.jpg\" data-pswp-width=\"1025\" data-pswp-height=\"768\">\n\t\t\t\t\t\t\t<img loading=\"lazy\" decoding=\"async\" width=\"1025\" height=\"768\" src=\"https:\/\/ultra-sailing.hr\/wp-content\/uploads\/2024\/07\/SplitCharterBase_UltraSailing.jpg\" class=\"attachment-full size-full\" alt=\"Marina Split 1\" srcset=\"https:\/\/ultra-sailing.hr\/wp-content\/uploads\/2024\/07\/SplitCharterBase_UltraSailing.jpg 1025w, https:\/\/ultra-sailing.hr\/wp-content\/uploads\/2024\/07\/SplitCharterBase_UltraSailing-300x225.jpg 300w, https:\/\/ultra-sailing.hr\/wp-content\/uploads\/2024\/07\/SplitCharterBase_UltraSailing-768x575.jpg 768w\" sizes=\"auto, (max-width: 1025px) 100vw, 1025px\" \/>\t\t\t\t\t\t<\/a>\n\t\t\t\t\t\t\t\t\t<\/div>\n\t\t\t\t\t\t\t<div class=\"swiper-slide\">\n\t\t\t\t\t\t\t\t\t\t\t<a href=\"https:\/\/ultra-sailing.hr\/wp-content\/uploads\/2024\/07\/CharterDubrovnik_Baza.jpg\" data-pswp-width=\"1365\" data-pswp-height=\"768\">\n\t\t\t\t\t\t\t<img loading=\"lazy\" decoding=\"async\" width=\"1365\" height=\"768\" src=\"https:\/\/ultra-sailing.hr\/wp-content\/uploads\/2024\/07\/CharterDubrovnik_Baza.jpg\" class=\"attachment-full size-full\" alt=\"\" srcset=\"https:\/\/ultra-sailing.hr\/wp-content\/uploads\/2024\/07\/CharterDubrovnik_Baza.jpg 1365w, https:\/\/ultra-sailing.hr\/wp-content\/uploads\/2024\/07\/CharterDubrovnik_Baza-300x169.jpg 300w, https:\/\/ultra-sailing.hr\/wp-content\/uploads\/2024\/07\/CharterDubrovnik_Baza-768x432.jpg 768w, https:\/\/ultra-sailing.hr\/wp-content\/uploads\/2024\/07\/CharterDubrovnik_Baza-1024x576.jpg 1024w\" sizes=\"auto, (max-width: 1365px) 100vw, 1365px\" \/>\t\t\t\t\t\t<\/a>\n\t\t\t\t\t\t\t\t\t<\/div>\n\t\t\t\t\t\t\t<div class=\"swiper-slide\">\n\t\t\t\t\t\t\t\t\t\t\t<a href=\"https:\/\/ultra-sailing.hr\/wp-content\/uploads\/2024\/07\/Pomer_CharterHrvatska_NajamPlovila.jpg\" data-pswp-width=\"1152\" data-pswp-height=\"768\">\n\t\t\t\t\t\t\t<img loading=\"lazy\" decoding=\"async\" width=\"1152\" height=\"768\" src=\"https:\/\/ultra-sailing.hr\/wp-content\/uploads\/2024\/07\/Pomer_CharterHrvatska_NajamPlovila.jpg\" class=\"attachment-full size-full\" alt=\"\" srcset=\"https:\/\/ultra-sailing.hr\/wp-content\/uploads\/2024\/07\/Pomer_CharterHrvatska_NajamPlovila.jpg 1152w, https:\/\/ultra-sailing.hr\/wp-content\/uploads\/2024\/07\/Pomer_CharterHrvatska_NajamPlovila-300x200.jpg 300w, https:\/\/ultra-sailing.hr\/wp-content\/uploads\/2024\/07\/Pomer_CharterHrvatska_NajamPlovila-768x512.jpg 768w, https:\/\/ultra-sailing.hr\/wp-content\/uploads\/2024\/07\/Pomer_CharterHrvatska_NajamPlovila-1024x683.jpg 1024w\" sizes=\"auto, (max-width: 1152px) 100vw, 1152px\" \/>\t\t\t\t\t\t<\/a>\n\t\t\t\t\t\t\t\t\t<\/div>\n\t\t\t\t\t\t\t<div class=\"swiper-slide\">\n\t\t\t\t\t\t\t\t\t\t\t<a href=\"https:\/\/ultra-sailing.hr\/wp-content\/uploads\/2024\/08\/Sailing_Croatia_Ultra_Sailing.jpg\" data-pswp-width=\"720\" data-pswp-height=\"480\">\n\t\t\t\t\t\t\t<img loading=\"lazy\" decoding=\"async\" width=\"720\" height=\"480\" src=\"https:\/\/ultra-sailing.hr\/wp-content\/uploads\/2024\/08\/Sailing_Croatia_Ultra_Sailing.jpg\" class=\"attachment-full size-full\" alt=\"\" srcset=\"https:\/\/ultra-sailing.hr\/wp-content\/uploads\/2024\/08\/Sailing_Croatia_Ultra_Sailing.jpg 720w, https:\/\/ultra-sailing.hr\/wp-content\/uploads\/2024\/08\/Sailing_Croatia_Ultra_Sailing-300x200.jpg 300w\" sizes=\"auto, (max-width: 720px) 100vw, 720px\" \/>\t\t\t\t\t\t<\/a>\n\t\t\t\t\t\t\t\t\t<\/div>\n\t\t\t\t\t\t\t<div class=\"swiper-slide\">\n\t\t\t\t\t\t\t\t\t\t\t<a href=\"https:\/\/ultra-sailing.hr\/wp-content\/uploads\/2024\/08\/Vis_harbour_sailing_Croatia.jpg\" data-pswp-width=\"1600\" data-pswp-height=\"1200\">\n\t\t\t\t\t\t\t<img loading=\"lazy\" decoding=\"async\" width=\"1600\" height=\"1200\" src=\"https:\/\/ultra-sailing.hr\/wp-content\/uploads\/2024\/08\/Vis_harbour_sailing_Croatia.jpg\" class=\"attachment-full size-full\" alt=\"\" srcset=\"https:\/\/ultra-sailing.hr\/wp-content\/uploads\/2024\/08\/Vis_harbour_sailing_Croatia.jpg 1600w, https:\/\/ultra-sailing.hr\/wp-content\/uploads\/2024\/08\/Vis_harbour_sailing_Croatia-300x225.jpg 300w, https:\/\/ultra-sailing.hr\/wp-content\/uploads\/2024\/08\/Vis_harbour_sailing_Croatia-768x576.jpg 768w, https:\/\/ultra-sailing.hr\/wp-content\/uploads\/2024\/08\/Vis_harbour_sailing_Croatia-1024x768.jpg 1024w, https:\/\/ultra-sailing.hr\/wp-content\/uploads\/2024\/08\/Vis_harbour_sailing_Croatia-1536x1152.jpg 1536w\" sizes=\"auto, (max-width: 1600px) 100vw, 1600px\" \/>\t\t\t\t\t\t<\/a>\n\t\t\t\t\t\t\t\t\t<\/div>\n\t\t\t\t\t\t\t<div class=\"swiper-slide\">\n\t\t\t\t\t\t\t\t\t\t\t<a href=\"https:\/\/ultra-sailing.hr\/wp-content\/uploads\/2024\/03\/Kornati-moorings-marina-Piskera.jpg\" data-pswp-width=\"960\" data-pswp-height=\"640\">\n\t\t\t\t\t\t\t<img loading=\"lazy\" decoding=\"async\" width=\"960\" height=\"640\" src=\"https:\/\/ultra-sailing.hr\/wp-content\/uploads\/2024\/03\/Kornati-moorings-marina-Piskera.jpg\" class=\"attachment-full size-full\" alt=\"\" srcset=\"https:\/\/ultra-sailing.hr\/wp-content\/uploads\/2024\/03\/Kornati-moorings-marina-Piskera.jpg 960w, https:\/\/ultra-sailing.hr\/wp-content\/uploads\/2024\/03\/Kornati-moorings-marina-Piskera-300x200.jpg 300w, https:\/\/ultra-sailing.hr\/wp-content\/uploads\/2024\/03\/Kornati-moorings-marina-Piskera-768x512.jpg 768w\" sizes=\"auto, (max-width: 960px) 100vw, 960px\" \/>\t\t\t\t\t\t<\/a>\n\t\t\t\t\t\t\t\t\t<\/div>\n\t\t\t\t\t\t\t<div class=\"swiper-slide\">\n\t\t\t\t\t\t\t\t\t\t\t<a href=\"https:\/\/ultra-sailing.hr\/wp-content\/uploads\/2024\/03\/Skradin_marina.jpg\" data-pswp-width=\"640\" data-pswp-height=\"480\">\n\t\t\t\t\t\t\t<img loading=\"lazy\" decoding=\"async\" width=\"640\" height=\"480\" src=\"https:\/\/ultra-sailing.hr\/wp-content\/uploads\/2024\/03\/Skradin_marina.jpg\" class=\"attachment-full size-full\" alt=\"\" srcset=\"https:\/\/ultra-sailing.hr\/wp-content\/uploads\/2024\/03\/Skradin_marina.jpg 640w, https:\/\/ultra-sailing.hr\/wp-content\/uploads\/2024\/03\/Skradin_marina-300x225.jpg 300w\" sizes=\"auto, (max-width: 640px) 100vw, 640px\" \/>\t\t\t\t\t\t<\/a>\n\t\t\t\t\t\t\t\t\t<\/div>\n\t\t\t\t\t\t\t<div class=\"swiper-slide\">\n\t\t\t\t\t\t\t\t\t\t\t<a href=\"https:\/\/ultra-sailing.hr\/wp-content\/uploads\/2024\/03\/Hvar_moorings_Croatia.jpg\" data-pswp-width=\"800\" data-pswp-height=\"533\">\n\t\t\t\t\t\t\t<img loading=\"lazy\" decoding=\"async\" width=\"800\" height=\"533\" src=\"https:\/\/ultra-sailing.hr\/wp-content\/uploads\/2024\/03\/Hvar_moorings_Croatia.jpg\" class=\"attachment-full size-full\" alt=\"\" srcset=\"https:\/\/ultra-sailing.hr\/wp-content\/uploads\/2024\/03\/Hvar_moorings_Croatia.jpg 800w, https:\/\/ultra-sailing.hr\/wp-content\/uploads\/2024\/03\/Hvar_moorings_Croatia-300x200.jpg 300w, https:\/\/ultra-sailing.hr\/wp-content\/uploads\/2024\/03\/Hvar_moorings_Croatia-768x512.jpg 768w\" sizes=\"auto, (max-width: 800px) 100vw, 800px\" \/>\t\t\t\t\t\t<\/a>\n\t\t\t\t\t\t\t\t\t<\/div>\n\t\t\t\t\t<\/div>\n\t<\/div>\n\t<div class=\"c-gallery-slider__dashboard\">\n\t\t<button class=\"c-gallery-slider__button js-gallery-slider-button-prev\">\n\t\t\t<svg class=\"o-icon u-stroke-2\"><use xmlns:xlink=\"http:\/\/www.w3.org\/1999\/xlink\" xlink:href=\"https:\/\/ultra-sailing.hr\/wp-content\/themes\/ultra-sailing\/assets\/sprite\/icons.svg#icon-arrow-left\"><\/use><\/svg>\t\t<\/button>\n\t\t<div class=\"c-gallery-slider-counter js-gallery-slider-counter\"><\/div>\n\t\t<button class=\"c-gallery-slider__button js-gallery-slider-button-next\">\n\t\t\t<svg class=\"o-icon u-stroke-2\"><use xmlns:xlink=\"http:\/\/www.w3.org\/1999\/xlink\" xlink:href=\"https:\/\/ultra-sailing.hr\/wp-content\/themes\/ultra-sailing\/assets\/sprite\/icons.svg#icon-arrow-right\"><\/use><\/svg>\t\t<\/button>\n\t<\/div>\n<\/div>\n\n\n\n<h2 class=\"wp-block-heading\">Cijene veza u marinama i lukama<\/h2>\n\n\n\n<p>Dnevna cijena veza u marinama se mijenja po sezonama i ovisi o duljini plovila. Najskuplji dnevni vez je uvijek u srcu sezone (sredina lipnja do kraja kolovoza). Cijene dnevnog veza je 4\u20ac do 14\u20ac po du\u017enom metru, ovisno o terminu i radi li se o marini, lu\u010dici ili rivi. Cijene vezova za katamarane naj\u010de\u0161\u0107e se napla\u0107uju po duljini pomono\u017eeno s 2. Cijene su razli\u010dite u marinama. Popularnije marine kao npr. Split, Dubrovnik, Palmi\u017eana i sl. imaju skuplje cijene. Neke marine (npr. ACI marina Kor\u010dula) koje su udaljenije od kopna obi\u010dno pru\u017eaju i promotivne popuste za vezove tokom vikenda kada je promet slabiji jer su brodovi na primopredajama u svojim kopnenim lukama-bazama. Za one koje jedre One way ili imaju sre\u0107u da su na moru vi\u0161e od jednog tjedna, vikend je odli\u010dan odabir za biti u marinama na otocima kada nema gu\u017eve.<\/p>\n\n\n\n<p>Godi\u0161nji vez za brodove tako\u0111er ovisi o vrsti marine. Atraktivnije marine obi\u010dno imaju i skuplju cijenu. Godi\u0161nji vez za jedrilicu 10-12 m (32-39ft) kre\u0107e se od 4000 \u20ac do 9000\u20ac godi\u0161nje. Za jedrilice veli\u010dine 14-16m (45-52 ft) godi\u0161nji vez zna dosegnuti cijenu i do 15500\u20ac.<\/p>\n\n\n\n<p>Osim marina u Hrvatskoj dolje navedenih postoje jo\u0161 i privezi\u0161ta u malim oto\u010dkim mjestima i lu\u010dicama. Cijene vezivanja u mjestima su znatno ni\u017ee od vezova u marinama, a cijene se kre\u0107u 3-7 \u20ac po metru jedrilice. Neka mjesta pru\u017eaju samo struju i vodu, neka samo vez na pluta\u010dama\/bovama kako bi bolje organizirali gu\u017eve u svojim malim lukama. Cijena veza na pluta\u010dama ili na obali mjesta naj\u010de\u0161\u0107e uklju\u010duje i odvoz sme\u0107a. U Nacionalnim Parkovima Hrvatske kao npr. na otoku Mljetu, cijena veza naj\u010de\u0161\u0107e uklju\u010duje i kartu za ulaz u Nacionalni Park.<\/p>\n\n\n\n<h2 class=\"wp-block-heading\">Lista svih marina u Hrvatskoj<\/h2>\n\n\n\n<figure class=\"wp-block-table\"><table><tbody><tr><th><strong>Marina:<\/strong><\/th><th>&nbsp;<strong>Mjesto:<\/strong><\/th><th>&nbsp;<strong>Telefon:<\/strong><\/th><\/tr><tr><td>&nbsp;ACI marina Dubrovnik<\/td><td>&nbsp;Dubrovnik<\/td><td>&nbsp;00 385(0)20 455 020<\/td><\/tr><tr><td>&nbsp;ACI marina Slano<\/td><td>&nbsp;Slano<\/td><td>&nbsp;00 385(0)20 441 721<\/td><\/tr><tr><td>&nbsp;Marina Lumbarda<\/td><td>&nbsp;Island Kor\u010dula<\/td><td>&nbsp;00 385(0)20 712 489<\/td><\/tr><tr><td>&nbsp;ACI marina Kor\u010dula<\/td><td>&nbsp;Island Kor\u010dula<\/td><td>&nbsp;00 385(0)20 711 661<\/td><\/tr><tr><td>&nbsp;ACI marina Vrbovska<\/td><td>&nbsp;Island Hvar<\/td><td>&nbsp;00 385(0)21 774 144<\/td><\/tr><tr><td>&nbsp;Nautical center Komi\u017ea<\/td><td>&nbsp;Island Vis<\/td><td>&nbsp;00 385(0)21 713 849<\/td><\/tr><tr><td>&nbsp;ACI marina Palmi\u017eana<\/td><td>&nbsp;Island Hvar-Pakleni islands<\/td><td>&nbsp;00 385(0)21 744 995<\/td><\/tr><tr><td>&nbsp;ACI marina Vrbovska<\/td><td>&nbsp;Island Hvar<\/td><td>&nbsp;00 385(0)21 774 144<\/td><\/tr><tr><td>&nbsp;ACI marina Milna<\/td><td>&nbsp;Island Bra\u010d<\/td><td>&nbsp;00 385(0)21 636 306<\/td><\/tr><tr><td>&nbsp;Marina Martinis Marchi<\/td><td>&nbsp;Island \u0160olta<\/td><td>&nbsp;00 385(0)21 659 093<\/td><\/tr><tr><td>&nbsp;ACI marina Split<\/td><td>&nbsp;Split<\/td><td>&nbsp;00 385(0)21 398 548<\/td><\/tr><tr><td>&nbsp;Marina Ka\u0161tela<\/td><td>&nbsp;Ka\u0161tel Gomilica<\/td><td>&nbsp;00 385(0)21 204 010<\/td><\/tr><tr><td>&nbsp;ACI marina Trogir<\/td><td>&nbsp;Trogir<\/td><td>&nbsp;00 385(0)21 881 544<\/td><\/tr><tr><td>&nbsp;Marina Zirona<\/td><td>&nbsp;Island Drvenik Veli<\/td><td>&nbsp;00 385(0)99 810 7801<\/td><\/tr><tr><td>&nbsp;Marina Agana<\/td><td>&nbsp;Marina<\/td><td>&nbsp;00 385(0)21 889 411<\/td><\/tr><tr><td>&nbsp;Marina Frapa<\/td><td>&nbsp;Rogoznica<\/td><td>&nbsp;00 385(0) 22 559 900<\/td><\/tr><tr><td>&nbsp;Marina Kremik<\/td><td>&nbsp;Primo\u0161ten<\/td><td>&nbsp;00 385(0)22 570 068<\/td><\/tr><tr><td>&nbsp;ACI marina Skradin<\/td><td>&nbsp;Skradin<\/td><td>&nbsp;00 385(0)22 771 365<\/td><\/tr><tr><td>&nbsp;Marina Mandalina<\/td><td>&nbsp;\u0160ibenik<\/td><td>&nbsp;00 385(0)22 312 975<\/td><\/tr><tr><td>&nbsp;Marina Zaton<\/td><td>&nbsp;Zaton (\u0160ibenik)<\/td><td>&nbsp;00 385(0)22 485 018<\/td><\/tr><tr><td>&nbsp;ACI marina Vodice<\/td><td>&nbsp;Vodice<\/td><td>&nbsp;00 385(0)22 443 086<\/td><\/tr><tr><td>&nbsp;ACI marina Jezera<\/td><td>&nbsp;Jezera<\/td><td>&nbsp;00 385(0)22 439 295<\/td><\/tr><tr><td>&nbsp;Marina Tribunj<\/td><td>&nbsp;Tribunj<\/td><td>&nbsp;00 385(0)22 447 140<\/td><\/tr><tr><td>&nbsp;ACI marina Pi\u0161kera<\/td><td>&nbsp;Kornati islands<\/td><td>&nbsp;00 385(0)91 470 0091<\/td><\/tr><tr><td>&nbsp;ACI marina \u017dut<\/td><td>&nbsp;Kornati islands<\/td><td>&nbsp;00 385(0)22 786 0278<\/td><\/tr><tr><td>&nbsp;Marina Hramina<\/td><td>&nbsp;Island Murter<\/td><td>&nbsp;00 385(0)22 434 411<\/td><\/tr><tr><td>&nbsp;Marina Betina<\/td><td>&nbsp;Island Murter<\/td><td>&nbsp;00 385(0)22 434 497<\/td><\/tr><tr><td>&nbsp;Marina \u0160angulin<\/td><td>&nbsp;Biograd na moru<\/td><td>&nbsp;00 385(0)23 383 738<\/td><\/tr><tr><td>&nbsp;Marina Kornati<\/td><td>&nbsp;Biograd na moru<\/td><td>&nbsp;00 385(0)23 383 800<\/td><\/tr><tr><td>&nbsp;Marina Dalmacija Zadar<\/td><td>&nbsp;Suko\u0161an<\/td><td>&nbsp;00 385(0)23 200 300<\/td><\/tr><tr><td>&nbsp;Tankerkomerc marina Veli I\u017e<\/td><td>&nbsp;island I\u017e<\/td><td>&nbsp;00 385(0)23 277 006<\/td><\/tr><tr><td>&nbsp;Marina Sutomi\u0161\u0107ica<\/td><td>&nbsp;Island Ugljan<\/td><td>&nbsp;00 385(0)23 335 808<\/td><\/tr><tr><td>&nbsp;Marina Preko<\/td><td>&nbsp;Island Ugljan<\/td><td>&nbsp;00 385(0)23 286 433<\/td><\/tr><tr><td>&nbsp;Tankerkomerc Marina Zadar<\/td><td>&nbsp;Zadar<\/td><td>&nbsp;00 385(0)23 204 730<\/td><\/tr><tr><td>&nbsp;Marina Vitrenjak<\/td><td>&nbsp;Zadar<\/td><td>&nbsp;00 385(0)23 331 076<\/td><\/tr><tr><td>&nbsp;Marina Borik<\/td><td>&nbsp;Zadar<\/td><td>&nbsp;00 385(0)23 333 036&nbsp;&nbsp;<\/td><\/tr><tr><td>&nbsp;ACI marina Rab<\/td><td>&nbsp;Island Rab<\/td><td>&nbsp;00 385(0)51 724 023<\/td><\/tr><tr><td>&nbsp;ACI marina Supetarska Draga<\/td><td>&nbsp;Island Rab<\/td><td>&nbsp;00 385(0)51 776 268<\/td><\/tr><tr><td>&nbsp;ACI marina \u0160imuni<\/td><td>&nbsp;Island Pag<\/td><td>&nbsp;00 385(0)23 697 462<\/td><\/tr><tr><td>&nbsp;ACI marina Pula<\/td><td>&nbsp;Pula<\/td><td>&nbsp;00 385(0)52 211 850<\/td><\/tr><tr><td>&nbsp;ACI marina Rovinj<\/td><td>&nbsp;Rovinj<\/td><td>&nbsp;00 385(0)52 813 133<\/td><\/tr><tr><td>&nbsp;ACI marina Umag<\/td><td>&nbsp;Umag<\/td><td>&nbsp;00 385(0)52 741 066<\/td><\/tr><tr><td>&nbsp;ACI marina Opatija<\/td><td>&nbsp;Opatija<\/td><td>&nbsp;00 385(0)51 704 004<\/td><\/tr><\/tbody><\/table><\/figure>\n","protected":false},"excerpt":{"rendered":"<p>Hrvatska obala je jedna od najrazvedenijih u svijetu. Ukupno ima 1242 otoka, oto\u010di\u0107a i hridi od \u010dega je samo 47 otoka naseljeno. Pitomo more i mediteranska klima omogu\u0107avaju jedrenje tokom cijele godine iako sezona najma jedrilica i katamarana zapo\u010dima sredinom travnja i traje sve do sredine listopada pa \u010dak i du\u017ee ako se radi o [&hellip;]<\/p>\n","protected":false},"author":1,"featured_media":0,"parent":494,"menu_order":0,"comment_status":"closed","ping_status":"closed","template":"","meta":{"_acf_changed":false,"footnotes":""},"class_list":["post-492","page","type-page","status-publish","hentry"],"acf":[],"_links":{"self":[{"href":"https:\/\/ultra-sailing.hr\/hr\/wp-json\/wp\/v2\/pages\/492","targetHints":{"allow":["GET"]}}],"collection":[{"href":"https:\/\/ultra-sailing.hr\/hr\/wp-json\/wp\/v2\/pages"}],"about":[{"href":"https:\/\/ultra-sailing.hr\/hr\/wp-json\/wp\/v2\/types\/page"}],"author":[{"embeddable":true,"href":"https:\/\/ultra-sailing.hr\/hr\/wp-json\/wp\/v2\/users\/1"}],"replies":[{"embeddable":true,"href":"https:\/\/ultra-sailing.hr\/hr\/wp-json\/wp\/v2\/comments?post=492"}],"version-history":[{"count":13,"href":"https:\/\/ultra-sailing.hr\/hr\/wp-json\/wp\/v2\/pages\/492\/revisions"}],"predecessor-version":[{"id":3459,"href":"https:\/\/ultra-sailing.hr\/hr\/wp-json\/wp\/v2\/pages\/492\/revisions\/3459"}],"up":[{"embeddable":true,"href":"https:\/\/ultra-sailing.hr\/hr\/wp-json\/wp\/v2\/pages\/494"}],"wp:attachment":[{"href":"https:\/\/ultra-sailing.hr\/hr\/wp-json\/wp\/v2\/media?parent=492"}],"curies":[{"name":"wp","href":"https:\/\/api.w.org\/{rel}","templated":true}]}}