{"id":5182,"date":"2025-06-12T14:35:35","date_gmt":"2025-06-12T13:35:35","guid":{"rendered":"https:\/\/ultra-sailing.hr\/?page_id=5182"},"modified":"2025-09-09T14:48:04","modified_gmt":"2025-09-09T13:48:04","slug":"ispa-tecajevi-jedrenja-hrvatska","status":"publish","type":"page","link":"https:\/\/ultra-sailing.hr\/hr\/ispa-tecajevi-jedrenja-hrvatska\/","title":{"rendered":"ISPA Te\u010dajevi Jedrenja Hrvatska"},"content":{"rendered":"\n<p>ISPA pru\u017ea sveobuhvatne, me\u0111unarodno priznate <mark style=\"background-color:rgba(0, 0, 0, 0)\" class=\"has-inline-color has-vivid-red-color\">dozvole za upravljanje brodovima i jedrenjem od 1994. godine.<\/mark> Svaka razina te\u010daja jedrenja uklju\u010duje predavanja i prakti\u010dne vje\u017ebe na moru.<\/p>\n\n\n\n<p>Na\u0161i vje\u0161ti i iskusni instruktori poha\u0111ali su dodatnu edukaciju kako bi bili akreditirani od strane ISPA-e kako bi podu\u010davali jedrenje prema ovom <strong>visokom me\u0111unarodnom standardu za jedrenje<\/strong>.<\/p>\n\n\n\n<p>godine ISPA je uvela <strong>online kurs i ispit za teoriju<\/strong> kako bi olak\u0161ala proces u\u010denja za me\u0111unarodne studente. Sada mo\u017eete u\u010diti teoriju kod ku\u0107e prije poha\u0111anja prakti\u010dnog te\u010daja. Instruktor \u0107e ponoviti va\u017ene teorijske to\u010dke na brodu i mo\u017eete do\u0107i spremni tra\u017eiti poja\u0161njenja.<\/p>\n\n\n\n<p>Na\u0161i te\u010dajevi jedrenja odr\u017eavaju se na engleskom jeziku, no studenti mogu dobiti podr\u0161ku i na drugim jezicima na zahtjev (uglavnom hrvatski i francuski).<\/p>\n\n\n\n<h2 class=\"wp-block-heading\">ISPA shema napredovanja<\/h2>\n\n\n\n<p>Razine koje mo\u017eete polo\u017eiti u Hrvatskoj:<\/p>\n\n\n\n<ul class=\"wp-block-list\">\n<li>ISPA COMPETENT CREW: ova je razina dostupna bez prethodnog iskustva ili znanja, ali je tako\u0111er prikladna za polaznike koji su ve\u0107 plovili s prijateljima ili obitelji ili u djetinjstvu, ali nisu pro\u0161li strukturirani tjedni proces u\u010denja.<\/li>\n\n\n\n<li><strong>ISPA DAY SKIPPER<\/strong>: ova je razina osmi\u0161ljena za <mark style=\"background-color:rgba(0, 0, 0, 0)\" class=\"has-inline-color has-vivid-red-color\">preuzimanje odgovornost upravljanja jedrilicom u blagim uvjetima<\/mark> (jedrenje ljeti u Hrvatskoj). Polaznik bi trebao imati potvr\u0111enu razinu Competent Crew ili biti u mogu\u0107nosti dokazati ekvivalentnu jedrili\u010darsku certifikaciju.<\/li>\n\n\n\n<li>ISPA COASTAL NAVIGATOR : ova se razina fokusira na napredne tehnike navigacije i predstavlja prvi korak u izgradnji autonomije za obalno krstarenje i nepoznate vode. Dostupan je uz zavr\u0161en Day skipper te\u010daj.<\/li>\n\n\n\n<li>ISPA COASTAL SKIPPER: ovo je va\u0161 posljednji korak u provjeri va\u0161e autonomije za obalno krstarenje i nepoznate vode uz sigurnost mentorstva na\u0161ih instruktora. Ova je razina dostupna uz zavr\u0161en Coastal Navigator te\u010daj.<\/li>\n<\/ul>\n\n\n\n<p>Daljnje razine koje morate polo\u017eiti u plimnim vodama \/ otvorenom oceanu<\/p>\n\n\n\n<ul class=\"wp-block-list\">\n<li>ISPA Offshore Master Sail<\/li>\n\n\n\n<li>ISPA Ocean Master Certificate of Competency Sail<\/li>\n<\/ul>\n\n\n\n<h2 class=\"wp-block-heading\">Dozvola za upravljanje jedrilicom \/ voditelj brodice<\/h2>\n\n\n\n<p>ISPA Day skipper certifikat priznat je od strane Ministarstva mora RH (Priznate dozvole za upravljanje brodicama i jahtama) i od strane mnogih charter destinacija diljem svijeta.<\/p>\n\n\n\n<p>Me\u0111unarodno, druge zemlje priznaju ISPA Day Skipper certifikat kao ekvivalent svojoj nacionalnoj dozvoli za upravljanje plovilom (kada je imaju): Kanada, Njema\u010dka, Queensland u Australiji (u drugim dr\u017eavama Australije ne postoji dozvola za upravljanje plovilom), SAD, Bahami, Tajland &#8211; Phuket.<\/p>\n\n\n\n<p>Za najam bez posade, odluka je svake charter tvrtke da postavi svoje zahtjeve. Neke mogu zahtijevati vi\u0161e razine za tjedne najmove, stoga preporu\u010dujemo nastavak edukacije kako biste dobili ISPA Coastal skipper certifikat, posebno ako namjeravate ploviti otvorenim oceanom.<\/p>\n\n\n\n<p>Do danas su vlasnici ISPA certifikata uspje\u0161no izvijestili o najmu bez posade u sljede\u0107im zemljama:<\/p>\n\n\n\n<ul class=\"wp-block-list\">\n<li>Kanada<\/li>\n\n\n\n<li>SAD<\/li>\n\n\n\n<li>Japan<\/li>\n\n\n\n<li>UK<\/li>\n\n\n\n<li>Francuska<\/li>\n\n\n\n<li>Njema\u010dka<\/li>\n\n\n\n<li>Norve\u0161ka<\/li>\n\n\n\n<li>Danska<\/li>\n\n\n\n<li>\u0160vedska<\/li>\n\n\n\n<li>Finska<\/li>\n\n\n\n<li>\u0160panjolska<\/li>\n\n\n\n<li>Hrvatska<\/li>\n\n\n\n<li>Gr\u010dka<\/li>\n\n\n\n<li>Meksiko<\/li>\n\n\n\n<li>Karibi (BDP, Kuba itd.)<\/li>\n\n\n\n<li>Tahiti<\/li>\n\n\n\n<li>Sej\u0161eli<\/li>\n\n\n\n<li>Queensland u Australiji<\/li>\n\n\n\n<li>Bahamski otoci<\/li>\n\n\n\n<li>Tajland &#8211; Phuket<\/li>\n<\/ul>\n\n\n\n<p>Prilikom najma broda bez skipera, uvijek biste trebali provjeriti svoju dozvolu s charter agencijom<mark style=\"background-color:rgba(0, 0, 0, 0)\" class=\"has-inline-color has-vivid-red-color\"> prije potvrde rezervacije<\/mark>.<\/p>\n\n\n\n<p>U svakom slu\u010daju, uvijek preporu\u010dujemo da na\u0161i polaznici s ISPA Day skipper certifikatom zapo\u010dnu svoje samostalno jedrenje u Hrvatskoj ili sli\u010dnim destinacijama, sa zatvorenim morem i\/ili puno skloni\u0161ta i otoka. Zatim, s iskustvom, se odva\u017ee do izazovnijih mora dobivanjem dodatne obuke.<\/p>\n\n\n\n<p>Vi\u0161e informacija o ISPA-i mo\u017eete prona\u0107i ovdje: <a href=\"https:\/\/www.ispa.com\/\" rel=\"nofollow noopener\" target=\"_blank\">https:\/\/www.ispa.com<\/a><\/p>\n\n\n<div class=\"u-mb-5\">\n\t<a href=\"mailto:school@ultra-sailing.hr\" class=\"c-badge\">\n\t\t<svg class=\"o-icon u-stroke-2\"><use xmlns:xlink=\"http:\/\/www.w3.org\/1999\/xlink\" xlink:href=\"https:\/\/ultra-sailing.hr\/wp-content\/themes\/ultra-sailing\/assets\/sprite\/icons.svg#icon-mail\"><\/use><\/svg>\t\t<span>school@ultra-sailing.hr<\/span>\n\t<\/a>\n<\/div>\n\n\n<div class=\"wp-block-image\">\n<figure class=\"aligncenter size-full\"><img loading=\"lazy\" decoding=\"async\" width=\"950\" height=\"605\" src=\"https:\/\/ultra-sailing.hr\/wp-content\/uploads\/2024\/05\/ISPA-certificate-Card-Sample.png\" alt=\"\" class=\"wp-image-1170\" srcset=\"https:\/\/ultra-sailing.hr\/wp-content\/uploads\/2024\/05\/ISPA-certificate-Card-Sample.png 950w, https:\/\/ultra-sailing.hr\/wp-content\/uploads\/2024\/05\/ISPA-certificate-Card-Sample-300x191.png 300w, https:\/\/ultra-sailing.hr\/wp-content\/uploads\/2024\/05\/ISPA-certificate-Card-Sample-768x489.png 768w\" sizes=\"auto, (max-width: 950px) 100vw, 950px\" \/><\/figure>\n<\/div>\n\n\n<figure class=\"wp-block-embed is-type-video is-provider-youtube wp-block-embed-youtube wp-embed-aspect-16-9 wp-has-aspect-ratio\"><div class=\"wp-block-embed__wrapper\">\n<iframe loading=\"lazy\" title=\"Learn to Sail in Croatia - Ultra Sailing School\" width=\"640\" height=\"360\" src=\"https:\/\/www.youtube.com\/embed\/ZDqpz3-XJOY?feature=oembed\" frameborder=\"0\" allow=\"accelerometer; autoplay; clipboard-write; encrypted-media; gyroscope; picture-in-picture; web-share\" referrerpolicy=\"strict-origin-when-cross-origin\" allowfullscreen><\/iframe>\n<\/div><\/figure>\n\n\n\n<p><\/p>\n","protected":false},"excerpt":{"rendered":"<p>ISPA pru\u017ea sveobuhvatne, me\u0111unarodno priznate dozvole za upravljanje brodovima i jedrenjem od 1994. godine. Svaka razina te\u010daja jedrenja uklju\u010duje predavanja i prakti\u010dne vje\u017ebe na moru. Na\u0161i vje\u0161ti i iskusni instruktori poha\u0111ali su dodatnu edukaciju kako bi bili akreditirani od strane ISPA-e kako bi podu\u010davali jedrenje prema ovom visokom me\u0111unarodnom standardu za jedrenje. godine ISPA je [&hellip;]<\/p>\n","protected":false},"author":3,"featured_media":0,"parent":0,"menu_order":0,"comment_status":"closed","ping_status":"closed","template":"","meta":{"_acf_changed":false,"footnotes":""},"class_list":["post-5182","page","type-page","status-publish","hentry"],"acf":[],"_links":{"self":[{"href":"https:\/\/ultra-sailing.hr\/hr\/wp-json\/wp\/v2\/pages\/5182","targetHints":{"allow":["GET"]}}],"collection":[{"href":"https:\/\/ultra-sailing.hr\/hr\/wp-json\/wp\/v2\/pages"}],"about":[{"href":"https:\/\/ultra-sailing.hr\/hr\/wp-json\/wp\/v2\/types\/page"}],"author":[{"embeddable":true,"href":"https:\/\/ultra-sailing.hr\/hr\/wp-json\/wp\/v2\/users\/3"}],"replies":[{"embeddable":true,"href":"https:\/\/ultra-sailing.hr\/hr\/wp-json\/wp\/v2\/comments?post=5182"}],"version-history":[{"count":6,"href":"https:\/\/ultra-sailing.hr\/hr\/wp-json\/wp\/v2\/pages\/5182\/revisions"}],"predecessor-version":[{"id":5331,"href":"https:\/\/ultra-sailing.hr\/hr\/wp-json\/wp\/v2\/pages\/5182\/revisions\/5331"}],"wp:attachment":[{"href":"https:\/\/ultra-sailing.hr\/hr\/wp-json\/wp\/v2\/media?parent=5182"}],"curies":[{"name":"wp","href":"https:\/\/api.w.org\/{rel}","templated":true}]}}