{"id":522,"date":"2024-03-10T15:36:05","date_gmt":"2024-03-10T14:36:05","guid":{"rendered":"http:\/\/ultra-sailing.hr\/dev-wordpress\/?page_id=522"},"modified":"2025-05-21T15:45:55","modified_gmt":"2025-05-21T14:45:55","slug":"faq-skola-jedrenja","status":"publish","type":"page","link":"https:\/\/ultra-sailing.hr\/hr\/skola-jedrenja\/faq-skola-jedrenja\/","title":{"rendered":"FAQ \u0161kola jedrenja"},"content":{"rendered":"<div class=\"c-collapse-group\"><div class=\"c-collapse js-collapse\">\n\t<button class=\"c-collapse__toggle js-collapse-toggle\">\n\t\t<h2 class=\"c-collapse__heading\">Tko mo\u017ee i\u0107i na te\u010daj \u0161kole jedrenja?<\/h2>\n\t\t<div class=\"c-collapse__icon\">\n\t\t\t<svg class=\"o-icon u-stroke-2\"><use xmlns:xlink=\"http:\/\/www.w3.org\/1999\/xlink\" xlink:href=\"https:\/\/ultra-sailing.hr\/wp-content\/themes\/ultra-sailing\/assets\/sprite\/icons.svg#icon-chevron-down\"><\/use><\/svg>\t\t<\/div>\n\t<\/button>\n\t<div class=\"c-collapse__main js-collapse-main\">\n\t\t<div class=\"c-content-scope\">\n\t\t\t<p>Svi su dobro do\u0161li u na\u0161oj \u0161koli jedrenja, samo trebate imati preko 18 godina i \u017eelju za u\u010denjem. Tako\u0111er je potrebno prosje\u010dno razumijevanje Engleskog jezika ako niste platili individualni te\u010daj<\/p>\n\t\t<\/div>\n\t<\/div>\n<\/div><div class=\"c-collapse js-collapse\">\n\t<button class=\"c-collapse__toggle js-collapse-toggle\">\n\t\t<h2 class=\"c-collapse__heading\">Mogu li tinejd\u017eeri ili djeca poha\u0111ati te\u010daj jedrenja?<\/h2>\n\t\t<div class=\"c-collapse__icon\">\n\t\t\t<svg class=\"o-icon u-stroke-2\"><use xmlns:xlink=\"http:\/\/www.w3.org\/1999\/xlink\" xlink:href=\"https:\/\/ultra-sailing.hr\/wp-content\/themes\/ultra-sailing\/assets\/sprite\/icons.svg#icon-chevron-down\"><\/use><\/svg>\t\t<\/div>\n\t<\/button>\n\t<div class=\"c-collapse__main js-collapse-main\">\n\t\t<div class=\"c-content-scope\">\n\t\t\t<p>Na\u0161i te\u010dajevi jedrenja namijenjeni su odraslima. Polaznici moraju biti stariji od 18 godina. Na zahtjev mo\u017eemo prihvatiti tinejd\u017eeri od 15 godina, ako poha\u0111aju s jednim od svojih roditelja i pod uvjetom da mogu u potpunosti razumjeti obja\u0161njenja na engleskom jeziku. Za upite sa djecom obi\u010dno nudimo obiteljske te\u010dajeve koji odgovaraju obiteljskim potrebama.<\/p>\n\t\t<\/div>\n\t<\/div>\n<\/div><div class=\"c-collapse js-collapse\">\n\t<button class=\"c-collapse__toggle js-collapse-toggle\">\n\t\t<h2 class=\"c-collapse__heading\">Da li se mogu priklju\u010diti te\u010daju kao pojedinac?<\/h2>\n\t\t<div class=\"c-collapse__icon\">\n\t\t\t<svg class=\"o-icon u-stroke-2\"><use xmlns:xlink=\"http:\/\/www.w3.org\/1999\/xlink\" xlink:href=\"https:\/\/ultra-sailing.hr\/wp-content\/themes\/ultra-sailing\/assets\/sprite\/icons.svg#icon-chevron-down\"><\/use><\/svg>\t\t<\/div>\n\t<\/button>\n\t<div class=\"c-collapse__main js-collapse-main\">\n\t\t<div class=\"c-content-scope\">\n\t\t\t<p>Naravno, mo\u017eete se priklju\u010diti grupi individualno ili u grupi sa svojim prijateljima ili obitelji. Ve\u0107ina polaznika dolazi samostalno. Posada na brodu je obi\u010dno sastavljena od 4-5 polaznika i instruktor.<\/p>\n\t\t<\/div>\n\t<\/div>\n<\/div><div class=\"c-collapse js-collapse\">\n\t<button class=\"c-collapse__toggle js-collapse-toggle\">\n\t\t<h2 class=\"c-collapse__heading\">Koliko vremena je potrebno za obuku jedrenja?<\/h2>\n\t\t<div class=\"c-collapse__icon\">\n\t\t\t<svg class=\"o-icon u-stroke-2\"><use xmlns:xlink=\"http:\/\/www.w3.org\/1999\/xlink\" xlink:href=\"https:\/\/ultra-sailing.hr\/wp-content\/themes\/ultra-sailing\/assets\/sprite\/icons.svg#icon-chevron-down\"><\/use><\/svg>\t\t<\/div>\n\t<\/button>\n\t<div class=\"c-collapse__main js-collapse-main\">\n\t\t<div class=\"c-content-scope\">\n\t\t\t<p>Kao i obi\u010dno, sve ovisi o individualnim \u017eeljama, trudu i volji. Preporu\u010dujemo da zavr\u0161ite najmanje 2 te\u010daja (ISPA Competent Crew i\/ili ISPA Day skipper). U bilo kojem od odabranih te\u010dajeva u\u010dinit \u0107emo sve da Vam \u0161to bolje prenesemo znanja osnove jedrenja, tehni\u010dkih karakteristika jedrilice, vremenske prognoze i naravno na\u010din \u017eivljenja na brodu i moru op\u0107enito.<\/p>\n\t\t<\/div>\n\t<\/div>\n<\/div><div class=\"c-collapse js-collapse\">\n\t<button class=\"c-collapse__toggle js-collapse-toggle\">\n\t\t<h2 class=\"c-collapse__heading\">S kojom dozvolom mogu unajmiti jedrilicu?<\/h2>\n\t\t<div class=\"c-collapse__icon\">\n\t\t\t<svg class=\"o-icon u-stroke-2\"><use xmlns:xlink=\"http:\/\/www.w3.org\/1999\/xlink\" xlink:href=\"https:\/\/ultra-sailing.hr\/wp-content\/themes\/ultra-sailing\/assets\/sprite\/icons.svg#icon-chevron-down\"><\/use><\/svg>\t\t<\/div>\n\t<\/button>\n\t<div class=\"c-collapse__main js-collapse-main\">\n\t\t<div class=\"c-content-scope\">\n\t\t\t<p>Listu valjanih dozvola za upravljanje brodom mo\u017eete prona\u0107i na slu\u017ebenim stranicama Ministarstva pomorstva, prometa i infrastrukture www.mppi.hr Na\u0161 ISPA Day Skipper certifikat je na listi (Canada)<\/p>\n\t\t<\/div>\n\t<\/div>\n<\/div><div class=\"c-collapse js-collapse\">\n\t<button class=\"c-collapse__toggle js-collapse-toggle\">\n\t\t<h2 class=\"c-collapse__heading\">Koju vrstu dozvole mogu dobiti nakon polo\u017eenog te\u010daja?<\/h2>\n\t\t<div class=\"c-collapse__icon\">\n\t\t\t<svg class=\"o-icon u-stroke-2\"><use xmlns:xlink=\"http:\/\/www.w3.org\/1999\/xlink\" xlink:href=\"https:\/\/ultra-sailing.hr\/wp-content\/themes\/ultra-sailing\/assets\/sprite\/icons.svg#icon-chevron-down\"><\/use><\/svg>\t\t<\/div>\n\t<\/button>\n\t<div class=\"c-collapse__main js-collapse-main\">\n\t\t<div class=\"c-content-scope\">\n\t\t\t<p>Na\u0161a \u0161kola jedrenja je dio ISPA organizacije, \u010dije su dozvole priznate od strane MMPI Republike Hrvatske, s kojom mo\u017eete upravljati plovilima u Hrvatskoj i svijetu.<\/p>\n\t\t<\/div>\n\t<\/div>\n<\/div><div class=\"c-collapse js-collapse\">\n\t<button class=\"c-collapse__toggle js-collapse-toggle\">\n\t\t<h2 class=\"c-collapse__heading\">Da li Ultra jedrenje organizira ispite za stjecanje valjane dozvole, priznate od strane Ministarstva?<\/h2>\n\t\t<div class=\"c-collapse__icon\">\n\t\t\t<svg class=\"o-icon u-stroke-2\"><use xmlns:xlink=\"http:\/\/www.w3.org\/1999\/xlink\" xlink:href=\"https:\/\/ultra-sailing.hr\/wp-content\/themes\/ultra-sailing\/assets\/sprite\/icons.svg#icon-chevron-down\"><\/use><\/svg>\t\t<\/div>\n\t<\/button>\n\t<div class=\"c-collapse__main js-collapse-main\">\n\t\t<div class=\"c-content-scope\">\n\t\t\t<p>Da, za svaki od pojedinih ISPA te\u010dajeva nakon polo\u017eenog te\u010daja, polaznik dobiva dozvolu s kojom mo\u017ee iznajmiti plovilo u \u010darteru i koja je priznata od strane Ministarstva mora, prometa i infrastrukture Republike Hrvatske.<\/p>\n\t\t<\/div>\n\t<\/div>\n<\/div><div class=\"c-collapse js-collapse\">\n\t<button class=\"c-collapse__toggle js-collapse-toggle\">\n\t\t<h2 class=\"c-collapse__heading\">Koju vrstu dozvole mogu dobiti u Lu\u010dkoj Kapetaniji?<\/h2>\n\t\t<div class=\"c-collapse__icon\">\n\t\t\t<svg class=\"o-icon u-stroke-2\"><use xmlns:xlink=\"http:\/\/www.w3.org\/1999\/xlink\" xlink:href=\"https:\/\/ultra-sailing.hr\/wp-content\/themes\/ultra-sailing\/assets\/sprite\/icons.svg#icon-chevron-down\"><\/use><\/svg>\t\t<\/div>\n\t<\/button>\n\t<div class=\"c-collapse__main js-collapse-main\">\n\t\t<div class=\"c-content-scope\">\n\t\t\t<p>Ako polo\u017eite ispit u Lu\u010dkoj kapetaniji, dobit \u0107ete dozvolu B kategorije (od 18 godina), s kojom mo\u017eete upravljati jahtom do 30 BT, ako se koristi za osobne svrhe. S ovom dozvolom mo\u017eete iznajmiti bilo koju jedrilicu na Mediteranu. U na\u0161oj \u0161koli jedrenja mo\u017eete se pripremiti za polaganje i ove dozvole, ali ukoliko polo\u017eite na\u0161 ISPA Day Skipper certifikat, on vrijedi za iste svrhe kao i B kategorija.<\/p>\n\t\t<\/div>\n\t<\/div>\n<\/div><div class=\"c-collapse js-collapse\">\n\t<button class=\"c-collapse__toggle js-collapse-toggle\">\n\t\t<h2 class=\"c-collapse__heading\">\u0160to odjenuti u \u0161koli jedrenja?<\/h2>\n\t\t<div class=\"c-collapse__icon\">\n\t\t\t<svg class=\"o-icon u-stroke-2\"><use xmlns:xlink=\"http:\/\/www.w3.org\/1999\/xlink\" xlink:href=\"https:\/\/ultra-sailing.hr\/wp-content\/themes\/ultra-sailing\/assets\/sprite\/icons.svg#icon-chevron-down\"><\/use><\/svg>\t\t<\/div>\n\t<\/button>\n\t<div class=\"c-collapse__main js-collapse-main\">\n\t\t<div class=\"c-content-scope\">\n\t\t\t<p>Ovisi o kojem je godi\u0161njem dobu rije\u010d, ali su sportska odijela, bijela majica, kapa, sun\u010dane nao\u010dale, rukavice i tenisice koje se ne kli\u017eu uvijek preporu\u010dljive&#8230; Mi osiguravamo jedrili\u010darska odijela, tako da ne morate brinuti o tome. Ako dolazite u zimsko doba ili prolje\u0107e dobro je imati rezervnu toplu odje\u0107u koju mo\u017eete nositi ispod jedrili\u010darskog odijela\u2026Vi\u0161e informacije na na\u0161em blogu: <a href=\"https:\/\/novosti.ultra-sailing.hr\/sto-ponijeti-sa-sobom-u-skolu-jedrenja\/\">https:\/\/novosti.ultra-sailing.hr\/sto-ponijeti-sa-sobom-u-skolu-jedrenja\/<\/a><\/p>\n\t\t<\/div>\n\t<\/div>\n<\/div><div class=\"c-collapse js-collapse\">\n\t<button class=\"c-collapse__toggle js-collapse-toggle\">\n\t\t<h2 class=\"c-collapse__heading\">Gdje mogu prona\u0107i smje\u0161taj?<\/h2>\n\t\t<div class=\"c-collapse__icon\">\n\t\t\t<svg class=\"o-icon u-stroke-2\"><use xmlns:xlink=\"http:\/\/www.w3.org\/1999\/xlink\" xlink:href=\"https:\/\/ultra-sailing.hr\/wp-content\/themes\/ultra-sailing\/assets\/sprite\/icons.svg#icon-chevron-down\"><\/use><\/svg>\t\t<\/div>\n\t<\/button>\n\t<div class=\"c-collapse__main js-collapse-main\">\n\t\t<div class=\"c-content-scope\">\n\t\t\t<p>Ve\u0107ina na\u0161ih te\u010dajeva nudi smje\u0161taj na brodu, osim nekih specifi\u010dnih uvjeta te\u010daja za kompetentnu posadu na obali.<\/p>\n<p>Ako \u017eelite sti\u0107i nekoliko dana prije posjeta Splitu, najbolje je provjeriti \u017eeljenu vrstu smje\u0161taja na specijaliziranim web stranicama. Neki studenti preferiraju boravak u hotelima, dok drugi biraju privatni smje\u0161taj poput soba ili apartmana. Split nudi mnogo sjajnih mogu\u0107nosti!<\/p>\n\t\t<\/div>\n\t<\/div>\n<\/div><div class=\"c-collapse js-collapse\">\n\t<button class=\"c-collapse__toggle js-collapse-toggle\">\n\t\t<h2 class=\"c-collapse__heading\">Mogu li se pridru\u017eiti direktno Day Skipper te\u010daju?<\/h2>\n\t\t<div class=\"c-collapse__icon\">\n\t\t\t<svg class=\"o-icon u-stroke-2\"><use xmlns:xlink=\"http:\/\/www.w3.org\/1999\/xlink\" xlink:href=\"https:\/\/ultra-sailing.hr\/wp-content\/themes\/ultra-sailing\/assets\/sprite\/icons.svg#icon-chevron-down\"><\/use><\/svg>\t\t<\/div>\n\t<\/button>\n\t<div class=\"c-collapse__main js-collapse-main\">\n\t\t<div class=\"c-content-scope\">\n\t\t\t<p>Da bi se pridru\u017eili Day Skipper te\u010daju, potrebno je prethodno zavr\u0161iti Competent Crew te\u010daj ili imati ve\u0107 evidentirano osnovno iskustvo u jedrenju.<\/p>\n\t\t<\/div>\n\t<\/div>\n<\/div><div class=\"c-collapse js-collapse\">\n\t<button class=\"c-collapse__toggle js-collapse-toggle\">\n\t\t<h2 class=\"c-collapse__heading\">Gdje mogu nastaviti jedriti nakon \u0161kole?<\/h2>\n\t\t<div class=\"c-collapse__icon\">\n\t\t\t<svg class=\"o-icon u-stroke-2\"><use xmlns:xlink=\"http:\/\/www.w3.org\/1999\/xlink\" xlink:href=\"https:\/\/ultra-sailing.hr\/wp-content\/themes\/ultra-sailing\/assets\/sprite\/icons.svg#icon-chevron-down\"><\/use><\/svg>\t\t<\/div>\n\t<\/button>\n\t<div class=\"c-collapse__main js-collapse-main\">\n\t\t<div class=\"c-content-scope\">\n\t\t\t<p>\u0160to vi\u0161e jedrite, to \u0107ete vi\u0161e samopouzdanja ste\u0107i. Iskustvo je klju\u010dno za to da postanete dobar jedrili\u010dar, stoga vas poti\u010demo da nastavite jedriti nakon zavr\u0161etka na\u0161ih te\u010dajeva. Ako ste sigurni u svoje jedrili\u010darske vje\u0161tine i polo\u017eite te\u010daj za dnevnog jedrili\u010dara, mo\u017eete od nas unajmiti jedrilicu bez posade. Ako se ne osje\u0107ate 100% sigurni nakon te\u010dajeva za dnevnog jedrili\u010dara, toplo preporu\u010dujemo da postignete razinu obalnog jedrili\u010dara ili najam broda sa skiperom za daljnju vje\u017ebu pod nadzorom.<\/p>\n\t\t<\/div>\n\t<\/div>\n<\/div><div class=\"c-collapse js-collapse\">\n\t<button class=\"c-collapse__toggle js-collapse-toggle\">\n\t\t<h2 class=\"c-collapse__heading\">Kakva \u0161kola jedrenja za djecu se nudi u Hrvatskoj?<\/h2>\n\t\t<div class=\"c-collapse__icon\">\n\t\t\t<svg class=\"o-icon u-stroke-2\"><use xmlns:xlink=\"http:\/\/www.w3.org\/1999\/xlink\" xlink:href=\"https:\/\/ultra-sailing.hr\/wp-content\/themes\/ultra-sailing\/assets\/sprite\/icons.svg#icon-chevron-down\"><\/use><\/svg>\t\t<\/div>\n\t<\/button>\n\t<div class=\"c-collapse__main js-collapse-main\">\n\t\t<div class=\"c-content-scope\">\n\t\t\t<p>Djeca u Hrvatskoj se mogu priklju\u010diti nekom od jedrili\u010darskih klubova i jedriti u klasi optimist tijekom cijele godine. Neki jedrili\u010darski klubovi organiziraju ljetne te\u010dajeve za djecu u klasi optimist po simboli\u010dnim cijenama i tada uglavnom jedre par sati dnevno. Kako svi jedrili\u010darski klubovi imaju svoja pravila, nismo u mogu\u0107nosti modelirati vrijeme i na\u010din jedrenja Va\u0161eg djeteta ve\u0107 samo preporu\u010dujemo da kontaktirate direktno neki od jedrili\u010darskih klubova koji se profesionalno bave jedrenjem za djecu. Ultra je u mogu\u0107nosti ponuditi obiteljski program prilago\u0111en obiteljima i ne tako intenzivnim jedrenjem kao \u0161to je u osnovnom i navigacijskom te\u010daju. Obiteljski te\u010daj najsli\u010dniji je jedrenju sa skiperom. Vrijeme jedrenja je fleksibilno, a skiperi uz hrvatski pri\u010daju i engleski jezik.<\/p>\n\t\t<\/div>\n\t<\/div>\n<\/div><div class=\"c-collapse js-collapse\">\n\t<button class=\"c-collapse__toggle js-collapse-toggle\">\n\t\t<h2 class=\"c-collapse__heading\">Mogu li se pridru\u017eiti na regati?<\/h2>\n\t\t<div class=\"c-collapse__icon\">\n\t\t\t<svg class=\"o-icon u-stroke-2\"><use xmlns:xlink=\"http:\/\/www.w3.org\/1999\/xlink\" xlink:href=\"https:\/\/ultra-sailing.hr\/wp-content\/themes\/ultra-sailing\/assets\/sprite\/icons.svg#icon-chevron-down\"><\/use><\/svg>\t\t<\/div>\n\t<\/button>\n\t<div class=\"c-collapse__main js-collapse-main\">\n\t\t<div class=\"c-content-scope\">\n\t\t\t<p>Organiziramo jedrenje na regatama, ali samo oni jedrili\u010dari koji su zavr\u0161ili neki od na\u0161ih te\u010dajeva jedrenja mogu nam se pridru\u017eiti&#8230;<\/p>\n\t\t<\/div>\n\t<\/div>\n<\/div><div class=\"c-collapse js-collapse\">\n\t<button class=\"c-collapse__toggle js-collapse-toggle\">\n\t\t<h2 class=\"c-collapse__heading\">Preporu\u010date li kakvu literaturu o jedrenju\u2026?<\/h2>\n\t\t<div class=\"c-collapse__icon\">\n\t\t\t<svg class=\"o-icon u-stroke-2\"><use xmlns:xlink=\"http:\/\/www.w3.org\/1999\/xlink\" xlink:href=\"https:\/\/ultra-sailing.hr\/wp-content\/themes\/ultra-sailing\/assets\/sprite\/icons.svg#icon-chevron-down\"><\/use><\/svg>\t\t<\/div>\n\t<\/button>\n\t<div class=\"c-collapse__main js-collapse-main\">\n\t\t<div class=\"c-content-scope\">\n\t\t\t<p>Ultra ima vlastitu knjigu o jedrenju, &#8220;Nauti\u010dke vje\u0161tine&#8221; Emila Toma\u0161evi\u0107a, knjiga dolazi kao poklon na\u0161im studentima kad uspje\u0161no zavr\u0161e Day Skipper te\u010daj. Knjiga &#8220;Nauti\u010dke vje\u0161tine&#8221; pisana je na engleskom i hrvatskom jeziku, a mo\u017ee se naru\u010diti \u010dak i ako se ne\u0107ete pridru\u017eiti na\u0161em te\u010daju jedrenja. Tako\u0111er, ISPA pru\u017ea Online edukaciju o jedrenju, neki moduli su dostupni besplatno: <a href=\"https:\/\/www.ispa.com\/\" rel=\"nofollow noopener\" target=\"_blank\">International Sail and Power Academy | ISPA<\/a><\/p>\n\t\t<\/div>\n\t<\/div>\n<\/div><\/div>","protected":false},"excerpt":{"rendered":"","protected":false},"author":1,"featured_media":0,"parent":433,"menu_order":0,"comment_status":"closed","ping_status":"closed","template":"","meta":{"_acf_changed":false,"footnotes":""},"class_list":["post-522","page","type-page","status-publish","hentry"],"acf":[],"_links":{"self":[{"href":"https:\/\/ultra-sailing.hr\/hr\/wp-json\/wp\/v2\/pages\/522","targetHints":{"allow":["GET"]}}],"collection":[{"href":"https:\/\/ultra-sailing.hr\/hr\/wp-json\/wp\/v2\/pages"}],"about":[{"href":"https:\/\/ultra-sailing.hr\/hr\/wp-json\/wp\/v2\/types\/page"}],"author":[{"embeddable":true,"href":"https:\/\/ultra-sailing.hr\/hr\/wp-json\/wp\/v2\/users\/1"}],"replies":[{"embeddable":true,"href":"https:\/\/ultra-sailing.hr\/hr\/wp-json\/wp\/v2\/comments?post=522"}],"version-history":[{"count":9,"href":"https:\/\/ultra-sailing.hr\/hr\/wp-json\/wp\/v2\/pages\/522\/revisions"}],"predecessor-version":[{"id":4992,"href":"https:\/\/ultra-sailing.hr\/hr\/wp-json\/wp\/v2\/pages\/522\/revisions\/4992"}],"up":[{"embeddable":true,"href":"https:\/\/ultra-sailing.hr\/hr\/wp-json\/wp\/v2\/pages\/433"}],"wp:attachment":[{"href":"https:\/\/ultra-sailing.hr\/hr\/wp-json\/wp\/v2\/media?parent=522"}],"curies":[{"name":"wp","href":"https:\/\/api.w.org\/{rel}","templated":true}]}}