{"id":547,"date":"2024-03-10T15:44:45","date_gmt":"2024-03-10T14:44:45","guid":{"rendered":"http:\/\/ultra-sailing.hr\/dev-wordpress\/?page_id=547"},"modified":"2025-05-21T16:13:47","modified_gmt":"2025-05-21T15:13:47","slug":"opci-uvjeti-za-polaznike","status":"publish","type":"page","link":"https:\/\/ultra-sailing.hr\/hr\/opci-uvjeti-za-polaznike\/","title":{"rendered":"Op\u0107i uvjeti \u0161kole jedrenja"},"content":{"rendered":"            <div class=\"c-ordered-list\">\n                                    <div class=\"c-ordered-list__item \">\n                        <span class=\"c-ordered-list__number\">1.1.<\/span>\n                        <div>\n                            <p>Poduze\u0107e ULTRA d.o.o. iz Splita obavezuje se organizirati jedrili\u010darski te\u010daj (\u0161kolu jedrenja) i to u skladu s predvi\u0111enim nastavnim programom i na vlastitim jedrilicama. Nastavnici (instruktori) \u0161kole jedrenja biti \u0107e kvalificirani hrvatski jedrili\u010dari s vi\u0161egodi\u0161njim jedrili\u010darskim iskustvom i prepoznate pedago\u0161ke vje\u0161tine.<\/p>\n                        <\/div>\n                    <\/div>\n                                    <div class=\"c-ordered-list__item \">\n                        <span class=\"c-ordered-list__number\">1.2.<\/span>\n                        <div>\n                            <p>Polaznik \u0161kole se obvezuje platiti kotizaciju za te\u010daj jedrenja koji rezervira. Cijena ovisi o vrsti i datumu te\u010daja i definirana je u Potvrdi rezervacije ili Ponudi. Ovim se uvjetima utvr\u0111uje da polaznik mora platiti 50% cijene prilikom rezervacije, a preostalih 50% &#8211; ostatak &#8211; najkasnije 30 dana prije po\u010detka te\u010daja. Potvrda o uplati mora biti dostavljena Organizatoru najkasnije 20 dana prije po\u010detka rezerviranog te\u010daja. Za rezervacije koje se izvr\u0161e manje od 30 dana prije po\u010detka te\u010daja, ukupan iznos dospijeva prilikom rezervacije.<\/p>\n                        <\/div>\n                    <\/div>\n                                    <div class=\"c-ordered-list__item \">\n                        <span class=\"c-ordered-list__number\">1.3.<\/span>\n                        <div>\n                            <p>U slu\u010daju da polaznik otka\u017ee te\u010daj, iznos upla\u0107en prilikom rezervacije (avans) ne\u0107e biti vra\u0107en. Ako polaznik otka\u017ee nakon \u0161to je ukupna uplata izvr\u0161ena, a najmanje 20 dana prije po\u010detka rezerviranog te\u010daja, Organizator \u0107e polazniku vratiti 30% ukupnog iznosa.<\/p>\n                        <\/div>\n                    <\/div>\n                                    <div class=\"c-ordered-list__item \">\n                        <span class=\"c-ordered-list__number\">1.4.<\/span>\n                        <div>\n                            <p>Organizator potvr\u0111uje te\u010daj kada se dostigne minimalan broj polaznika. Ako te\u010daj nije potvr\u0111en 30 dana prije po\u010detka, polaznik mo\u017ee tra\u017eiti povrat novca ili odlu\u010diti pri\u010dekati. U slu\u010daju otkazivanja zbog nedostatka sudionika, Organizator \u0107e automatski vratiti novac polaznicima nakon o\u010dekivanog datuma po\u010detka te\u010daja. Ako zbog nepovoljnih vremenskih uvjeta ili bilo kojeg drugog opravdanog razloga organizator ne mo\u017ee odr\u017eati potvr\u0111eni te\u010daj, naknadno \u0107e ponuditi zamjenski te\u010daj.<\/p>\n                        <\/div>\n                    <\/div>\n                                    <div class=\"c-ordered-list__item \">\n                        <span class=\"c-ordered-list__number\">1.5.<\/span>\n                        <div>\n                            <p>Organizator \u0161kole jedrenja ne preuzima nikakvu odgovornost za mogu\u0107e \u0161tete ili ozljede koje polaznik mo\u017ee prouzro\u010diti sebi ili tre\u0107im osobama, ali preuzima odgovornost poduzeti sve razumne mjere kako bi izbjegao ili uklonio takav rizik. Maloljetnici poha\u0111aju te\u010daj pod odgovorno\u0161\u0107u roditelja ili odraslog ro\u0111aka koji ih prati na te\u010daju. Instruktor, kao zapovjednik broda, ima ovlasti narediti iskrcavanje polaznika koji kr\u0161i hrvatski zakon ili, ponovljenim neprimjerenim pona\u0161anjem, ugro\u017eava sigurnost posade, sebe ili broda. U takvim slu\u010dajevima polaznik nema pravo na povrat novca.<\/p>\n                        <\/div>\n                    <\/div>\n                                    <div class=\"c-ordered-list__item c-ordered-list__item--no-border\">\n                        <span class=\"c-ordered-list__number\">1.6.<\/span>\n                        <div>\n                            <p>Polaznik izjavljuje da je zdravstveno stanje svih sudionika te\u010daja kompatibilno s prakticiranjem jedrenja i plovidbe, da znaju plivati \u200b\u200bi da imaju barem srednju razinu engleskog jezika (B1).<\/p>\n                        <\/div>\n                    <\/div>\n                            <\/div>\n        ","protected":false},"excerpt":{"rendered":"","protected":false},"author":1,"featured_media":0,"parent":0,"menu_order":0,"comment_status":"closed","ping_status":"closed","template":"","meta":{"_acf_changed":false,"footnotes":""},"class_list":["post-547","page","type-page","status-publish","hentry"],"acf":[],"_links":{"self":[{"href":"https:\/\/ultra-sailing.hr\/hr\/wp-json\/wp\/v2\/pages\/547","targetHints":{"allow":["GET"]}}],"collection":[{"href":"https:\/\/ultra-sailing.hr\/hr\/wp-json\/wp\/v2\/pages"}],"about":[{"href":"https:\/\/ultra-sailing.hr\/hr\/wp-json\/wp\/v2\/types\/page"}],"author":[{"embeddable":true,"href":"https:\/\/ultra-sailing.hr\/hr\/wp-json\/wp\/v2\/users\/1"}],"replies":[{"embeddable":true,"href":"https:\/\/ultra-sailing.hr\/hr\/wp-json\/wp\/v2\/comments?post=547"}],"version-history":[{"count":4,"href":"https:\/\/ultra-sailing.hr\/hr\/wp-json\/wp\/v2\/pages\/547\/revisions"}],"predecessor-version":[{"id":4997,"href":"https:\/\/ultra-sailing.hr\/hr\/wp-json\/wp\/v2\/pages\/547\/revisions\/4997"}],"wp:attachment":[{"href":"https:\/\/ultra-sailing.hr\/hr\/wp-json\/wp\/v2\/media?parent=547"}],"curies":[{"name":"wp","href":"https:\/\/api.w.org\/{rel}","templated":true}]}}