{"id":551,"date":"2024-03-10T15:50:58","date_gmt":"2024-03-10T14:50:58","guid":{"rendered":"http:\/\/ultra-sailing.hr\/dev-wordpress\/?page_id=551"},"modified":"2024-08-07T14:06:04","modified_gmt":"2024-08-07T13:06:04","slug":"o-skoli-jedrenja","status":"publish","type":"page","link":"https:\/\/ultra-sailing.hr\/hr\/o-skoli-jedrenja\/","title":{"rendered":"O \u0161koli jedrenja"},"content":{"rendered":"\n<p>Osniva\u010d i glavna pokretnica \u0161kole jedrenja je Emil Toma\u0161evi\u0107, predava\u010d na Pomorskom fakultetu, hrvatski reprezentativac u Olimpijskim jednosjedima klasama Laser i Finn 90tih godina, autor priru\u010dnika <a href=\"https:\/\/blog.ultra-sailing.hr\/what-is-what-on-the-sailing-boat\/\">&#8220;Mornarske vje\u0161tine&#8221;<\/a> sa 40 godina jedrili\u010darskog iskustva.<\/p>\n\n\n\n<p>Program \u0161kole jedrenja se odra\u0111uje prema programu <a href=\"https:\/\/www.ispa.com\/\" rel=\"nofollow noopener\" target=\"_blank\">ISPA (International Sailing and Power Academy)<\/a> i planu \u0161kole, koji je tako\u0111er iza\u0161ao i u izdanju knjige Emila Toma\u0161evi\u0107a \u201eMornarske vje\u0161tine\u201c, te sadr\u017ei sve informacije kako na jedostavan i lako razumljiv na\u010din usvojiti svu potrebnu teoriju kako bi ste \u0161to lak\u0161e i jednostavnije jedrili. Hrvatsko Ministarstvo Mora, Prometa i Infrastrukture slu\u017ebeno je priznalo ISPA dozvole s kojim mo\u017eete iznajmiti plovilo u \u010darteru.<\/p>\n\n\n<div class=\"u-mb-5\">\n\t<a href=\"mailto:school@ultra-sailing.hr\" class=\"c-badge\">\n\t\t<svg class=\"o-icon u-stroke-2\"><use xmlns:xlink=\"http:\/\/www.w3.org\/1999\/xlink\" xlink:href=\"https:\/\/ultra-sailing.hr\/wp-content\/themes\/ultra-sailing\/assets\/sprite\/icons.svg#icon-mail\"><\/use><\/svg>\t\t<span>school@ultra-sailing.hr<\/span>\n\t<\/a>\n<\/div>\n\n\n<div class=\"u-mb-5\">\n\t<a href=\"tel:+385 21 398 578\" class=\"c-badge\">\n\t\t<svg class=\"o-icon u-stroke-2\"><use xmlns:xlink=\"http:\/\/www.w3.org\/1999\/xlink\" xlink:href=\"https:\/\/ultra-sailing.hr\/wp-content\/themes\/ultra-sailing\/assets\/sprite\/icons.svg#icon-phone\"><\/use><\/svg>\t\t<span>+385 21 398 578<\/span>\n\t<\/a>\n<\/div>\n\n\n\n<figure class=\"wp-block-embed is-type-video is-provider-youtube wp-block-embed-youtube wp-embed-aspect-16-9 wp-has-aspect-ratio\"><div class=\"wp-block-embed__wrapper\">\n<iframe loading=\"lazy\" title=\"Learn to Sail in Croatia - Ultra Sailing School\" width=\"640\" height=\"360\" src=\"https:\/\/www.youtube.com\/embed\/ZDqpz3-XJOY?feature=oembed\" frameborder=\"0\" allow=\"accelerometer; autoplay; clipboard-write; encrypted-media; gyroscope; picture-in-picture; web-share\" referrerpolicy=\"strict-origin-when-cross-origin\" allowfullscreen><\/iframe>\n<\/div><\/figure>\n\n\n\n<h2 class=\"wp-block-heading\">Korisne informacije<\/h2>\n\n\n\n<ul class=\"wp-block-list\">\n<li>Materijal za u\u010denje ISPA knjige i Logbook su uklju\u010dene u cijenu<\/li>\n\n\n\n<li>Competent Crew Sail Te\u010daj: mo\u017ee se poha\u0111ati bez predznanja i iskustva<\/li>\n\n\n\n<li>Day Skipper Sail Te\u010daj: potrebno prethodno iskustvo, polo\u017een Competent Crew te\u010daj ili neki sli\u010dan program druge \u0161kole<\/li>\n\n\n\n<li>Coastal Navigator Sail te\u010daj: potrebno prethodno polazak Day Skipper Sail te\u010daja<\/li>\n<\/ul>\n\n\n\n<p>Za polaznike koji \u017eele prisustovati samo na regatama, te nemaju prethodne ISPA te\u010dajave mogu se priklju\u010diti regati i programu pripreme za regatu, s tim da ne mogu dobiti ISPA dozvolu bez polaganja samog te\u010daja.<\/p>\n","protected":false},"excerpt":{"rendered":"<p>Osniva\u010d i glavna pokretnica \u0161kole jedrenja je Emil Toma\u0161evi\u0107, predava\u010d na Pomorskom fakultetu, hrvatski reprezentativac u Olimpijskim jednosjedima klasama Laser i Finn 90tih godina, autor priru\u010dnika &#8220;Mornarske vje\u0161tine&#8221; sa 40 godina jedrili\u010darskog iskustva. Program \u0161kole jedrenja se odra\u0111uje prema programu ISPA (International Sailing and Power Academy) i planu \u0161kole, koji je tako\u0111er iza\u0161ao i u [&hellip;]<\/p>\n","protected":false},"author":1,"featured_media":0,"parent":0,"menu_order":0,"comment_status":"closed","ping_status":"closed","template":"","meta":{"_acf_changed":false,"footnotes":""},"class_list":["post-551","page","type-page","status-publish","hentry"],"acf":[],"_links":{"self":[{"href":"https:\/\/ultra-sailing.hr\/hr\/wp-json\/wp\/v2\/pages\/551","targetHints":{"allow":["GET"]}}],"collection":[{"href":"https:\/\/ultra-sailing.hr\/hr\/wp-json\/wp\/v2\/pages"}],"about":[{"href":"https:\/\/ultra-sailing.hr\/hr\/wp-json\/wp\/v2\/types\/page"}],"author":[{"embeddable":true,"href":"https:\/\/ultra-sailing.hr\/hr\/wp-json\/wp\/v2\/users\/1"}],"replies":[{"embeddable":true,"href":"https:\/\/ultra-sailing.hr\/hr\/wp-json\/wp\/v2\/comments?post=551"}],"version-history":[{"count":4,"href":"https:\/\/ultra-sailing.hr\/hr\/wp-json\/wp\/v2\/pages\/551\/revisions"}],"predecessor-version":[{"id":1870,"href":"https:\/\/ultra-sailing.hr\/hr\/wp-json\/wp\/v2\/pages\/551\/revisions\/1870"}],"wp:attachment":[{"href":"https:\/\/ultra-sailing.hr\/hr\/wp-json\/wp\/v2\/media?parent=551"}],"curies":[{"name":"wp","href":"https:\/\/api.w.org\/{rel}","templated":true}]}}