{"id":558,"date":"2024-03-10T16:09:05","date_gmt":"2024-03-10T15:09:05","guid":{"rendered":"http:\/\/ultra-sailing.hr\/dev-wordpress\/?page_id=558"},"modified":"2024-11-14T15:16:08","modified_gmt":"2024-11-14T14:16:08","slug":"najam-plovila-bez-skipera","status":"publish","type":"page","link":"https:\/\/ultra-sailing.hr\/hr\/najam-plovila-bez-skipera\/","title":{"rendered":"Jedrenje bez skipera"},"content":{"rendered":"\n<p>Ako ste unajmili jedrilicu bez skipera i prvi put \u017eelite sami obi\u0107i Jadransku obalu, evo nekoliko korisnih savjeta za Vas.<\/p>\n\n\n\n<figure class=\"wp-block-image size-full\"><img loading=\"lazy\" decoding=\"async\" width=\"900\" height=\"601\" src=\"https:\/\/ultra-sailing.hr\/wp-content\/uploads\/2024\/03\/bareboat_sailing_holidays_croatia_ultrasailing.jpg\" alt=\"\" class=\"wp-image-559\" srcset=\"https:\/\/ultra-sailing.hr\/wp-content\/uploads\/2024\/03\/bareboat_sailing_holidays_croatia_ultrasailing.jpg 900w, https:\/\/ultra-sailing.hr\/wp-content\/uploads\/2024\/03\/bareboat_sailing_holidays_croatia_ultrasailing-300x200.jpg 300w, https:\/\/ultra-sailing.hr\/wp-content\/uploads\/2024\/03\/bareboat_sailing_holidays_croatia_ultrasailing-768x513.jpg 768w\" sizes=\"auto, (max-width: 900px) 100vw, 900px\" \/><\/figure>\n\n\n\n<h2 class=\"wp-block-heading\">Aerodromi u blizini na\u0161ih charter baza<\/h2>\n\n\n\n<ul class=\"wp-block-list\">\n<li>Dubrovnik &#8211; APT Dubrovnik (udaljenost oko 25 km)<\/li>\n\n\n\n<li>Trogir &#8211; APT Split (udaljenost oko 8 km)<\/li>\n\n\n\n<li>Split &#8211; APT Split (udaljenost oko 25 km)<\/li>\n\n\n\n<li>Pomer &#8211; APT Pula (udaljenost oko 10 km)<\/li>\n<\/ul>\n\n\n\n<p>Svi aerodromi su vrlo dobro povezani (posebno u sezoni) sa Zagrebom, Rimom, Frankfurtom, Londonom, Barcelonom, Oslo, Moskva i ostalim va\u017enim avio-lukama. Prijevoz od aerodroma do jedne od na\u0161ih baza uvijek mo\u017ee biti naknadno naru\u010den. Savjet za Va\u0161u navigacijsku rutu mo\u017eete detaljnije pogledati ovdje.<\/p>\n\n\n\n<h2 class=\"wp-block-heading\">Kako rezervirati jedrilicu<\/h2>\n\n\n\n<p>Ako ste ve\u0107 odabrali bazu iz koje \u017eelite isploviti i ve\u0107 imate ideju kakva Vam jedrilica treba mo\u017eete pretra\u017eiti slobodna plovila na na\u0161oj tra\u017eilici.<\/p>\n\n\n\n<p>Ako Vam treba savjet ili niste sigurni \u0161to Vam to\u010dno treba mo\u017eete nas kontaktirati na: <a href=\"mailto:booking@ultra-sailing.hr\">booking@ultra-sailing.hr<\/a>. Na\u0161 ured radi od 08:00-20:00 sati (Pon-Pet), te de\u017eurstva tokom vikenda, a odgovor bi ste trebali dobiti kroz sat vremena. Mo\u017eete zatra\u017eiti da se odre\u0111eni model stavi pod opciju za Vas, \u0161to zna\u010di da je plovilo koje Vam se svi\u0111a blokirano u sistemu za Vas na 3 dana dok ne odlu\u010dite da li \u017eelite kona\u010dno potvrditi. Kada odlu\u010dite potvrditi najam, na\u0161 ured \u0107e Vam poslati potvrdu rezervacije s bankovnim detaljima za uplatu avansa. Nakon primljenog avansa \u0161aljemo potpisani Ugovor, a Boarding pass \u0107e biti poslan tek nakon cijele uplate. Na\u0161 ured \u0107e vas tako\u0111er pitati i za va\u0161e vrijeme dolaska (va\u017eno za na\u0161 subotnji raspored rada) kao i listu posade (skiperska dozvola,ime i prezime svih \u010dlanova posade, datum ro\u0111enja i broj osobne ili putovnice)<\/p>\n\n\n\n<p>Vi\u0161e informacija o najmu jedrilice ili katamarana pro\u010ditajte u na\u0161em blogu:<\/p>\n\n\n\t\t<div class=\"c-nav-card-group\">\n\t\t\t\n<a href=\"https:\/\/blog.ultra-sailing.hr\/hr\/najam-broda-u-hrvatskoj-savjeti-i-sve-sto-je-potrebno-znati\/\" class=\"c-nav-card\" target=\"_self\">\n\t<img loading=\"lazy\" decoding=\"async\" width=\"680\" height=\"320\" src=\"https:\/\/ultra-sailing.hr\/wp-content\/uploads\/2024\/05\/Sailing_Croatia-ultra_sailing_charter-680x320.jpg\" class=\"attachment-680x320 size-680x320\" alt=\"\" \/>\t<div class=\"c-nav-card__main\">\n\t\t<p class=\"c-nav-card__title\">Najam plovila u Hrvatskoj \u2013 savjeti i sve \u0161to je potrebno znati<\/p>\n\t\t<p class=\"c-nav-card__subtitle\">Odabir odgovaraju\u0107eg charter plovila, cijene i sve \u0161to ona uklju\u010duje, vezovi, pravila u charteru, odabira va\u0161e idealne lokacije i doba godine za plovidbu<\/p>\n\t\t<div class=\"c-nav-card__icon\">\n\t\t\t<svg class=\"o-icon u-stroke-2\"><use xmlns:xlink=\"http:\/\/www.w3.org\/1999\/xlink\" xlink:href=\"https:\/\/ultra-sailing.hr\/wp-content\/themes\/ultra-sailing\/assets\/sprite\/icons.svg#icon-chevron-right\"><\/use><\/svg>\t\t<\/div>\n\t<\/div>\n<\/a>\n<a href=\"https:\/\/blog.ultra-sailing.hr\/hr\/jedrenje-u-hrvatskoj-upute-za-primopredaju-plovila\/\" class=\"c-nav-card\" target=\"_self\">\n\t<img loading=\"lazy\" decoding=\"async\" width=\"680\" height=\"320\" src=\"https:\/\/ultra-sailing.hr\/wp-content\/uploads\/2024\/05\/handover_procedure_sailing_boat_anchor-680x320.jpg\" class=\"attachment-680x320 size-680x320\" alt=\"\" \/>\t<div class=\"c-nav-card__main\">\n\t\t<p class=\"c-nav-card__title\">Upute za primopredaju plovila check in\/out<\/p>\n\t\t<p class=\"c-nav-card__subtitle\">Procedura preuzimanja plovila, oprema plovila, navigacijski instrumenti, jedra, sigurnost na plovilu&#8230;<\/p>\n\t\t<div class=\"c-nav-card__icon\">\n\t\t\t<svg class=\"o-icon u-stroke-2\"><use xmlns:xlink=\"http:\/\/www.w3.org\/1999\/xlink\" xlink:href=\"https:\/\/ultra-sailing.hr\/wp-content\/themes\/ultra-sailing\/assets\/sprite\/icons.svg#icon-chevron-right\"><\/use><\/svg>\t\t<\/div>\n\t<\/div>\n<\/a>\t\t<\/div>\n\n\n\n<h2 class=\"wp-block-heading\">Potrebni dokumenti<\/h2>\n\n\n\n<p>Za najam plovila u Hrvatskoj trebati \u0107e Vam skiperska dozvola ili dozvola za upravljanje brodicom, VHF dozvola i putovnica ili osobna karta. Provjerite je li Va\u0161a dozvola va\u017ee\u0107a na slu\u017ebenim stranicama MUP-a: www.mppi.hr<\/p>\n\n\n\n<p>Check in je predvi\u0111en u 17:00 sati, subotom. Do tog vremena sva plovila \u0107e biti pregledana i o\u010di\u0161\u0107ena za Vas. U slu\u010daju da dolazite ranije, javite se u na\u0161 prijemni ured i rje\u0161ite papirnati dio primopredaje:<\/p>\n\n\n\n<ul class=\"wp-block-list\">\n<li>Uzimanje brodskih dokumenata i vremenske prognoze<\/li>\n\n\n\n<li>Zatra\u017eit \u0107emo Va\u0161u originalnu skipersku dozvolu<\/li>\n\n\n\n<li>Potvrdit \u0107emo Va\u0161u listu posade, naplatiti boravi\u0161nu pristojbu<\/li>\n\n\n\n<li>Depozit se mo\u017ee ostaviti karti\u010dno ili gotovinom<\/li>\n<\/ul>\n\n\n\n<p>Nakon odra\u0111enog papirnatog dijela obavijestit \u0107emo Vas o predvi\u0111enom vremenu kada \u0107e plovilo biti spremno. Samo nakon papirnate dokumentacije mo\u017ee se nastaviti sa tehni\u010dkom primopredajom plovila s listom opreme na plovilu koja \u0107e biti potpisana s obje strane.Savjetujemo da samo jedna osoba bude prisutna na tehni\u010dkoj primopredaji jer tako \u0107e te br\u017ee dobiti plovilo na raspolaganje i \u010duti jasnije sve savjete koje \u0107e Vam dati na\u0161e osoblje. U me\u0111uvremenu Va\u0161a posada mo\u017ee biti u obli\u017enjem kafi\u0107u ili obaviti kupnju namirnica u obli\u017enjim supermarketima.<\/p>\n\n\n\n<h2 class=\"wp-block-heading\">Sigurnosni depozit<\/h2>\n\n\n\n<p>Sva plovila u na\u0161oj floti su osigurana. Depozit se mo\u017ee ostaviti na slijede\u0107e na\u010dine:<\/p>\n\n\n\n<h3 class=\"wp-block-heading\">Povratni depozit<\/h3>\n\n\n\n<p>Sigurnosni depozit mo\u017ee se ostaviti karticom ili gotovinom. Nakon povratka s Va\u0161eg odmora i pregleda plovila iznos depozita \u0107e biti odblokiran (vra\u0107en gostu). Iznos sigurnosnog depozita je dio koje osiguranje ne pokriva npr. za izgubljen gumenjak, izgubljeno ili razbijeno veslo i sl. Ako je \u0161teta manja (npr. izgubljen bokobran cca 70\u20ac), tada se naravno vra\u0107a cijeli sigurnosni depozit i napla\u0107uje stvarni tro\u0161ak (u ovom slu\u010daju bokobran 70\u20ac). Sve \u0161tete tokom odmora moraju biti prijavljene na na\u0161 telefon podr\u0161ke kojeg dobijete prilikom ukrcaja. U slu\u010daju velikih \u0161teta (ve\u0107ih od ostavljenog depozita) napla\u0107uje se samo iznos depozita, a sve po cjeniku koji se nalazi u svim na\u0161im prijemnim uredima i na ovoj web stranici.<\/p>\n\n\n\n<h3 class=\"wp-block-heading\">Nepovratni depozit<\/h3>\n\n\n\n<p>Iznos nepovratnog depozita tako\u0111er je naveden u na\u0161em cjeniku. Zatra\u017eit \u0107e mo Va\u0161e podatke, skipersku dozvolu i prijaviti direktno osiguravaju\u0107oj ku\u0107i Va\u0161u nepovratnu policu. Naplata ide karti\u010dno direktno Osiguravaju\u0107oj ku\u0107i u visini 180-440\u20ac (ovisno o vrsti plovila) + 100\u20ac povratni dio isklju\u010divo gotovinom.<\/p>\n\n\n\n<h2 class=\"wp-block-heading\">\u010cuvajmo na\u0161e more<\/h2>\n\n\n\n<p>Pru\u017eimo generacijama koje dolaze da u\u017eivaju u Jadranu onako kako i mi \u017eelimo i mo\u017eemo u\u017eivati danas. Po\u0161tujmo prirodu i njen okoli\u0161 bez obzira jedrite li na jedrilicama iz Ultra flote ili neke druge.<\/p>\n\n\n\n<ul class=\"wp-block-list\">\n<li>Ne bacajmo sme\u0107e u more (najlonske vre\u0107ice su pogubne za kornja\u010de i sli\u010dne sve rje\u0111e \u017eivotinje)<\/li>\n\n\n\n<li>Otpadne vode iz broda mogu biti ispu\u0161tene samo na mjestima predvi\u0111enim za to<\/li>\n\n\n\n<li>Po\u0161tujmo zakon o ribolovu<\/li>\n\n\n\n<li>Za\u0161titimo biljnu i \u017eivotinjsku vrstu<\/li>\n\n\n\n<li>Prijavimo krivolov<\/li>\n\n\n\n<li>Ne palimo vatru na otvorenom<\/li>\n\n\n\n<li>\u0160tedimo vodu (mnogi otoci nisu spojeni s vodovodima na kopnu. Za njih je voda blagostanje i nemaju je mnogo. Stoga \u0161tedite vodu kra\u0107im tu\u0161iranjima ili ne perite plovila dok ste na otocima.)<\/li>\n\n\n\n<li>Na\u0161a voda je pitka, ali voda iz brodskih tankova nije. Ne kupujte previ\u0161e plasti\u010dnih boca ve\u0107 napunite prazne \u010dim stignete u marinu.<\/li>\n\n\n\n<li>U\u0161tedite energiju &#8211; jedrite \u0161to je vi\u0161e mogu\u0107e, oku\u0161ajte se u windsurfu (Kor\u010dula-Orebi\u0107), unajmite kayak na Mljetu, izbjegavajte skutere i motorne brodove.<\/li>\n<\/ul>\n","protected":false},"excerpt":{"rendered":"<p>Ako ste unajmili jedrilicu bez skipera i prvi put \u017eelite sami obi\u0107i Jadransku obalu, evo nekoliko korisnih savjeta za Vas. Aerodromi u blizini na\u0161ih charter baza Svi aerodromi su vrlo dobro povezani (posebno u sezoni) sa Zagrebom, Rimom, Frankfurtom, Londonom, Barcelonom, Oslo, Moskva i ostalim va\u017enim avio-lukama. Prijevoz od aerodroma do jedne od na\u0161ih baza [&hellip;]<\/p>\n","protected":false},"author":1,"featured_media":0,"parent":0,"menu_order":0,"comment_status":"closed","ping_status":"closed","template":"","meta":{"_acf_changed":false,"footnotes":""},"class_list":["post-558","page","type-page","status-publish","hentry"],"acf":[],"_links":{"self":[{"href":"https:\/\/ultra-sailing.hr\/hr\/wp-json\/wp\/v2\/pages\/558","targetHints":{"allow":["GET"]}}],"collection":[{"href":"https:\/\/ultra-sailing.hr\/hr\/wp-json\/wp\/v2\/pages"}],"about":[{"href":"https:\/\/ultra-sailing.hr\/hr\/wp-json\/wp\/v2\/types\/page"}],"author":[{"embeddable":true,"href":"https:\/\/ultra-sailing.hr\/hr\/wp-json\/wp\/v2\/users\/1"}],"replies":[{"embeddable":true,"href":"https:\/\/ultra-sailing.hr\/hr\/wp-json\/wp\/v2\/comments?post=558"}],"version-history":[{"count":9,"href":"https:\/\/ultra-sailing.hr\/hr\/wp-json\/wp\/v2\/pages\/558\/revisions"}],"predecessor-version":[{"id":3258,"href":"https:\/\/ultra-sailing.hr\/hr\/wp-json\/wp\/v2\/pages\/558\/revisions\/3258"}],"wp:attachment":[{"href":"https:\/\/ultra-sailing.hr\/hr\/wp-json\/wp\/v2\/media?parent=558"}],"curies":[{"name":"wp","href":"https:\/\/api.w.org\/{rel}","templated":true}]}}