{"id":564,"date":"2024-03-10T16:13:12","date_gmt":"2024-03-10T15:13:12","guid":{"rendered":"http:\/\/ultra-sailing.hr\/dev-wordpress\/?page_id=564"},"modified":"2024-05-16T10:31:41","modified_gmt":"2024-05-16T09:31:41","slug":"plovilo-sa-skiperom","status":"publish","type":"page","link":"https:\/\/ultra-sailing.hr\/hr\/plovilo-sa-skiperom\/","title":{"rendered":"Plovilo sa skiperom"},"content":{"rendered":"\n<p>Sanjate li o jedrenju, a nemate dozvolu ili dovoljno iskustva ili Vam treba netko tko \u0107e biti dobar vodi\u0107 Vama i Va\u0161oj posadi? Mislite o otocima koje Vas \u010dekaju da ih posjetite, plivanju u slanom i plavom moru \u2026 ? Tada je odabir jedrilice ili katamarana sa skiperom ono \u0161to Vam treba.<\/p>\n\n\n\n<h2 class=\"wp-block-heading\">Tko bi trebao unajmiti skipera?<\/h2>\n\n\n\n<p>Jedrilica ili katamaran sa skiperom je najbolji odabir za obitelj, grupu prijatelja ili kolega koji ne \u017eele razmi\u0161ljati o privezi\u0161tima, sigurnosti broda i sl. Skiperska dozvola u takvom slu\u010daju je nepotrebna. Iskustvo je tako\u0111er nepotrebno, ali oni koji \u017eele ne\u0161to nau\u010diti tokom odmora mogu uvijek dobiti savjet od skipera. Ponekad imamo upite za skipere za napredna jedrenja (u\u010destvovanja na regatama). Upiti sti\u017eu i od iskusnih posada koje ponekad \u017eele imati malo mira i manje brige tokom svojeg odmora.<\/p>\n\n\n\n<figure class=\"wp-block-embed is-type-video is-provider-youtube wp-block-embed-youtube wp-embed-aspect-16-9 wp-has-aspect-ratio\"><div class=\"wp-block-embed__wrapper\">\n<iframe loading=\"lazy\" title=\"Sailing holidays Croatia - Ultra Sailing Yacht Charter\" width=\"640\" height=\"360\" src=\"https:\/\/www.youtube.com\/embed\/aY6sLhlQ5F0?feature=oembed\" frameborder=\"0\" allow=\"accelerometer; autoplay; clipboard-write; encrypted-media; gyroscope; picture-in-picture; web-share\" referrerpolicy=\"strict-origin-when-cross-origin\" allowfullscreen><\/iframe>\n<\/div><\/figure>\n\n\n\n<h2 class=\"wp-block-heading\">Skipper na brodu<\/h2>\n\n\n\n<p>Na\u0161i skiperi su profesionalni i s iskustvom ste\u010denim u ra\u0161irenom charter svijetu Hrvatske, Gr\u010dke i Italije, itd. Uglavnom su Hrvati koji govore vi\u0161e jezika i starosti od 25-50 godina s otvorenim obrtom i dozvolom za rad. Neki od njih imaju dugo iskustvo jedrenja, jo\u0161 od jedrenja u dje\u010dijim klasama u lokalnim jedrili\u010darskim klubovima. Skiperska obveza je tehni\u010dka primopredaja plovila, savjetovanje i dogovor ruta zajedno s posadom, obavje\u0161tavanje i pra\u0107enje vremenskih uvjeta.<\/p>\n\n\n\n<p>Ponekad Vam skiper ne mo\u017ee pru\u017eiti rutu koju ste zamislili zbog lo\u0161eg vremena i zbog Va\u0161e sigurnosti. Savjetujemo da uvijek uzmete plovilo s kabinom vi\u0161e (za skipera) kako bi svi skupa imali vi\u0161e privatnosti. U\u010diniti \u0107emo sve da Vam pru\u017eimo najboljeg skipera, a za to \u0107emo tra\u017eiti da nam ispunite i &#8220;skipper formular&#8221;.<\/p>\n\n\n<div class=\"wp-block-image\">\n<figure class=\"aligncenter size-full\"><img loading=\"lazy\" decoding=\"async\" width=\"640\" height=\"803\" src=\"https:\/\/ultra-sailing.hr\/wp-content\/uploads\/2024\/05\/Saona47_Sails.jpg\" alt=\"\" class=\"wp-image-1313\" style=\"aspect-ratio:4\/3;object-fit:cover\" srcset=\"https:\/\/ultra-sailing.hr\/wp-content\/uploads\/2024\/05\/Saona47_Sails.jpg 640w, https:\/\/ultra-sailing.hr\/wp-content\/uploads\/2024\/05\/Saona47_Sails-239x300.jpg 239w\" sizes=\"auto, (max-width: 640px) 100vw, 640px\" \/><\/figure>\n<\/div>\n\n\n<h2 class=\"wp-block-heading\">Odabir rute<\/h2>\n\n\n\n<p>Va\u0161a ideja o ruti uvijek mo\u017ee biti dogovorena sa skiperom. Ako su djeca na brodu, skiper \u0107e svakako odabrati kra\u0107e rute i prilagoditi navigaciju djeci.<\/p>\n\n\n\n<h2 class=\"wp-block-heading\">Naknada za skipera<\/h2>\n\n\n\n<p>Cijena skipera se kre\u0107e oko 230\u20ac do 350\u20ac po danu (uklju\u010duje 25% PDV) i obi\u010daj je da skiper jede s posadom. Pla\u0107anje skipera se obavlja prilikom primopredaje plovila u uredu Ultra d.o.o. za \u0161to \u0107e te dobiti ra\u010dun.<\/p>\n\n\n\n<h2 class=\"wp-block-heading\">Prednosti jedrenja sa skiperom<\/h2>\n\n\n\n<p>Skiper se brine o svoj tehnici na brodu i naravno Va\u0161oj sigurnosti. Oni obi\u010dno znaju sva najbolja privezi\u0161ta, najbolje restorane i lokalno stanovni\u0161tvo. Njihovo znanje mo\u017ee Va\u0161e jedrenje u\u010diniti interesantnijem.<\/p>\n\n\n\n<h2 class=\"wp-block-heading\">Potrebni dokumenti i sigurnosni polog<\/h2>\n\n\n\n<p>Budu\u0107i da skiper ima pravovaljanu dozvolu, Vama i Va\u0161oj posadi trebati \u0107e samo osobna ili putovnica. Sve na\u0161e jedrilice su osigurane, ali se depozit (po cjeniku) mora ostaviti u slu\u010daju da se uka\u017ee kako se nije radilo o skiperskoj gre\u0161ci npr. slomljen prozor.<\/p>\n\n\n\n<p><\/p>\n\n\n\n<p>Vi\u0161e o odmoru sa skiperom pro\u010ditajte u na\u0161em blogu:<\/p>\n\n\n\t\t<div class=\"c-nav-card-group\">\n\t\t\t\n<a href=\"https:\/\/blog.ultra-sailing.hr\/hr\/najam-jahte-sa-skiperom-i-hostesom\/\" class=\"c-nav-card\" target=\"_self\">\n\t<img loading=\"lazy\" decoding=\"async\" width=\"680\" height=\"320\" src=\"https:\/\/ultra-sailing.hr\/wp-content\/uploads\/2024\/05\/Oceanis461_UltraSailing-680x320.jpg\" class=\"attachment-680x320 size-680x320\" alt=\"\" \/>\t<div class=\"c-nav-card__main\">\n\t\t<p class=\"c-nav-card__title\">Najam plovila sa skiperom<\/p>\n\t\t<p class=\"c-nav-card__subtitle\">Na\u0161i gosti se naj\u010de\u0161\u0107e prepuste na\u0161em odabiru lokalnog skipera&#8230;<\/p>\n\t\t<div class=\"c-nav-card__icon\">\n\t\t\t<svg class=\"o-icon u-stroke-2\"><use xmlns:xlink=\"http:\/\/www.w3.org\/1999\/xlink\" xlink:href=\"https:\/\/ultra-sailing.hr\/wp-content\/themes\/ultra-sailing\/assets\/sprite\/icons.svg#icon-chevron-right\"><\/use><\/svg>\t\t<\/div>\n\t<\/div>\n<\/a>\t\t<\/div>\n","protected":false},"excerpt":{"rendered":"<p>Sanjate li o jedrenju, a nemate dozvolu ili dovoljno iskustva ili Vam treba netko tko \u0107e biti dobar vodi\u0107 Vama i Va\u0161oj posadi? Mislite o otocima koje Vas \u010dekaju da ih posjetite, plivanju u slanom i plavom moru \u2026 ? Tada je odabir jedrilice ili katamarana sa skiperom ono \u0161to Vam treba. Tko bi trebao [&hellip;]<\/p>\n","protected":false},"author":1,"featured_media":0,"parent":0,"menu_order":0,"comment_status":"closed","ping_status":"closed","template":"","meta":{"_acf_changed":false,"footnotes":""},"class_list":["post-564","page","type-page","status-publish","hentry"],"acf":[],"_links":{"self":[{"href":"https:\/\/ultra-sailing.hr\/hr\/wp-json\/wp\/v2\/pages\/564","targetHints":{"allow":["GET"]}}],"collection":[{"href":"https:\/\/ultra-sailing.hr\/hr\/wp-json\/wp\/v2\/pages"}],"about":[{"href":"https:\/\/ultra-sailing.hr\/hr\/wp-json\/wp\/v2\/types\/page"}],"author":[{"embeddable":true,"href":"https:\/\/ultra-sailing.hr\/hr\/wp-json\/wp\/v2\/users\/1"}],"replies":[{"embeddable":true,"href":"https:\/\/ultra-sailing.hr\/hr\/wp-json\/wp\/v2\/comments?post=564"}],"version-history":[{"count":7,"href":"https:\/\/ultra-sailing.hr\/hr\/wp-json\/wp\/v2\/pages\/564\/revisions"}],"predecessor-version":[{"id":1380,"href":"https:\/\/ultra-sailing.hr\/hr\/wp-json\/wp\/v2\/pages\/564\/revisions\/1380"}],"wp:attachment":[{"href":"https:\/\/ultra-sailing.hr\/hr\/wp-json\/wp\/v2\/media?parent=564"}],"curies":[{"name":"wp","href":"https:\/\/api.w.org\/{rel}","templated":true}]}}