{"id":566,"date":"2024-03-10T16:20:13","date_gmt":"2024-03-10T15:20:13","guid":{"rendered":"http:\/\/ultra-sailing.hr\/dev-wordpress\/?page_id=566"},"modified":"2024-08-29T10:58:45","modified_gmt":"2024-08-29T09:58:45","slug":"atraktivne-nauticke-destinacije","status":"publish","type":"page","link":"https:\/\/ultra-sailing.hr\/hr\/atraktivne-nauticke-destinacije\/","title":{"rendered":"Atraktivne nauti\u010dke destinacije"},"content":{"rendered":"\n<p>Nauti\u010dari vole neovisnost koju jedrenje nudi, kristalno \u010disto Jadransko more, bezbrojne uvale i pla\u017ee. Stoga je jedrenje u Hrvatskoj kao vrsta odmora za svakoga, bez obzira znate li jedriti ili ne. Ukoliko nemate iskustva ili ne znate upravljati plovilom, preporu\u010damo <a href=\"https:\/\/ultra-sailing.hr\/hr\/plovilo-sa-skiperom\/\">najam sa skiperom<\/a>.<\/p>\n\n\n\n<p>Gosti koji \u017eele istra\u017eiti i oploviti cijelu hrvatsku obalu trebaju biti svjesni da je potrebno vi\u0161e od jedne plovidbe da bi se vidjele sve ljepote ovog dijela Jadranskog mora. Neki gosti preferiraju takozvani one way charter, kre\u0107u\u0107i iz jedne charter baze i ostavljaju\u0107i plovilo u drugoj. Kod nas mo\u017eete odabrati i tu opciju, tako da iznajmite plovilo u Splitu i ostavite ga u Dubrovniku ili obrnuto.<\/p>\n\n\n<div class=\"wp-block-image\">\n<figure class=\"aligncenter size-large\"><img loading=\"lazy\" decoding=\"async\" width=\"1024\" height=\"282\" src=\"https:\/\/ultra-sailing.hr\/wp-content\/uploads\/2024\/05\/Sailing_Destination_Croatia_Ultra_Charter-1024x282.jpg\" alt=\"\" class=\"wp-image-1331\" srcset=\"https:\/\/ultra-sailing.hr\/wp-content\/uploads\/2024\/05\/Sailing_Destination_Croatia_Ultra_Charter-1024x282.jpg 1024w, https:\/\/ultra-sailing.hr\/wp-content\/uploads\/2024\/05\/Sailing_Destination_Croatia_Ultra_Charter-768x211.jpg 768w, https:\/\/ultra-sailing.hr\/wp-content\/uploads\/2024\/05\/Sailing_Destination_Croatia_Ultra_Charter-300x83.jpg 300w, https:\/\/ultra-sailing.hr\/wp-content\/uploads\/2024\/05\/Sailing_Destination_Croatia_Ultra_Charter-1536x423.jpg 1536w, https:\/\/ultra-sailing.hr\/wp-content\/uploads\/2024\/05\/Sailing_Destination_Croatia_Ultra_Charter-2048x564.jpg 2048w\" sizes=\"auto, (max-width: 1024px) 100vw, 1024px\" \/><\/figure>\n<\/div>\n\n\n<p>Prilikom planiranja najma jedrilice ili katamarana u Hrvatskoj, podru\u010dja dijelimo na Istru i Kvarnerski zaljev (Pula), Sjeverni Jadran (Zadar), Srednji Jadran (Split) i Ju\u017eni Jadran (Dubrovnik). Sva navedena podru\u010dja nude izvrsnu nauti\u010dku infrastrukturu: luke, marine, bove za privez i sidri\u0161ta. Sva podru\u010dja su jedinstvena po tradiciji, kulturi, povijesnim gradovima, lokalnoj gastronomiji i jo\u0161 mnogo toga. Stoga zaplovite s nama i otkrijte \u010dari Jadrana na jedrilici ili katamaranu.<\/p>\n\n\n\n<h2 class=\"wp-block-heading\">Podru\u010dje Istre i Kvarnera<\/h2>\n\n\n\n<figure class=\"wp-block-image size-full\"><img loading=\"lazy\" decoding=\"async\" width=\"1000\" height=\"563\" src=\"https:\/\/ultra-sailing.hr\/wp-content\/uploads\/2024\/03\/jedrenje-istra-kvarner.jpg\" alt=\"\" class=\"wp-image-567\" srcset=\"https:\/\/ultra-sailing.hr\/wp-content\/uploads\/2024\/03\/jedrenje-istra-kvarner.jpg 1000w, https:\/\/ultra-sailing.hr\/wp-content\/uploads\/2024\/03\/jedrenje-istra-kvarner-300x169.jpg 300w, https:\/\/ultra-sailing.hr\/wp-content\/uploads\/2024\/03\/jedrenje-istra-kvarner-768x432.jpg 768w\" sizes=\"auto, (max-width: 1000px) 100vw, 1000px\" \/><\/figure>\n\n\n\n<p>Na najsjevernijoj dijelu hrvatske obale smjestila se Istra. Na ovom poluotoku nalaze se neki od najpopularnijih i povijesnih gradova u Hrvatskoj, poput Pule, Pore\u010da i Rovinja. Jugoisto\u010dno od istarskog poluotoka prote\u017ee se podru\u010dje Kvarnera sa svojim prekrasnim otocima i pla\u017eama. Za plovidbu Istrom i Kvarnerom ve\u0107ina gostiju kre\u0107e iz grada Pule, gdje mo\u017eete birati izme\u0111u tri marine, ACI Marina Pula, ACI Marina Pomer i Marina Veruda, koje nude najve\u0107u charter flotu na istarskom poluotoku. Odavde mo\u017eete krenuti prema sjeveru do gradova Rovinja, Pore\u010da, Novigrada, Umaga ili \u010dak Venecije u Italiji. Prema jugu su otoci Cres, Krk, Unije, Susak, Mali i Veli Lo\u0161inj, Rab, Premuda, Silba i ostali manji.<\/p>\n\n\n\n<hr class=\"wp-block-separator has-text-color has-vivid-red-color has-alpha-channel-opacity has-vivid-red-background-color has-background is-style-wide\"\/>\n\n\n\n<h2 class=\"wp-block-heading\">Podru\u010dje sjevernog Jadrana<\/h2>\n\n\n\n<figure class=\"wp-block-image size-full\"><img loading=\"lazy\" decoding=\"async\" width=\"1000\" height=\"563\" src=\"https:\/\/ultra-sailing.hr\/wp-content\/uploads\/2024\/03\/jedrenje-sjeverni-jadran.jpg\" alt=\"\" class=\"wp-image-569\" srcset=\"https:\/\/ultra-sailing.hr\/wp-content\/uploads\/2024\/03\/jedrenje-sjeverni-jadran.jpg 1000w, https:\/\/ultra-sailing.hr\/wp-content\/uploads\/2024\/03\/jedrenje-sjeverni-jadran-300x169.jpg 300w, https:\/\/ultra-sailing.hr\/wp-content\/uploads\/2024\/03\/jedrenje-sjeverni-jadran-768x432.jpg 768w\" sizes=\"auto, (max-width: 1000px) 100vw, 1000px\" \/><\/figure>\n\n\n\n<p>Sredi\u0161te sjevernog Jadrana je predstavlja grad Zadar i njegova okolica. Neke od najslavnijih hrvatskih nacionalnih atrakcija nalaze se na ovom podru\u010dju. Kornati su najposje\u0107eniji nacionalni park u Hrvatskoj od strane nauti\u010dara. I to ne \u010dudi, Zadar je na idealnoj poziciji da se do njega do\u0111e automobilom ili avionom (zra\u010dna luka Zadar), prekrasne uvale i priroda su odmah iza ugla.<\/p>\n\n\n\n<p>U istra\u017eivanje sjevernodalmatinskih otoka najbolje je krenuti iz Marine Zadar, Suko\u0161an ili Biograda na Moru (Marina Kornati). Sva tri grada imaju velik broj charter plovila i dobro su organizirani. Bez obzira iz koje marine krenuli, odavde je idealno oploviti otoke kao \u0161to su Pa\u0161man, Ugljan, I\u017e, Vrgada, \u017dut, Dugi Otok, Kornat i ostali manji, do kojih ne voze trajekti i sli\u010dno.<\/p>\n\n\n\n<hr class=\"wp-block-separator has-text-color has-vivid-red-color has-alpha-channel-opacity has-vivid-red-background-color has-background is-style-wide\"\/>\n\n\n\n<h2 class=\"wp-block-heading\">Podru\u010dje srednjeg Jadrana<\/h2>\n\n\n\n<figure class=\"wp-block-image size-full\"><img loading=\"lazy\" decoding=\"async\" width=\"1000\" height=\"563\" src=\"https:\/\/ultra-sailing.hr\/wp-content\/uploads\/2024\/03\/jedrenje-srednji-jadran.jpg\" alt=\"\" class=\"wp-image-571\" srcset=\"https:\/\/ultra-sailing.hr\/wp-content\/uploads\/2024\/03\/jedrenje-srednji-jadran.jpg 1000w, https:\/\/ultra-sailing.hr\/wp-content\/uploads\/2024\/03\/jedrenje-srednji-jadran-300x169.jpg 300w, https:\/\/ultra-sailing.hr\/wp-content\/uploads\/2024\/03\/jedrenje-srednji-jadran-768x432.jpg 768w\" sizes=\"auto, (max-width: 1000px) 100vw, 1000px\" \/><\/figure>\n\n\n\n<p>Ako \u017eelite zapo\u010deti jedrili\u010darsku avanturu na Srednjem Jadranu, imate priliku istra\u017eiti neke od najpoznatijih otoka hrvatskog Jadrana, poput Hvara i Visa.<\/p>\n\n\n\n<p>Najve\u0107a flota charter brodova nalazi se u gradovima Trogiru, Ka\u0161telima i Splitu. Split je sredi\u0161te srednje Dalmacije. Marine u Trogiru i Splitu nude priliku za \u0161etnju povijesnim jezgrama gradova dok \u010dekate svoj charter brod. U srednjoj Dalmaciji ve\u0107ina charter gostiju plovi prema otocima \u0160olti, Bra\u010du, Hvaru, Visu i Kor\u010duli, ili manjima poput \u0160\u0107edra ili Drvenika.<\/p>\n\n\n\n<hr class=\"wp-block-separator has-text-color has-vivid-red-color has-alpha-channel-opacity has-vivid-red-background-color has-background is-style-wide\"\/>\n\n\n\n<h2 class=\"wp-block-heading\">Podru\u010dje ju\u017enog Jadrana<\/h2>\n\n\n\n<figure class=\"wp-block-image size-full\"><img loading=\"lazy\" decoding=\"async\" width=\"1000\" height=\"563\" src=\"https:\/\/ultra-sailing.hr\/wp-content\/uploads\/2024\/03\/jedrenje-juzni-jadran.jpg\" alt=\"\" class=\"wp-image-573\" srcset=\"https:\/\/ultra-sailing.hr\/wp-content\/uploads\/2024\/03\/jedrenje-juzni-jadran.jpg 1000w, https:\/\/ultra-sailing.hr\/wp-content\/uploads\/2024\/03\/jedrenje-juzni-jadran-300x169.jpg 300w, https:\/\/ultra-sailing.hr\/wp-content\/uploads\/2024\/03\/jedrenje-juzni-jadran-768x432.jpg 768w\" sizes=\"auto, (max-width: 1000px) 100vw, 1000px\" \/><\/figure>\n\n\n\n<p>Duboko na jugu smjestio se biser Jadrana, slavni grad Dubrovnik. To je jedna od najljep\u0161ih destinacija na Mediteranu. Odlu\u010dite li se za charter iz dubrova\u010dkog podru\u010dja, mo\u017eete isploviti iz ACI marine Dubrovnik, koja se nalazi nedaleko od grada Dubrovnika, ili relativno nove ACI marine Slano, koja se nalazi 35km sjeverno od Dubrovnika. Ve\u0107ina charter gostiju iz Europe u Dubrovnik dolazi zrakoplovom. Otoci koje najlak\u0161e mo\u017eete posjetiti iz Dubrovnika su Lastovo, Mljet, poluotok Pelje\u0161ac i Elafitski arhipelag.<\/p>\n\n\n\n<p>Mnogi na\u0161i gosti tako\u0111er odlaze na jedrenje u Crnu Goru, koja je blizu Dubrovnika. Tako\u0111er mo\u017eete napraviti takozvani one way najam. Na\u0161im gostima nudimo mogu\u0107nost preuzimanja jedrilice ili katamarana u na\u0161oj charter bazi u Splitu ili Trogiru i iskrcaja u Dubrovniku ili obrnuto.<\/p>\n\n\n\n<hr class=\"wp-block-separator has-text-color has-vivid-red-color has-alpha-channel-opacity has-vivid-red-background-color has-background is-style-wide\"\/>\n","protected":false},"excerpt":{"rendered":"<p>Nauti\u010dari vole neovisnost koju jedrenje nudi, kristalno \u010disto Jadransko more, bezbrojne uvale i pla\u017ee. Stoga je jedrenje u Hrvatskoj kao vrsta odmora za svakoga, bez obzira znate li jedriti ili ne. Ukoliko nemate iskustva ili ne znate upravljati plovilom, preporu\u010damo najam sa skiperom. Gosti koji \u017eele istra\u017eiti i oploviti cijelu hrvatsku obalu trebaju biti svjesni [&hellip;]<\/p>\n","protected":false},"author":1,"featured_media":0,"parent":0,"menu_order":0,"comment_status":"closed","ping_status":"closed","template":"","meta":{"_acf_changed":false,"footnotes":""},"class_list":["post-566","page","type-page","status-publish","hentry"],"acf":[],"_links":{"self":[{"href":"https:\/\/ultra-sailing.hr\/hr\/wp-json\/wp\/v2\/pages\/566","targetHints":{"allow":["GET"]}}],"collection":[{"href":"https:\/\/ultra-sailing.hr\/hr\/wp-json\/wp\/v2\/pages"}],"about":[{"href":"https:\/\/ultra-sailing.hr\/hr\/wp-json\/wp\/v2\/types\/page"}],"author":[{"embeddable":true,"href":"https:\/\/ultra-sailing.hr\/hr\/wp-json\/wp\/v2\/users\/1"}],"replies":[{"embeddable":true,"href":"https:\/\/ultra-sailing.hr\/hr\/wp-json\/wp\/v2\/comments?post=566"}],"version-history":[{"count":11,"href":"https:\/\/ultra-sailing.hr\/hr\/wp-json\/wp\/v2\/pages\/566\/revisions"}],"predecessor-version":[{"id":1939,"href":"https:\/\/ultra-sailing.hr\/hr\/wp-json\/wp\/v2\/pages\/566\/revisions\/1939"}],"wp:attachment":[{"href":"https:\/\/ultra-sailing.hr\/hr\/wp-json\/wp\/v2\/media?parent=566"}],"curies":[{"name":"wp","href":"https:\/\/api.w.org\/{rel}","templated":true}]}}