{"id":605,"date":"2024-03-10T17:01:49","date_gmt":"2024-03-10T16:01:49","guid":{"rendered":"http:\/\/ultra-sailing.hr\/dev-wordpress\/?page_id=605"},"modified":"2025-02-14T13:25:16","modified_gmt":"2025-02-14T12:25:16","slug":"sjeverni-jadran","status":"publish","type":"page","link":"https:\/\/ultra-sailing.hr\/hr\/atraktivne-nauticke-destinacije\/sjeverni-jadran\/","title":{"rendered":"Sjeverni Jadran"},"content":{"rendered":"\n<h2 class=\"wp-block-heading\">Zadar<\/h2>\n\n\n<div class=\"wp-block-image\">\n<figure class=\"aligncenter size-full\"><img loading=\"lazy\" decoding=\"async\" width=\"768\" height=\"490\" src=\"https:\/\/ultra-sailing.hr\/wp-content\/uploads\/2024\/03\/zadar_ultra_sailing_croatia.jpg\" alt=\"\" class=\"wp-image-606\" srcset=\"https:\/\/ultra-sailing.hr\/wp-content\/uploads\/2024\/03\/zadar_ultra_sailing_croatia.jpg 768w, https:\/\/ultra-sailing.hr\/wp-content\/uploads\/2024\/03\/zadar_ultra_sailing_croatia-300x191.jpg 300w\" sizes=\"auto, (max-width: 768px) 100vw, 768px\" \/><\/figure>\n<\/div>\n\n\n<p>Ukoliko \u017eelite istra\u017eiti otoke sjevernog Jadrana, najbolje mjesto za po\u010detak va\u0161eg odmora je Zadar ili obli\u017enje charter baze poput Suko\u0161ana ili Biograda na Moru. Ukoliko unajmite plovilo na podru\u010dju od Zadra do Biograda na Moru, imate bolji pristup otocima kao Premuda, Ugljan, NP Kornati, Dugi Otok ili Parku prirode Tela\u0161\u010dica.<\/p>\n\n\n\n<p>Povijest Zadra datira iz vremena Ilira, iako su mu Rimljani dali nacrt i izgleda koji je ostao sa\u010duvan do danas.<\/p>\n\n\n\n<p>Kasnije, kroz povijest Zadrom su vladale mnoge sile, uklju\u010duju\u0107i Mle\u010dane, Austrijance i Francuze, ostavljaju\u0107i mje\u0161avinu arhitektonskih stilova. Jedna od najpopularnijih atrakcija u Zadru su morske orgulje, jedinstveni arhitektonski objekt i instrument koji stvara zvukove i melodije kroz kretanje valova, te plime i oseke. U neposrednoj blizini nalazi instalacija zvana \u201ePozdrav Suncu\u201c, to je niz solarnih panela koje proizvode svjetlosni show pri zalasku sunca.<\/p>\n\n\n\n<p>Jo\u0161 jedna nezaobilazna atrakcija u Zadru je Rimski forum, najve\u0107i forum takve vrste u Hrvatskoj. Forum datira iz 1. stolje\u0107a i svjedo\u010di o bogatoj povijesti grada. Osim po povijesnim i prirodnim znamenitostima, Zadar je poznat i po \u017eivahnom no\u0107nom \u017eivotu. U Zadru i okolici postoje brojne mogu\u0107nosti veza, kao \u0161to su Marina Tankerkomerc Zadar, D-Marin Borik, D-Marin Dalmacija, te dalje u Biogradu na Moru Marina Kornati.<\/p>\n\n\n\n<h2 class=\"wp-block-heading\">Kornati<\/h2>\n\n\n<div class=\"wp-block-image\">\n<figure class=\"aligncenter size-full\"><img loading=\"lazy\" decoding=\"async\" width=\"1000\" height=\"667\" src=\"https:\/\/ultra-sailing.hr\/wp-content\/uploads\/2024\/03\/kornati_nationalpark_croatia_sailing.jpg\" alt=\"\" class=\"wp-image-608\" srcset=\"https:\/\/ultra-sailing.hr\/wp-content\/uploads\/2024\/03\/kornati_nationalpark_croatia_sailing.jpg 1000w, https:\/\/ultra-sailing.hr\/wp-content\/uploads\/2024\/03\/kornati_nationalpark_croatia_sailing-300x200.jpg 300w, https:\/\/ultra-sailing.hr\/wp-content\/uploads\/2024\/03\/kornati_nationalpark_croatia_sailing-768x512.jpg 768w\" sizes=\"auto, (max-width: 1000px) 100vw, 1000px\" \/><\/figure>\n<\/div>\n\n\n<p>Sa 140 nenaseljenih otoka, oto\u010di\u0107a i grebena, koji se prostiru na povr\u0161ini od 320 km\u00b2, Kornati su najgu\u0161\u0107i arhipelag u Sredozemnom moru. To je pravi raj za ljubitelje prirode i jedrenja. Tirkizno more savr\u0161eno je za kupanje i ronjenje, \u0161to posjetiteljima omogu\u0107uje istra\u017eivanje bogatog morskog \u017eivota i \u0161arenih koraljnih grebena. Posjetitelji tako\u0111er mogu istra\u017eiti brojne povijesne znamenitosti, poput drevnih rimskih ru\u0161evina, bizantskih utvrda i tradicionalnih ribarskih sela koja se nalaze na otocima.<\/p>\n\n\n\n<p>Nacionalni park Kornati koji se sastoji od 89 otoka od ukupno 140 glavna je atrakcija sjevernog Jadrana i smatra se jednim od najljep\u0161ih arhipelaga na Mediteranu poznatim po svojim prirodnim ljepotama i \u010distom moru. Najve\u0107i otok u Nacionalnom parku je istoimeni otok Kornat. Na otocima nema stalnih naselja, a vegetacija je oskudna, me\u0111utim flora i fauna ovdje su bogate. Ribolov je zabranjen u cijelom Nacionalnom parku Kornati, a ronjenje je ograni\u010deno na nekoliko lokacija.<\/p>\n\n\n\n<p>Najbolje se vezati na malom otoku Pi\u0161kera, gdje se nalazi ACI marina sa 120 vezova, te je otvorena od travnja do listopada. Nakon \u0161to se plati ulaznica za Nacionalni park, mo\u017eete se sidriti gotovo u svakoj uvali, od koji su neke male, s mjestom za dva do tri plovila, a neke su velike s mjestom za 20 i vi\u0161e plovila. Ulaznicu za Nacionalni park mo\u017eete kupiti online ili u marinama i lukama usput.<\/p>\n\n\n\n<h2 class=\"wp-block-heading\">Dugi Otok<\/h2>\n\n\n<div class=\"wp-block-image\">\n<figure class=\"aligncenter size-full\"><img loading=\"lazy\" decoding=\"async\" width=\"1000\" height=\"543\" src=\"https:\/\/ultra-sailing.hr\/wp-content\/uploads\/2024\/03\/dugi_otok_island-croatia_sailing.jpg\" alt=\"\" class=\"wp-image-610\" srcset=\"https:\/\/ultra-sailing.hr\/wp-content\/uploads\/2024\/03\/dugi_otok_island-croatia_sailing.jpg 1000w, https:\/\/ultra-sailing.hr\/wp-content\/uploads\/2024\/03\/dugi_otok_island-croatia_sailing-300x163.jpg 300w, https:\/\/ultra-sailing.hr\/wp-content\/uploads\/2024\/03\/dugi_otok_island-croatia_sailing-768x417.jpg 768w\" sizes=\"auto, (max-width: 1000px) 100vw, 1000px\" \/><\/figure>\n<\/div>\n\n\n<p>Prostiru\u0107i se povr\u0161inom od 115 km\u00b2, Dugi Otok je najve\u0107i otok u zadarskom arhipelagu. \u010carolija ovog otoka su predivne uvale, strme litice i slikovita mjesta u unutra\u0161njosti koja ostavljaju bez daha. Zbog blizine Zadra bio je popularan kao ljetnikovac za plemi\u0107e u rimsko doba i kasnije, posebno u Salima. Sali su ujedno najve\u0107a luka i gradi\u0107 na otoku. Ribarsko mjesto Bo\u017eava, na najsjevernijoj to\u010dki otoka, tako\u0111er je popularna marina s ostacima rimskog naselja. Kr\u0161evit teren na otoku, bujna vegetacija i raznolik biljni i \u017eivotinjski svijet \u010dine ga idealnim odredi\u0161tem za ljubitelje prirode.<\/p>\n\n\n\n<p>Jedna od glavnih atrakcija Dugog Otoka su njegove prekrasne pla\u017ee. Otok se mo\u017ee pohvaliti nekima od najljep\u0161ih pla\u017ea u Hrvatskoj, s kristalno \u010distim morem i bijelim pje\u0161\u010danim obalama. Jedna o tih pla\u017ea je Sakarun, smje\u0161tena na sjeverozapadnoj obali otoka, koja se smatra jednom od najljep\u0161ih pla\u017ea na Jadranu. To je nezaboravno mjesto, jedino \u0161to kvari ljepotu je to \u0161to je gu\u017eva tokom ljetnih mjeseci.<\/p>\n\n\n\n<p>Ostale lijepe uvale su Brbinj, Lu\u010dina, Pantera, \u010cuna i Soli\u0161\u0107ica. Na Dugom Otoku nalazi se i Park prirode Tela\u0161\u0107ica, za\u0161ti\u0107eno podru\u010dje koje krasi zanimljiva priroda. Smje\u0161teno ju\u017eno od Sali, Tela\u0161\u0107ica je bez sumnje jedno od najpoznatijih sidri\u0161ta na Jadranu.<\/p>\n\n\n\n<h2 class=\"wp-block-heading\">Ugljan<\/h2>\n\n\n<div class=\"wp-block-image\">\n<figure class=\"aligncenter size-full\"><img loading=\"lazy\" decoding=\"async\" width=\"999\" height=\"573\" src=\"https:\/\/ultra-sailing.hr\/wp-content\/uploads\/2024\/03\/ugljan13.jpg\" alt=\"\" class=\"wp-image-612\" srcset=\"https:\/\/ultra-sailing.hr\/wp-content\/uploads\/2024\/03\/ugljan13.jpg 999w, https:\/\/ultra-sailing.hr\/wp-content\/uploads\/2024\/03\/ugljan13-300x172.jpg 300w, https:\/\/ultra-sailing.hr\/wp-content\/uploads\/2024\/03\/ugljan13-768x441.jpg 768w\" sizes=\"auto, (max-width: 999px) 100vw, 999px\" \/><\/figure>\n<\/div>\n\n\n<p>Otok Ugljan nalazi se nasuprot grada Zadra. Ovaj bujni, zeleni otok prostire se povr\u0161inom od 50 km\u00b2 i poznat je po svojoj ljepoti, bogatoj povijesti i \u017eivopisnoj lokalnoj kulturi. Na otoku Ugljanu nalazi se nekoliko manjih mjesta i uvala. Ugljan je glavno selo i dom franjeva\u010dkog samostana Sv. Jeronima, izgra\u0111enog u 15. stolje\u0107u. Popularnije mjesto je Preko, kojim dominira velika venecijanska utvrda Sv. Mihovila. Ugljan je mostom povezan s otokom Pa\u0161manom.<\/p>\n\n\n\n<p>Na sjeverozapadnoj obali Ugljana nalazi se nekoliko uvala. Najpopularnije su Muline i Prtljug. Dalje prema jugu nalazi se uvala \u201eMala Lamjana\u201c gdje mo\u017eete boraviti na sidru ili uzeti jednu od bovi za privez.<\/p>\n\n\n\n<p>Izme\u0111u otoka Ugljana i Dugog otoka nalazi se jedan od najmanje posje\u0107enih hrvatskih otoka, otok I\u017e. Iako nije poznat kao susjedni otoci Dugi Otok i Ugljan, I\u017e ima nekoliko sjajnih sidri\u0161ta, poput uvale Vodenjak, koja je vrlo lijepo mjesto za kupanje, potpuno zaklonjena od Maestrala i Bure. Jo\u0161 jedna poznata uvala na otoku I\u017e je Kne\u017eeva uvala, ispred koje se nalazi oto\u010di\u0107 Kne\u017eak.<\/p>\n\n\n\n<h2 class=\"wp-block-heading\">Pa\u0161man<\/h2>\n\n\n<div class=\"wp-block-image\">\n<figure class=\"aligncenter size-full\"><img loading=\"lazy\" decoding=\"async\" width=\"911\" height=\"568\" src=\"https:\/\/ultra-sailing.hr\/wp-content\/uploads\/2024\/03\/pasman02.jpg\" alt=\"\" class=\"wp-image-614\" srcset=\"https:\/\/ultra-sailing.hr\/wp-content\/uploads\/2024\/03\/pasman02.jpg 911w, https:\/\/ultra-sailing.hr\/wp-content\/uploads\/2024\/03\/pasman02-300x187.jpg 300w, https:\/\/ultra-sailing.hr\/wp-content\/uploads\/2024\/03\/pasman02-768x479.jpg 768w\" sizes=\"auto, (max-width: 911px) 100vw, 911px\" \/><\/figure>\n<\/div>\n\n\n<p>Otok Pa\u0161man nalazi se u neposrednoj blizini obale, preko puta Biograda na Moru. Isto\u010dna strana je mnogo zanimljivija za nauti\u010dare. Otoci Ugljan i Pa\u0161man povezani su mostom na prolazu zvanom \u017ddrelac, ispod kojeg je mogu\u0107e pro\u0107i plovilom s jarbolom do 16,5 metara nadmorske visine.<\/p>\n\n\n\n<p>Unajmite li plovilo iz Zadra ili Biograda, a va\u0161 jarbol vam omogu\u0107uje da pro\u0111ete ispod mosta kod prolaza \u017ddrelac, na isto\u010dnoj obali Pa\u0161mana nalaze se manje uvale poput \u010celinje, Vr\u017ei\u0161\u0107a i Kobiljaka. Ove uvale su izlo\u017eene vjetru, ali nude malo privatnosti i nisu toliko razvikane. Popularnija uvala a ujedno i s manje privatnosti je uvala Sveti Ante, koja pru\u017ea dobar zaklon od SI, Z i J vjetrova. U uvali se nalazi oko 20 pluta\u010da za privez. Tako\u0111er se mo\u017eete usidriti u uvali na dubini izme\u0111u 5 i 8 metara po sredini uvale.<\/p>\n\n\n\n<p>Jo\u0161 jedna poznata uvala je uvala Soline, koja je odvojena uskom to\u010dkom Malog Zaglava od uvale Sveti Ante. Soline tako\u0111er pru\u017ea dobro skloni\u0161te od Z i SZ vjetrova. Kao i Sveti Ante jedno je od najsigurnijih sidri\u0161ta na Pa\u0161manu. U uvali Soline nalazi se i 30-ak pluta\u010da za privez.<\/p>\n\n\n\n<h2 class=\"wp-block-heading\">\u017dirje<\/h2>\n\n\n<div class=\"wp-block-image\">\n<figure class=\"aligncenter size-full\"><img loading=\"lazy\" decoding=\"async\" width=\"1000\" height=\"562\" src=\"https:\/\/ultra-sailing.hr\/wp-content\/uploads\/2024\/03\/velastupica_zirje_island_croatia.jpg\" alt=\"\" class=\"wp-image-616\" srcset=\"https:\/\/ultra-sailing.hr\/wp-content\/uploads\/2024\/03\/velastupica_zirje_island_croatia.jpg 1000w, https:\/\/ultra-sailing.hr\/wp-content\/uploads\/2024\/03\/velastupica_zirje_island_croatia-300x169.jpg 300w, https:\/\/ultra-sailing.hr\/wp-content\/uploads\/2024\/03\/velastupica_zirje_island_croatia-768x432.jpg 768w\" sizes=\"auto, (max-width: 1000px) 100vw, 1000px\" \/><\/figure>\n<\/div>\n\n\n<p>Otok \u017dirje se nalazi oko 22 km jugozapadno od \u0160ibenika i to je najudaljeniji naseljeni otok \u0161ibenske oto\u010dne skupine (Tijat, Zlarin, Kaprije, Kakan). Iako su i drugi navedeni otoci ispred \u0160ibenika vrijedni posjeta, \u017dirje ima neku posebnu privla\u010dnost. Jedna od klju\u010dnih zna\u010dajki koja otok \u017dirje \u010dini toliko popularnim me\u0111u nauti\u010darima su njegova brojna sidri\u0161ta. Najpopularnije uvale su Tratinska i Vela Stupica. Tratinska se provla\u010di pola milje prema unutra\u0161njosti na jugozapadnoj obali \u017dirja i vrlo je popularna. Uvala je izlo\u017eena jugoisto\u010dnom vjetru i ima oko 30 pluta\u010da za privez.<\/p>\n\n\n\n<p>Uvala Vela Stupica nalazi se na ju\u017enom dijelu otoka. Obi\u010dno je posje\u0107enija od uvale Tratinska. Zapadni krak Uvale Stupica duboka je oko 11 metara i uvijek je bila sigurno sidri\u0161te. Ima oko 20 pluta\u010da za privez, ali tako\u0111er je dovzoljeno sidrenje u uvali. Uvala pru\u017ea dobro zaklon od svih vjetrova, osim J i JI. U tom slu\u010daju, \u010dak i na pluta\u010di, ne preporu\u010duje se ostati ovdje, jer je kompletno otvorena prema jugu.<\/p>\n\n\n\n<h2 class=\"wp-block-heading\">Skradin<\/h2>\n\n\n<div class=\"wp-block-image\">\n<figure class=\"aligncenter size-full\"><img loading=\"lazy\" decoding=\"async\" width=\"1000\" height=\"667\" src=\"https:\/\/ultra-sailing.hr\/wp-content\/uploads\/2024\/03\/skradin_harbor_npkrka_croatia.jpg\" alt=\"\" class=\"wp-image-618\" srcset=\"https:\/\/ultra-sailing.hr\/wp-content\/uploads\/2024\/03\/skradin_harbor_npkrka_croatia.jpg 1000w, https:\/\/ultra-sailing.hr\/wp-content\/uploads\/2024\/03\/skradin_harbor_npkrka_croatia-300x200.jpg 300w, https:\/\/ultra-sailing.hr\/wp-content\/uploads\/2024\/03\/skradin_harbor_npkrka_croatia-768x512.jpg 768w\" sizes=\"auto, (max-width: 1000px) 100vw, 1000px\" \/><\/figure>\n<\/div>\n\n\n<p>Skradin je malo romanti\u010dno mediteransko mjesto sa marinom, smje\u0161teno na rijeci Krka (Nacionalni park), udaljeno 16 km sjeverno od \u0160ibenika. Cijela gradska jezgra za\u0161ti\u0107eni je spomenik kulture. U njoj se nalaze ku\u0107e koje potje\u010du iz 18. i 19. stolje\u0107a i o\u017ebukane su na na\u010din tipi\u010dan za Veneciju i podru\u010dje njezina utjecaja. Na skradinskim ulicama prona\u0107i \u0107ete ugodnu atmosferu malog dalmatinskog mjesta, osobito za vrijeme skradinskog festivala klapskog pjevanja (a capella pjevanje tipi\u010dno je za hrvatski Jadran) ili za svetkovinu Male Gospe. Skradina je polazi\u0161na to\u010dka za brodove koji prevoze turiste u Nacionalni park Krka. Nacionalni park je spektakularan i prostire se podru\u010djem od 109 km\u00b2.<\/p>\n","protected":false},"excerpt":{"rendered":"<p>Zadar Ukoliko \u017eelite istra\u017eiti otoke sjevernog Jadrana, najbolje mjesto za po\u010detak va\u0161eg odmora je Zadar ili obli\u017enje charter baze poput Suko\u0161ana ili Biograda na Moru. Ukoliko unajmite plovilo na podru\u010dju od Zadra do Biograda na Moru, imate bolji pristup otocima kao Premuda, Ugljan, NP Kornati, Dugi Otok ili Parku prirode Tela\u0161\u010dica. Povijest Zadra datira iz [&hellip;]<\/p>\n","protected":false},"author":1,"featured_media":0,"parent":566,"menu_order":0,"comment_status":"closed","ping_status":"closed","template":"","meta":{"_acf_changed":false,"footnotes":""},"class_list":["post-605","page","type-page","status-publish","hentry"],"acf":[],"_links":{"self":[{"href":"https:\/\/ultra-sailing.hr\/hr\/wp-json\/wp\/v2\/pages\/605","targetHints":{"allow":["GET"]}}],"collection":[{"href":"https:\/\/ultra-sailing.hr\/hr\/wp-json\/wp\/v2\/pages"}],"about":[{"href":"https:\/\/ultra-sailing.hr\/hr\/wp-json\/wp\/v2\/types\/page"}],"author":[{"embeddable":true,"href":"https:\/\/ultra-sailing.hr\/hr\/wp-json\/wp\/v2\/users\/1"}],"replies":[{"embeddable":true,"href":"https:\/\/ultra-sailing.hr\/hr\/wp-json\/wp\/v2\/comments?post=605"}],"version-history":[{"count":5,"href":"https:\/\/ultra-sailing.hr\/hr\/wp-json\/wp\/v2\/pages\/605\/revisions"}],"predecessor-version":[{"id":4232,"href":"https:\/\/ultra-sailing.hr\/hr\/wp-json\/wp\/v2\/pages\/605\/revisions\/4232"}],"up":[{"embeddable":true,"href":"https:\/\/ultra-sailing.hr\/hr\/wp-json\/wp\/v2\/pages\/566"}],"wp:attachment":[{"href":"https:\/\/ultra-sailing.hr\/hr\/wp-json\/wp\/v2\/media?parent=605"}],"curies":[{"name":"wp","href":"https:\/\/api.w.org\/{rel}","templated":true}]}}