{"id":621,"date":"2024-03-10T17:11:30","date_gmt":"2024-03-10T16:11:30","guid":{"rendered":"http:\/\/ultra-sailing.hr\/dev-wordpress\/?page_id=621"},"modified":"2025-02-14T13:21:47","modified_gmt":"2025-02-14T12:21:47","slug":"srednji-jadran","status":"publish","type":"page","link":"https:\/\/ultra-sailing.hr\/hr\/atraktivne-nauticke-destinacije\/srednji-jadran\/","title":{"rendered":"Srednji Jadran"},"content":{"rendered":"\n<h2 class=\"wp-block-heading\">Primo\u0161ten<\/h2>\n\n\n<div class=\"wp-block-image\">\n<figure class=\"aligncenter size-large\"><img loading=\"lazy\" decoding=\"async\" width=\"1024\" height=\"683\" src=\"https:\/\/ultra-sailing.hr\/wp-content\/uploads\/2024\/03\/Primosten-boating-places-croatia-Ultra-sailing-1024x683.jpg\" alt=\"\" class=\"wp-image-622\" srcset=\"https:\/\/ultra-sailing.hr\/wp-content\/uploads\/2024\/03\/Primosten-boating-places-croatia-Ultra-sailing-1024x683.jpg 1024w, https:\/\/ultra-sailing.hr\/wp-content\/uploads\/2024\/03\/Primosten-boating-places-croatia-Ultra-sailing-300x200.jpg 300w, https:\/\/ultra-sailing.hr\/wp-content\/uploads\/2024\/03\/Primosten-boating-places-croatia-Ultra-sailing-768x512.jpg 768w, https:\/\/ultra-sailing.hr\/wp-content\/uploads\/2024\/03\/Primosten-boating-places-croatia-Ultra-sailing.jpg 1200w\" sizes=\"auto, (max-width: 1024px) 100vw, 1024px\" \/><\/figure>\n<\/div>\n\n\n<p>Primo\u0161ten je jedno od omiljenih turisti\u010dkih destinacija u srcu Dalmacije. Maleno i staro mjesto smje\u0161teno je na poluotoku s tipi\u010dnim mediteranskim uli\u010dicama i kamenim ku\u0107icama. Najbli\u017ea marina je Marina Kremik koja je smje\u0161tena u slikovitim uvalama okru\u017eenoj stoljetnim vinogradima gdje uspijeva \u010duveno vino &#8220;Babi\u0107&#8221;. Slika tih vinograda nalazi se u zgradi Ujedinjenih Naroda kao spomenik ljudskom trudu i radu. Od slikovitog Primo\u0161tena marina Kremik udaljena je svega dva kilometra u pravcu Splita. Duboko je uvu\u010dena u kopno te se smatra prirodno najljep\u0161om i najsigurnijom marinom na Jadranu.<\/p>\n\n\n\n<h2 class=\"wp-block-heading\">Trogir<\/h2>\n\n\n<div class=\"wp-block-image\">\n<figure class=\"aligncenter size-full\"><img loading=\"lazy\" decoding=\"async\" width=\"1000\" height=\"668\" src=\"https:\/\/ultra-sailing.hr\/wp-content\/uploads\/2024\/03\/trogir_croatia_sailing.jpg\" alt=\"\" class=\"wp-image-624\" srcset=\"https:\/\/ultra-sailing.hr\/wp-content\/uploads\/2024\/03\/trogir_croatia_sailing.jpg 1000w, https:\/\/ultra-sailing.hr\/wp-content\/uploads\/2024\/03\/trogir_croatia_sailing-300x200.jpg 300w, https:\/\/ultra-sailing.hr\/wp-content\/uploads\/2024\/03\/trogir_croatia_sailing-768x513.jpg 768w\" sizes=\"auto, (max-width: 1000px) 100vw, 1000px\" \/><\/figure>\n<\/div>\n\n\n<p>Trogir je smje\u0161ten 27 km od Splita, u blizini ka\u0161telanskog zaljeva i splitske zra\u010dne luke. Trogir je stari gr\u010dki, a zatim i rimski grad, naseljen prije i od Ilira. Srce i povijesna jezgra je smje\u0161tena na malom oto\u010di\u0107u izme\u0111u \u010ciova i kopna. U Trogiru i okolici nalaze se tri marine; ACI marina, SCT marina i Marina Baoti\u0107. Zra\u010dna luka Split nalazi se svega 8 km od Trogira, te je idealna polazi\u0161na to\u010dka za charter goste. Grad je pun povijesnih i kulturnih znamenitosti: Radovanov Portal, Kairos, Venecijanska kula Kamerlengo, Pala\u010da \u010cipiko itd. sve to pod UNESCO-vom za\u0161titom od 1997. godine. Grad pru\u017ea izvrstan odmor i zanimljivosti svakom nauti\u010daru.<\/p>\n\n\n\n<h2 class=\"wp-block-heading\">Split<\/h2>\n\n\n<div class=\"wp-block-image\">\n<figure class=\"aligncenter size-full\"><img loading=\"lazy\" decoding=\"async\" width=\"1000\" height=\"750\" src=\"https:\/\/ultra-sailing.hr\/wp-content\/uploads\/2024\/03\/split_croatia.jpg\" alt=\"\" class=\"wp-image-626\" srcset=\"https:\/\/ultra-sailing.hr\/wp-content\/uploads\/2024\/03\/split_croatia.jpg 1000w, https:\/\/ultra-sailing.hr\/wp-content\/uploads\/2024\/03\/split_croatia-300x225.jpg 300w, https:\/\/ultra-sailing.hr\/wp-content\/uploads\/2024\/03\/split_croatia-768x576.jpg 768w\" sizes=\"auto, (max-width: 1000px) 100vw, 1000px\" \/><\/figure>\n<\/div>\n\n\n<p>Aspalatos, Spalatum, Spljet, Split\u2026 , treba li uop\u0107e predstaviti ovaj grad? Drugi grad u Hrvatskoj, prijestolnica Dalmacije, stara rimska Dioklecijanova pala\u010da jo\u0161 je uvijek u svojem sjaju. Nezaobilazna to\u010dka za polazak prema srednjo-jadranskim otocima &#8211; Bra\u010d, \u0160olta, Hvar, Vis itd., ujedno i najve\u0107a putni\u010dka luka u Hrvatskoj. ACI marina Split ima 350 vezova i smje\u0161tena je u blizini centra starog dijela grada. Udaljena je desetak minuta pje\u0161ice od Dioklecianove pala\u010de. Sve to, uz bogati kulturni program tokom ljeta, blizinu Me\u0161trovi\u0107eve galerije, \u0161etali\u0161te Marjan &#8211; \u010dini ovaj grad va\u017enim i interesantnim nauti\u010dkim polazi\u0161tem.<\/p>\n\n\n\n<h2 class=\"wp-block-heading\">\u0160olta<\/h2>\n\n\n<div class=\"wp-block-image\">\n<figure class=\"aligncenter size-full\"><img loading=\"lazy\" decoding=\"async\" width=\"1000\" height=\"562\" src=\"https:\/\/ultra-sailing.hr\/wp-content\/uploads\/2024\/03\/sesula_bay_island_solta_croatia.jpg\" alt=\"\" class=\"wp-image-628\" srcset=\"https:\/\/ultra-sailing.hr\/wp-content\/uploads\/2024\/03\/sesula_bay_island_solta_croatia.jpg 1000w, https:\/\/ultra-sailing.hr\/wp-content\/uploads\/2024\/03\/sesula_bay_island_solta_croatia-300x169.jpg 300w, https:\/\/ultra-sailing.hr\/wp-content\/uploads\/2024\/03\/sesula_bay_island_solta_croatia-768x432.jpg 768w\" sizes=\"auto, (max-width: 1000px) 100vw, 1000px\" \/><\/figure>\n<\/div>\n\n\n<p>Za mnoge charter goste koji plove sa splitsko-trogirskog podru\u010dja, otok \u0160olta \u010desto je ili prva to\u010dka za vez u subotu nakon preuzimanja charter broda ili posljednja to\u010dka u petak, pri povratku. Posebno va\u017ean monumentalni kompleks je dvorac obitelji Martinis Marchi (izgra\u0111en 1708. godine) u uvali Maslinica. Danas se svrstava me\u0111u najpoznatije marine u Dalmaciji.<\/p>\n\n\n\n<p>Maslinica se nalazi na zapadnoj strani otoka. Podsje\u0107a nas na glavne atrakcije ovog podru\u010dja, a to je slikovita uvala i borovi s ju\u017ene strane, te obli\u017enja duboka i zaklonjena uvala \u0160e\u0161ula i 7 malih oto\u010di\u0107a ispred uvale.<\/p>\n\n\n\n<p>Uvala \u0160e\u0161ula uvu\u010dena je 800 metara u unutra\u0161njost, pru\u017eaju\u0107i dobar zaklon od svih vjetrova osim sa zapada. U uvali \u0160e\u0161ula su dva restorana i oba nude pluta\u010de za privez za goste. Dalje poznate uvale na ju\u017enoj strani \u0160olte su Livka, Stra\u010dinska, Jorja i Tatinja, a na sjevernoj strain tu su Roga\u010d, Ne\u010dujam i Stomorska.<\/p>\n\n\n\n<h2 class=\"wp-block-heading\">Bra\u010d<\/h2>\n\n\n<div class=\"wp-block-image\">\n<figure class=\"aligncenter size-full\"><img loading=\"lazy\" decoding=\"async\" width=\"1000\" height=\"633\" src=\"https:\/\/ultra-sailing.hr\/wp-content\/uploads\/2024\/03\/milna_brac.jpg\" alt=\"\" class=\"wp-image-630\" srcset=\"https:\/\/ultra-sailing.hr\/wp-content\/uploads\/2024\/03\/milna_brac.jpg 1000w, https:\/\/ultra-sailing.hr\/wp-content\/uploads\/2024\/03\/milna_brac-300x190.jpg 300w, https:\/\/ultra-sailing.hr\/wp-content\/uploads\/2024\/03\/milna_brac-768x486.jpg 768w\" sizes=\"auto, (max-width: 1000px) 100vw, 1000px\" \/><\/figure>\n<\/div>\n\n\n<p>Sa 395 km\u00b2 povr\u0161ine Bra\u010d je tre\u0107i najve\u0107i otok na Jadranu i najve\u0107i otok u Dalmaciji. Du\u017e njegove 175 km duge obale nalazi se mno\u0161tvo prekrasnih manjih i ve\u0107ih uvala i lu\u010dica koje pru\u017eaju dobar zaklon. Najve\u0107i dalmatinski otok ujedno je i najvi\u0161i me\u0111u jadranskim otocima; vrh Vidove gore uzdi\u017ee se 778 metara iznad poznate duge bolske pla\u017ee Zlatni Rat. Na zapadnoj strani otoka nalaze se najpopularnije bra\u010dke uvale, Milna i Bobovi\u0161\u0107a.<\/p>\n\n\n\n<p>Prostrana uvala Milna smatra se kao najbolja i najsigurnija luka na otoku Bra\u010du. U blizini se nalazi niz prekrasnih malih uvala s pje\u0161\u010danim i \u0161ljun\u010danim pla\u017eama (npr. Pasika, Osibova, Lu\u010dice, Maslinova). Mjesto ne mo\u017ee pobje\u0107i od svog venecijanskog podrijetla. Na rivi se isti\u010de velika \u017eupna crkva. U mjestu se nalazi nekoliko trgovina i restorana, kao i benzinska postaja na ju\u017enoj strani na ulazu u uvalu. \u0160to se ti\u010de vezova, imate izbor od tri marine. Budu\u0107i da se uvala usijeca duboko u kopno, Milna je dobro za\u0161ti\u0107ena od svih vremenskih uvjeta. Uvala Bobovi\u0161\u0107a se nalazi 1 nm sjeverno od Milne, te nudi bove za privez. Na\u0161 blog ima <a href=\"https:\/\/blog.ultra-sailing.hr\/hr\/jedrenje-hrvatskom-zajedrite-s-nama-oko-otoka-braca\/\">vi\u0161e informacija o otoku Bra\u010du i njegovim uvalama<\/a>.<\/p>\n\n\n\n<h2 class=\"wp-block-heading\">Hvar<\/h2>\n\n\n<div class=\"wp-block-image\">\n<figure class=\"aligncenter size-full\"><img loading=\"lazy\" decoding=\"async\" width=\"1000\" height=\"668\" src=\"https:\/\/ultra-sailing.hr\/wp-content\/uploads\/2024\/03\/hvar_island_croatia_ultrasailing-1.jpg\" alt=\"\" class=\"wp-image-632\" srcset=\"https:\/\/ultra-sailing.hr\/wp-content\/uploads\/2024\/03\/hvar_island_croatia_ultrasailing-1.jpg 1000w, https:\/\/ultra-sailing.hr\/wp-content\/uploads\/2024\/03\/hvar_island_croatia_ultrasailing-1-300x200.jpg 300w, https:\/\/ultra-sailing.hr\/wp-content\/uploads\/2024\/03\/hvar_island_croatia_ultrasailing-1-768x513.jpg 768w\" sizes=\"auto, (max-width: 1000px) 100vw, 1000px\" \/><\/figure>\n<\/div>\n\n\n<p>Ukoliko iznajmite jedrilicu ili katamaran na srednjem Jadarnu, posjet otoku Hvaru je obavezan. Hvar je top destinacija svakog charter gosta ili vlasnika plovila. Me\u0111utim, savjetujemo na\u0161im gostima da izbjegavaju vez u gradskoj luci tijekom sezone, jer je obi\u010dno pretrpana. Stoga, preporu\u010dujemo vez u ACI marini Palmi\u017eana ili vez na bovi u suprotnoj uvali Vinogradi\u0161\u0107e.<\/p>\n\n\n\n<p>68 km dug, otok Hvar je najdu\u017ei otok na hrvatskoj obali Jadrana. Ako dodate pripadaju\u0107e uvale, luke i male stjenovite oto\u010di\u0107e, dobivate impresivnih 140 nauti\u010dkih milja obale. Otok Hvar naseljen je jo\u0161 od prapovijesti i nudi brojne arheolo\u0161ke i kulturne znamenitosti. Kojom god stranom otoka Hvara plovili, nalaze se brojne slikovite uvale s kristalno \u010distim morem, pla\u017eama i netaknutom prirodom. Na otoku je kontinuirano naseljeno oko 27 naselja.<\/p>\n\n\n\n<p>Stari Grad je najstariji grad na otoku i jedan od najstarijih gradova u Europi, ali jo\u0161 uvijek odi\u0161e urbanom i modernom atmosferom. Jo\u0161 uvijek se jasno ocrtaje pro\u0161lost grada sa starim kamenim ku\u0107ama i renesansnim zgradama. Za razliku od gu\u017eve u gradu Hvaru, Stari Grad ima \u017eivahan, ali ne i previ\u0161e pretrpan urbani \u017eivot. U luci Stari Grad ima oko 100 vezova koji su opremljeni priklju\u010dcima za struju i vodu. Na raspolaganju za vez su i bove usidrene ispred rive.<\/p>\n\n\n\n<p>Zahvaljuju\u0107i prekrasno o\u010duvanoj renesansnoj jezgri, grad Hvar jedan je od najposje\u0107enijih gradova na dalmatinskoj obali. Hvarska luka jedna je od najglamuroznijih na jadranskoj obali. Ovdje \u0107ete prona\u0107i sve \u0161to tra\u017eite butici, kafi\u0107i, klubovi, no\u0107ni \u017eivot, restorani, prvoklasni hoteli. Ako \u017eelite, mo\u017eete iznajmiti automobil ili skuter i istra\u017eiti unutra\u0161njost otoka. Krenete li u obilazak grada Hvara, preporu\u010damo posjet Arsenalu s najstarijim gradskim kazali\u0161tem u Europi, katedralom sv. Stjepana i tvr\u0111avom \u0160panjola, smje\u0161tenom visoko na planini, s koje mo\u017eete u\u017eivati u prekrasnom pogledu na grad i Paklinske otoke ispred Hvara.<\/p>\n\n\n\n<h2 class=\"wp-block-heading\">S\u0107edro<\/h2>\n\n\n<div class=\"wp-block-image\">\n<figure class=\"aligncenter size-full\"><img loading=\"lazy\" decoding=\"async\" width=\"1000\" height=\"750\" src=\"https:\/\/ultra-sailing.hr\/wp-content\/uploads\/2024\/03\/scedro_island_croatia.jpg\" alt=\"\" class=\"wp-image-634\" srcset=\"https:\/\/ultra-sailing.hr\/wp-content\/uploads\/2024\/03\/scedro_island_croatia.jpg 1000w, https:\/\/ultra-sailing.hr\/wp-content\/uploads\/2024\/03\/scedro_island_croatia-300x225.jpg 300w, https:\/\/ultra-sailing.hr\/wp-content\/uploads\/2024\/03\/scedro_island_croatia-768x576.jpg 768w\" sizes=\"auto, (max-width: 1000px) 100vw, 1000px\" \/><\/figure>\n<\/div>\n\n\n<p>Ovaj otok povr\u0161ine 8,2 km\u00b2 nalazi se s ju\u017ene strane otoka Hvara, nasuprot malog ribarskog mjesta Zavala. Otok S\u0107edro od davnina je poznat po dobro za\u0161ti\u0107enim sidri\u0161tima koja su jo\u0161 stari Grci i Rimljani koristili kod vremenskih neprilika. Podmorski nalazi tako\u0111er ukazuju na to da se jedna od najpoznatijih pomorskih bitaka dogodila ovdje, izme\u0111u Pompeja i Cezara, oko 49. godine prije Krista.<\/p>\n\n\n\n<p>Iako je S\u0107edro mali otok, ima predivne uvale. Jedan je od rijetkih otoka koji je jo\u0161 uvijek djelomi\u010dno nenaseljen i mo\u017ee se pohvaliti netaknutom prirodom. Dvije najpoznatije uvale na otoku su Lovi\u0161\u0107e i Manastir, u kojima imate restoran s bovama za privez. Obje uvale nalaze se na sjevernoj strani otoka i pru\u017eaju dobru za\u0161titu od svih vjetrova, osim Bure.<\/p>\n\n\n\n<p>Na ju\u017enoj strani otoka S\u0107edra preporu\u010dujemo dvije uvale, Borovu i Porteru\u0161u. Porteru\u0161a (jugoisto\u010dna strana) impresionira predivnom \u0161ljun\u010danom pla\u017eom okru\u017eena netaknutom prirodom.<\/p>\n\n\n\n<h2 class=\"wp-block-heading\">Vis<\/h2>\n\n\n<div class=\"wp-block-image\">\n<figure class=\"aligncenter size-full\"><img loading=\"lazy\" decoding=\"async\" width=\"1000\" height=\"621\" src=\"https:\/\/ultra-sailing.hr\/wp-content\/uploads\/2024\/03\/komiza_vis_croatia.jpg\" alt=\"\" class=\"wp-image-636\" srcset=\"https:\/\/ultra-sailing.hr\/wp-content\/uploads\/2024\/03\/komiza_vis_croatia.jpg 1000w, https:\/\/ultra-sailing.hr\/wp-content\/uploads\/2024\/03\/komiza_vis_croatia-300x186.jpg 300w, https:\/\/ultra-sailing.hr\/wp-content\/uploads\/2024\/03\/komiza_vis_croatia-768x477.jpg 768w\" sizes=\"auto, (max-width: 1000px) 100vw, 1000px\" \/><\/figure>\n<\/div>\n\n\n<p>Vis je prekrasan otok bogate povijesti, u po\u010detku naseljavali su ga Iliri, Grci, Rimljani i na kraju Hrvati. Otok Vis \u0107e vas zasigurno odu\u0161eviti, jer moramo priznati da ovaj otok ima ne\u0161to \u010darobno u sebi \u0161to privla\u010di i o\u010darava nauti\u010dare iz cijeloga svijeta. \u010cak je i Hollywood prepoznao njegovu posebnost i odabrao ga za mjesto snimanja blockbustera &#8220;Mamma Mia 2&#8221;. Otok ima 54 uvale, ali zbog nedostatka vremena ve\u0107ina nauti\u010dara odlazi u gradske luke Vis ili Komi\u017eu.<\/p>\n\n\n\n<p>Obavezna je i posjeta \u201cModroj \u0161pilji\u201d na susjednom otoku Bi\u0161evu. Vi\u0161ki arhipelag ima oko 6000 km\u00b2 i prote\u017ee se na zapad do vulkanskog otoka Jabuka i na jug do Palagru\u017ee. Veli\u010dina otoka je oko 90 km\u00b2, odnosno mogli bismo je zaokru\u017eiti na punih 100 km\u00b2 ra\u010dunaju\u0107i okolne oto\u010di\u0107e; Bi\u0161evo, Budikovac, Ravnik i Host. Glavni gradovi na otoku su Vis i Komi\u017ea. Vezovi se nalaze na rivi grada Visa, podijeljenoj na dva dijela, Vis-Luka i Vis-Kut. Ako ne mo\u017eete prona\u0107i vez na rivi ili nekoj od bova, mo\u017eete se usidriti 40-tak m od obale, jer sidrenje nije dopu\u0161teno u unutra\u0161njem dijelu vi\u0161ke luke.<\/p>\n\n\n\n<p>Ako plovite od Visa do Komi\u017ee, preporu\u010damo vam posjet uvali Stiniva. Ova lijepa uvala vrlo je popularna, stoga preporu\u010damo sidrenje ispred uvale, a potom gumenjakom do same pla\u017ee u uvali. Komi\u017ea je jedno od najljep\u0161ih i naj\u0161armantnijih ribarskih mjesta u Dalmaciji. Vezovi su na glavnom gatu, dok je ispred dostupno 60 bova. Bez obzira posje\u0107ujete li Vis ili Komi\u017eu, ne zaboravite istra\u017eiti i unutra\u0161njost otoka.<\/p>\n\n\n\n<h2 class=\"wp-block-heading\">Bi\u0161evo &#8211; Modra \u0161pilja<\/h2>\n\n\n<div class=\"wp-block-image\">\n<figure class=\"aligncenter size-full\"><img loading=\"lazy\" decoding=\"async\" width=\"1000\" height=\"750\" src=\"https:\/\/ultra-sailing.hr\/wp-content\/uploads\/2024\/03\/bluecave_ultra_sailing_croatia.jpg\" alt=\"\" class=\"wp-image-638\" srcset=\"https:\/\/ultra-sailing.hr\/wp-content\/uploads\/2024\/03\/bluecave_ultra_sailing_croatia.jpg 1000w, https:\/\/ultra-sailing.hr\/wp-content\/uploads\/2024\/03\/bluecave_ultra_sailing_croatia-300x225.jpg 300w, https:\/\/ultra-sailing.hr\/wp-content\/uploads\/2024\/03\/bluecave_ultra_sailing_croatia-768x576.jpg 768w\" sizes=\"auto, (max-width: 1000px) 100vw, 1000px\" \/><\/figure>\n<\/div>\n\n\n<p>Otok Bi\u0161evo nalazi se oko 5 NM jugoisto\u010dno od Komi\u017ee. Jedno je od najpoznatijih turisti\u010dkih mjesta, ponajvi\u0161e zbog Modre \u0161pilje. Prva naseljena uvala pri isplovljavanju iz Komi\u017ee je Mezoporat. Odavde polazi i ve\u0107ina brodova koji goste vode do Modre \u0161pilje. Ulaz u Modru \u0161pilju dozvoljen je samo brodovima \u201cNauti\u010dkog centra Komi\u017ea\u201d kako bi se izbjegle gu\u017eve i sidrenje ispred \u0161pilje. Ako ste se ve\u0107 vezali u Komi\u017ei, tamo mo\u017eete rezervirati i izlet do Modre \u0161pilje. Modra \u0161pilja spomenik je prirode od 1953. godine i ulazak se pla\u0107a.<\/p>\n\n\n\n<p>Mali otok Bi\u0161evo, osim Modre \u0161pilje tako\u0111er ima nekoliko prekrasnih uvala, koje se nalaze na zapadnoj strani otoka, kao \u0161to su Porat i Salbunara. U Portu se nalaze dva restorana, u koji uglavnom dolaze komi\u0161ki izletni\u010dki brodovi ili posjetitelji koji dolaze iz Modre \u0161pilje na kupanje, tako da je uvala Salbunara puno mirnija opcija za kupanje.<\/p>\n\n\n\n<h2 class=\"wp-block-heading\">Kor\u010dula<\/h2>\n\n\n<div class=\"wp-block-image\">\n<figure class=\"aligncenter size-full\"><img loading=\"lazy\" decoding=\"async\" width=\"1000\" height=\"750\" src=\"https:\/\/ultra-sailing.hr\/wp-content\/uploads\/2024\/03\/korcula_town_islandkorcula.jpg\" alt=\"\" class=\"wp-image-640\" srcset=\"https:\/\/ultra-sailing.hr\/wp-content\/uploads\/2024\/03\/korcula_town_islandkorcula.jpg 1000w, https:\/\/ultra-sailing.hr\/wp-content\/uploads\/2024\/03\/korcula_town_islandkorcula-300x225.jpg 300w, https:\/\/ultra-sailing.hr\/wp-content\/uploads\/2024\/03\/korcula_town_islandkorcula-768x576.jpg 768w\" sizes=\"auto, (max-width: 1000px) 100vw, 1000px\" \/><\/figure>\n<\/div>\n\n\n<p>Kor\u010dula je 47 km dug otok smje\u0161ten u srednjoj Dalmaciji, 8 nauti\u010dkih milja udaljen od otoka Hvara, izme\u0111u kojih se prote\u017ee Kor\u010dulanski kanal. Na isto\u010dnoj strani, nasuprot grada Kor\u010dule, nalazi se poluotok Pelje\u0161ac, udaljen 1 nauti\u010dku milju, a na jugu je otok Lastovo, udaljen 7 nauti\u010dkih milja.<\/p>\n\n\n\n<p>Naseljen od prapovijesti, otok su Grci nazvali Korkyra Melaina (Crni Krf) zbog guste borove \u0161ume, \u010dempresa i hrasta po cijelom otoku. Glavna mjesta na otoku su grad Kor\u010dula i Vela Luka. Grad Kor\u010dula je \u010daroban i poput Dubrovnika okru\u017een zidinama. Od izbora odli\u010dnih restorana i uskih uli\u010dica, do popularnih pla\u017ea i bogate povijesti, grad Kor\u010dula \u0107e vas odu\u0161eviti. Jedna od velikih povijesnih li\u010dnosti Kor\u010dule je Marko Polo, \u010dija se rodna ku\u0107a nalazi u srcu starog grada.<\/p>\n\n\n\n<p>Najsigurnija opcija za vez je ACI Marina Kor\u010dula koja se nalazi u staroj jezgri. Ukoliko ne uspijete dobiti vez u Kor\u010duli, preporu\u010damo malo ju\u017eniju Lumbardu. Lumbarda je malo, mirno mjesto sa starim kamenim ku\u0107ama. Marina Lumbarda ima 150 vezova i odli\u010dna je alternativa ako niste prona\u0161li vez u Kor\u010duli. Iz Lumbarde se do Kor\u010dule sti\u017ee cestom dugom 7 km.<\/p>\n\n\n\n<p>Vela Luka se nalazi na zapadnoj strani Kor\u010dule i najve\u0107a je uvala na otoku. Uvala nudi dobar zaklon, ali je otvorena za SZ, Z i JZ vjetrove. Ispred velolu\u010dke uvale nalazi se oto\u010di\u0107 Proizd kojeg karakteriziraju brojne prekrasne pla\u017ee. Jedinstvena atrakcija Vele Luke je \u0161pilja Vela \u0160pilja koja se nalazi na bre\u017euljku iznad grada. Nalazi potvr\u0111uju da je \u0161pilja bila naseljena oko 18.000 godina prije Krista. Nalazi su izlo\u017eeni u Muzeju Vela Luka.<\/p>\n\n\n\t\t<div class=\"c-nav-card-group\">\n\t\t\t\n<a href=\"https:\/\/blog.ultra-sailing.hr\/hr\/jedrenje-u-hrvatskoj-7-dnevna-preporuka-za-jedrenje-iz-splita\/\" class=\"c-nav-card\" target=\"_self\">\n\t<img loading=\"lazy\" decoding=\"async\" width=\"644\" height=\"320\" src=\"https:\/\/ultra-sailing.hr\/wp-content\/uploads\/2024\/05\/Sailing_with_Friends_Croatia-644x320.png\" class=\"attachment-680x320 size-680x320\" alt=\"\" \/>\t<div class=\"c-nav-card__main\">\n\t\t<p class=\"c-nav-card__title\">Jedrenje iz Splita ili Trogira<\/p>\n\t\t<p class=\"c-nav-card__subtitle\">Prijedlog rute za 7 dnevno jedrenje iz Splita ili Trogira&#8230;<\/p>\n\t\t<div class=\"c-nav-card__icon\">\n\t\t\t<svg class=\"o-icon u-stroke-2\"><use xmlns:xlink=\"http:\/\/www.w3.org\/1999\/xlink\" xlink:href=\"https:\/\/ultra-sailing.hr\/wp-content\/themes\/ultra-sailing\/assets\/sprite\/icons.svg#icon-chevron-right\"><\/use><\/svg>\t\t<\/div>\n\t<\/div>\n<\/a>\n<a href=\"https:\/\/blog.ultra-sailing.hr\/hr\/zajedrimo-hvarskim-akvatorijem\/\" class=\"c-nav-card\" target=\"_self\">\n\t<img loading=\"lazy\" decoding=\"async\" width=\"680\" height=\"320\" src=\"https:\/\/ultra-sailing.hr\/wp-content\/uploads\/2024\/03\/hvar_island_croatia_ultrasailing-1-680x320.jpg\" class=\"attachment-680x320 size-680x320\" alt=\"\" \/>\t<div class=\"c-nav-card__main\">\n\t\t<p class=\"c-nav-card__title\">Uvale otoka Hvara<\/p>\n\t\t<p class=\"c-nav-card__subtitle\">Ukoliko iznajmljujete jedrilicu ili katamaran u srednjoj Dalmaciji posjet otoku Hvaru je obvezan.<\/p>\n\t\t<div class=\"c-nav-card__icon\">\n\t\t\t<svg class=\"o-icon u-stroke-2\"><use xmlns:xlink=\"http:\/\/www.w3.org\/1999\/xlink\" xlink:href=\"https:\/\/ultra-sailing.hr\/wp-content\/themes\/ultra-sailing\/assets\/sprite\/icons.svg#icon-chevron-right\"><\/use><\/svg>\t\t<\/div>\n\t<\/div>\n<\/a>\n<a href=\"https:\/\/blog.ultra-sailing.hr\/hr\/zajedrimo-oko-predivnog-otoka-solte\/\" class=\"c-nav-card\" target=\"_self\">\n\t<img loading=\"lazy\" decoding=\"async\" width=\"680\" height=\"320\" src=\"https:\/\/ultra-sailing.hr\/wp-content\/uploads\/2024\/03\/sesula_bay_island_solta_croatia-680x320.jpg\" class=\"attachment-680x320 size-680x320\" alt=\"\" \/>\t<div class=\"c-nav-card__main\">\n\t\t<p class=\"c-nav-card__title\">Uvale otoka \u0160olte<\/p>\n\t\t<p class=\"c-nav-card__subtitle\">\u0160olta je \u010desto prva ili posljednja postaja mnogim gostima koji iznajmljuju \u010darter plovila na podru\u010dja Splita, Trogira i Ka\u0161tela.<\/p>\n\t\t<div class=\"c-nav-card__icon\">\n\t\t\t<svg class=\"o-icon u-stroke-2\"><use xmlns:xlink=\"http:\/\/www.w3.org\/1999\/xlink\" xlink:href=\"https:\/\/ultra-sailing.hr\/wp-content\/themes\/ultra-sailing\/assets\/sprite\/icons.svg#icon-chevron-right\"><\/use><\/svg>\t\t<\/div>\n\t<\/div>\n<\/a>\n<a href=\"https:\/\/blog.ultra-sailing.hr\/hr\/jedrenje-hrvatskom-zajedrite-s-nama-oko-otoka-braca\/\" class=\"c-nav-card\" target=\"_self\">\n\t<img loading=\"lazy\" decoding=\"async\" width=\"680\" height=\"320\" src=\"https:\/\/ultra-sailing.hr\/wp-content\/uploads\/2024\/05\/Bol-on-Island_Brac-680x320.jpg\" class=\"attachment-680x320 size-680x320\" alt=\"\" \/>\t<div class=\"c-nav-card__main\">\n\t\t<p class=\"c-nav-card__title\">Uvale otoka Bra\u010da<\/p>\n\t\t<p class=\"c-nav-card__subtitle\">Prekrasni otok Bra\u010d najve\u0107i je otok u Dalmaciji i sa 395 km\u00b2 tre\u0107i po veli\u010dini na Jadranu.<\/p>\n\t\t<div class=\"c-nav-card__icon\">\n\t\t\t<svg class=\"o-icon u-stroke-2\"><use xmlns:xlink=\"http:\/\/www.w3.org\/1999\/xlink\" xlink:href=\"https:\/\/ultra-sailing.hr\/wp-content\/themes\/ultra-sailing\/assets\/sprite\/icons.svg#icon-chevron-right\"><\/use><\/svg>\t\t<\/div>\n\t<\/div>\n<\/a>\t\t<\/div>\n","protected":false},"excerpt":{"rendered":"<p>Primo\u0161ten Primo\u0161ten je jedno od omiljenih turisti\u010dkih destinacija u srcu Dalmacije. Maleno i staro mjesto smje\u0161teno je na poluotoku s tipi\u010dnim mediteranskim uli\u010dicama i kamenim ku\u0107icama. Najbli\u017ea marina je Marina Kremik koja je smje\u0161tena u slikovitim uvalama okru\u017eenoj stoljetnim vinogradima gdje uspijeva \u010duveno vino &#8220;Babi\u0107&#8221;. Slika tih vinograda nalazi se u zgradi Ujedinjenih Naroda kao [&hellip;]<\/p>\n","protected":false},"author":1,"featured_media":0,"parent":566,"menu_order":0,"comment_status":"closed","ping_status":"closed","template":"","meta":{"_acf_changed":false,"footnotes":""},"class_list":["post-621","page","type-page","status-publish","hentry"],"acf":[],"_links":{"self":[{"href":"https:\/\/ultra-sailing.hr\/hr\/wp-json\/wp\/v2\/pages\/621","targetHints":{"allow":["GET"]}}],"collection":[{"href":"https:\/\/ultra-sailing.hr\/hr\/wp-json\/wp\/v2\/pages"}],"about":[{"href":"https:\/\/ultra-sailing.hr\/hr\/wp-json\/wp\/v2\/types\/page"}],"author":[{"embeddable":true,"href":"https:\/\/ultra-sailing.hr\/hr\/wp-json\/wp\/v2\/users\/1"}],"replies":[{"embeddable":true,"href":"https:\/\/ultra-sailing.hr\/hr\/wp-json\/wp\/v2\/comments?post=621"}],"version-history":[{"count":4,"href":"https:\/\/ultra-sailing.hr\/hr\/wp-json\/wp\/v2\/pages\/621\/revisions"}],"predecessor-version":[{"id":1950,"href":"https:\/\/ultra-sailing.hr\/hr\/wp-json\/wp\/v2\/pages\/621\/revisions\/1950"}],"up":[{"embeddable":true,"href":"https:\/\/ultra-sailing.hr\/hr\/wp-json\/wp\/v2\/pages\/566"}],"wp:attachment":[{"href":"https:\/\/ultra-sailing.hr\/hr\/wp-json\/wp\/v2\/media?parent=621"}],"curies":[{"name":"wp","href":"https:\/\/api.w.org\/{rel}","templated":true}]}}