{"id":643,"date":"2024-03-10T17:17:00","date_gmt":"2024-03-10T16:17:00","guid":{"rendered":"http:\/\/ultra-sailing.hr\/dev-wordpress\/?page_id=643"},"modified":"2025-02-14T13:26:07","modified_gmt":"2025-02-14T12:26:07","slug":"juzni-jadran","status":"publish","type":"page","link":"https:\/\/ultra-sailing.hr\/hr\/atraktivne-nauticke-destinacije\/juzni-jadran\/","title":{"rendered":"Ju\u017eni Jadran"},"content":{"rendered":"\n<h2 class=\"wp-block-heading\">Mljet<\/h2>\n\n\n\n<figure class=\"wp-block-image size-full\"><img loading=\"lazy\" decoding=\"async\" width=\"1000\" height=\"563\" src=\"https:\/\/ultra-sailing.hr\/wp-content\/uploads\/2024\/03\/mljet_island_prozura_bay.jpg\" alt=\"\" class=\"wp-image-644\" srcset=\"https:\/\/ultra-sailing.hr\/wp-content\/uploads\/2024\/03\/mljet_island_prozura_bay.jpg 1000w, https:\/\/ultra-sailing.hr\/wp-content\/uploads\/2024\/03\/mljet_island_prozura_bay-300x169.jpg 300w, https:\/\/ultra-sailing.hr\/wp-content\/uploads\/2024\/03\/mljet_island_prozura_bay-768x432.jpg 768w\" sizes=\"auto, (max-width: 1000px) 100vw, 1000px\" \/><\/figure>\n\n\n\n<p>Mljet je za mnoge nauti\u010dare najdra\u017ea destinacija. Mljet izgleda kao duga\u010dak ravni otok, \u0161irok 34 km i duga\u010dak 37 km. Otok je to specifi\u010dnih karakteristika i kontrasta, Nacionalni park Mljet zauzima njegov sjeverozapadni dio, a prote\u017ee se na 5375 hektara za\u0161ti\u0107ene obale i mora.<\/p>\n\n\n\n<p>Osim prekrasnog krajolika, Mljet ima bogatu povijest te brojne arheolo\u0161ke i kulturne znamenitosti. Na ju\u017enoj strani otoka nalazi se Odisejeva \u0161pilja. Prema legendi, Odiseja je na otok Mljet namamila nimfa Kalipso, pa je \u0161pilja po njemu dobila ime. Ako ste ve\u0107 na ju\u017enoj strani otoka Mljeta, mo\u017eete se zaustaviti i u jugoisto\u010dnoj uvali Saplunara ili u susjednoj uvali Limoni. Obje uvale okru\u017eene su pje\u0161\u010danom pla\u017eom, \u0161to bi posebno trebalo veseliti djecu na brodu.<\/p>\n\n\n\n<p>Za posjet Nacionalnom parku najbolje je privezati se u uvali Pola\u010de ili Pomena. Pomena je naj\u010de\u0161\u0107a ulazna to\u010dka u Nacionalni park Mljet. Odu\u0161evit \u0107e vas ljepota i netaknuta priroda Nacionalnog parka. Posjetite dva jezera koja su vlastitim kanalom povezana s otvorenim morem. Tako\u0111er mo\u017eete posjetiti benediktinski samostan iz 12. stolje\u0107a koji se nalazi usred Velikog jezera.<\/p>\n\n\n\n<p>Uvala Pro\u017eura jo\u0161 je jedna od onih koje vrijedi posjetiti. Ova uvala, koja se prote\u017ee gotovo 800 metara u unutra\u0161njost, svojom stjenovitom obalom, za\u0161ti\u0107ena je s tri oto\u010di\u0107a. Pro\u0161e\u0107ite do mjesta iznad uvale i u\u017eivajte u jednom od najljep\u0161ih pogleda na Jadranu.<\/p>\n\n\n\n<h2 class=\"wp-block-heading\">Lastovo<\/h2>\n\n\n\n<figure class=\"wp-block-image size-full\"><img loading=\"lazy\" decoding=\"async\" width=\"960\" height=\"720\" src=\"https:\/\/ultra-sailing.hr\/wp-content\/uploads\/2024\/03\/lastovo_skrivena_luka_bay.jpg\" alt=\"\" class=\"wp-image-646\" srcset=\"https:\/\/ultra-sailing.hr\/wp-content\/uploads\/2024\/03\/lastovo_skrivena_luka_bay.jpg 960w, https:\/\/ultra-sailing.hr\/wp-content\/uploads\/2024\/03\/lastovo_skrivena_luka_bay-300x225.jpg 300w, https:\/\/ultra-sailing.hr\/wp-content\/uploads\/2024\/03\/lastovo_skrivena_luka_bay-768x576.jpg 768w\" sizes=\"auto, (max-width: 960px) 100vw, 960px\" \/><\/figure>\n\n\n\n<p>\u017dudite li za mirom i spokojem tijekom jedrenja u Hrvatskoj, otok Lastovo je idealna destinacija. Poput Visa, otok Lastovo je bio zabranjeno vojno podru\u010dje i bio je nedostupan javnosti sve do 1989. godine. Nedostatak turizma pomogao je o\u010duvanju gra\u0111evina i prirode.<\/p>\n\n\n\n<p>Otok Lastovo pripada parku prirode i nudi brojne male i velike uvale. Isto\u010dno od otoka Lastova nalazi se skupina oto\u010di\u0107a Lastovnjaci koji tako\u0111er nude pregr\u0161t lijepih uvala. Najpoznatije uvale otoka Lastova su Zaklopatica, Veli Lago i Skrivena Luka. Uvala Zaklopatica nalazi se na sjevernoj strani otoka. Odavde mo\u017eete pro\u0161etati do 2,5 km udaljenog istoimenog mjesta Lastovo. Na zapadnoj strani otoka nalazi se velika uvala Veli Lago, duboko usje\u010dena u kopno. U velikoj uvali Veli Lago nalaze se tri manje uvale koje pru\u017eaju dobar zaklon od svih vjetrova. Jurjeva Luka i uvala Pasadur su na sjevernoj strani, a Ubli na jugoisto\u010dnoj strani Velog Laga.<\/p>\n\n\n\n<p>Na ju\u017enoj strani otoka Lastova nalazi se jedna od najpoznatijih uvala Lastova i ju\u017enog Jadrana, Skrivena Luka. Naziv Skrivena luka &#8220;Skrivena luka&#8221; ukazuje na za\u0161ti\u0107enost ove uvale a i ljepotu iste.<\/p>\n\n\n\n<h2 class=\"wp-block-heading\">Ston &#8211; Pelje\u0161ac poluotok<\/h2>\n\n\n\n<figure class=\"wp-block-image size-full\"><img loading=\"lazy\" decoding=\"async\" width=\"1000\" height=\"750\" src=\"https:\/\/ultra-sailing.hr\/wp-content\/uploads\/2024\/03\/peljesac_ston_sailing_croatia.jpg\" alt=\"\" class=\"wp-image-648\" srcset=\"https:\/\/ultra-sailing.hr\/wp-content\/uploads\/2024\/03\/peljesac_ston_sailing_croatia.jpg 1000w, https:\/\/ultra-sailing.hr\/wp-content\/uploads\/2024\/03\/peljesac_ston_sailing_croatia-300x225.jpg 300w, https:\/\/ultra-sailing.hr\/wp-content\/uploads\/2024\/03\/peljesac_ston_sailing_croatia-768x576.jpg 768w\" sizes=\"auto, (max-width: 1000px) 100vw, 1000px\" \/><\/figure>\n\n\n\n<p>Poluotok Pelje\u0161ac drugi je po veli\u010dini hrvatski poluotok koji se smjestio na jugu Hrvatske u Dubrova\u010dko-neretvanskoj \u017eupaniji. Nauti\u010dari na Pelje\u0161cu ponajvi\u0161e posje\u0107uju grad Ston, prvenstveno zbog svojih spektakularnih 5,5 km dugih obrambenih zidina. Posjetitelji mogu pro\u0161etati cijelom dionicom od Stona do Malog Stona, u\u017eivaju\u0107i usput u prekrasnim pogledima na sam zaljev. Zidine zavr\u0161avaju malostonskom utvrdom Koruna iz 14. stolje\u0107a. Jo\u0161 jedna atrakcija su solane u Stonu, gdje se sol proizvodi 2000 godina starom tehnikom.<\/p>\n\n\n\n<p>Malostonski zaljev poznat je po ukusnim kamenicama. Prema sjevernom dijelu poluotoka, <a href=\"https:\/\/blog.ultra-sailing.hr\/hr\/zajedrimo-jadranom-10-ideja-sto-raditi-u-orebicu\/\">Orebi\u0107 je jo\u0161 jedno popularno mjesto na poluotoku Pelje\u0161cu<\/a>. Ima Pomorski muzej koji prikazuje povijest njegovih stanovnika, koji su bili najtra\u017eeniji pomorski kapetani na Mediteranu. Orebi\u0107 se nalazi na rubu jednog od najcjenjenijih hrvatskih vinogradarskih podru\u010dja. Zapadno od Orebi\u0107a, obalno mjesto Viganj je raj za jedrenje na dasci s predivnom \u0161ljun\u010danom pla\u017eom.<\/p>\n\n\n\n<h2 class=\"wp-block-heading\">Elafitski otoci<\/h2>\n\n\n\n<figure class=\"wp-block-image size-full is-resized\"><img loading=\"lazy\" decoding=\"async\" width=\"1000\" height=\"684\" src=\"https:\/\/ultra-sailing.hr\/wp-content\/uploads\/2024\/03\/lopud_sailingcroatia.jpg\" alt=\"\" class=\"wp-image-650\" style=\"width:841px;height:auto\" srcset=\"https:\/\/ultra-sailing.hr\/wp-content\/uploads\/2024\/03\/lopud_sailingcroatia.jpg 1000w, https:\/\/ultra-sailing.hr\/wp-content\/uploads\/2024\/03\/lopud_sailingcroatia-300x205.jpg 300w, https:\/\/ultra-sailing.hr\/wp-content\/uploads\/2024\/03\/lopud_sailingcroatia-768x525.jpg 768w\" sizes=\"auto, (max-width: 1000px) 100vw, 1000px\" \/><\/figure>\n\n\n\n<p>Elafiti su arhipelag od 13 otoka koji se prote\u017eu sjeverozapadno od Dubrovnika. Tri najve\u0107a i naseljena glavna otoka su \u0160ipan, Lopud i Kolo\u010dep. Brojni nauti\u010dari koji isplove s charter plovilom iz <a href=\"https:\/\/blog.ultra-sailing.hr\/hr\/jedrenje-jadranom-jedrilicom-od-dubrovnika-do-stona\/\">Dubrovnika posjete jedan od Elafitskih otoka<\/a>. Kroz povijest su bili popularni kod dubrova\u010dke aristokracije koja je na otocima gradila svoje vile. Kolo\u010dep je Dubrovniku najbli\u017ei otok. Otok je prekriven borovom \u0161umom i suptropskim grmljem.<\/p>\n\n\n\n<p>Na otoku Lopudu nalaze se utvrde koje datiraju iz 16. stolje\u0107a, a franjeva\u010dki samostan iz 15. stolje\u0107a. Preporu\u010damo posjet pje\u0161\u010danoj pla\u017ei \u0160unj.<\/p>\n\n\n\n<p>\u0160ipan je najve\u0107i od Elafitskih otoka i ima dva grada. Su\u0111ura\u0111 i \u0160ipanska Luka. \u0160ipanska Luka nudi dobar zaklon od svih vjetrova osim SZ. Odavde se preko polja pje\u0161a\u010di do pet kilometara udaljenog Su\u0111ura\u0111a. U Su\u0111ura\u0111u se nalazi ka\u0161tel i ru\u0161evine biskupskog dvora.<\/p>\n\n\n\n<h2 class=\"wp-block-heading\">Dubrovnik<\/h2>\n\n\n\n<figure class=\"wp-block-image size-full\"><img loading=\"lazy\" decoding=\"async\" width=\"1000\" height=\"608\" src=\"https:\/\/ultra-sailing.hr\/wp-content\/uploads\/2024\/03\/dubrovnik_town_croatia.jpg\" alt=\"\" class=\"wp-image-652\" srcset=\"https:\/\/ultra-sailing.hr\/wp-content\/uploads\/2024\/03\/dubrovnik_town_croatia.jpg 1000w, https:\/\/ultra-sailing.hr\/wp-content\/uploads\/2024\/03\/dubrovnik_town_croatia-300x182.jpg 300w, https:\/\/ultra-sailing.hr\/wp-content\/uploads\/2024\/03\/dubrovnik_town_croatia-768x467.jpg 768w\" sizes=\"auto, (max-width: 1000px) 100vw, 1000px\" \/><\/figure>\n\n\n\n<p>Prekrasni grad Dubrovnik le\u017ei duboko na jugu hrvatske obale Jadrana i ve\u0107ina ga smatra jednim od najboljih turisti\u010dkih odredi\u0161ta u Europi. Grad Dubrovnik je spomenik sam po sebi kao cjelina. Vrijednost Dubrovnika UNESCO je prepoznao jo\u0161 prije tridesetak godina. Jedna od najve\u0107ih atrakcija za turiste su gradske zidine i tvr\u0111ave. Gradske zidine duge su 1940 metara i imaju pet utvrda, te 16 kula i bastiona. Utvrde su tada slu\u017eile za za\u0161titu Dubrova\u010dke Republike i smatraju se jednima od najo\u010duvanijih u cijeloj Europi.<\/p>\n\n\n\n<p>Dok \u010dekate na va\u0161e plovilo u ACI Marini Dubrovnik preporu\u010damo izlet do Dubrovnika i \u0161etnju Stradunom. Ova \u0161iroka ulica presijeca grad od istoka prema zapadu, dijele\u0107i dubrova\u010dki Stari grad na sjeverni i ju\u017eni dio. Odavde mo\u017eete vidjeti gotovo sve glavne znamenitosti. Dubrovnik je za novije generacije poznat i kao grad u kojem su se snimale bezbrojne scene u poznatoj seriji Igra prijestolja.<\/p>\n\n\n\n<p>Vi\u0161e informacija o jedrenju ju\u017enim Jadranom prona\u0111ite na na\u0161im blogovima:<\/p>\n\n\n\t\t<div class=\"c-nav-card-group\">\n\t\t\t\n<a href=\"https:\/\/blog.ultra-sailing.hr\/hr\/jedrenje-jadranom-jedrilicom-od-dubrovnika-do-stona\/\" class=\"c-nav-card\" target=\"_self\">\n\t<img loading=\"lazy\" decoding=\"async\" width=\"680\" height=\"320\" src=\"https:\/\/ultra-sailing.hr\/wp-content\/uploads\/2024\/05\/Ston_Peljesac_SailingCroatia2021-12-680x320.jpg\" class=\"attachment-680x320 size-680x320\" alt=\"\" \/>\t<div class=\"c-nav-card__main\">\n\t\t<p class=\"c-nav-card__title\">Jedrenje od Dubrovnika do Stona<\/p>\n\t\t<p class=\"c-nav-card__subtitle\">Dubrovnik pred sobom ima prekrasan arhipelag \u2013 Elafiti, niz otoka koji se prote\u017eu od Dubrovnika do korijena Pelje\u0161ca (Stona).<\/p>\n\t\t<div class=\"c-nav-card__icon\">\n\t\t\t<svg class=\"o-icon u-stroke-2\"><use xmlns:xlink=\"http:\/\/www.w3.org\/1999\/xlink\" xlink:href=\"https:\/\/ultra-sailing.hr\/wp-content\/themes\/ultra-sailing\/assets\/sprite\/icons.svg#icon-chevron-right\"><\/use><\/svg>\t\t<\/div>\n\t<\/div>\n<\/a>\n<a href=\"https:\/\/blog.ultra-sailing.hr\/hr\/jedrenje-u-hrvatskoj-istrazite-otoke-lastovo-i-susac\/\" class=\"c-nav-card\" target=\"_self\">\n\t<img loading=\"lazy\" decoding=\"async\" width=\"680\" height=\"320\" src=\"https:\/\/ultra-sailing.hr\/wp-content\/uploads\/2024\/05\/Zaklopatica_island_Lastovo-680x320.jpg\" class=\"attachment-680x320 size-680x320\" alt=\"\" \/>\t<div class=\"c-nav-card__main\">\n\t\t<p class=\"c-nav-card__title\">Otoci Lastovo i Su\u0161ac<\/p>\n\t\t<p class=\"c-nav-card__subtitle\">Ako ste \u017eeljni mira i ti\u0161ine tijekom va\u0161eg jedrenja u Hrvatskoj, otoci Lastovo i Su\u0161ac su ne\u0161to \u0161to ne smijete propustiti posjetiti.<\/p>\n\t\t<div class=\"c-nav-card__icon\">\n\t\t\t<svg class=\"o-icon u-stroke-2\"><use xmlns:xlink=\"http:\/\/www.w3.org\/1999\/xlink\" xlink:href=\"https:\/\/ultra-sailing.hr\/wp-content\/themes\/ultra-sailing\/assets\/sprite\/icons.svg#icon-chevron-right\"><\/use><\/svg>\t\t<\/div>\n\t<\/div>\n<\/a>\t\t<\/div>\n","protected":false},"excerpt":{"rendered":"<p>Mljet Mljet je za mnoge nauti\u010dare najdra\u017ea destinacija. Mljet izgleda kao duga\u010dak ravni otok, \u0161irok 34 km i duga\u010dak 37 km. Otok je to specifi\u010dnih karakteristika i kontrasta, Nacionalni park Mljet zauzima njegov sjeverozapadni dio, a prote\u017ee se na 5375 hektara za\u0161ti\u0107ene obale i mora. Osim prekrasnog krajolika, Mljet ima bogatu povijest te brojne arheolo\u0161ke [&hellip;]<\/p>\n","protected":false},"author":1,"featured_media":0,"parent":566,"menu_order":0,"comment_status":"closed","ping_status":"closed","template":"","meta":{"_acf_changed":false,"footnotes":""},"class_list":["post-643","page","type-page","status-publish","hentry"],"acf":[],"_links":{"self":[{"href":"https:\/\/ultra-sailing.hr\/hr\/wp-json\/wp\/v2\/pages\/643","targetHints":{"allow":["GET"]}}],"collection":[{"href":"https:\/\/ultra-sailing.hr\/hr\/wp-json\/wp\/v2\/pages"}],"about":[{"href":"https:\/\/ultra-sailing.hr\/hr\/wp-json\/wp\/v2\/types\/page"}],"author":[{"embeddable":true,"href":"https:\/\/ultra-sailing.hr\/hr\/wp-json\/wp\/v2\/users\/1"}],"replies":[{"embeddable":true,"href":"https:\/\/ultra-sailing.hr\/hr\/wp-json\/wp\/v2\/comments?post=643"}],"version-history":[{"count":6,"href":"https:\/\/ultra-sailing.hr\/hr\/wp-json\/wp\/v2\/pages\/643\/revisions"}],"predecessor-version":[{"id":1960,"href":"https:\/\/ultra-sailing.hr\/hr\/wp-json\/wp\/v2\/pages\/643\/revisions\/1960"}],"up":[{"embeddable":true,"href":"https:\/\/ultra-sailing.hr\/hr\/wp-json\/wp\/v2\/pages\/566"}],"wp:attachment":[{"href":"https:\/\/ultra-sailing.hr\/hr\/wp-json\/wp\/v2\/media?parent=643"}],"curies":[{"name":"wp","href":"https:\/\/api.w.org\/{rel}","templated":true}]}}