{"id":655,"date":"2024-03-10T17:22:12","date_gmt":"2024-03-10T16:22:12","guid":{"rendered":"http:\/\/ultra-sailing.hr\/dev-wordpress\/?page_id=655"},"modified":"2024-11-28T14:23:00","modified_gmt":"2024-11-28T13:23:00","slug":"preporucene-nauticke-rute","status":"publish","type":"page","link":"https:\/\/ultra-sailing.hr\/hr\/preporucene-nauticke-rute\/","title":{"rendered":"Preporu\u010dene nauti\u010dke rute"},"content":{"rendered":"\n<p>Na ovoj stranici prona\u0107i \u0107ete ideje za neke od <a href=\"https:\/\/ultra-sailing.hr\/hr\/atraktivne-nauticke-destinacije\/\">preporu\u010denih nauti\u010dkih destinacija<\/a> u Hrvatskoj. Sve destinacije uklju\u010duju i neka od najljep\u0161ih lu\u010dica i daju Vam mogu\u0107nost da u planiranom vremenu obi\u0111ete najinteresantnije. Jedrenjem u Hrvatskoj pru\u017ea Vam se mogu\u0107nost da otkrijete nova mjesta na Jadranu i bacite sidro u nekoj uvali bez obzira da li je ona u na\u0161oj preporuci ili ne.<\/p>\n\n\n<div class=\"c-collapse-group\"><div class=\"c-collapse js-collapse\">\n\t<button class=\"c-collapse__toggle js-collapse-toggle\">\n\t\t<h2 class=\"c-collapse__heading\">Iz Splita ili Trogira \/ Sredi\u0161nja Dalmacija &#8211; 125 NM<\/h2>\n\t\t<div class=\"c-collapse__icon\">\n\t\t\t<svg class=\"o-icon u-stroke-2\"><use xmlns:xlink=\"http:\/\/www.w3.org\/1999\/xlink\" xlink:href=\"https:\/\/ultra-sailing.hr\/wp-content\/themes\/ultra-sailing\/assets\/sprite\/icons.svg#icon-chevron-down\"><\/use><\/svg>\t\t<\/div>\n\t<\/button>\n\t<div class=\"c-collapse__main js-collapse-main\">\n\t\t<div class=\"c-content-scope\">\n\t\t\t<ul>\n<li><strong>Dan 1 (Sub):<\/strong> Split ili Trogir &#8211; Milna (Lu\u010dice) &#8211; 14NM<\/li>\n<li><strong>Dan 2 (Ned):<\/strong> Milna (Lucice) &#8211; Stari Grad &#8211; 14NM<\/li>\n<li><strong>Dan 3 (Pon):<\/strong> Stari Grad &#8211; Hvar, Palmi\u017eana &#8211; 14NM<\/li>\n<li><strong>Dan 4 (Uto):<\/strong> Hvar &#8211; \u0160cedro &#8211; Vela Luka &#8211; 20NM<\/li>\n<li><strong>Dan 5 (Sri):<\/strong> Vela Luka &#8211; Vis &#8211; 25 NM<\/li>\n<li><strong>Dan 6 (\u010cet):<\/strong> Vis &#8211; \u0160olta (Maslinica)- 25NM<\/li>\n<li><strong>Dan 7 (Pet):<\/strong> \u0160olta (Maslinica) &#8211; Split ili Trogir &#8211; 13NM<\/li>\n<\/ul>\n<p><iframe loading=\"lazy\" src=\"https:\/\/www.google.com\/maps\/d\/embed?mid=1Qx_GDaS3LTAMG2Wa_CPMj0nO5-UzMRtR&amp;ehbc=2E312F\" width=\"640\" height=\"480\" frameborder=\"0\"><\/iframe><\/p>\n\t\t<\/div>\n\t<\/div>\n<\/div><div class=\"c-collapse js-collapse\">\n\t<button class=\"c-collapse__toggle js-collapse-toggle\">\n\t\t<h2 class=\"c-collapse__heading\">Iz Splita ili Trogira \/ Sredi\u0161nja Dalmacija &#8211; 155 NM<\/h2>\n\t\t<div class=\"c-collapse__icon\">\n\t\t\t<svg class=\"o-icon u-stroke-2\"><use xmlns:xlink=\"http:\/\/www.w3.org\/1999\/xlink\" xlink:href=\"https:\/\/ultra-sailing.hr\/wp-content\/themes\/ultra-sailing\/assets\/sprite\/icons.svg#icon-chevron-down\"><\/use><\/svg>\t\t<\/div>\n\t<\/button>\n\t<div class=\"c-collapse__main js-collapse-main\">\n\t\t<div class=\"c-content-scope\">\n\t\t\t<ul>\n<li><strong>Dan 1 (Sub):<\/strong> Split ili Trogir &#8211; Vis &#8211; 30NM<\/li>\n<li><strong>Dan 2 (Ned):<\/strong> Vis &#8211; Vela Luka- 25NM<\/li>\n<li><strong>Dan 3 (Pon):<\/strong> Vela Luka &#8211; Lastovo, Zaklopatica &#8211; 18NM<\/li>\n<li><strong>Dan 4 (Uto):<\/strong> Lastovo (Zaklopatica) &#8211; Kor\u010dula &#8211; 21NM<\/li>\n<li><strong>Dan 5 (Sri):<\/strong> Kor\u010dula &#8211; Hvar, Palmi\u017eana &#8211; 34NM<\/li>\n<li><strong>Dan 6 (\u010cet):<\/strong> Hvar &#8211; Milna (Lu\u010dice) &#8211; 13NM<\/li>\n<li><strong>Dan 7 (Pet):<\/strong> Milna &#8211; Trogir ili Split &#8211; 14NM<\/li>\n<\/ul>\n<p><iframe loading=\"lazy\" src=\"https:\/\/www.google.com\/maps\/d\/embed?mid=10oH_Ct43Gv53lREBpvOJqm_BYesSmSrn&amp;ehbc=2E312F\" width=\"640\" height=\"480\" frameborder=\"0\"><\/iframe><\/p>\n\t\t<\/div>\n\t<\/div>\n<\/div><div class=\"c-collapse js-collapse\">\n\t<button class=\"c-collapse__toggle js-collapse-toggle\">\n\t\t<h2 class=\"c-collapse__heading\">Iz Splita ili Trogira &#8211; Dubrovnik &#8211; Split ili Trogir &#8211; 130 NM<\/h2>\n\t\t<div class=\"c-collapse__icon\">\n\t\t\t<svg class=\"o-icon u-stroke-2\"><use xmlns:xlink=\"http:\/\/www.w3.org\/1999\/xlink\" xlink:href=\"https:\/\/ultra-sailing.hr\/wp-content\/themes\/ultra-sailing\/assets\/sprite\/icons.svg#icon-chevron-down\"><\/use><\/svg>\t\t<\/div>\n\t<\/button>\n\t<div class=\"c-collapse__main js-collapse-main\">\n\t\t<div class=\"c-content-scope\">\n\t\t\t<ul>\n<li><strong>Dan 1 (Sub):<\/strong> Split ili Trogir &#8211; Hvar &#8211; 25NM<\/li>\n<li><strong>Dan 2 (Ned):<\/strong> Hvar &#8211; Vela Luka &#8211; 17NM<\/li>\n<li><strong>Dan 3 (Pon):<\/strong> Vela Luka &#8211; Lastovo, Zaklopatica &#8211; 18NM<\/li>\n<li><strong>Dan 4 (Uto):<\/strong> Lastovo , Zaklopatica &#8211; Kor\u010dula &#8211; 21NM<\/li>\n<li><strong>Dan 5 (Sri):<\/strong> Kor\u010dula &#8211; Mljet, Pomena &#8211; 11NM<\/li>\n<li><strong>Dan 6 (\u010cet):<\/strong> Mljet &#8211; Koba\u0161 &#8211; 21NM<\/li>\n<li><strong>Dan 7 (Pet):<\/strong> Koba\u0161 &#8211; Dubrovnik &#8211; 18NM<\/li>\n<\/ul>\n<p><iframe loading=\"lazy\" src=\"https:\/\/www.google.com\/maps\/d\/embed?mid=1pU8OK38iLD5Z1YCuuH_5LklrOfAf3TBx&amp;ehbc=2E312F\" width=\"640\" height=\"480\" frameborder=\"0\"><\/iframe><\/p>\n\t\t<\/div>\n\t<\/div>\n<\/div><div class=\"c-collapse js-collapse\">\n\t<button class=\"c-collapse__toggle js-collapse-toggle\">\n\t\t<h2 class=\"c-collapse__heading\">Iz Splita ili Trogira \/ Sredi\u0161nja i sjeverna Dalmacija &#8211; 145 NM<\/h2>\n\t\t<div class=\"c-collapse__icon\">\n\t\t\t<svg class=\"o-icon u-stroke-2\"><use xmlns:xlink=\"http:\/\/www.w3.org\/1999\/xlink\" xlink:href=\"https:\/\/ultra-sailing.hr\/wp-content\/themes\/ultra-sailing\/assets\/sprite\/icons.svg#icon-chevron-down\"><\/use><\/svg>\t\t<\/div>\n\t<\/button>\n\t<div class=\"c-collapse__main js-collapse-main\">\n\t\t<div class=\"c-content-scope\">\n\t\t\t<ul>\n<li><strong>Dan 1 (Sub):<\/strong> Split ili Trogir &#8211; Primo\u0161ten &#8211; 25NM<\/li>\n<li><strong>Dan 2 (Ned):<\/strong> Primo\u0161ten &#8211; Skradin &#8211; 18NM<\/li>\n<li><strong>Dan 3 (Pon):<\/strong> Skradin &#8211; Murter &#8211; 24NM<\/li>\n<li><strong>Dan 4 (Uto):<\/strong> Murter &#8211; Kornati, Pi\u0161kera &#8211; 18NM<\/li>\n<li><strong>Dan 5 (Sri):<\/strong> Kornati &#8211; Kaprije &#8211; 18NM<\/li>\n<li><strong>Dan 6 (\u010cet):<\/strong> Kaprije &#8211; Maslinica, \u0160olta &#8211; 28NM<\/li>\n<li><strong>Dan 7 (Pet):<\/strong> Maslinica, \u0160olta &#8211; Trogir (Split) &#8211; 13NM<\/li>\n<\/ul>\n<p><iframe loading=\"lazy\" src=\"https:\/\/www.google.com\/maps\/d\/embed?mid=1ghldbXy9EPRN6nqYIoiYfkrZK6wp-27S&amp;ehbc=2E312F\" width=\"640\" height=\"480\" frameborder=\"0\"><\/iframe><\/p>\n\t\t<\/div>\n\t<\/div>\n<\/div><div class=\"c-collapse js-collapse\">\n\t<button class=\"c-collapse__toggle js-collapse-toggle\">\n\t\t<h2 class=\"c-collapse__heading\">7 dana Ruta Dubrovnik \/ Dubrovnik &#8211; 140 NM<\/h2>\n\t\t<div class=\"c-collapse__icon\">\n\t\t\t<svg class=\"o-icon u-stroke-2\"><use xmlns:xlink=\"http:\/\/www.w3.org\/1999\/xlink\" xlink:href=\"https:\/\/ultra-sailing.hr\/wp-content\/themes\/ultra-sailing\/assets\/sprite\/icons.svg#icon-chevron-down\"><\/use><\/svg>\t\t<\/div>\n\t<\/button>\n\t<div class=\"c-collapse__main js-collapse-main\">\n\t\t<div class=\"c-content-scope\">\n\t\t\t<ul>\n<li><strong>Dan 1 (Sub):<\/strong> Dubrovnik &#8211; Koba\u0161 &#8211; 20NM<\/li>\n<li><strong>Dan 2 (Ned):<\/strong> Koba\u0161 &#8211; Mljet (Pola\u010de or Sobra) &#8211; 20NM<\/li>\n<li><strong>Dan 3 (Pon):<\/strong> Mljet, Sobra &#8211; Kor\u010dula &#8211; 24NM<\/li>\n<li><strong>Dan 4 (Uto):<\/strong> Kor\u010dula &#8211; Lastovo, Zaklopatica &#8211; 23NM<\/li>\n<li><strong>Dan 5 (Sri):<\/strong> Lastovo, Zaklopatica &#8211; Pola\u010de, Mljet &#8211; 23NM<\/li>\n<li><strong>Dan 6 (\u010cet):<\/strong> Pola\u010de, Mljet &#8211; \u0160ipan &#8211; 12NM<\/li>\n<li><strong>Dan 7 (Pet):<\/strong> \u0160ipan &#8211; Dubrovnik &#8211; 18NM<\/li>\n<\/ul>\n<p><iframe loading=\"lazy\" src=\"https:\/\/www.google.com\/maps\/d\/embed?mid=1WbOr6ENE_noyKlRPLSEFBEGDm9TSWcBY&amp;ehbc=2E312F\" width=\"640\" height=\"480\" frameborder=\"0\"><\/iframe><\/p>\n\t\t<\/div>\n\t<\/div>\n<\/div><div class=\"c-collapse js-collapse\">\n\t<button class=\"c-collapse__toggle js-collapse-toggle\">\n\t\t<h2 class=\"c-collapse__heading\">14 dana ruta iz Splita ili Trogira &#8211; Dubrovnik -Split ili Trogir &#8211; 270 NM<\/h2>\n\t\t<div class=\"c-collapse__icon\">\n\t\t\t<svg class=\"o-icon u-stroke-2\"><use xmlns:xlink=\"http:\/\/www.w3.org\/1999\/xlink\" xlink:href=\"https:\/\/ultra-sailing.hr\/wp-content\/themes\/ultra-sailing\/assets\/sprite\/icons.svg#icon-chevron-down\"><\/use><\/svg>\t\t<\/div>\n\t<\/button>\n\t<div class=\"c-collapse__main js-collapse-main\">\n\t\t<div class=\"c-content-scope\">\n\t\t\t<ul>\n<li><strong>Dan 1 (Sub):<\/strong> check in<\/li>\n<li><strong>Dan 2 (Ned):<\/strong> Trogir ili Split &#8211; Vis &#8211; 30 NM<\/li>\n<li><strong>Dan 3 (Pon):<\/strong> Vis &#8211; Vela Luka &#8211; 25NM<\/li>\n<li><strong>Dan 4 (Uto):<\/strong> Vela Luka &#8211; Lastovo, Zaklopatica &#8211; 18NM<\/li>\n<li><strong>Dan 5 (Sri):<\/strong> Lastovo, Zaklopatica &#8211; Kor\u010dula &#8211; 21 NM<\/li>\n<li><strong>Dan 6 (\u010cet):<\/strong> Kor\u010dula &#8211; Mljet, Pola\u010de- 13 NM<\/li>\n<li><strong>Dan 7 (Pet):<\/strong> Mljet, Pola\u010de &#8211; Koba\u0161, Pelje\u0161ac &#8211; 21NM<\/li>\n<li><strong>Dan 8 (Sub):<\/strong> Koba\u0161 &#8211; \u0160ipan &#8211; 7 NM<\/li>\n<li><strong>Dan 9 (Ned):<\/strong> \u0160ipan &#8211; Dubrovnik 16NM<\/li>\n<li><strong>Dan 10 (Pon):<\/strong> Dubrovnik &#8211; Mljet, Sobra &#8211; 23NM<\/li>\n<li><strong>Dan 11 (Uto):<\/strong> Mljet, Sobra &#8211; Lumbarda, Kor\u010dula &#8211; 22NM<\/li>\n<li><strong>Dan 12 (Sri):<\/strong> Lumbarda &#8211; Hvar &#8211; 36NM<\/li>\n<li><strong>Dan 13 (\u010cet):<\/strong> Hvar &#8211; Stari Grad &#8211; 14NM<\/li>\n<li><strong>Dan 14 (Pet):<\/strong> Stari Grad &#8211; Milna, Lu\u010dice &#8211; 14NM<\/li>\n<li><strong>Dan 15 (Sub):<\/strong> Milna &#8211; Split ili Trogir- 13 NM<\/li>\n<\/ul>\n<p><iframe loading=\"lazy\" src=\"https:\/\/www.google.com\/maps\/d\/embed?mid=1Q2JFy5FXrteCxlgfE94jGUsTRtvkVwSf&amp;ehbc=2E312F\" width=\"640\" height=\"480\" frameborder=\"0\"><\/iframe><\/p>\n\t\t<\/div>\n\t<\/div>\n<\/div><div class=\"c-collapse js-collapse\">\n\t<button class=\"c-collapse__toggle js-collapse-toggle\">\n\t\t<h2 class=\"c-collapse__heading\">7 dana ruta iz Pomera &#8211; Istra i Kvarner &#8211; 146 NM<\/h2>\n\t\t<div class=\"c-collapse__icon\">\n\t\t\t<svg class=\"o-icon u-stroke-2\"><use xmlns:xlink=\"http:\/\/www.w3.org\/1999\/xlink\" xlink:href=\"https:\/\/ultra-sailing.hr\/wp-content\/themes\/ultra-sailing\/assets\/sprite\/icons.svg#icon-chevron-down\"><\/use><\/svg>\t\t<\/div>\n\t<\/button>\n\t<div class=\"c-collapse__main js-collapse-main\">\n\t\t<div class=\"c-content-scope\">\n\t\t\t<ul>\n<li><strong>Dan 1 (Sub):<\/strong> check in<\/li>\n<li><strong>Dan 2 (Ned):<\/strong> Pomer &#8211; Susak &#8211; M. Losinj 30NM<\/li>\n<li><strong>Dan 3 (Pon):<\/strong> M.Losinj &#8211; uvala Krivica &#8211; 8 NM<\/li>\n<li><strong>Dan 4 (Uto):<\/strong> uvala Krivica &#8211; Rab, Rab- 25 NM<\/li>\n<li><strong>Dan 5 (Sri):<\/strong> Rab, Rab &#8211; Krk, Punat &#8211; 22 NM<\/li>\n<li><strong>Dan 6 (\u010cet):<\/strong> Krk, Punat &#8211; Cres, Cres- 35 NM<\/li>\n<li><strong>Dan 7 (Pet):<\/strong> Cres, Cres &#8211; Pomer &#8211; 26 NM<\/li>\n<\/ul>\n<p><iframe loading=\"lazy\" src=\"https:\/\/www.google.com\/maps\/d\/embed?mid=1a-eIR-q06V8Wq1w1fExSTH_D6psdF18V&amp;ehbc=2E312F\" width=\"640\" height=\"480\" frameborder=\"0\"><\/iframe><\/p>\n\t\t<\/div>\n\t<\/div>\n<\/div><div class=\"c-collapse js-collapse\">\n\t<button class=\"c-collapse__toggle js-collapse-toggle\">\n\t\t<h2 class=\"c-collapse__heading\">14 days Pomer &#8211; Sibenik &#8211; Pomer &#8211; 255 NM<\/h2>\n\t\t<div class=\"c-collapse__icon\">\n\t\t\t<svg class=\"o-icon u-stroke-2\"><use xmlns:xlink=\"http:\/\/www.w3.org\/1999\/xlink\" xlink:href=\"https:\/\/ultra-sailing.hr\/wp-content\/themes\/ultra-sailing\/assets\/sprite\/icons.svg#icon-chevron-down\"><\/use><\/svg>\t\t<\/div>\n\t<\/button>\n\t<div class=\"c-collapse__main js-collapse-main\">\n\t\t<div class=\"c-content-scope\">\n\t\t\t<ul>\n<li><strong>Dan 1 (Sub):<\/strong> check in<\/li>\n<li><strong>Dan 2 (Ned):<\/strong> Pomer &#8211; Susak &#8211; Ilovik &#8211; 32NM<\/li>\n<li><strong>Dan 3 (Pon):<\/strong> Ilovik &#8211; Molat (Zapuntel) &#8211; 17NM<\/li>\n<li><strong>Dan 4 (Uto):<\/strong> Molat (Zapuntel) &#8211; Brbinj &#8211; 16NM<\/li>\n<li><strong>Dan 5 (Sri):<\/strong> Brbinj &#8211; Zaglav or Sali &#8211; 11NM<\/li>\n<li><strong>Dan 6 (\u010cet):<\/strong> Sali &#8211; Marina Piskera (Kornati) &#8211; 16NM<\/li>\n<li><strong>Dan 7 (Pet):<\/strong> Marina Piskera &#8211; Zlarin &#8211; 26NM<\/li>\n<li><strong>Dan 8 (Sub):<\/strong> Zlarin &#8211; Sibenik &#8211; Skradin &#8211; 12NM<\/li>\n<li><strong>Dan 9 (Ned):<\/strong> Skradin &#8211; NP Krka (visit)<\/li>\n<li><strong>Dan 10 (Pon):<\/strong> Skradin &#8211; Murter &#8211; 30Nm<\/li>\n<li><strong>Dan 11 (Uto):<\/strong> Murter &#8211; Zadar &#8211; 23Nm<\/li>\n<li><strong>Dan 12 (Sri):<\/strong> Zadar &#8211; Silba &#8211; 24Nm<\/li>\n<li><strong>Dan 13 (\u010cet):<\/strong> Silba &#8211; Mali Losinj &#8211; 22Nm<\/li>\n<li><strong>Dan 14 (Pet):<\/strong> Mali Losinj &#8211; Pomer &#8211; 25Nm<\/li>\n<\/ul>\n<p><iframe loading=\"lazy\" src=\"https:\/\/www.google.com\/maps\/d\/embed?mid=1xU1N-yLnT_pJjY6XJ5TpBIphCJPKGLTS&amp;ehbc=2E312F\" width=\"640\" height=\"480\" frameborder=\"0\"><\/iframe><\/p>\n\t\t<\/div>\n\t<\/div>\n<\/div><\/div>","protected":false},"excerpt":{"rendered":"<p>Na ovoj stranici prona\u0107i \u0107ete ideje za neke od preporu\u010denih nauti\u010dkih destinacija u Hrvatskoj. Sve destinacije uklju\u010duju i neka od najljep\u0161ih lu\u010dica i daju Vam mogu\u0107nost da u planiranom vremenu obi\u0111ete najinteresantnije. Jedrenjem u Hrvatskoj pru\u017ea Vam se mogu\u0107nost da otkrijete nova mjesta na Jadranu i bacite sidro u nekoj uvali bez obzira da li [&hellip;]<\/p>\n","protected":false},"author":1,"featured_media":0,"parent":0,"menu_order":0,"comment_status":"closed","ping_status":"closed","template":"","meta":{"_acf_changed":false,"footnotes":""},"class_list":["post-655","page","type-page","status-publish","hentry"],"acf":[],"_links":{"self":[{"href":"https:\/\/ultra-sailing.hr\/hr\/wp-json\/wp\/v2\/pages\/655","targetHints":{"allow":["GET"]}}],"collection":[{"href":"https:\/\/ultra-sailing.hr\/hr\/wp-json\/wp\/v2\/pages"}],"about":[{"href":"https:\/\/ultra-sailing.hr\/hr\/wp-json\/wp\/v2\/types\/page"}],"author":[{"embeddable":true,"href":"https:\/\/ultra-sailing.hr\/hr\/wp-json\/wp\/v2\/users\/1"}],"replies":[{"embeddable":true,"href":"https:\/\/ultra-sailing.hr\/hr\/wp-json\/wp\/v2\/comments?post=655"}],"version-history":[{"count":11,"href":"https:\/\/ultra-sailing.hr\/hr\/wp-json\/wp\/v2\/pages\/655\/revisions"}],"predecessor-version":[{"id":3412,"href":"https:\/\/ultra-sailing.hr\/hr\/wp-json\/wp\/v2\/pages\/655\/revisions\/3412"}],"wp:attachment":[{"href":"https:\/\/ultra-sailing.hr\/hr\/wp-json\/wp\/v2\/media?parent=655"}],"curies":[{"name":"wp","href":"https:\/\/api.w.org\/{rel}","templated":true}]}}