{"id":665,"date":"2024-03-10T17:55:35","date_gmt":"2024-03-10T16:55:35","guid":{"rendered":"http:\/\/ultra-sailing.hr\/dev-wordpress\/?page_id=665"},"modified":"2024-08-29T12:40:00","modified_gmt":"2024-08-29T11:40:00","slug":"savjeti-za-jedrenje-u-hrvatskoj","status":"publish","type":"page","link":"https:\/\/ultra-sailing.hr\/hr\/savjeti-za-jedrenje-u-hrvatskoj\/","title":{"rendered":"Savjeti za jedrenje u Hrvatskoj"},"content":{"rendered":"\n<h2 class=\"wp-block-heading\">Hrana na brodu<\/h2>\n\n\n\n<p>Nepisano je pravilo da na brodu nikad nije dosta hrane. U Dubrovniku i Trogiru supermarket se nalazi u marini. U Splitu, marina tako\u0111er ima mali du\u0107an, a najbli\u017ei Supermarket je udaljen 10 tak minuta hoda.<\/p>\n\n\n\n<p>Ne zaboravite kupiti hranu koja je zgodna za brodove s malim hladnjakom: mala pakovanja mlijeka, juhe iz kesica, paste, griz..i naravno vodu.<\/p>\n\n\n\n<p>Ako ste imali sre\u0107u i unajmili brod iz Trogira, rado preporu\u010damo ugodnu i kratku \u0161etnju do obli\u017enje \u017eivotopisne tr\u017enice. Sezonsko vo\u0107e i povr\u0107e s trogirskog &#8220;pazara&#8221; je \u0161teta propustiti. Ako \u017eelite posjetiti splitsku tr\u017enicu, mo\u017eete i\u0107i taxi-brodom iz marine do rive.Kod kori\u0161tenja hladnjaka na brodu ne zaboravite da nisu priklju\u010deni na struju, pa ih otvarajte rje\u0111e i kratko dr\u017eite otvorenim.<\/p>\n\n\n<div class=\"wp-block-image\">\n<figure class=\"aligncenter size-full\"><img loading=\"lazy\" decoding=\"async\" width=\"1400\" height=\"1050\" src=\"https:\/\/ultra-sailing.hr\/wp-content\/uploads\/2024\/05\/Food_on_board_sailing.jpg\" alt=\"\" class=\"wp-image-1394\" srcset=\"https:\/\/ultra-sailing.hr\/wp-content\/uploads\/2024\/05\/Food_on_board_sailing.jpg 1400w, https:\/\/ultra-sailing.hr\/wp-content\/uploads\/2024\/05\/Food_on_board_sailing-300x225.jpg 300w, https:\/\/ultra-sailing.hr\/wp-content\/uploads\/2024\/05\/Food_on_board_sailing-768x576.jpg 768w, https:\/\/ultra-sailing.hr\/wp-content\/uploads\/2024\/05\/Food_on_board_sailing-1024x768.jpg 1024w\" sizes=\"auto, (max-width: 1400px) 100vw, 1400px\" \/><\/figure>\n<\/div>\n\n\n<p>Vi\u0161e informacija o opskrbi namirnicama i hrani na brodu pro\u010ditajte u na\u0161em blogu:<\/p>\n\n\n\t\t<div class=\"c-nav-card-group\">\n\t\t\t\n<a href=\"https:\/\/blog.ultra-sailing.hr\/hr\/jedrenje-u-hrvatskoj-opskrba-namirnicama-i-hrana-na-brodu\/\" class=\"c-nav-card\" target=\"_self\">\n\t<img loading=\"lazy\" decoding=\"async\" width=\"680\" height=\"320\" src=\"https:\/\/ultra-sailing.hr\/wp-content\/uploads\/2024\/05\/Provision_Croatia_charter-680x320.jpg\" class=\"attachment-680x320 size-680x320\" alt=\"\" \/>\t<div class=\"c-nav-card__main\">\n\t\t<p class=\"c-nav-card__title\">Opskrba namirnicama za charter tjedan<\/p>\n\t\t<p class=\"c-nav-card__subtitle\">Va\u017eno je prepoznati prostorna ograni\u010denja na brodu,od skladi\u0161nog kapaciteta, uklju\u010duju\u0107i hladnjak do razmatranja potro\u0161nje vode i plina, bitno je pa\u017eljivo planiranje namirnica na brodu.<\/p>\n\t\t<div class=\"c-nav-card__icon\">\n\t\t\t<svg class=\"o-icon u-stroke-2\"><use xmlns:xlink=\"http:\/\/www.w3.org\/1999\/xlink\" xlink:href=\"https:\/\/ultra-sailing.hr\/wp-content\/themes\/ultra-sailing\/assets\/sprite\/icons.svg#icon-chevron-right\"><\/use><\/svg>\t\t<\/div>\n\t<\/div>\n<\/a>\t\t<\/div>\n\n\n\n<h2 class=\"wp-block-heading\">Restorani<\/h2>\n\n\n\n<p>Ve\u0107ina restorana uzima kreditne kartice, ali ne i Restorani van dohvata struje. Stoga uvijek imajte gotovinu kada Vas put nanese na male oto\u010di\u0107e, a po\u017eelite kupiti npr. doma\u0107i med ili malo ribe. U restoranima pazite kod odabira ribe i predhodno provjerite cjenik. Ponekad ono \u0161to izgleda lijepo ima i visoku cijenu koju niste planirali potro\u0161iti. Ne zaboravite da jela kao brudet ili manja riba na \u017earu su isto tako lijepa i imaju prihvatljivu cijenu. Ponekad, u srcu sezone kada vladaju velike gu\u017eve mo\u017eda je bolje \u010dak naru\u010diti neko drugo jelo jer ribu koju naru\u010dite vjerovatno je hladio ve\u0107 neko du\u017ee vrijeme.<\/p>\n\n\n<div class=\"wp-block-image\">\n<figure class=\"aligncenter size-full\"><img loading=\"lazy\" decoding=\"async\" width=\"838\" height=\"559\" src=\"https:\/\/ultra-sailing.hr\/wp-content\/uploads\/2024\/03\/restaurant_food_croatia.jpg\" alt=\"\" class=\"wp-image-668\" srcset=\"https:\/\/ultra-sailing.hr\/wp-content\/uploads\/2024\/03\/restaurant_food_croatia.jpg 838w, https:\/\/ultra-sailing.hr\/wp-content\/uploads\/2024\/03\/restaurant_food_croatia-300x200.jpg 300w, https:\/\/ultra-sailing.hr\/wp-content\/uploads\/2024\/03\/restaurant_food_croatia-768x512.jpg 768w\" sizes=\"auto, (max-width: 838px) 100vw, 838px\" \/><\/figure>\n<\/div>\n\n\n<h2 class=\"wp-block-heading\">Vezovi<\/h2>\n\n\n\n<h3 class=\"wp-block-heading\">Vez u marinama<\/h3>\n\n\n\n<p>Sve marine imaju recepciju, restoran, tu\u0161eve, praona rublja, restorane itd. Zatra\u017eit \u0107e Vas originalne dokumente plovila i vratiti ih tek prije va\u0161eg isplovljavanja i podmirenog ra\u010duna. Za lo\u0161eg vremena, ili nakon nekoliko dana samo\u0107e na moru rado preporu\u010damo vez u nekoj od marina. Vi\u0161e o marinama kao i cjenik vezova mo\u017eete pogledati na njihovim slu\u017ebenim stranicama: <a href=\"https:\/\/www.aci-marinas.com\/\" target=\"_blank\" rel=\"noreferrer noopener nofollow\">https:\/\/www.aci-marinas.com\/<\/a><\/p>\n\n\n\n<h3 class=\"wp-block-heading\">Vez na rivi (obali)<\/h3>\n\n\n\n<p>Manja mjesta kao Jelsa, Komi\u017ea, Vis, Starigrad, \u0160ipan, Lumbarda, Vela Luka, Orebi\u0107, Luka Slano pru\u017eit \u0107e Vam vez na samoj rivi gdje mo\u017eete imati priklju\u010dan na vodu i struju. Cijene ovise o veli\u010dini broda. Na mjestima kao \u0161to su Mljet, Vis ili Lastovo biti \u0107e te vjerovatno zamoljeni da \u0161tedite vodu budu\u0107i da oskudjevaju s njom.<\/p>\n\n\n\n<h3 class=\"wp-block-heading\">Pluta\u010de-bove<\/h3>\n\n\n\n<p>Mjesta kao Starigrad, Hvar, Kor\u010dula, Vis, Veli Lago (Lastovo), \u0107e Vam naplatiti kori\u0161tenje pluta\u010da. Uvale i luke nude povoljnije cijene za vez na bovama (pluta\u010da), na taj na\u010din mo\u017eete biti mirno vezani po povoljnijoj cijeni, a obavezno pitajte lokalnog koncesionara \u0161to je sve uklju\u010deno u tu cijenu (odvoz sme\u0107a, 1 sat priveza na obalu i uzimanje vode, ulaz u Nacionalni park i sl.)<\/p>\n\n\n\n<h3 class=\"wp-block-heading\">Sidri\u0161ta<\/h3>\n\n\n\n<p>Sidrenje je mogu\u0107e u mnogim uvalama, ali vodite ra\u010duna o znakovima gdje je sidrenje zabranjeno jasno ozna\u010deno. Uvijek vodite ra\u010duna kako su lokalni brodovi usidreni kako biste vidjeli prema kojem vjetru je uvala otvorena. Ako biljke i drve\u0107e rastu u blizini mora to je znak da bi mjesto moglo biti dobro za sidrenje. Tra\u017eite li mirna mjesta za dnevno kupanje, a mo\u017eda i no\u0107no sidrenje, puno je takvih uvala. Ve\u0107i dio otoka nudi nekoliko uvala za sidrenje koje se ne napla\u0107uju, no poku\u0161ajte ih izbje\u0107i ako nije dobra vremenska prognoza i bolje potra\u017eite vez u marini ili luci. Sidrenje u Nacionalnom parku Mljet se napla\u0107uje ali uklju\u010duje ulaznice za Nacionalni park i 2 dana boravka.<\/p>\n\n\n<div class=\"wp-block-image\">\n<figure class=\"aligncenter size-full\"><img loading=\"lazy\" decoding=\"async\" width=\"1620\" height=\"1080\" src=\"https:\/\/ultra-sailing.hr\/wp-content\/uploads\/2024\/05\/Yachtcharter_Croatia_Marina_Split.jpg\" alt=\"\" class=\"wp-image-1398\" srcset=\"https:\/\/ultra-sailing.hr\/wp-content\/uploads\/2024\/05\/Yachtcharter_Croatia_Marina_Split.jpg 1620w, https:\/\/ultra-sailing.hr\/wp-content\/uploads\/2024\/05\/Yachtcharter_Croatia_Marina_Split-300x200.jpg 300w, https:\/\/ultra-sailing.hr\/wp-content\/uploads\/2024\/05\/Yachtcharter_Croatia_Marina_Split-768x512.jpg 768w, https:\/\/ultra-sailing.hr\/wp-content\/uploads\/2024\/05\/Yachtcharter_Croatia_Marina_Split-1024x683.jpg 1024w, https:\/\/ultra-sailing.hr\/wp-content\/uploads\/2024\/05\/Yachtcharter_Croatia_Marina_Split-1536x1024.jpg 1536w\" sizes=\"auto, (max-width: 1620px) 100vw, 1620px\" \/><\/figure>\n<\/div>\n\n\n<h2 class=\"wp-block-heading\">Koja mjesta posjetiti?<\/h2>\n\n\n<div class=\"c-collapse-group\"><div class=\"c-collapse js-collapse\">\n\t<button class=\"c-collapse__toggle js-collapse-toggle\">\n\t\t<h2 class=\"c-collapse__heading\">Nacionalni parkovi<\/h2>\n\t\t<div class=\"c-collapse__icon\">\n\t\t\t<svg class=\"o-icon u-stroke-2\"><use xmlns:xlink=\"http:\/\/www.w3.org\/1999\/xlink\" xlink:href=\"https:\/\/ultra-sailing.hr\/wp-content\/themes\/ultra-sailing\/assets\/sprite\/icons.svg#icon-chevron-down\"><\/use><\/svg>\t\t<\/div>\n\t<\/button>\n\t<div class=\"c-collapse__main js-collapse-main\">\n\t\t<div class=\"c-content-scope\">\n\t\t\t<p><!-- wp:list --><\/p>\n<ul><!-- wp:list-item --><\/p>\n<li>Mljet<\/li>\n<p><!-- \/wp:list-item --> <!-- wp:list-item --><\/p>\n<li>Krka<\/li>\n<p><!-- \/wp:list-item --> <!-- wp:list-item --><\/p>\n<li>Brijuni<\/li>\n<p><!-- \/wp:list-item --> <!-- wp:list-item --><\/p>\n<li>Kornati<\/li>\n<p><!-- \/wp:list-item --><\/ul>\n<p><!-- \/wp:list --><\/p>\n\t\t<\/div>\n\t<\/div>\n<\/div><div class=\"c-collapse js-collapse\">\n\t<button class=\"c-collapse__toggle js-collapse-toggle\">\n\t\t<h2 class=\"c-collapse__heading\">Posebni rezervati<\/h2>\n\t\t<div class=\"c-collapse__icon\">\n\t\t\t<svg class=\"o-icon u-stroke-2\"><use xmlns:xlink=\"http:\/\/www.w3.org\/1999\/xlink\" xlink:href=\"https:\/\/ultra-sailing.hr\/wp-content\/themes\/ultra-sailing\/assets\/sprite\/icons.svg#icon-chevron-down\"><\/use><\/svg>\t\t<\/div>\n\t<\/button>\n\t<div class=\"c-collapse__main js-collapse-main\">\n\t\t<div class=\"c-content-scope\">\n\t\t\t<p><!-- wp:list --><\/p>\n<ul><!-- wp:list-item --><\/p>\n<li>Mali Ston<\/li>\n<p><!-- \/wp:list-item --> <!-- wp:list-item --><\/p>\n<li>Tela\u0161\u0107ica &#8211; Dugi Otok<\/li>\n<p><!-- \/wp:list-item --><\/ul>\n<p><!-- \/wp:list --><\/p>\n\t\t<\/div>\n\t<\/div>\n<\/div><div class=\"c-collapse js-collapse\">\n\t<button class=\"c-collapse__toggle js-collapse-toggle\">\n\t\t<h2 class=\"c-collapse__heading\">Prirodni krajolici<\/h2>\n\t\t<div class=\"c-collapse__icon\">\n\t\t\t<svg class=\"o-icon u-stroke-2\"><use xmlns:xlink=\"http:\/\/www.w3.org\/1999\/xlink\" xlink:href=\"https:\/\/ultra-sailing.hr\/wp-content\/themes\/ultra-sailing\/assets\/sprite\/icons.svg#icon-chevron-down\"><\/use><\/svg>\t\t<\/div>\n\t<\/button>\n\t<div class=\"c-collapse__main js-collapse-main\">\n\t\t<div class=\"c-content-scope\">\n\t\t\t<p><!-- wp:list --><\/p>\n<ul><!-- wp:list-item --><\/p>\n<li>Modra \u0161pilja<\/li>\n<p><!-- \/wp:list-item --> <!-- wp:list-item --><\/p>\n<li>Bi\u0161evo<\/li>\n<p><!-- \/wp:list-item --> <!-- wp:list-item --><\/p>\n<li>Medvje\u0111a spilja (blizu Visa)<\/li>\n<p><!-- \/wp:list-item --> <!-- wp:list-item --><\/p>\n<li>Uvala Stiniva (Vis)<\/li>\n<p><!-- \/wp:list-item --> <!-- wp:list-item --><\/p>\n<li>Palagru\u017ea svjetionik<\/li>\n<p><!-- \/wp:list-item --> <!-- wp:list-item --><\/p>\n<li>Zlatni Rat (Bra\u010d)<\/li>\n<p><!-- \/wp:list-item --> <!-- wp:list-item --><\/p>\n<li>otok Brusnik<\/li>\n<p><!-- \/wp:list-item --> <!-- wp:list-item --><\/p>\n<li>Jabuka<\/li>\n<p><!-- \/wp:list-item --><\/ul>\n<p>Zadnja dva otoka zbog dosta magnetita mogu prouzrokovati krive podatke na brodskom instrumentu-komapsu<\/p>\n<p><!-- \/wp:list --><\/p>\n\t\t<\/div>\n\t<\/div>\n<\/div><div class=\"c-collapse js-collapse\">\n\t<button class=\"c-collapse__toggle js-collapse-toggle\">\n\t\t<h2 class=\"c-collapse__heading\">Zna\u010dajni krajobrazi<\/h2>\n\t\t<div class=\"c-collapse__icon\">\n\t\t\t<svg class=\"o-icon u-stroke-2\"><use xmlns:xlink=\"http:\/\/www.w3.org\/1999\/xlink\" xlink:href=\"https:\/\/ultra-sailing.hr\/wp-content\/themes\/ultra-sailing\/assets\/sprite\/icons.svg#icon-chevron-down\"><\/use><\/svg>\t\t<\/div>\n\t<\/button>\n\t<div class=\"c-collapse__main js-collapse-main\">\n\t\t<div class=\"c-content-scope\">\n\t\t\t<p><!-- wp:list --><\/p>\n<ul><!-- wp:list-item --><\/p>\n<li>Pakleni otoci<\/li>\n<p><!-- \/wp:list-item --> <!-- wp:list-item --><\/p>\n<li>\u0160\u0107edro<\/li>\n<p><!-- \/wp:list-item --> <!-- wp:list-item --><\/p>\n<li>Pustinja Blaca<\/li>\n<p><!-- \/wp:list-item --> <!-- wp:list-item --><\/p>\n<li>Otok Ravnik (Zelena spilja)<\/li>\n<p><!-- \/wp:list-item --><\/ul>\n<p><!-- \/wp:list --><\/p>\n\t\t<\/div>\n\t<\/div>\n<\/div><div class=\"c-collapse js-collapse\">\n\t<button class=\"c-collapse__toggle js-collapse-toggle\">\n\t\t<h2 class=\"c-collapse__heading\">Muzeji<\/h2>\n\t\t<div class=\"c-collapse__icon\">\n\t\t\t<svg class=\"o-icon u-stroke-2\"><use xmlns:xlink=\"http:\/\/www.w3.org\/1999\/xlink\" xlink:href=\"https:\/\/ultra-sailing.hr\/wp-content\/themes\/ultra-sailing\/assets\/sprite\/icons.svg#icon-chevron-down\"><\/use><\/svg>\t\t<\/div>\n\t<\/button>\n\t<div class=\"c-collapse__main js-collapse-main\">\n\t\t<div class=\"c-content-scope\">\n\t\t\t<p><!-- wp:list --><\/p>\n<ul><!-- wp:list-item --><\/p>\n<li>Arheolo\u0161ki muzej Dubrovnik<\/li>\n<p><!-- \/wp:list-item --> <!-- wp:list-item --><\/p>\n<li>Povijesni muzej Dubrovnik<\/li>\n<p><!-- \/wp:list-item --> <!-- wp:list-item --><\/p>\n<li>Pomorski muzej Dubrovnik<\/li>\n<p><!-- \/wp:list-item --> <!-- wp:list-item --><\/p>\n<li>Muzej Starog Grada-Stari Grad<\/li>\n<p><!-- \/wp:list-item --> <!-- wp:list-item --><\/p>\n<li>Ribarski muzej u Komi\u017ei<\/li>\n<p><!-- \/wp:list-item --> <!-- wp:list-item --><\/p>\n<li>Muzej grada Trogira<\/li>\n<p><!-- \/wp:list-item --> <!-- wp:list-item --><\/p>\n<li>Lu\u010di\u0107 Palace Trogir<\/li>\n<p><!-- \/wp:list-item --> <!-- wp:list-item --><\/p>\n<li>Galerija Me\u0161trovi\u0107 u Splitu<\/li>\n<p><!-- \/wp:list-item --> <!-- wp:list-item --><\/p>\n<li>Pomorski muzej u Splitu<\/li>\n<p><!-- \/wp:list-item --> <!-- wp:list-item --><\/p>\n<li>Pomorski muzej Orebi\u0107<\/li>\n<p><!-- \/wp:list-item --><\/ul>\n<p><!-- \/wp:list --><\/p>\n\t\t<\/div>\n\t<\/div>\n<\/div><\/div>\n\n<div class=\"wp-block-image\">\n<figure class=\"aligncenter size-full\"><img loading=\"lazy\" decoding=\"async\" width=\"838\" height=\"559\" src=\"https:\/\/ultra-sailing.hr\/wp-content\/uploads\/2024\/03\/national_park_krka_skradin_croatia.jpg\" alt=\"\" class=\"wp-image-672\" srcset=\"https:\/\/ultra-sailing.hr\/wp-content\/uploads\/2024\/03\/national_park_krka_skradin_croatia.jpg 838w, https:\/\/ultra-sailing.hr\/wp-content\/uploads\/2024\/03\/national_park_krka_skradin_croatia-300x200.jpg 300w, https:\/\/ultra-sailing.hr\/wp-content\/uploads\/2024\/03\/national_park_krka_skradin_croatia-768x512.jpg 768w\" sizes=\"auto, (max-width: 838px) 100vw, 838px\" \/><\/figure>\n<\/div>\n\n\n<h2 class=\"wp-block-heading\">Ribarenje i ronjenje na Jadranu<\/h2>\n\n\n\n<p>Dozvoljeno je loviti samo ako imate dozvolu koju mo\u017eete dobiti na internetu. Rekreacijski ribolov dopu\u0161ten je na cijelom Jadranu, osim u nacionalnim parkovima (Brijuni, Kornati, Mljet i Lastovo) i parkovima prirode. Podru\u010dja za ronjenje moraju biti jasno ozna\u010dena postavljanjem crvene ili naran\u010daste pluta\u010de u sredi\u0161te podru\u010dja ili isticanjem zastavice za ronjenje s visoke to\u010dke na brodu s kojeg se roni. Najve\u0107a dopu\u0161tena dubina za rekreativno ronjenje je 40 metara.<\/p>\n\n\n\n<p>Vi\u0161e o ribolovu i ronjenu na Jadarnu dok ste na odmoru, pro\u010ditajte u <a href=\"https:\/\/blog.ultra-sailing.hr\/hr\/ronjenje-i-ribolov-na-jadranu\/\">na\u0161em blogu ronjenje i ribolov na Jadranu<\/a>!<\/p>\n\n\n\n<h3 class=\"wp-block-heading\">Ribarenje na Jadranju<\/h3>\n\n\n\n<p>Mogu\u0107e je samo s dozvolom. Vi\u0161e o ribarskoj dozvoli pogledajte na slu\u017ebenim stranicama (mogu\u0107a elektronska dozvola): <a href=\"http:\/\/www.mps.hr\/ribarstvo\" rel=\"nofollow noopener\" target=\"_blank\">www.mps.hr\/ribarstvo<\/a>. Ne zaboravite da je u Jadranu dosta za\u0161ti\u0107enih \u017eivotinja: Dupin, Sredozemna medvjedica, kornja\u010de kao i \u0161koljke prstaci, persike i jo\u0161 mnogo njih. Kazne za njihov izlov se kre\u0107u od 3.000,00\u20ac do 15.000,00\u20ac.<\/p>\n\n\n\n<h3 class=\"wp-block-heading\">Ronjenje<\/h3>\n\n\n\n<p>Mogu\u0107e je samo s dovolom (CMAS, PADi, SSI, NAUI, NASDS, YMCA etc.). Ako \u017eelite roniti zatra\u017eite poduku ili voditelja u nekom od mnogobrojnih ronila\u010dkih klubova na otocima. Ronjenje je strogo zabranjeno u marinama, u nacionalnim parkovima, u za\u0161ti\u0107enim rezervatima i sl.) Kazne se kre\u0107u cca 3.000,00 \u20ac<\/p>\n\n\n<div class=\"wp-block-image\">\n<figure class=\"aligncenter size-large\"><img loading=\"lazy\" decoding=\"async\" width=\"1024\" height=\"683\" src=\"https:\/\/ultra-sailing.hr\/wp-content\/uploads\/2024\/05\/Diving_Croatia_charter-1024x683.jpg\" alt=\"\" class=\"wp-image-1400\" srcset=\"https:\/\/ultra-sailing.hr\/wp-content\/uploads\/2024\/05\/Diving_Croatia_charter-1024x683.jpg 1024w, https:\/\/ultra-sailing.hr\/wp-content\/uploads\/2024\/05\/Diving_Croatia_charter-300x200.jpg 300w, https:\/\/ultra-sailing.hr\/wp-content\/uploads\/2024\/05\/Diving_Croatia_charter-768x512.jpg 768w, https:\/\/ultra-sailing.hr\/wp-content\/uploads\/2024\/05\/Diving_Croatia_charter.jpg 1140w\" sizes=\"auto, (max-width: 1024px) 100vw, 1024px\" \/><\/figure>\n<\/div>\n\n\n<h2 class=\"wp-block-heading\">Djeca na brodu<\/h2>\n\n\n\n<p>Ako imate djecu na brodu, ne zaboravite ponijeti pojas. Iako charter brodovi imaju i dje\u010dije pojaseve-mo\u017eda ponu\u0111eno ne\u0107e odgovarati Va\u0161em djetetu\u2026zato nabavite svoj\u2026Djeca moraju imati cipele koje se ne kli\u017eu, kapu, bijele majice, kremu za sun\u010danje i komarce\u2026 Za\u0161titite ih od sunca od 11:00-15.00 sati i ne izla\u017eite ih direktno. Ponesite njima najdra\u017ee igra\u010dke, dru\u0161tvene igre, karte, papir i bojice, knjige, stripove\u2026zabavite ih udicom i napravite im mamac od kruha\u2026..otkrit \u0107e te da va\u0161a djeca ne trebaju TV ili mobitel\u2026<\/p>\n\n\n\n<figure class=\"wp-block-image size-full is-resized\"><img loading=\"lazy\" decoding=\"async\" width=\"838\" height=\"629\" src=\"https:\/\/ultra-sailing.hr\/wp-content\/uploads\/2024\/03\/sailing_with_children_ultra_sailing_croatia.jpg\" alt=\"\" class=\"wp-image-676\" style=\"width:840px;height:auto\" srcset=\"https:\/\/ultra-sailing.hr\/wp-content\/uploads\/2024\/03\/sailing_with_children_ultra_sailing_croatia.jpg 838w, https:\/\/ultra-sailing.hr\/wp-content\/uploads\/2024\/03\/sailing_with_children_ultra_sailing_croatia-300x225.jpg 300w, https:\/\/ultra-sailing.hr\/wp-content\/uploads\/2024\/03\/sailing_with_children_ultra_sailing_croatia-768x576.jpg 768w\" sizes=\"auto, (max-width: 838px) 100vw, 838px\" \/><\/figure>\n\n\n\n<p>Vi\u0161e informacija i savjeta za idealan odmor na Jadranu prona\u0111ite u na\u0161im blogovima:<\/p>\n\n\n\t\t<div class=\"c-nav-card-group\">\n\t\t\t\n<a href=\"https:\/\/blog.ultra-sailing.hr\/hr\/najam-broda-u-hrvatskoj-savjeti-i-sve-sto-je-potrebno-znati\/\" class=\"c-nav-card\" target=\"_self\">\n\t<img loading=\"lazy\" decoding=\"async\" width=\"680\" height=\"320\" src=\"https:\/\/ultra-sailing.hr\/wp-content\/uploads\/2024\/05\/Sailing_Croatia-ultra_sailing_charter-680x320.jpg\" class=\"attachment-680x320 size-680x320\" alt=\"\" \/>\t<div class=\"c-nav-card__main\">\n\t\t<p class=\"c-nav-card__title\">Najam plovila sve \u0161to je potrebno znati<\/p>\n\t\t<p class=\"c-nav-card__subtitle\">Od odabira odgovaraju\u0107eg charter plovila preko cijene i sve \u0161to ona uklju\u010duje, do odabira va\u0161e idealne lokacije i doba godine za plovidbu&#8230;<\/p>\n\t\t<div class=\"c-nav-card__icon\">\n\t\t\t<svg class=\"o-icon u-stroke-2\"><use xmlns:xlink=\"http:\/\/www.w3.org\/1999\/xlink\" xlink:href=\"https:\/\/ultra-sailing.hr\/wp-content\/themes\/ultra-sailing\/assets\/sprite\/icons.svg#icon-chevron-right\"><\/use><\/svg>\t\t<\/div>\n\t<\/div>\n<\/a>\n<a href=\"https:\/\/blog.ultra-sailing.hr\/hr\/obiteljsko-jedrenje-u-hrvatskoj\/\" class=\"c-nav-card\" target=\"_self\">\n\t<img loading=\"lazy\" decoding=\"async\" width=\"680\" height=\"320\" src=\"https:\/\/ultra-sailing.hr\/wp-content\/uploads\/2024\/05\/Family_Sailing_Catamaran_Croatia-680x320.jpg\" class=\"attachment-680x320 size-680x320\" alt=\"\" \/>\t<div class=\"c-nav-card__main\">\n\t\t<p class=\"c-nav-card__title\">Obiteljsko jedrenje u Hrvatskoj<\/p>\n\t\t<p class=\"c-nav-card__subtitle\">Ostvarite kvalitetno slobodno vrijeme s bliskim osobama, zajedni\u010dka akcija i dru\u017eenje&#8230;<\/p>\n\t\t<div class=\"c-nav-card__icon\">\n\t\t\t<svg class=\"o-icon u-stroke-2\"><use xmlns:xlink=\"http:\/\/www.w3.org\/1999\/xlink\" xlink:href=\"https:\/\/ultra-sailing.hr\/wp-content\/themes\/ultra-sailing\/assets\/sprite\/icons.svg#icon-chevron-right\"><\/use><\/svg>\t\t<\/div>\n\t<\/div>\n<\/a>\n<a href=\"https:\/\/blog.ultra-sailing.hr\/hr\/10-savjeta-za-jedrenje-s-djecom\/\" class=\"c-nav-card\" target=\"_self\">\n\t<img loading=\"lazy\" decoding=\"async\" width=\"680\" height=\"320\" src=\"https:\/\/ultra-sailing.hr\/wp-content\/uploads\/2024\/05\/Croatia_Family_Sailing-680x320.jpeg\" class=\"attachment-680x320 size-680x320\" alt=\"\" \/>\t<div class=\"c-nav-card__main\">\n\t\t<p class=\"c-nav-card__title\">Jedrenje s najmla\u0111ima<\/p>\n\t\t<p class=\"c-nav-card__subtitle\">To je radost i pustolovina, iako ponekad iscrpljuju\u0107a za roditelje jer treba se uvijek dobro pripremiti&#8230;<\/p>\n\t\t<div class=\"c-nav-card__icon\">\n\t\t\t<svg class=\"o-icon u-stroke-2\"><use xmlns:xlink=\"http:\/\/www.w3.org\/1999\/xlink\" xlink:href=\"https:\/\/ultra-sailing.hr\/wp-content\/themes\/ultra-sailing\/assets\/sprite\/icons.svg#icon-chevron-right\"><\/use><\/svg>\t\t<\/div>\n\t<\/div>\n<\/a>\n<a href=\"https:\/\/blog.ultra-sailing.hr\/hr\/ronjenje-i-ribolov-na-jadranu\/\" class=\"c-nav-card\" target=\"_self\">\n\t<img loading=\"lazy\" decoding=\"async\" width=\"680\" height=\"320\" src=\"https:\/\/ultra-sailing.hr\/wp-content\/uploads\/2024\/05\/sailing_croatia-680x320.jpg\" class=\"attachment-680x320 size-680x320\" alt=\"\" \/>\t<div class=\"c-nav-card__main\">\n\t\t<p class=\"c-nav-card__title\">Ronjenje i ribolov na Jadranu<\/p>\n\t\t<p class=\"c-nav-card__subtitle\">Hrvatsko podmorje je raj za ronioce, po\u010dev\u0161i od anti\u010dkih jedrenjaka i koraljnih livada na okomitim podvodnim zidovima, morskih \u0161pilja i olupina ratnih brodova.<\/p>\n\t\t<div class=\"c-nav-card__icon\">\n\t\t\t<svg class=\"o-icon u-stroke-2\"><use xmlns:xlink=\"http:\/\/www.w3.org\/1999\/xlink\" xlink:href=\"https:\/\/ultra-sailing.hr\/wp-content\/themes\/ultra-sailing\/assets\/sprite\/icons.svg#icon-chevron-right\"><\/use><\/svg>\t\t<\/div>\n\t<\/div>\n<\/a>\t\t<\/div>\n\n\n\n<h2 class=\"wp-block-heading\">Pazite i provjerite!<\/h2>\n\n\n\n<ul class=\"wp-block-list\">\n<li>Provjerite da li je pasarela stabilna prije izlaska s broda.<\/li>\n\n\n\n<li>Ne pijte vodu iz brodskih tankova.<\/li>\n\n\n\n<li>Stuja na brodu dolazi preko baterija, stoga \u0161tedite svjetlo, otvaranje hladnjaka i sl ako niste uklju\u010deni na 220V u nekoj marini.<\/li>\n\n\n\n<li>Budite sigurni da barem jedan \u010dlan posade osim vas zna gdje su klju\u010devi broda i kako upaliti motor.<\/li>\n\n\n\n<li>Ostavite svjetlo na jarbolu upaljeno ako ste na sidri\u0161tu i napu\u0161tate brod.<\/li>\n\n\n\n<li>Ne ska\u010dite u hladno more nakon \u0161to ste stajali predugo na suncu.\u010ceste su pojave &#8220;\u0161oka&#8221; organizma tokom ljeta uzrokovane promjenom temperature.<\/li>\n\n\n\n<li>Javiti se (mahnuti) posadi druge jedrilice ili broda navika je koja se na \u017ealost izgubila posljednih godina\u2026vratimo je nazad u modu!<\/li>\n<\/ul>\n\n\n\n<h2 class=\"wp-block-heading\">Ultra zeleni kodeks<\/h2>\n\n\n\n<ul class=\"wp-block-list\">\n<li>Na sve na\u010dine po\u0161tivat \u0107u prirodu i okoli\u0161<\/li>\n\n\n\n<li>Ne\u0107u bacati otpatke u more<\/li>\n\n\n\n<li>Ne\u0107u otpu\u0161tati otpadne vode iz plovila u blizini obale, ni u osjetljivim i za\u0161ti\u0107enim podru\u010djima<\/li>\n\n\n\n<li>Ne\u0107u bacati otrovni ili toksi\u010dni otpad u more (ulje, boju, potro\u0161ene baterije\u2026); ovaj otpad ostavit \u0107u na za to predvi\u0111enim mjestima u marini.<\/li>\n\n\n\n<li>Promovirat \u0107u i koristiti kontejnere za recikla\u017eu (staklo, papir, plastika).<\/li>\n\n\n\n<li>Korisitit \u0107u boje, detrd\u017eente i sli\u010dne proizvode koji nisu \u0161tetni za okoli\u0161.<\/li>\n\n\n\n<li>Nadle\u017enim tijelima prijavit \u0107u zaga\u0111enje okoli\u0161a i druge primjere kr\u0161enja zakona o za\u0161titi okoli\u0161a.<\/li>\n\n\n\n<li>Ne\u0107u kr\u0161iti zakon o ribolovu.<\/li>\n\n\n\n<li>\u0160titit \u0107u morske biljke i \u017eivotinje.<\/li>\n\n\n\n<li>Ne\u0107u kupovati ili koristiti predmete napravljene od za\u0161ti\u0107enih vrsta ili iz podvodnih ekolo\u0161kih nalazi\u0161ta.<\/li>\n\n\n\n<li>Poticat \u0107u druge pomorce da \u0161tite okoli\u0161.<\/li>\n<\/ul>\n\n\n\n<p><\/p>\n","protected":false},"excerpt":{"rendered":"<p>Hrana na brodu Nepisano je pravilo da na brodu nikad nije dosta hrane. U Dubrovniku i Trogiru supermarket se nalazi u marini. U Splitu, marina tako\u0111er ima mali du\u0107an, a najbli\u017ei Supermarket je udaljen 10 tak minuta hoda. Ne zaboravite kupiti hranu koja je zgodna za brodove s malim hladnjakom: mala pakovanja mlijeka, juhe iz [&hellip;]<\/p>\n","protected":false},"author":1,"featured_media":0,"parent":0,"menu_order":0,"comment_status":"closed","ping_status":"closed","template":"","meta":{"_acf_changed":false,"footnotes":""},"class_list":["post-665","page","type-page","status-publish","hentry"],"acf":[],"_links":{"self":[{"href":"https:\/\/ultra-sailing.hr\/hr\/wp-json\/wp\/v2\/pages\/665","targetHints":{"allow":["GET"]}}],"collection":[{"href":"https:\/\/ultra-sailing.hr\/hr\/wp-json\/wp\/v2\/pages"}],"about":[{"href":"https:\/\/ultra-sailing.hr\/hr\/wp-json\/wp\/v2\/types\/page"}],"author":[{"embeddable":true,"href":"https:\/\/ultra-sailing.hr\/hr\/wp-json\/wp\/v2\/users\/1"}],"replies":[{"embeddable":true,"href":"https:\/\/ultra-sailing.hr\/hr\/wp-json\/wp\/v2\/comments?post=665"}],"version-history":[{"count":13,"href":"https:\/\/ultra-sailing.hr\/hr\/wp-json\/wp\/v2\/pages\/665\/revisions"}],"predecessor-version":[{"id":2010,"href":"https:\/\/ultra-sailing.hr\/hr\/wp-json\/wp\/v2\/pages\/665\/revisions\/2010"}],"wp:attachment":[{"href":"https:\/\/ultra-sailing.hr\/hr\/wp-json\/wp\/v2\/media?parent=665"}],"curies":[{"name":"wp","href":"https:\/\/api.w.org\/{rel}","templated":true}]}}