{"id":697,"date":"2024-03-10T18:20:26","date_gmt":"2024-03-10T17:20:26","guid":{"rendered":"http:\/\/ultra-sailing.hr\/dev-wordpress\/?page_id=697"},"modified":"2025-09-09T14:51:39","modified_gmt":"2025-09-09T13:51:39","slug":"ultra-skola-jedrenja","status":"publish","type":"page","link":"https:\/\/ultra-sailing.hr\/hr\/ultra-skola-jedrenja\/","title":{"rendered":"Ultra \u0161kola jedrenja"},"content":{"rendered":"\n<p>Najbolji na\u010din za provesti odmor u Hrvatskoj je kombinacija opu\u0161tanja te aktivnog odmora koji mo\u017eete imati sudjelovanjem u jednom od programa kojeg organizira na\u0161a \u0161kola jedrenja u Splitu.<\/p>\n\n\n\n<p>S Ultra \u0161kolom jedrenja, ne samo da \u0107ete nau\u010diti osnove jedrenja, ve\u0107 \u0107ete dobiti priliku istra\u017eiti sve aspekte ovog izazovnog sporta i oblika rekreacije uz podr\u0161ku na\u0161ih iskusnih instruktora. Pridru\u017eite nam se i zaplovite prema novim jedrili\u010darskim horizontima!<\/p>\n\n\n\t\t<div class=\"c-nav-card-group\">\n\t\t\t\n<a href=\"https:\/\/ultra-sailing.hr\/hr\/course\/ispa-competent-crew\/\" class=\"c-nav-card\" target=\"_blank\">\n\t<img loading=\"lazy\" decoding=\"async\" width=\"505\" height=\"320\" src=\"https:\/\/ultra-sailing.hr\/wp-content\/uploads\/2024\/11\/Busic2024-e1749128637277-505x320.jpg\" class=\"attachment-680x320 size-680x320\" alt=\"\" \/>\t<div class=\"c-nav-card__main\">\n\t\t<p class=\"c-nav-card__title\">ISPA Competent Crew<\/p>\n\t\t<p class=\"c-nav-card__subtitle\">ISPA Competent Crew te\u010daj jedrenja je prva i najva\u017enija razina, osmi\u0161ljena za stjecanje dobrih osnova jedrenja kao temelja za daljnje u\u010denje. Tijekom na\u0161eg te\u010daja&#8230;<\/p>\n\t\t<div class=\"c-nav-card__icon\">\n\t\t\t<svg class=\"o-icon u-stroke-2\"><use xmlns:xlink=\"http:\/\/www.w3.org\/1999\/xlink\" xlink:href=\"https:\/\/ultra-sailing.hr\/wp-content\/themes\/ultra-sailing\/assets\/sprite\/icons.svg#icon-chevron-right\"><\/use><\/svg>\t\t<\/div>\n\t<\/div>\n<\/a>\n<a href=\"https:\/\/ultra-sailing.hr\/hr\/course\/ispa-competent-crew-shore-based\/\" class=\"c-nav-card\" target=\"_self\">\n\t<img loading=\"lazy\" decoding=\"async\" width=\"680\" height=\"320\" src=\"https:\/\/ultra-sailing.hr\/wp-content\/uploads\/2025\/04\/20230509_103103-680x320.jpg\" class=\"attachment-680x320 size-680x320\" alt=\"\" \/>\t<div class=\"c-nav-card__main\">\n\t\t<p class=\"c-nav-card__title\">ISPA Competent Crew Shore-Based<\/p>\n\t\t<p class=\"c-nav-card__subtitle\">\u201cshore-based\u201d po\u010detni\u010dki te\u010daj je isto ISPA Competent Crew te\u010daj samo \u0161to se teorija u\u010di na kopnu kroz jutro i svako popodne polaznici jedre i vra\u010daju se u ACI marini Split. Idealno je za ljude koji \u017eive u Splitu ili koji \u017eele&#8230;<\/p>\n\t\t<div class=\"c-nav-card__icon\">\n\t\t\t<svg class=\"o-icon u-stroke-2\"><use xmlns:xlink=\"http:\/\/www.w3.org\/1999\/xlink\" xlink:href=\"https:\/\/ultra-sailing.hr\/wp-content\/themes\/ultra-sailing\/assets\/sprite\/icons.svg#icon-chevron-right\"><\/use><\/svg>\t\t<\/div>\n\t<\/div>\n<\/a>\n<a href=\"https:\/\/ultra-sailing.hr\/hr\/course\/ispa-day-skipper\/\" class=\"c-nav-card\" target=\"_blank\">\n\t<img loading=\"lazy\" decoding=\"async\" width=\"680\" height=\"320\" src=\"https:\/\/ultra-sailing.hr\/wp-content\/uploads\/2024\/03\/day-skipper-course-automn-slovro-sugic-680x320.jpg\" class=\"attachment-680x320 size-680x320\" alt=\"\" \/>\t<div class=\"c-nav-card__main\">\n\t\t<p class=\"c-nav-card__title\">ISPA Day Skipper<\/p>\n\t\t<p class=\"c-nav-card__subtitle\">ISPA Day skipper te\u010daj je druga razina, nau\u010dit \u0107ete kako upravljati jedrilicom u blagim uvjetima. Na kraju te\u010daja dobivate i va\u017ee\u0107u dozvolu za upravljanje brodom&#8230;<\/p>\n\t\t<div class=\"c-nav-card__icon\">\n\t\t\t<svg class=\"o-icon u-stroke-2\"><use xmlns:xlink=\"http:\/\/www.w3.org\/1999\/xlink\" xlink:href=\"https:\/\/ultra-sailing.hr\/wp-content\/themes\/ultra-sailing\/assets\/sprite\/icons.svg#icon-chevron-right\"><\/use><\/svg>\t\t<\/div>\n\t<\/div>\n<\/a>\n<a href=\"https:\/\/ultra-sailing.hr\/hr\/course\/ispa-coastal-navigator\/\" class=\"c-nav-card\" target=\"_blank\">\n\t<img loading=\"lazy\" decoding=\"async\" width=\"680\" height=\"320\" src=\"https:\/\/ultra-sailing.hr\/wp-content\/uploads\/2024\/05\/Coastal_Navigator_UltraSailingSchoolCroatia-680x320.jpg\" class=\"attachment-680x320 size-680x320\" alt=\"\" \/>\t<div class=\"c-nav-card__main\">\n\t\t<p class=\"c-nav-card__title\">ISPA Coastal Navigator<\/p>\n\t\t<p class=\"c-nav-card__subtitle\">Nakon Day skippera, ovaj program je namijenjen onima koji \u017eele pobolj\u0161ati svoje vje\u0161tine i nau\u010diti kako se nositi sa zahtjevnijom navigacijom, ovaj program te\u010daja \u0107e vam pru\u017eiti&#8230;<\/p>\n\t\t<div class=\"c-nav-card__icon\">\n\t\t\t<svg class=\"o-icon u-stroke-2\"><use xmlns:xlink=\"http:\/\/www.w3.org\/1999\/xlink\" xlink:href=\"https:\/\/ultra-sailing.hr\/wp-content\/themes\/ultra-sailing\/assets\/sprite\/icons.svg#icon-chevron-right\"><\/use><\/svg>\t\t<\/div>\n\t<\/div>\n<\/a>\n<a href=\"https:\/\/ultra-sailing.hr\/hr\/course\/sportsko-jedrenje\/\" class=\"c-nav-card\" target=\"_self\">\n\t<img loading=\"lazy\" decoding=\"async\" width=\"680\" height=\"320\" src=\"https:\/\/ultra-sailing.hr\/wp-content\/uploads\/2025\/03\/Frame-e1749128157805-680x320.jpeg\" class=\"attachment-680x320 size-680x320\" alt=\"\" \/>\t<div class=\"c-nav-card__main\">\n\t\t<p class=\"c-nav-card__title\">Sportsko jedrenje<\/p>\n\t\t<p class=\"c-nav-card__subtitle\">Iskusite \u010dari i brzine sportskog jedrenja na regatnom Cruiseru Beneteau First 36. Ovaj 5,5-dnevni aktivni izlet jedrenja ujedno je i idealan program za skupljanje nauti\u010dkih Milja, i tako\u0111er sa iskusiti regatno jedrenje&#8230;<\/p>\n\t\t<div class=\"c-nav-card__icon\">\n\t\t\t<svg class=\"o-icon u-stroke-2\"><use xmlns:xlink=\"http:\/\/www.w3.org\/1999\/xlink\" xlink:href=\"https:\/\/ultra-sailing.hr\/wp-content\/themes\/ultra-sailing\/assets\/sprite\/icons.svg#icon-chevron-right\"><\/use><\/svg>\t\t<\/div>\n\t<\/div>\n<\/a>\n<a href=\"https:\/\/ultra-sailing.hr\/hr\/program-regata\/\" class=\"c-nav-card\" target=\"_blank\">\n\t<img loading=\"lazy\" decoding=\"async\" width=\"480\" height=\"320\" src=\"https:\/\/ultra-sailing.hr\/wp-content\/uploads\/2025\/05\/Vis-Regatta-Ultra-First36-480x320.jpg\" class=\"attachment-680x320 size-680x320\" alt=\"\" \/>\t<div class=\"c-nav-card__main\">\n\t\t<p class=\"c-nav-card__title\">Program regata iz Splita<\/p>\n\t\t<p class=\"c-nav-card__subtitle\">Na\u0161a \u0161kola jedrenja svake godine aktivno sudjeluje na brojnim lokalnim regatnim natjecanjima kao \u0161to su Regata Mrduja, Vi\u0161ka regata, Komi\u0161ka regata, Pai\u0161ka regata, Jabuka i mnoge druge. Sudjelovanje na regati pru\u017ea jedinstvenu priliku&#8230;<\/p>\n\t\t<div class=\"c-nav-card__icon\">\n\t\t\t<svg class=\"o-icon u-stroke-2\"><use xmlns:xlink=\"http:\/\/www.w3.org\/1999\/xlink\" xlink:href=\"https:\/\/ultra-sailing.hr\/wp-content\/themes\/ultra-sailing\/assets\/sprite\/icons.svg#icon-chevron-right\"><\/use><\/svg>\t\t<\/div>\n\t<\/div>\n<\/a>\n<a href=\"https:\/\/ultra-sailing.hr\/hr\/obiteljski-tecaj-jedrenja\/\" class=\"c-nav-card\" target=\"_blank\">\n\t<img loading=\"lazy\" decoding=\"async\" width=\"680\" height=\"320\" src=\"https:\/\/ultra-sailing.hr\/wp-content\/uploads\/2024\/05\/Family_Sailing_course_ultra-e1749127867351-680x320.jpeg\" class=\"attachment-680x320 size-680x320\" alt=\"\" \/>\t<div class=\"c-nav-card__main\">\n\t\t<p class=\"c-nav-card__title\">Obiteljski te\u010daj jedrenja<\/p>\n\t\t<p class=\"c-nav-card__subtitle\">Obiteljski te\u010daj nudi idealan program za prvi susret obitelji sa jedrenjem ili za privatnu oboku dok se otali \u010dlani obitels odmaraju. Jedri se na udobnim i prostranim jedrilicam&#8230;<\/p>\n\t\t<div class=\"c-nav-card__icon\">\n\t\t\t<svg class=\"o-icon u-stroke-2\"><use xmlns:xlink=\"http:\/\/www.w3.org\/1999\/xlink\" xlink:href=\"https:\/\/ultra-sailing.hr\/wp-content\/themes\/ultra-sailing\/assets\/sprite\/icons.svg#icon-chevron-right\"><\/use><\/svg>\t\t<\/div>\n\t<\/div>\n<\/a>\n<a href=\"https:\/\/ultra-sailing.hr\/hr\/skola-jedrenja\/katamaran-tecaj-hrvatska\/\" class=\"c-nav-card\" target=\"_blank\">\n\t<img loading=\"lazy\" decoding=\"async\" width=\"680\" height=\"320\" src=\"https:\/\/ultra-sailing.hr\/wp-content\/uploads\/2024\/05\/Catamaran_Training_Nautitech44-680x320.jpg\" class=\"attachment-680x320 size-680x320\" alt=\"\" \/>\t<div class=\"c-nav-card__main\">\n\t\t<p class=\"c-nav-card__title\">Katamaranski te\u010daj<\/p>\n\t\t<p class=\"c-nav-card__subtitle\">Organiziramo nekoliko te\u010dajeva godi\u0161nje jedrenja na na\u0161im katamaranima iz Splita, omogu\u0107uju\u0107i vam da se pripremite za najam katamarana bez skipera&#8230;<\/p>\n\t\t<div class=\"c-nav-card__icon\">\n\t\t\t<svg class=\"o-icon u-stroke-2\"><use xmlns:xlink=\"http:\/\/www.w3.org\/1999\/xlink\" xlink:href=\"https:\/\/ultra-sailing.hr\/wp-content\/themes\/ultra-sailing\/assets\/sprite\/icons.svg#icon-chevron-right\"><\/use><\/svg>\t\t<\/div>\n\t<\/div>\n<\/a>\n<a href=\"https:\/\/ultra-sailing.hr\/hr\/course\/coastal-skipper-tecaj\/\" class=\"c-nav-card\" target=\"_blank\">\n\t<img loading=\"lazy\" decoding=\"async\" width=\"680\" height=\"320\" src=\"https:\/\/ultra-sailing.hr\/wp-content\/uploads\/2024\/03\/20250114_151631566_iOS-680x320.jpg\" class=\"attachment-680x320 size-680x320\" alt=\"\" \/>\t<div class=\"c-nav-card__main\">\n\t\t<p class=\"c-nav-card__title\">ISPA Coastal Skipper<\/p>\n\t\t<p class=\"c-nav-card__subtitle\">ISPA Coastal Skipper je posljednja razina certifikacije koju mo\u017eete polo\u017eiti na Jadranu. Priprema vas za najam plovila u inozemstvu, du\u017e obale oceanskih podru\u010dja. Ako planirate&#8230;<\/p>\n\t\t<div class=\"c-nav-card__icon\">\n\t\t\t<svg class=\"o-icon u-stroke-2\"><use xmlns:xlink=\"http:\/\/www.w3.org\/1999\/xlink\" xlink:href=\"https:\/\/ultra-sailing.hr\/wp-content\/themes\/ultra-sailing\/assets\/sprite\/icons.svg#icon-chevron-right\"><\/use><\/svg>\t\t<\/div>\n\t<\/div>\n<\/a>\n<a href=\"https:\/\/ultra-sailing.hr\/hr\/skola-jedrenja\/profesionalni-skiper-trening\/\" class=\"c-nav-card\" target=\"_blank\">\n\t<img loading=\"lazy\" decoding=\"async\" width=\"680\" height=\"320\" src=\"https:\/\/ultra-sailing.hr\/wp-content\/uploads\/2024\/05\/IMG-20200916-WA0009-680x320.jpg\" class=\"attachment-680x320 size-680x320\" alt=\"\" \/>\t<div class=\"c-nav-card__main\">\n\t\t<p class=\"c-nav-card__title\">Profesionalni skipper trening<\/p>\n\t\t<p class=\"c-nav-card__subtitle\">Ultra prosfesionalni skipper trening je izvrsna prilika za mlade profesionalce da usavr\u0161e svoje vje\u0161tine, ali je i vrlo u\u010dinkovit na\u010din da se pridru\u017ee Ultra timu skipera<\/p>\n\t\t<div class=\"c-nav-card__icon\">\n\t\t\t<svg class=\"o-icon u-stroke-2\"><use xmlns:xlink=\"http:\/\/www.w3.org\/1999\/xlink\" xlink:href=\"https:\/\/ultra-sailing.hr\/wp-content\/themes\/ultra-sailing\/assets\/sprite\/icons.svg#icon-chevron-right\"><\/use><\/svg>\t\t<\/div>\n\t<\/div>\n<\/a>\t\t<\/div>\n\n\n\n<p>Cilj nam je prenijeti teoriju i praksu kako bi na\u0161i polaznici nastavili samostalno jedriti. Nakon polo\u017eenog ispita dobivate dozvolu od <a href=\"https:\/\/www.ispa.com\/\" rel=\"nofollow noopener\" target=\"_blank\">ISPA<\/a> (International Sailing and Power Academy) koje su slu\u017ebeno priznate od strane Ministarstva Mora, Prometa i Infrastrukture Republike Hrvatske, te s kojom mo\u017eete samostalno upravljati plovilom.<\/p>\n\n\n\n<p>Za one koji \u017eele vi\u0161e mo\u017eemo ponuditi sudjelovanje na regatama s nekim od poznatih hrvatskih jedrili\u010dara: Regata Mrduja, Vi\u0161ka regata, Pai\u0161ka regata, Jabuka, Bo\u017ei\u0107na regata\u2026..<\/p>\n\n\n\n<p>S nama \u0107ete nau\u010diti kako postati mornar koji po\u0161tuje more i krenuti dalje u samostalno jedrenje. Kroz te\u010dajeve \u0107ete imati priliku upoznati i druge ljude koji dijele odu\u0161evljenje jedrenjem. Za kraj, ako Vam jedrenje predstavlja izazov i motivaciju za ugodno dru\u017eenje, rekreaciju, a ponekad i sport pridru\u017eite nam se. Za Vas smo tu ve\u0107 skoro tri desetlje\u0107a &#8230;<\/p>\n\n\n\n<h2 class=\"wp-block-heading has-text-align-left\">ISPA Dozvole za upravljane jedrilica i najam<\/h2>\n\n\n\n<p>Ultra \u0161kola jedrenja je licencirani <a href=\"https:\/\/ultra-sailing.hr\/hr\/ispa-tecajevi-jedrenja-hrvatska\/\">ISPA centar za obuku jedrenja<\/a> te nudi te\u010dajeve jedrenja s certifikatima va\u017ee\u0107im i u Hrvatskoj i u mnogim zemljama po svijetu:<br>Competent Crew Sail<br>Day Skipper Sail<br>Coastal Navigator Sail<br>Coastal Skipper Sail<\/p>\n\n\n\n<figure class=\"wp-block-embed aligncenter is-type-video is-provider-youtube wp-block-embed-youtube wp-embed-aspect-16-9 wp-has-aspect-ratio\"><div class=\"wp-block-embed__wrapper\">\n<iframe loading=\"lazy\" title=\"Learn to Sail in Croatia - Ultra Sailing School\" width=\"640\" height=\"360\" src=\"https:\/\/www.youtube.com\/embed\/ZDqpz3-XJOY?feature=oembed\" frameborder=\"0\" allow=\"accelerometer; autoplay; clipboard-write; encrypted-media; gyroscope; picture-in-picture; web-share\" referrerpolicy=\"strict-origin-when-cross-origin\" allowfullscreen><\/iframe>\n<\/div><\/figure>\n\n\n\n<p><\/p>\n","protected":false},"excerpt":{"rendered":"<p>Najbolji na\u010din za provesti odmor u Hrvatskoj je kombinacija opu\u0161tanja te aktivnog odmora koji mo\u017eete imati sudjelovanjem u jednom od programa kojeg organizira na\u0161a \u0161kola jedrenja u Splitu. S Ultra \u0161kolom jedrenja, ne samo da \u0107ete nau\u010diti osnove jedrenja, ve\u0107 \u0107ete dobiti priliku istra\u017eiti sve aspekte ovog izazovnog sporta i oblika rekreacije uz podr\u0161ku na\u0161ih [&hellip;]<\/p>\n","protected":false},"author":1,"featured_media":0,"parent":0,"menu_order":0,"comment_status":"closed","ping_status":"closed","template":"","meta":{"_acf_changed":false,"footnotes":""},"class_list":["post-697","page","type-page","status-publish","hentry"],"acf":[],"_links":{"self":[{"href":"https:\/\/ultra-sailing.hr\/hr\/wp-json\/wp\/v2\/pages\/697","targetHints":{"allow":["GET"]}}],"collection":[{"href":"https:\/\/ultra-sailing.hr\/hr\/wp-json\/wp\/v2\/pages"}],"about":[{"href":"https:\/\/ultra-sailing.hr\/hr\/wp-json\/wp\/v2\/types\/page"}],"author":[{"embeddable":true,"href":"https:\/\/ultra-sailing.hr\/hr\/wp-json\/wp\/v2\/users\/1"}],"replies":[{"embeddable":true,"href":"https:\/\/ultra-sailing.hr\/hr\/wp-json\/wp\/v2\/comments?post=697"}],"version-history":[{"count":30,"href":"https:\/\/ultra-sailing.hr\/hr\/wp-json\/wp\/v2\/pages\/697\/revisions"}],"predecessor-version":[{"id":5333,"href":"https:\/\/ultra-sailing.hr\/hr\/wp-json\/wp\/v2\/pages\/697\/revisions\/5333"}],"wp:attachment":[{"href":"https:\/\/ultra-sailing.hr\/hr\/wp-json\/wp\/v2\/media?parent=697"}],"curies":[{"name":"wp","href":"https:\/\/api.w.org\/{rel}","templated":true}]}}