{"id":699,"date":"2024-03-10T18:31:28","date_gmt":"2024-03-10T17:31:28","guid":{"rendered":"http:\/\/ultra-sailing.hr\/dev-wordpress\/?page_id=699"},"modified":"2025-03-05T09:16:50","modified_gmt":"2025-03-05T08:16:50","slug":"program-regata","status":"publish","type":"page","link":"https:\/\/ultra-sailing.hr\/hr\/program-regata\/","title":{"rendered":"Program regata"},"content":{"rendered":"\n<p>Budu\u0107i da su mjesta na regatnim jedrenjima ograni\u010dena, kabine se obi\u010dno dijele s drugim \u010dlanom posade, \u010dime se osigurava potpuni timski do\u017eivljaj. Kako biste osigurali svoje mjesto i pravovremeno dobili informacije o nadolaze\u0107im regatama, <strong>pozivamo vas da se prijavite na na\u0161 Newsletter<\/strong> i budite me\u0111u prvima koji \u0107e saznati detalje o regatama na kojima mo\u017eete zajedriti s nama.<\/p>\n\n\n\n<h2 class=\"wp-block-heading\">Datumi regata<\/h2>\n\n\n<div class=\"c-notification u-mb-2 u-block u-hidden@sm\">\n\t<p>Mo\u017eete prije\u0107i vodoravno unutar tablice da biste vidjeli vi\u0161e informacija.Mo\u017eete prije\u0107i vodoravno unutar tablice da biste vidjeli vi\u0161e informacija.<\/p>\n<\/div>\n<div class=\"c-data-table\">\n\t<div class=\"c-data-table__inner\">\n\t\t<table>\n\t\t\t<thead>\n\t\t\t\t<tr>\n\t\t\t\t\t<th class=\"c-data-table__align-start c-data-table__fixed-column\"><span>Ime<\/span><\/th>\n\t\t\t\t\t<th class=\"c-data-table__align-end\">Termin<\/th>\n\t\t\t\t\t<th class=\"c-data-table__align-end\">Cijena te\u010daja<\/th>\n\t\t\t\t\t<th class=\"c-data-table__align-end\">Cijena regate<\/th>\n\t\t\t\t<\/tr>\n\t\t\t<\/thead>\n\t\t\t<tbody>\n\t\t\t\t\t\t\t\t<tr>\n\t\t\t\t\t<td class=\"c-data-table__align-start c-data-table__fixed-column\"><span><strong>Regatta Sv. DUJE Split<\/strong><br \/> + Fast Track Day Skipper + Regatta<\/span><\/td>\n\t\t\t\t\t<td class=\"c-data-table__align-end\">09.01.2026<\/td>\n\t\t\t\t\t<td class=\"c-data-table__align-end u-text-gray-400\">\n\t\t\t\t\t\t\t\t\t\t\t\t\t<code class=\"u-text-gray-600\">1.690.00\u20ac<\/code><br \/>\n\t\t\t\t\t\t\tPo osobi\t\t\t\t\t\t\t\t\t\t\t<\/td>\n\t\t\t\t\t<td class=\"c-data-table__align-end u-text-gray-400\"><code class=\"u-text-gray-600\">290.00\u20ac<\/code><br \/>Per person<\/td>\n\t\t\t\t<\/tr>\n\t\t\t\t\t\t\t\t<tr>\n\t\t\t\t\t<td class=\"c-data-table__align-start c-data-table__fixed-column\"><span><strong>Regatta Komi\u0161ka<\/strong><br \/> + Komi\u0161ka REGATA 2026<\/span><\/td>\n\t\t\t\t\t<td class=\"c-data-table__align-end\">Od 29.05.2026<br> do 31.05.2026<\/td>\n\t\t\t\t\t<td class=\"c-data-table__align-end u-text-gray-400\">\n\t\t\t\t\t\t\t\t\t\t\t\t\t<code class=\"u-text-gray-600\">690.00\u20ac<\/code><br \/>\n\t\t\t\t\t\t\tPo osobi\t\t\t\t\t\t\t\t\t\t\t<\/td>\n\t\t\t\t\t<td class=\"c-data-table__align-end u-text-gray-400\"><code class=\"u-text-gray-600\">690.00\u20ac<\/code><br \/>Per person<\/td>\n\t\t\t\t<\/tr>\n\t\t\t\t\t\t\t\t<tr>\n\t\t\t\t\t<td class=\"c-data-table__align-start c-data-table__fixed-column\"><span><strong>Regatta Postira<\/strong><br \/> + Fast Track Day Skipper + Regatta<\/span><\/td>\n\t\t\t\t\t<td class=\"c-data-table__align-end\">11.07.2026<\/td>\n\t\t\t\t\t<td class=\"c-data-table__align-end u-text-gray-400\">\n\t\t\t\t\t\t\t\t\t\t\t\t\t<code class=\"u-text-gray-600\">2.290.00\u20ac<\/code><br \/>\n\t\t\t\t\t\t\tPo osobi\t\t\t\t\t\t\t\t\t\t\t<\/td>\n\t\t\t\t\t<td class=\"c-data-table__align-end u-text-gray-400\"><code class=\"u-text-gray-600\">350.00\u20ac<\/code><br \/>Per person<\/td>\n\t\t\t\t<\/tr>\n\t\t\t\t\t\t\t\t<tr>\n\t\t\t\t\t<td class=\"c-data-table__align-start c-data-table__fixed-column\"><span><strong>Regatta Mrduja<\/strong><br \/> 1 dan<\/span><\/td>\n\t\t\t\t\t<td class=\"c-data-table__align-end\">03.10.2026<\/td>\n\t\t\t\t\t<td class=\"c-data-table__align-end u-text-gray-400\">\n\t\t\t\t\t\t\t\t\t\t\t<\/td>\n\t\t\t\t\t<td class=\"c-data-table__align-end u-text-gray-400\"><code class=\"u-text-gray-600\">290.00\u20ac<\/code><br \/>Per person<\/td>\n\t\t\t\t<\/tr>\n\t\t\t\t\t\t\t\t<tr>\n\t\t\t\t\t<td class=\"c-data-table__align-start c-data-table__fixed-column\"><span><strong>Regatta Vi\u0161ka<\/strong><br \/> 3 dana<\/span><\/td>\n\t\t\t\t\t<td class=\"c-data-table__align-end\">Od 16.10.2026<br> do 18.10.2026<\/td>\n\t\t\t\t\t<td class=\"c-data-table__align-end u-text-gray-400\">\n\t\t\t\t\t\t\t\t\t\t\t<\/td>\n\t\t\t\t\t<td class=\"c-data-table__align-end u-text-gray-400\"><code class=\"u-text-gray-600\">690.00\u20ac<\/code><br \/>Per person<\/td>\n\t\t\t\t<\/tr>\n\t\t\t\t\t\t\t\t<tr>\n\t\t\t\t\t<td class=\"c-data-table__align-start c-data-table__fixed-column\"><span><strong>ADVANCED &#8211; Regatta Jabuka<\/strong><br \/> + Regata Jabuka &#8211; napredni program<\/span><\/td>\n\t\t\t\t\t<td class=\"c-data-table__align-end\">Od 06.11.2026<br> do 10.11.2026<\/td>\n\t\t\t\t\t<td class=\"c-data-table__align-end u-text-gray-400\">\n\t\t\t\t\t\t\t\t\t\t\t\t\t<code class=\"u-text-gray-600\">0.00\u20ac<\/code><br \/>\n\t\t\t\t\t\t\tPo osobi\t\t\t\t\t\t\t\t\t\t\t<\/td>\n\t\t\t\t\t<td class=\"c-data-table__align-end u-text-gray-400\"><code class=\"u-text-gray-600\">1.090.00\u20ac<\/code><br \/>Per person<\/td>\n\t\t\t\t<\/tr>\n\t\t\t\t\t\t\t<\/tbody>\n\t\t<\/table>\n\t<\/div>\n<\/div>\n\n\n\n<h2 class=\"wp-block-heading\">Informacije<\/h2>\n\n\n\n<h3 class=\"wp-block-heading\">Cijena uklju\u010duje<\/h3>\n\n\n\n<ul class=\"wp-block-list\">\n<li>25% PDV<\/li>\n\n\n\n<li>Boravi\u0161nu pristojbu<\/li>\n\n\n\n<li>Vezove i gorivo<\/li>\n\n\n\n<li>Posudbu jedrili\u010darskih odjela<\/li>\n\n\n\n<li>Smje\u0161taj na brodu za polaznike prethodnog te\u010daja<\/li>\n<\/ul>\n\n\n\n<h3 class=\"wp-block-heading\">Cijena ne uklju\u010duje<\/h3>\n\n\n\n<ul class=\"wp-block-list\">\n<li>Startnina za regatu<\/li>\n\n\n\n<li>Hrana i pi\u0107e<\/li>\n\n\n\n<li>Tro\u0161kove dolaska i odlaska do baze Split<\/li>\n\n\n\n<li>Opcionalni tro\u0161ak smje\u0161taja na kopnu<\/li>\n<\/ul>\n\n\n\n<h3 class=\"wp-block-heading\">Napomene<\/h3>\n\n\n\n<ul class=\"wp-block-list\">\n<li>Za sudjelovanje na regati potrebno je imati zavr\u0161en Day skipper ili Competent Crew certifikat.<\/li>\n\n\n\n<li>Ultra d.o.o. zadr\u017eava pravo eventualnog mjenjanja datuma (vremenski uvjeti ili nedovoljan broj polaznika). Za to\u010dan datum u kojem bi ste htjeli jedriti s nama kontaktirajte nas na <a href=\"mailto:school@ultra-sailing.hr\">school@ultra-sailing.hr<\/a><\/li>\n<\/ul>\n","protected":false},"excerpt":{"rendered":"<p>Budu\u0107i da su mjesta na regatnim jedrenjima ograni\u010dena, kabine se obi\u010dno dijele s drugim \u010dlanom posade, \u010dime se osigurava potpuni timski do\u017eivljaj. Kako biste osigurali svoje mjesto i pravovremeno dobili informacije o nadolaze\u0107im regatama, pozivamo vas da se prijavite na na\u0161 Newsletter i budite me\u0111u prvima koji \u0107e saznati detalje o regatama na kojima mo\u017eete [&hellip;]<\/p>\n","protected":false},"author":1,"featured_media":0,"parent":0,"menu_order":0,"comment_status":"closed","ping_status":"closed","template":"","meta":{"_acf_changed":false,"footnotes":""},"class_list":["post-699","page","type-page","status-publish","hentry"],"acf":[],"_links":{"self":[{"href":"https:\/\/ultra-sailing.hr\/hr\/wp-json\/wp\/v2\/pages\/699","targetHints":{"allow":["GET"]}}],"collection":[{"href":"https:\/\/ultra-sailing.hr\/hr\/wp-json\/wp\/v2\/pages"}],"about":[{"href":"https:\/\/ultra-sailing.hr\/hr\/wp-json\/wp\/v2\/types\/page"}],"author":[{"embeddable":true,"href":"https:\/\/ultra-sailing.hr\/hr\/wp-json\/wp\/v2\/users\/1"}],"replies":[{"embeddable":true,"href":"https:\/\/ultra-sailing.hr\/hr\/wp-json\/wp\/v2\/comments?post=699"}],"version-history":[{"count":6,"href":"https:\/\/ultra-sailing.hr\/hr\/wp-json\/wp\/v2\/pages\/699\/revisions"}],"predecessor-version":[{"id":4391,"href":"https:\/\/ultra-sailing.hr\/hr\/wp-json\/wp\/v2\/pages\/699\/revisions\/4391"}],"wp:attachment":[{"href":"https:\/\/ultra-sailing.hr\/hr\/wp-json\/wp\/v2\/media?parent=699"}],"curies":[{"name":"wp","href":"https:\/\/api.w.org\/{rel}","templated":true}]}}