{"id":726,"date":"2024-03-10T18:42:19","date_gmt":"2024-03-10T17:42:19","guid":{"rendered":"http:\/\/ultra-sailing.hr\/dev-wordpress\/?page_id=726"},"modified":"2025-03-05T09:14:32","modified_gmt":"2025-03-05T08:14:32","slug":"team-building-jedrenje","status":"publish","type":"page","link":"https:\/\/ultra-sailing.hr\/hr\/team-building-jedrenje\/","title":{"rendered":"Team building program"},"content":{"rendered":"\n<p>Team building je sve \u010de\u0161\u0107e spominjani termin u svijetu suvremenog poslovanja. Istra\u017eivanja ekonomskih stru\u010dnjaka o efikasnosti radnih grupa i pojedinaca dokazala su da je sistematski rad na podizanju psihofizi\u010dkih sposobnosti radnika, posebno stresom optere\u0107enih managera, zahtjev efikasnog poslovanja.<\/p>\n\n\n\n<p>Team building je pojam koji podrazumijeva:<\/p>\n\n\n\n<ul class=\"wp-block-list\">\n<li>Rad s ekspertima na podizanju efikasnosti pojedinaca i grupa unutar firme.<\/li>\n\n\n\n<li>Unapre\u0111enje me\u0111uljudskih odnosa unutar firme i njenih poslovnih jedinica.<\/li>\n\n\n\n<li>Podizanje nivoa i kvaliteta psihi\u010dkih i fizi\u010dkih komponenti li\u010dnosti pojedinaca i grupa.<\/li>\n<\/ul>\n\n\n\n<p>Cilj je na nivou poslovnog procesa i u poslovnom okru\u017eenju pobolj\u0161ati odnose izme\u0111u grupa, te poslovnu efikasnost. Zajedni\u010dki boravak u prirodi (jedrenje) je tako\u0111er jedan od oblika team buildinga.<\/p>\n\n\n\n<p><strong>Prilago\u0111eni Programi:<\/strong> Na\u0161 tim stru\u010dnjaka sura\u0111ivat \u0107e s vama kako bi stvorili program koji odgovara va\u0161im potrebama i ciljevima. Bez obzira \u017eelite li organizirati timsku izgradnju, takmi\u010denja u jedrenju ili opu\u0161teno dru\u017eenje na moru, mi smo tu da va\u0161u viziju pretvorimo u stvarnost.<\/p>\n\n\n\n<p><strong>Kvalificirani Instruktori:<\/strong> Na\u0161i iskusni skiperi i instruktori pru\u017eit \u0107e potrebnu obuku i podr\u0161ku kako bi svi u\u010desnici u\u017eivali u sigurnom i zabavnom jedrenju.<\/p>\n\n\n\n<p><strong>Jedrenje u flotili<\/strong> je nevjerojatno iskustvo koje promovira timski rad, suradnju i komunikaciju me\u0111u u\u010desnicima. Svaka jedrilica u flotili kre\u0107e zajedno prema odredi\u0161tu, stvaraju\u0107i uzbudljivu atmosferu \u201enatjecanja\u201c dok istovremeno poti\u010de timski rad. Osim \u0161to pru\u017ea u\u017eitak jedrenja, ova aktivnost tako\u0111er poti\u010de strategiju, planiranje i brzu prilagodbu na promjenjive uvjete na moru.<\/p>\n\n\n\n<p>Grupni ciljevi Team buildinga su:<\/p>\n\n\n\n<ul class=\"wp-block-list\">\n<li>Bolje upoznavanje me\u0111u djelatnicima<\/li>\n\n\n\n<li>Pobolj\u0161anje efikasnosti grupne komunikacije<\/li>\n\n\n\n<li>Stvaranje povjerenja<\/li>\n\n\n\n<li>Prihva\u0107anje zajedni\u010dkih ciljeva<\/li>\n\n\n\n<li>Pobolj\u0161anje suradnje<\/li>\n\n\n\n<li>U\u010dinkovitiji na\u010dini rje\u0161avanja problema<\/li>\n\n\n\n<li>Uskla\u0111ivanje uloga u grupi<\/li>\n<\/ul>\n\n\n\n<p>Individualni ciljevi Team buildinga:<\/p>\n\n\n\n<ul class=\"wp-block-list\">\n<li>Savladavanje osobnih ograni\u010denja<\/li>\n\n\n\n<li>Pove\u0107anje samopouzdanja i samokontrole<\/li>\n\n\n\n<li>Do\u017eivljaj opu\u0161tanja<\/li>\n\n\n\n<li>Do\u017eivljaj uspje\u0161nosti kroz uva\u017eavanje u timu<\/li>\n\n\n\n<li>Izdvojenost u\u017eivanje u prirodi<\/li>\n\n\n\n<li>Fizi\u010dka aktivnost i individualna motivacija<\/li>\n\n\n\n<li>Zabava<\/li>\n<\/ul>\n\n\n\n<p><mark style=\"background-color:rgba(0, 0, 0, 0)\" class=\"has-inline-color has-vivid-red-color\">Cijena i termini na upit!<\/mark><\/p>\n\n\n<div class=\"u-mb-5\">\n\t<a href=\"mailto:booking@ultra-sailing.hr\" class=\"c-badge\">\n\t\t<svg class=\"o-icon u-stroke-2\"><use xmlns:xlink=\"http:\/\/www.w3.org\/1999\/xlink\" xlink:href=\"https:\/\/ultra-sailing.hr\/wp-content\/themes\/ultra-sailing\/assets\/sprite\/icons.svg#icon-mail\"><\/use><\/svg>\t\t<span>booking@ultra-sailing.hr<\/span>\n\t<\/a>\n<\/div>\n\n\n<div class=\"u-mb-5\">\n\t<a href=\"tel:+385 21 398 578\" class=\"c-badge\">\n\t\t<svg class=\"o-icon u-stroke-2\"><use xmlns:xlink=\"http:\/\/www.w3.org\/1999\/xlink\" xlink:href=\"https:\/\/ultra-sailing.hr\/wp-content\/themes\/ultra-sailing\/assets\/sprite\/icons.svg#icon-phone\"><\/use><\/svg>\t\t<span>+385 21 398 578<\/span>\n\t<\/a>\n<\/div>\n","protected":false},"excerpt":{"rendered":"<p>Team building je sve \u010de\u0161\u0107e spominjani termin u svijetu suvremenog poslovanja. Istra\u017eivanja ekonomskih stru\u010dnjaka o efikasnosti radnih grupa i pojedinaca dokazala su da je sistematski rad na podizanju psihofizi\u010dkih sposobnosti radnika, posebno stresom optere\u0107enih managera, zahtjev efikasnog poslovanja. Team building je pojam koji podrazumijeva: Cilj je na nivou poslovnog procesa i u poslovnom okru\u017eenju pobolj\u0161ati [&hellip;]<\/p>\n","protected":false},"author":1,"featured_media":0,"parent":0,"menu_order":0,"comment_status":"closed","ping_status":"closed","template":"","meta":{"_acf_changed":false,"footnotes":""},"class_list":["post-726","page","type-page","status-publish","hentry"],"acf":[],"_links":{"self":[{"href":"https:\/\/ultra-sailing.hr\/hr\/wp-json\/wp\/v2\/pages\/726","targetHints":{"allow":["GET"]}}],"collection":[{"href":"https:\/\/ultra-sailing.hr\/hr\/wp-json\/wp\/v2\/pages"}],"about":[{"href":"https:\/\/ultra-sailing.hr\/hr\/wp-json\/wp\/v2\/types\/page"}],"author":[{"embeddable":true,"href":"https:\/\/ultra-sailing.hr\/hr\/wp-json\/wp\/v2\/users\/1"}],"replies":[{"embeddable":true,"href":"https:\/\/ultra-sailing.hr\/hr\/wp-json\/wp\/v2\/comments?post=726"}],"version-history":[{"count":5,"href":"https:\/\/ultra-sailing.hr\/hr\/wp-json\/wp\/v2\/pages\/726\/revisions"}],"predecessor-version":[{"id":1868,"href":"https:\/\/ultra-sailing.hr\/hr\/wp-json\/wp\/v2\/pages\/726\/revisions\/1868"}],"wp:attachment":[{"href":"https:\/\/ultra-sailing.hr\/hr\/wp-json\/wp\/v2\/media?parent=726"}],"curies":[{"name":"wp","href":"https:\/\/api.w.org\/{rel}","templated":true}]}}