{"id":738,"date":"2024-03-10T18:47:37","date_gmt":"2024-03-10T17:47:37","guid":{"rendered":"http:\/\/ultra-sailing.hr\/dev-wordpress\/?page_id=738"},"modified":"2025-02-21T09:50:23","modified_gmt":"2025-02-21T08:50:23","slug":"obiteljski-tecaj-jedrenja","status":"publish","type":"page","link":"https:\/\/ultra-sailing.hr\/hr\/obiteljski-tecaj-jedrenja\/","title":{"rendered":"Obiteljski te\u010daj jedrenja"},"content":{"rendered":"\n<p>Jedan od na\u0161ih najboljih te\u010dajeva, koji slu\u017ei kao aktivan odmor je i obiteljski program jedrenja. Danas se sve vi\u0161e obitelji odlu\u010duje na zajedni\u010dka jedrenja kako bi proslavili ro\u0111endane, godi\u0161njice i godi\u0161nja obiteljska okupljanja. Obiteljska jedrenja su savr\u0161en na\u010din da se \u010dlanovi va\u0161e obitelji opuste, u\u017eivaju i provode vrijeme zajedno. Ni\u0161ta ne produbljuje i pobolj\u0161ava dobre prijateljske i obiteljske odnose kao zajedni\u010dki aktivni odmori.<\/p>\n\n\n\n<p>Mi vam nudimo savr\u0161en na\u010din da provedete kvalitetno vrijeme sa svojom obitelji. Me\u0111usobno ja\u010danje povjerenja je najva\u017enija karika u obiteljskom odnosu, a kroz jedrenje smatramo da se veze u\u010dvr\u0161\u0107uju.<\/p>\n\n\n\n<p>U obiteljskom programu jedrenja \u010dlanovi obitelji postaju \u010dlanovi posade na jedrilici i zajedno sudjeluju u plovidbi od navigacije, trimanja jedrilice, pristajanja, sidrenja do predvi\u0111anja metereolo\u0161ke situacije.<\/p>\n\n\n\n<p>Program je osmi\u0161ljen za obitelji koje \u017eele provesti godi\u0161nji odmor na jedrilici, te obnoviti osnove jedrenja uz manje fizi\u010dkog optere\u0107enja nego na ostalim programima \u0161kole jedrenja, program je prilago\u0111en obiteljima i njihovim zahtjevima. Program je prilago\u0111en svim uzrastima, a dnevne rute se zajedni\u010dki dogovaraju. Posebni termini programa nisu odre\u0111eni zbog prilagodbe mogu\u0107nosti i \u017eeljama obitelji.<\/p>\n\n\n\n<p><strong><mark style=\"background-color:rgba(0, 0, 0, 0)\" class=\"has-inline-color has-vivid-red-color\">Cijena na upit<\/mark><\/strong><\/p>\n\n\n<div class=\"u-mb-5\">\n\t<a href=\"mailto:school@ultra-sailing.hr\" class=\"c-badge\">\n\t\t<svg class=\"o-icon u-stroke-2\"><use xmlns:xlink=\"http:\/\/www.w3.org\/1999\/xlink\" xlink:href=\"https:\/\/ultra-sailing.hr\/wp-content\/themes\/ultra-sailing\/assets\/sprite\/icons.svg#icon-mail\"><\/use><\/svg>\t\t<span>school@ultra-sailing.hr<\/span>\n\t<\/a>\n<\/div>\n\n\n<div class=\"u-mb-5\">\n\t<a href=\"tel:+385 21 398 578\" class=\"c-badge\">\n\t\t<svg class=\"o-icon u-stroke-2\"><use xmlns:xlink=\"http:\/\/www.w3.org\/1999\/xlink\" xlink:href=\"https:\/\/ultra-sailing.hr\/wp-content\/themes\/ultra-sailing\/assets\/sprite\/icons.svg#icon-phone\"><\/use><\/svg>\t\t<span>+385 21 398 578<\/span>\n\t<\/a>\n<\/div>\n\n\n\n<h2 class=\"wp-block-heading\">Cijena uklju\u010duje<\/h2>\n\n\n\n<ul class=\"wp-block-list\">\n<li>25% PDV<\/li>\n\n\n\n<li>Boravi\u0161na pristojba<\/li>\n\n\n\n<li>6 dana jedrenja<\/li>\n\n\n\n<li>Instruktor-skiper<\/li>\n\n\n\n<li>Jedan priru\u010dnik \u0161kole<\/li>\n\n\n\n<li>Posteljina<\/li>\n\n\n\n<li>WiFi<\/li>\n<\/ul>\n\n\n\n<h2 class=\"wp-block-heading\">Cijena ne uklju\u010duje<\/h2>\n\n\n\n<ul class=\"wp-block-list\">\n<li>Hranu i pi\u0107e<\/li>\n\n\n\n<li>Cijena vezova<\/li>\n\n\n\n<li>Gorivo<\/li>\n<\/ul>\n\n\n\n<p><\/p>\n\n\n\n<p><\/p>\n\n\n\n<p>Vi\u0161e informacija o obiteljskom jedrenju prona\u0111ite u na\u0161im blogovima ispod.<\/p>\n\n\n\t\t<div class=\"c-nav-card-group\">\n\t\t\t\n<a href=\"https:\/\/blog.ultra-sailing.hr\/hr\/obiteljsko-jedrenje-u-hrvatskoj\/\" class=\"c-nav-card\" target=\"_self\">\n\t<img loading=\"lazy\" decoding=\"async\" width=\"680\" height=\"320\" src=\"https:\/\/ultra-sailing.hr\/wp-content\/uploads\/2024\/05\/Family_Sailing_Catamaran_Croatia-680x320.jpg\" class=\"attachment-680x320 size-680x320\" alt=\"\" \/>\t<div class=\"c-nav-card__main\">\n\t\t<p class=\"c-nav-card__title\">Savjeti za obiteljsko jedrenje<\/p>\n\t\t<p class=\"c-nav-card__subtitle\">Koje je najbolje vrijeme za jedrenje s obitelji, rute za obitelji, idealno plovilo&#8230;<\/p>\n\t\t<div class=\"c-nav-card__icon\">\n\t\t\t<svg class=\"o-icon u-stroke-2\"><use xmlns:xlink=\"http:\/\/www.w3.org\/1999\/xlink\" xlink:href=\"https:\/\/ultra-sailing.hr\/wp-content\/themes\/ultra-sailing\/assets\/sprite\/icons.svg#icon-chevron-right\"><\/use><\/svg>\t\t<\/div>\n\t<\/div>\n<\/a>\n<a href=\"https:\/\/blog.ultra-sailing.hr\/hr\/10-savjeta-za-jedrenje-s-djecom\/\" class=\"c-nav-card\" target=\"_self\">\n\t<img loading=\"lazy\" decoding=\"async\" width=\"680\" height=\"320\" src=\"https:\/\/ultra-sailing.hr\/wp-content\/uploads\/2024\/05\/SUP_Fun_Croatia-680x320.jpg\" class=\"attachment-680x320 size-680x320\" alt=\"\" \/>\t<div class=\"c-nav-card__main\">\n\t\t<p class=\"c-nav-card__title\">10 savjeta za jedrenje s djecom<\/p>\n\t\t<p class=\"c-nav-card__subtitle\">Zaklju\u010dak je da je djeci uvijek bilo sve dobro, nikad tijesno, nikad dosadno\u2026.<\/p>\n\t\t<div class=\"c-nav-card__icon\">\n\t\t\t<svg class=\"o-icon u-stroke-2\"><use xmlns:xlink=\"http:\/\/www.w3.org\/1999\/xlink\" xlink:href=\"https:\/\/ultra-sailing.hr\/wp-content\/themes\/ultra-sailing\/assets\/sprite\/icons.svg#icon-chevron-right\"><\/use><\/svg>\t\t<\/div>\n\t<\/div>\n<\/a>\t\t<\/div>\n","protected":false},"excerpt":{"rendered":"<p>Jedan od na\u0161ih najboljih te\u010dajeva, koji slu\u017ei kao aktivan odmor je i obiteljski program jedrenja. Danas se sve vi\u0161e obitelji odlu\u010duje na zajedni\u010dka jedrenja kako bi proslavili ro\u0111endane, godi\u0161njice i godi\u0161nja obiteljska okupljanja. Obiteljska jedrenja su savr\u0161en na\u010din da se \u010dlanovi va\u0161e obitelji opuste, u\u017eivaju i provode vrijeme zajedno. Ni\u0161ta ne produbljuje i pobolj\u0161ava dobre [&hellip;]<\/p>\n","protected":false},"author":1,"featured_media":0,"parent":0,"menu_order":0,"comment_status":"closed","ping_status":"closed","template":"","meta":{"_acf_changed":false,"footnotes":""},"class_list":["post-738","page","type-page","status-publish","hentry"],"acf":[],"_links":{"self":[{"href":"https:\/\/ultra-sailing.hr\/hr\/wp-json\/wp\/v2\/pages\/738","targetHints":{"allow":["GET"]}}],"collection":[{"href":"https:\/\/ultra-sailing.hr\/hr\/wp-json\/wp\/v2\/pages"}],"about":[{"href":"https:\/\/ultra-sailing.hr\/hr\/wp-json\/wp\/v2\/types\/page"}],"author":[{"embeddable":true,"href":"https:\/\/ultra-sailing.hr\/hr\/wp-json\/wp\/v2\/users\/1"}],"replies":[{"embeddable":true,"href":"https:\/\/ultra-sailing.hr\/hr\/wp-json\/wp\/v2\/comments?post=738"}],"version-history":[{"count":11,"href":"https:\/\/ultra-sailing.hr\/hr\/wp-json\/wp\/v2\/pages\/738\/revisions"}],"predecessor-version":[{"id":4298,"href":"https:\/\/ultra-sailing.hr\/hr\/wp-json\/wp\/v2\/pages\/738\/revisions\/4298"}],"wp:attachment":[{"href":"https:\/\/ultra-sailing.hr\/hr\/wp-json\/wp\/v2\/media?parent=738"}],"curies":[{"name":"wp","href":"https:\/\/api.w.org\/{rel}","templated":true}]}}