{"id":798,"date":"2024-03-11T09:57:59","date_gmt":"2024-03-11T08:57:59","guid":{"rendered":"http:\/\/ultra-sailing.hr\/dev-wordpress\/?page_id=798"},"modified":"2026-03-13T09:19:54","modified_gmt":"2026-03-13T08:19:54","slug":"charter-baza-pula","status":"publish","type":"page","link":"https:\/\/ultra-sailing.hr\/hr\/charter-baza-pula\/","title":{"rendered":"Charter Baza Pula"},"content":{"rendered":"\n<p>Na\u0161a charter baza smje\u0161tena je u blizini slikovitog grada Pule u ACI marini Pomer. Iz Pomera imate mogu\u0107nost isploviti i uputiti se na jug prema <a href=\"https:\/\/ultra-sailing.hr\/hr\/atraktivne-nauticke-destinacije\/istra-i-kvarner\/\" target=\"_blank\" rel=\"noreferrer noopener\">Kvarnerskom zaljevu<\/a> i oploviti otoke kao \u0161to su Cres, <a href=\"https:\/\/croatia.hr\/hr-hr\/otoci\/susak\" target=\"_blank\" rel=\"noreferrer noopener nofollow\">Susak<\/a>, Krk, Lo\u0161inj ili u drugom smjeru prema zapadnoj obali Istre prema predivnim gradovima poput Rovinja, Pore\u010da, Novigrada pa \u010dak i do Italije. Sva plovila su dostupna za najam sa skiperom ili bez skipera.<\/p>\n\n\n\n<h2 class=\"wp-block-heading\">Virtualna 360\u00b0 \u0161etnja &#8211; Marina Pomer<\/h2>\n\n\n\n<figure class=\"wp-block-embed is-type-rich is-provider-rukovatelj-ugradnje-koda wp-block-embed-rukovatelj-ugradnje-koda\"><div class=\"wp-block-embed__wrapper\">\n<iframe loading=\"lazy\" style=\"border:0;\" tabindex=\"0\" src=\"https:\/\/tourmkr.com\/F1OL0GOqiA\/12806639p&amp;38.29h&amp;104.38t\" width=\"100%\" height=\"400\" frameborder=\"0\" allowfullscreen=\"\" aria-hidden=\"false\"><\/iframe>\n<\/div><\/figure>\n\n\n\n<h2 class=\"wp-block-heading\">Osnovne informacije<\/h2>\n\n\n\n<ul class=\"wp-block-list\">\n<li><strong>Adresa:<\/strong> ACI Marina Pomer, Pomer 26A, 52100 Pomer<\/li>\n\n\n\n<li><strong>E-Mail:<\/strong> booking@ultra-sailing.hr<\/li>\n\n\n\n<li><strong>Tehni\u010dka Potpora:<\/strong> +385 91 490 0034<\/li>\n\n\n\n<li><strong>Radno vrijeme:<\/strong>\n<ul class=\"wp-block-list\">\n<li>Petak: 14h &#8211; 20h<\/li>\n\n\n\n<li>Subota: 08h &#8211; 20h<\/li>\n\n\n\n<li>Nedjelja: 08h &#8211; 12h<\/li>\n<\/ul>\n<\/li>\n\n\n\n<li><strong>Check-in:<\/strong> Subota, 17h<\/li>\n\n\n\n<li><strong>Check-out:<\/strong> Subota, 09h<\/li>\n<\/ul>\n\n\n\t\t<div class=\"c-nav-card-group\">\n\t\t\t\n<a href=\"https:\/\/ultra-sailing.hr\/wp-content\/uploads\/2026\/02\/CharterBaseACI-MARINA-POMER.pdf\" class=\"c-nav-card\" target=\"_blank\">\n\t<img loading=\"lazy\" decoding=\"async\" width=\"680\" height=\"320\" src=\"https:\/\/ultra-sailing.hr\/wp-content\/uploads\/2024\/11\/Charterbase_Pomer_Croatia-680x320.jpg\" class=\"attachment-680x320 size-680x320\" alt=\"Charter baza Pula\" \/>\t<div class=\"c-nav-card__main\">\n\t\t<p class=\"c-nav-card__title\">Charter baza Pomer<\/p>\n\t\t<p class=\"c-nav-card__subtitle\">Sve informacije u PDF-u o na\u0161oj charter bazi Pomer, kraj Pule, kontakt i ostale informacije.<\/p>\n\t\t<div class=\"c-nav-card__icon\">\n\t\t\t<svg class=\"o-icon u-stroke-2\"><use xmlns:xlink=\"http:\/\/www.w3.org\/1999\/xlink\" xlink:href=\"https:\/\/ultra-sailing.hr\/wp-content\/themes\/ultra-sailing\/assets\/sprite\/icons.svg#icon-chevron-right\"><\/use><\/svg>\t\t<\/div>\n\t<\/div>\n<\/a>\t\t<\/div>\n\n\n\n<figure class=\"wp-block-embed is-type-rich is-provider-rukovatelj-ugradnje-koda wp-block-embed-rukovatelj-ugradnje-koda\"><div class=\"wp-block-embed__wrapper\">\n<iframe loading=\"lazy\" src=\"https:\/\/google.com\/maps\/embed?pb=!1m18!1m12!1m3!1d1250.2017932910367!2d13.902114590434012!3d44.82198288418685!2m3!1f0!2f0!3f0!3m2!1i1024!2i768!4f13.1!3m3!1m2!1s0x47632b8c5022e6f5%3A0x7301bb15c52cf7a0!2sUltra%20Sailing%20Croatia%20-%20Yacht%20rental%20Pomer!5e1!3m2!1sen!2shr!4v1763629181271!5m2!1sen!2shr\" width=\"100%\" height=\"400\" frameborder=\"0\"><\/iframe>\n<\/div><\/figure>\n\n\n\n<h2 class=\"wp-block-heading\">O marini<\/h2>\n\n\n\n<p>ACI Marina Pomer je moderno opremljena marina, koja se nalazi na jugu istarskoga poluotoka, u Medulinskom zaljevu. Opremljena je recepcijom i mjenja\u010dnicom, bankomatom, najsuvremenijim WLAN pristupom internetu, novim sanitarijama s odjeljkom za osobe s posebnim potrebama, praonicom rublja, trgovinom u sezoni, parkirali\u0161tem osobnih vozila te restoranom i bazenom sa barom. Crpka za gorivo nalazi se u Pje\u0161\u010danoj uvali (11 nm) i u gradskoj luci Pula (18 nm). Zra\u010dna luka Pula je tek 10-tak kilometara udaljena od grada Pomera \u0161to je dodatna prednost ove marine.<\/p>\n\n\n\n<p>Pomer je mirno ribarsko mjesto u kojem mo\u017eete prona\u0107i trgovinu, pekaru i restoran. Supermarket se nalazi na putu prema mjestu Banjole.<\/p>\n\n\n\n<h2 class=\"wp-block-heading\">Charter baza Pula &#8211; Marina Video<\/h2>\n\n\n\n<figure class=\"wp-block-embed is-type-video is-provider-youtube wp-block-embed-youtube wp-embed-aspect-16-9 wp-has-aspect-ratio\"><div class=\"wp-block-embed__wrapper\">\n<iframe loading=\"lazy\" title=\"Yacht Charter Base Pula \u2013 Ultra Sailing at Marina Pomer | Base &amp; Marina Walkthrough\" width=\"640\" height=\"360\" src=\"https:\/\/www.youtube.com\/embed\/0HLbZ3xZf3k?start=2&#038;feature=oembed&#038;enablejsapi=1&#038;origin=https:\/\/ultra-sailing.hr\" frameborder=\"0\" allow=\"accelerometer; autoplay; clipboard-write; encrypted-media; gyroscope; picture-in-picture; web-share\" referrerpolicy=\"strict-origin-when-cross-origin\" allowfullscreen><\/iframe>\n<\/div><\/figure>\n\n\n\n<h2 class=\"wp-block-heading\">O Puli<\/h2>\n\n\n\n<figure class=\"wp-block-image size-full\"><img loading=\"lazy\" decoding=\"async\" width=\"960\" height=\"640\" src=\"https:\/\/ultra-sailing.hr\/wp-content\/uploads\/2024\/03\/pula_amfiteatar_ultrasailing-1.jpg\" alt=\"\" class=\"wp-image-800\" srcset=\"https:\/\/ultra-sailing.hr\/wp-content\/uploads\/2024\/03\/pula_amfiteatar_ultrasailing-1.jpg 960w, https:\/\/ultra-sailing.hr\/wp-content\/uploads\/2024\/03\/pula_amfiteatar_ultrasailing-1-300x200.jpg 300w, https:\/\/ultra-sailing.hr\/wp-content\/uploads\/2024\/03\/pula_amfiteatar_ultrasailing-1-768x512.jpg 768w\" sizes=\"auto, (max-width: 960px) 100vw, 960px\" \/><\/figure>\n\n\n\n<p>Ukoliko imate vremena, posjetite Pulu, najve\u0107i grad Istre, koja je na 10tak minuta udaljenosti Pomera. Pula je najpoznatija po Areni \u2013 amfiteatru, 6. po veli\u010dini i jednom od najbolje o\u010duvanih u svijetu, sagra\u0111enom u 1. stolje\u0107u. Pula je grad bogat povje\u0161\u0107u, kulturom i tradicijom. Prvi zapisi se\u017eu jo\u0161 1000.godina prije Krista, gdje se spominje da je na ovom mjestu bilo naselje. Grad je prolazio kroz razli\u010dite vlasti, neke od njih su ostavili svoj pe\u010dat na Puli, tako se u doba vladavine Rimljana bili izgra\u0111eni vodovod, kanalizacija i brojne gra\u0111evine, koje danas jo\u0161 uvelike utje\u010du na vizuru grada. Osim znanemitosti, mo\u017eete oti\u0107i i na neku od obli\u017enjih pla\u017ea, kao Havajsko i Ambrela na Verdueli ili Gortanova Uvala na Lungomare. Nakon zavr\u0161etka chartera, te povratka u bazu, petkom u gradu mo\u017eete obi\u0107i neke od restorana, te otkriti tradicionalnu istarsku kuhinju i delicije.<\/p>\n\n\n\n<h3 class=\"wp-block-heading\">Znanemitosti u Puli<\/h3>\n\n\n\n<p>Dok \u010dekate na svoju jedrilicu ili Katamaran predla\u017eemo izlet u Pulu:<\/p>\n\n\n\n<ul class=\"wp-block-list\">\n<li>Amfiteatar (Arena)<\/li>\n\n\n\n<li>Slavoluk Sergijevaca (Zlatna vrata)<\/li>\n\n\n\n<li>Povjesni i pomorski muzej Istre (Ka\u0161tel)<\/li>\n\n\n\n<li>Forum i Augustov hram<\/li>\n\n\n\n<li>Crkva i samostan Sv. Franje<\/li>\n\n\n\n<li>Aquarium<\/li>\n\n\n\n<li>Pulska tr\u017enica<\/li>\n\n\n\n<li>Malo rimsko kazali\u0161te<\/li>\n\n\n\n<li>Zerostrasse-pulski podzemni tuneli<\/li>\n<\/ul>\n","protected":false},"excerpt":{"rendered":"<p>Na\u0161a charter baza smje\u0161tena je u blizini slikovitog grada Pule u ACI marini Pomer. Iz Pomera imate mogu\u0107nost isploviti i uputiti se na jug prema Kvarnerskom zaljevu i oploviti otoke kao \u0161to su Cres, Susak, Krk, Lo\u0161inj ili u drugom smjeru prema zapadnoj obali Istre prema predivnim gradovima poput Rovinja, Pore\u010da, Novigrada pa \u010dak i [&hellip;]<\/p>\n","protected":false},"author":1,"featured_media":0,"parent":0,"menu_order":0,"comment_status":"closed","ping_status":"closed","template":"","meta":{"_acf_changed":false,"footnotes":""},"class_list":["post-798","page","type-page","status-publish","hentry"],"acf":[],"_links":{"self":[{"href":"https:\/\/ultra-sailing.hr\/hr\/wp-json\/wp\/v2\/pages\/798","targetHints":{"allow":["GET"]}}],"collection":[{"href":"https:\/\/ultra-sailing.hr\/hr\/wp-json\/wp\/v2\/pages"}],"about":[{"href":"https:\/\/ultra-sailing.hr\/hr\/wp-json\/wp\/v2\/types\/page"}],"author":[{"embeddable":true,"href":"https:\/\/ultra-sailing.hr\/hr\/wp-json\/wp\/v2\/users\/1"}],"replies":[{"embeddable":true,"href":"https:\/\/ultra-sailing.hr\/hr\/wp-json\/wp\/v2\/comments?post=798"}],"version-history":[{"count":11,"href":"https:\/\/ultra-sailing.hr\/hr\/wp-json\/wp\/v2\/pages\/798\/revisions"}],"predecessor-version":[{"id":6069,"href":"https:\/\/ultra-sailing.hr\/hr\/wp-json\/wp\/v2\/pages\/798\/revisions\/6069"}],"wp:attachment":[{"href":"https:\/\/ultra-sailing.hr\/hr\/wp-json\/wp\/v2\/media?parent=798"}],"curies":[{"name":"wp","href":"https:\/\/api.w.org\/{rel}","templated":true}]}}